{"id":1303,"date":"2016-08-03T11:24:10","date_gmt":"2016-08-03T14:24:10","guid":{"rendered":"http:\/\/sites.usp.br\/biocel-tecidual\/?page_id=1303"},"modified":"2018-03-05T14:16:20","modified_gmt":"2018-03-05T17:16:20","slug":"matricula","status":"publish","type":"page","link":"https:\/\/sites.usp.br\/biocel-tecidual\/matricula\/","title":{"rendered":"Matr\u00edcula"},"content":{"rendered":"<p>Local: Secretaria de P\u00f3s-Gradua\u00e7\u00e3o<\/p>\n<p><strong>Matr\u00edcula Inicial de aluno regular<\/strong><\/p>\n<p>Para se matricular, ap\u00f3s aprova\u00e7\u00e3o no Exame de Sele\u00e7\u00e3o para Ingresso no Programa de P\u00f3s-Gradua\u00e7\u00e3o em Biologia Celular e Tecidual, o candidato deve apresentar na Secretaria do Programa os seguintes documentos:<\/p>\n<p>&#8211; Formul\u00e1rio de Solicita\u00e7\u00e3o de Matr\u00edcula Inicial (<a href=\"http:\/\/sites.usp.br\/biocel-tecidual\/wp-content\/uploads\/sites\/226\/2016\/08\/Form_matricula_inicial-1.doc\">Form_matricula_inicial<\/a>)<\/p>\n<p>&#8211; Formul\u00e1rio de Ci\u00eancia das Normas do Programa de P\u00f3s-Gradua\u00e7\u00e3o em Biologia Celular e Tecidual (<a href=\"http:\/\/sites.usp.br\/biocel-tecidual\/wp-content\/uploads\/sites\/226\/2016\/08\/Declara\u00e7\u00e3o_Ciencia_Regulamento_Programa_2017.doc\">Declara\u00e7\u00e3o_Ciencia_Regulamento_Programa_2017<\/a>)<\/p>\n<p>&#8211; Formul\u00e1rio de Aceite do Orientador (<a href=\"http:\/\/sites.usp.br\/biocel-tecidual\/wp-content\/uploads\/sites\/226\/2016\/08\/Form_aceitacao_orientacao.doc\">Form_aceitacao_orientacao<\/a>)<\/p>\n<p>&#8211; Protocolo\/Comprovante de entrega de documentos no Comit\u00ea de \u00c9tica <sup>(1)<\/sup>;<\/p>\n<p><strong>Observa\u00e7\u00f5es<\/strong><\/p>\n<ul>\n<li>Alunos estrangeiros devem estar no Brasil e fazer a matr\u00edcula pessoalmente.<\/li>\n<li>Ap\u00f3s o in\u00edcio das aulas, o(a) aluno(a) ainda consegue se matricular no Programa com bolsa, entretanto n\u00e3o poder\u00e1 cursar disciplinas.<\/li>\n<li>Os alunos com qualquer impedimento devem necessariamente entrar em contato com a Secretaria, inclusive para obter informa\u00e7\u00f5es sobre a manuten\u00e7\u00e3o da bolsa de estudos.<\/li>\n<\/ul>\n<p><strong>Matr\u00edcula em Disciplinas de alunos regulares<\/strong><\/p>\n<p>A matr\u00edcula em disciplinas dos alunos regulares do Programa \u00e9 realizada no Sistema Janus pelo pr\u00f3prio discente.<\/p>\n<p><strong>Matr\u00edcula de Acompanhamento de alunos regulares<\/strong><\/p>\n<p>O aluno regular que n\u00e3o for cursar disciplina deve efetivar a Matr\u00edcula de Acompanhamento no Sistema Janus.<\/p>\n<p><strong>OBSERVA\u00c7\u00d5ES<\/strong>:<\/p>\n<ul>\n<li>A matr\u00edcula deve ser realizada semestralmente;<\/li>\n<li>As datas e prazos de matr\u00edcula s\u00e3o amplamente divulgadas pelos sites institucionais e quadro de avisos no Departamento;<\/li>\n<li>Caso haja algum problema na efetiva\u00e7\u00e3o da matr\u00edcula em disciplina ou da matr\u00edcula de acompanhamento o aluno deve procurar a Secretaria do Programa de P\u00f3s-Gradua\u00e7\u00e3o.<\/li>\n<\/ul>\n<p>&nbsp;<\/p>\n<p><sup>(1)<\/sup> Instru\u00e7\u00f5es\/formul\u00e1rios dispon\u00edveis em:<\/p>\n<p><a href=\"http:\/\/sites.usp.br\/biocel-tecidual\/wp-content\/uploads\/sites\/226\/2016\/08\/INSTRU\u00c7\u00d5ES-B\u00c1SICAS-PARA-ENVIO-DE-DOCUMENTOS-AO-COMIT\u00ca-DE-\u00c9TICA-2.pdf\">INSTRU\u00c7\u00d5ES B\u00c1SICAS PARA ENVIO DE DOCUMENTOS AO COMIT\u00ca DE \u00c9TICA (2)<\/a><\/p>\n<p>&#8211; Comit\u00ea de \u00c9tica para uso de animais &#8211; <a href=\"https:\/\/ww2.icb.usp.br\/icb\/etica-no-uso-de-animais\/\">http:\/\/www3.icb.usp.br\/corpoeditorial\/index.php?option=com_content&amp;view=article&amp;id=702<\/a><\/p>\n<p>&#8211; Comit\u00ea de \u00c9tica em Pesquisa envolvendo seres humanos &#8211; \u00a0<a href=\"https:\/\/ww2.icb.usp.br\/icb\/etica-em-pesquisa-envolvendo-seres-humanos\/\">http:\/\/www3.icb.usp.br\/corpoeditorial\/index.php?option=com_content&amp;view=article&amp;id=677<\/a><\/p>\n<p>&nbsp;<\/p>","protected":false},"excerpt":{"rendered":"<p>Local: Secretaria de P\u00f3s-Gradua\u00e7\u00e3o Matr\u00edcula Inicial de aluno regular Para se matricular, ap\u00f3s aprova\u00e7\u00e3o no Exame de Sele\u00e7\u00e3o para Ingresso no Programa de P\u00f3s-Gradua\u00e7\u00e3o em Biologia Celular e Tecidual, o candidato deve apresentar na Secretaria do Programa os seguintes documentos: &#8211; Formul\u00e1rio de Solicita\u00e7\u00e3o de Matr\u00edcula Inicial (Form_matricula_inicial) &#8211; Formul\u00e1rio de Ci\u00eancia das Normas do Programa de P\u00f3s-Gradua\u00e7\u00e3o em Biologia Celular e Tecidual (Declara\u00e7\u00e3o_Ciencia_Regulamento_Programa_2017) &#8211; Formul\u00e1rio de Aceite do Orientador (Form_aceitacao_orientacao) &#8211; Protocolo\/Comprovante de entrega de documentos no Comit\u00ea de \u00c9tica (1); Observa\u00e7\u00f5es Alunos estrangeiros devem estar no Brasil e fazer a matr\u00edcula pessoalmente. Ap\u00f3s o in\u00edcio das aulas, o(a) aluno(a) ainda consegue se matricular no Programa com bolsa, entretanto n\u00e3o poder\u00e1 cursar disciplinas. Os alunos com qualquer impedimento devem necessariamente entrar em contato com a Secretaria, inclusive para obter informa\u00e7\u00f5es sobre a manuten\u00e7\u00e3o da bolsa de estudos. Matr\u00edcula em Disciplinas de alunos regulares A matr\u00edcula em disciplinas dos alunos regulares do Programa \u00e9 realizada no Sistema Janus pelo pr\u00f3prio discente. Matr\u00edcula de Acompanhamento de alunos regulares O aluno regular que n\u00e3o for cursar disciplina deve efetivar a Matr\u00edcula de Acompanhamento no Sistema Janus. OBSERVA\u00c7\u00d5ES: A matr\u00edcula deve ser realizada semestralmente; As datas e prazos de matr\u00edcula s\u00e3o amplamente divulgadas [&#8230;]<\/p>\n","protected":false},"author":148,"featured_media":0,"parent":0,"menu_order":0,"comment_status":"closed","ping_status":"closed","template":"","meta":{"footnotes":"","_links_to":"","_links_to_target":""},"class_list":["post-1303","page","type-page","status-publish","hentry"],"_links":{"self":[{"href":"https:\/\/sites.usp.br\/biocel-tecidual\/wp-json\/wp\/v2\/pages\/1303","targetHints":{"allow":["GET"]}}],"collection":[{"href":"https:\/\/sites.usp.br\/biocel-tecidual\/wp-json\/wp\/v2\/pages"}],"about":[{"href":"https:\/\/sites.usp.br\/biocel-tecidual\/wp-json\/wp\/v2\/types\/page"}],"author":[{"embeddable":true,"href":"https:\/\/sites.usp.br\/biocel-tecidual\/wp-json\/wp\/v2\/users\/148"}],"replies":[{"embeddable":true,"href":"https:\/\/sites.usp.br\/biocel-tecidual\/wp-json\/wp\/v2\/comments?post=1303"}],"version-history":[{"count":4,"href":"https:\/\/sites.usp.br\/biocel-tecidual\/wp-json\/wp\/v2\/pages\/1303\/revisions"}],"predecessor-version":[{"id":2066,"href":"https:\/\/sites.usp.br\/biocel-tecidual\/wp-json\/wp\/v2\/pages\/1303\/revisions\/2066"}],"wp:attachment":[{"href":"https:\/\/sites.usp.br\/biocel-tecidual\/wp-json\/wp\/v2\/media?parent=1303"}],"curies":[{"name":"wp","href":"https:\/\/api.w.org\/{rel}","templated":true}]}}