{"id":1604,"date":"2016-10-27T15:06:55","date_gmt":"2016-10-27T17:06:55","guid":{"rendered":"http:\/\/sites.usp.br\/biocel-tecidual\/?page_id=1604"},"modified":"2019-02-27T20:18:31","modified_gmt":"2019-02-27T23:18:31","slug":"aluno-regular","status":"publish","type":"page","link":"https:\/\/sites.usp.br\/biocel-tecidual\/aluno-regular\/","title":{"rendered":"Aluno regular"},"content":{"rendered":"<p><\/p>\n<p align=\"justify\">O processo seletivo para ingresso no P\u00f3s-Gradua\u00e7\u00e3o em Biologia Celular e Tecidual \u00e9 aberto anualmente conforme edital da Comiss\u00e3o de P\u00f3s-Gradua\u00e7\u00e3o.<\/p>\n<p align=\"justify\">Os interessados em ingressar no programa dever\u00e3o ser aprovados no exame de profici\u00eancia em ingl\u00eas, submeter os documentos\u00a0especificados no edital e participar do\u00a0processo seletivo\u00a0escrito e oral.<\/p>\n<ul>\n<li><a href=\"http:\/\/sites.usp.br\/biocel-tecidual\/ingresso-2\/aluno-regular\/processo-seletivo\/\">EDITAIS e PRAZOS PARA PROCESSO SELETIVO<\/a><\/li>\n<li><a href=\"http:\/\/sites.usp.br\/biocel-tecidual\/ingresso-2\/aluno-regular\/proficiencia-em-ingles\/\" target=\"_blank\" rel=\"noopener noreferrer\">PROFICI\u00caNCIA EM INGL\u00caS<\/a><\/li>\n<\/ul>\n<p><\/p>","protected":false},"excerpt":{"rendered":"<p>O processo seletivo para ingresso no P\u00f3s-Gradua\u00e7\u00e3o em Biologia Celular e Tecidual \u00e9 aberto anualmente conforme edital da Comiss\u00e3o de P\u00f3s-Gradua\u00e7\u00e3o. Os interessados em ingressar no programa dever\u00e3o ser aprovados no exame de profici\u00eancia em ingl\u00eas, submeter os documentos\u00a0especificados no edital e participar do\u00a0processo seletivo\u00a0escrito e oral. EDITAIS e PRAZOS PARA PROCESSO SELETIVO PROFICI\u00caNCIA EM INGL\u00caS<\/p>\n","protected":false},"author":148,"featured_media":0,"parent":0,"menu_order":0,"comment_status":"closed","ping_status":"closed","template":"","meta":{"footnotes":"","_links_to":"","_links_to_target":""},"class_list":["post-1604","page","type-page","status-publish","hentry"],"_links":{"self":[{"href":"https:\/\/sites.usp.br\/biocel-tecidual\/wp-json\/wp\/v2\/pages\/1604","targetHints":{"allow":["GET"]}}],"collection":[{"href":"https:\/\/sites.usp.br\/biocel-tecidual\/wp-json\/wp\/v2\/pages"}],"about":[{"href":"https:\/\/sites.usp.br\/biocel-tecidual\/wp-json\/wp\/v2\/types\/page"}],"author":[{"embeddable":true,"href":"https:\/\/sites.usp.br\/biocel-tecidual\/wp-json\/wp\/v2\/users\/148"}],"replies":[{"embeddable":true,"href":"https:\/\/sites.usp.br\/biocel-tecidual\/wp-json\/wp\/v2\/comments?post=1604"}],"version-history":[{"count":4,"href":"https:\/\/sites.usp.br\/biocel-tecidual\/wp-json\/wp\/v2\/pages\/1604\/revisions"}],"predecessor-version":[{"id":2149,"href":"https:\/\/sites.usp.br\/biocel-tecidual\/wp-json\/wp\/v2\/pages\/1604\/revisions\/2149"}],"wp:attachment":[{"href":"https:\/\/sites.usp.br\/biocel-tecidual\/wp-json\/wp\/v2\/media?parent=1604"}],"curies":[{"name":"wp","href":"https:\/\/api.w.org\/{rel}","templated":true}]}}