{"id":1721,"date":"2017-03-03T12:45:20","date_gmt":"2017-03-03T15:45:20","guid":{"rendered":"http:\/\/sites.usp.br\/biocel-tecidual\/?page_id=1721"},"modified":"2017-03-03T12:45:30","modified_gmt":"2017-03-03T15:45:30","slug":"qualificacao","status":"publish","type":"page","link":"https:\/\/sites.usp.br\/biocel-tecidual\/qualificacao\/","title":{"rendered":"Qualifica\u00e7\u00e3o"},"content":{"rendered":"<p><\/p>\n<ul>\n<li><strong>Formul\u00e1rio para o Exame de Qualifica\u00e7\u00e3o dos alunos matriculados <span style=\"color: #ff0000\">at\u00e9<span style=\"text-decoration: underline\"> 11\/agosto\/2014<\/span><\/span><\/strong><span style=\"color: #ff0000\">:<\/span> <a href=\"http:\/\/biocel.icb.usp.br\/wp-content\/uploads\/2013\/08\/Form_QUALIF_Normas-09_novo.doc\" target=\"_blank\">Aqui<\/a><\/li>\n<li><strong>Formul\u00e1rio para o Exame de Qualifica\u00e7\u00e3o dos alunos matriculados <span style=\"text-decoration: underline\"><span style=\"color: #ff0000;text-decoration: underline\">a partir de 12\/agosto\/2014<\/span><\/span><\/strong>: <a href=\"http:\/\/biocel.icb.usp.br\/wp-content\/uploads\/2013\/08\/Form_QUALIF_Normas-10_novo1.doc\" target=\"_blank\">Aqui<\/a><\/li>\n<\/ul>\n<p><strong>IMPORTANTE:\u00a0&#8211; <span style=\"color: #ff0000\">Em vista da delibera\u00e7\u00e3o do Colegiado em 17\/12\/2015, foi definido que o certificado emitido pela Comiss\u00e3o de Res\u00edduos Qu\u00edmicos dever\u00e1 ser apresentado pelos alunos matriculados a partir de 2016, no ato da inscri\u00e7\u00e3o para o Exame de Qualifica\u00e7\u00e3o, sendo o mesmo posteriormente anexado ao exemplar da Disserta\u00e7\u00e3o\/Tese.<\/span><\/strong><\/p>\n<p><strong><span style=\"text-decoration: underline\">\u00c1REAS E PONTOS PARA O SORTEIO DA AULA TE\u00d3RICA<\/span><\/strong><\/p>\n<p><strong>BIOLOGIA CELULAR<\/strong><br \/>\n1)\u00a0\u00a0 \u00a0Organiza\u00e7\u00e3o do n\u00facleo interf\u00e1sico<br \/>\n2)\u00a0\u00a0 \u00a0Ciclo celular<br \/>\n3)\u00a0\u00a0 \u00a0Mecanismos de transcri\u00e7\u00e3o<br \/>\n4)\u00a0\u00a0 \u00a0S\u00edntese Proteica<br \/>\n5)\u00a0\u00a0 \u00a0Membrana plasm\u00e1tica: estrutura e fun\u00e7\u00f5es<br \/>\n6)\u00a0\u00a0 \u00a0Sinaliza\u00e7\u00e3o<br \/>\n7)\u00a0\u00a0 \u00a0Compartimentaliza\u00e7\u00e3o intracelular e endere\u00e7amento<br \/>\n8)\u00a0\u00a0 \u00a0Endocitose<br \/>\n9)\u00a0\u00a0 \u00a0Organiza\u00e7\u00e3o e fun\u00e7\u00f5es do citoesqueleto<br \/>\n10)\u00a0\u00a0 \u00a0Mitoc\u00f4ndrias e peroxissomos<\/p>\n<p><strong>BIOLOGIA TECIDUAL<\/strong><br \/>\n1)\u00a0\u00a0 \u00a0Epit\u00e9lios de revestimento<br \/>\n2)\u00a0\u00a0 \u00a0Epit\u00e9lios glandulares<br \/>\n3)\u00a0\u00a0 \u00a0Tecido conjuntivo propriamente dito: c\u00e9lulas<br \/>\n4)\u00a0\u00a0 \u00a0Tecido conjuntivo propriamente dito: matriz<br \/>\n5)\u00a0\u00a0 \u00a0Tecido cartilaginoso<br \/>\n6)\u00a0\u00a0 \u00a0Tecido \u00f3sseo: estrutura e fun\u00e7\u00f5es<br \/>\n7)\u00a0\u00a0 \u00a0Ossifica\u00e7\u00e3o<br \/>\n8)\u00a0\u00a0 \u00a0Citofisiologia dos neur\u00f4nios<br \/>\n9)\u00a0\u00a0 \u00a0Citofisiologia da neuroglia<br \/>\n10)\u00a0\u00a0 \u00a0Tecido muscular<\/p>\n<p><strong>BIOLOGIA DO DESENVOLVIMENTO<\/strong><br \/>\n1)\u00a0\u00a0 \u00a0Gametog\u00eanese: aspectos moleculares e celulares<br \/>\n2)\u00a0\u00a0 \u00a0Fertiliza\u00e7\u00e3o (capacita\u00e7\u00e3o, rea\u00e7\u00e3o across\u00f4mica, rea\u00e7\u00e3o cortical e de zona)<br \/>\n3)\u00a0\u00a0 \u00a0Gastrula\u00e7\u00e3o: aspectos moleculares e morfogen\u00e9ticos<br \/>\n4)\u00a0\u00a0 \u00a0Implanta\u00e7\u00e3o: aspectos moleculares e celulares<br \/>\n5)\u00a0\u00a0 \u00a0Placenta\u00e7\u00e3o<br \/>\n6)\u00a0\u00a0 \u00a0Padroniza\u00e7\u00e3o do eixo dorso\/ventral<br \/>\n7)\u00a0\u00a0 \u00a0Padroniza\u00e7\u00e3o do eixo \u00e2ntero\/posterior<br \/>\n8)\u00a0\u00a0 \u00a0Neurula\u00e7\u00e3o e padroniza\u00e7\u00e3o do tubo neural<br \/>\n9)\u00a0\u00a0 \u00a0Desenvolvimento Cardiovascular<br \/>\n10)\u00a0\u00a0 \u00a0Determina\u00e7\u00e3o sexual: fatores gen\u00e9ticos e epigen\u00e9ticos<\/p>","protected":false},"excerpt":{"rendered":"<p>Formul\u00e1rio para o Exame de Qualifica\u00e7\u00e3o dos alunos matriculados at\u00e9 11\/agosto\/2014: Aqui Formul\u00e1rio para o Exame de Qualifica\u00e7\u00e3o dos alunos matriculados a partir de 12\/agosto\/2014: Aqui IMPORTANTE:\u00a0&#8211; Em vista da delibera\u00e7\u00e3o do Colegiado em 17\/12\/2015, foi definido que o certificado emitido pela Comiss\u00e3o de Res\u00edduos Qu\u00edmicos dever\u00e1 ser apresentado pelos alunos matriculados a partir de 2016, no ato da inscri\u00e7\u00e3o para o Exame de Qualifica\u00e7\u00e3o, sendo o mesmo posteriormente anexado ao exemplar da Disserta\u00e7\u00e3o\/Tese. \u00c1REAS E PONTOS PARA O SORTEIO DA AULA TE\u00d3RICA BIOLOGIA CELULAR 1)\u00a0\u00a0 \u00a0Organiza\u00e7\u00e3o do n\u00facleo interf\u00e1sico 2)\u00a0\u00a0 \u00a0Ciclo celular 3)\u00a0\u00a0 \u00a0Mecanismos de transcri\u00e7\u00e3o 4)\u00a0\u00a0 \u00a0S\u00edntese Proteica 5)\u00a0\u00a0 \u00a0Membrana plasm\u00e1tica: estrutura e fun\u00e7\u00f5es 6)\u00a0\u00a0 \u00a0Sinaliza\u00e7\u00e3o 7)\u00a0\u00a0 \u00a0Compartimentaliza\u00e7\u00e3o intracelular e endere\u00e7amento 8)\u00a0\u00a0 \u00a0Endocitose 9)\u00a0\u00a0 \u00a0Organiza\u00e7\u00e3o e fun\u00e7\u00f5es do citoesqueleto 10)\u00a0\u00a0 \u00a0Mitoc\u00f4ndrias e peroxissomos BIOLOGIA TECIDUAL 1)\u00a0\u00a0 \u00a0Epit\u00e9lios de revestimento 2)\u00a0\u00a0 \u00a0Epit\u00e9lios glandulares 3)\u00a0\u00a0 \u00a0Tecido conjuntivo propriamente dito: c\u00e9lulas 4)\u00a0\u00a0 \u00a0Tecido conjuntivo propriamente dito: matriz 5)\u00a0\u00a0 \u00a0Tecido cartilaginoso 6)\u00a0\u00a0 \u00a0Tecido \u00f3sseo: estrutura e fun\u00e7\u00f5es 7)\u00a0\u00a0 \u00a0Ossifica\u00e7\u00e3o 8)\u00a0\u00a0 \u00a0Citofisiologia dos neur\u00f4nios 9)\u00a0\u00a0 \u00a0Citofisiologia da neuroglia 10)\u00a0\u00a0 \u00a0Tecido muscular BIOLOGIA DO DESENVOLVIMENTO 1)\u00a0\u00a0 \u00a0Gametog\u00eanese: aspectos moleculares e celulares 2)\u00a0\u00a0 \u00a0Fertiliza\u00e7\u00e3o (capacita\u00e7\u00e3o, rea\u00e7\u00e3o across\u00f4mica, rea\u00e7\u00e3o cortical e de zona) 3)\u00a0\u00a0 \u00a0Gastrula\u00e7\u00e3o: aspectos moleculares e morfogen\u00e9ticos 4)\u00a0\u00a0 \u00a0Implanta\u00e7\u00e3o: aspectos moleculares e celulares 5)\u00a0\u00a0 [&#8230;]<\/p>\n","protected":false},"author":377,"featured_media":0,"parent":0,"menu_order":0,"comment_status":"closed","ping_status":"closed","template":"","meta":{"footnotes":"","_links_to":"","_links_to_target":""},"class_list":["post-1721","page","type-page","status-publish","hentry"],"_links":{"self":[{"href":"https:\/\/sites.usp.br\/biocel-tecidual\/wp-json\/wp\/v2\/pages\/1721","targetHints":{"allow":["GET"]}}],"collection":[{"href":"https:\/\/sites.usp.br\/biocel-tecidual\/wp-json\/wp\/v2\/pages"}],"about":[{"href":"https:\/\/sites.usp.br\/biocel-tecidual\/wp-json\/wp\/v2\/types\/page"}],"author":[{"embeddable":true,"href":"https:\/\/sites.usp.br\/biocel-tecidual\/wp-json\/wp\/v2\/users\/377"}],"replies":[{"embeddable":true,"href":"https:\/\/sites.usp.br\/biocel-tecidual\/wp-json\/wp\/v2\/comments?post=1721"}],"version-history":[{"count":1,"href":"https:\/\/sites.usp.br\/biocel-tecidual\/wp-json\/wp\/v2\/pages\/1721\/revisions"}],"predecessor-version":[{"id":1722,"href":"https:\/\/sites.usp.br\/biocel-tecidual\/wp-json\/wp\/v2\/pages\/1721\/revisions\/1722"}],"wp:attachment":[{"href":"https:\/\/sites.usp.br\/biocel-tecidual\/wp-json\/wp\/v2\/media?parent=1721"}],"curies":[{"name":"wp","href":"https:\/\/api.w.org\/{rel}","templated":true}]}}