{"id":1735,"date":"2017-03-03T13:06:45","date_gmt":"2017-03-03T16:06:45","guid":{"rendered":"http:\/\/sites.usp.br\/biocel-tecidual\/?page_id=1735"},"modified":"2017-07-03T11:00:54","modified_gmt":"2017-07-03T14:00:54","slug":"formularios","status":"publish","type":"page","link":"https:\/\/sites.usp.br\/biocel-tecidual\/formularios\/","title":{"rendered":"Formul\u00e1rios"},"content":{"rendered":"<p><\/p>\n<ul>\n<li><a href=\"http:\/\/www.icb.usp.br\/~svacadem\/academico\/ARQUIVOS\/posgrad\/FORM%20PARECER%20PARA%20CRED%20RESP%20POR%20DISC.zip\">Formul\u00e1rio parecer para cred. de resp. por disciplina<\/a><\/li>\n<li><a href=\"http:\/\/www.icb.usp.br\/~svacadem\/academico\/ARQUIVOS\/posgrad\/Curriculo%20compl%20Resp%20Discp.zip\">Curr\u00edculo compl. para cred. de resp. por disciplina<\/a><\/li>\n<li><a href=\"http:\/\/www.icb.usp.br\/~svacadem\/academico\/ARQUIVOS\/posgrad\/cv2002.zip\">Credenciamento de orientador<\/a><\/li>\n<li><a href=\"http:\/\/www.icb.usp.br\/~svacadem\/academico\/ARQUIVOS\/posgrad\/parec_credenc.doc\">Parecer \u2013 Credenciamento de orientador<\/a><\/li>\n<li><a href=\"http:\/\/www.icb.usp.br\/~svacadem\/academico\/ARQUIVOS\/posgrad\/troca_disc2.doc\">Formul\u00e1rio para cria\u00e7\u00e3o de disciplinas<\/a><\/li>\n<li><a href=\"https:\/\/ww2.icb.usp.br\/icb\/etica-no-uso-de-animais\/\">Comiss\u00e3o de \u00c9tica em pesquisa com animais de experimenta\u00e7\u00e3o do ICB<\/a><\/li>\n<li><a href=\"http:\/\/www.icb.usp.br\/~svacadem\/academico\/ARQUIVOS\/posgrad\/Formulario%20Parecer_Equival_Titul.doc\">Formul\u00e1rio para Emiss\u00e3o de Parecer para equival\u00eancia de t\u00edtulos (\u00e2mbito USP)<\/a><\/li>\n<li><a href=\"http:\/\/www.icb.usp.br\/~svacadem\/academico\/ARQUIVOS\/posgrad\/Formulario%20Parecer_Rev_Dipl.doc\">Formul\u00e1rio para Emiss\u00e3o de Parecer para reconhecimento de t\u00edtulos (antiga revalida\u00e7\u00e3o)<\/a><\/li>\n<\/ul>\n<p><\/p>","protected":false},"excerpt":{"rendered":"<p>Formul\u00e1rio parecer para cred. de resp. por disciplina Curr\u00edculo compl. para cred. de resp. por disciplina Credenciamento de orientador Parecer \u2013 Credenciamento de orientador Formul\u00e1rio para cria\u00e7\u00e3o de disciplinas Comiss\u00e3o de \u00c9tica em pesquisa com animais de experimenta\u00e7\u00e3o do ICB Formul\u00e1rio para Emiss\u00e3o de Parecer para equival\u00eancia de t\u00edtulos (\u00e2mbito USP) Formul\u00e1rio para Emiss\u00e3o de Parecer para reconhecimento de t\u00edtulos (antiga revalida\u00e7\u00e3o)<\/p>\n","protected":false},"author":377,"featured_media":0,"parent":0,"menu_order":0,"comment_status":"closed","ping_status":"closed","template":"","meta":{"footnotes":"","_links_to":"","_links_to_target":""},"class_list":["post-1735","page","type-page","status-publish","hentry"],"_links":{"self":[{"href":"https:\/\/sites.usp.br\/biocel-tecidual\/wp-json\/wp\/v2\/pages\/1735","targetHints":{"allow":["GET"]}}],"collection":[{"href":"https:\/\/sites.usp.br\/biocel-tecidual\/wp-json\/wp\/v2\/pages"}],"about":[{"href":"https:\/\/sites.usp.br\/biocel-tecidual\/wp-json\/wp\/v2\/types\/page"}],"author":[{"embeddable":true,"href":"https:\/\/sites.usp.br\/biocel-tecidual\/wp-json\/wp\/v2\/users\/377"}],"replies":[{"embeddable":true,"href":"https:\/\/sites.usp.br\/biocel-tecidual\/wp-json\/wp\/v2\/comments?post=1735"}],"version-history":[{"count":3,"href":"https:\/\/sites.usp.br\/biocel-tecidual\/wp-json\/wp\/v2\/pages\/1735\/revisions"}],"predecessor-version":[{"id":1880,"href":"https:\/\/sites.usp.br\/biocel-tecidual\/wp-json\/wp\/v2\/pages\/1735\/revisions\/1880"}],"wp:attachment":[{"href":"https:\/\/sites.usp.br\/biocel-tecidual\/wp-json\/wp\/v2\/media?parent=1735"}],"curies":[{"name":"wp","href":"https:\/\/api.w.org\/{rel}","templated":true}]}}