{"id":1822,"date":"2017-03-24T06:05:41","date_gmt":"2017-03-24T09:05:41","guid":{"rendered":"http:\/\/sites.usp.br\/biocel-tecidual\/?page_id=1822"},"modified":"2017-09-21T08:22:05","modified_gmt":"2017-09-21T11:22:05","slug":"convenios","status":"publish","type":"page","link":"https:\/\/sites.usp.br\/biocel-tecidual\/convenios\/","title":{"rendered":"Conv\u00eanios"},"content":{"rendered":"<p><span style=\"color: #ff6600\">O Departamento tem conv\u00eanios com as seguintes institui\u00e7\u00f5es de ensino e pesquisa:<\/span><\/p>\n<table dir=\"ltr\" border=\"1\" cellspacing=\"0\" cellpadding=\"0\">\n<colgroup>\n<col width=\"458\" \/>\n<col width=\"119\" \/><\/colgroup>\n<tbody>\n<tr>\n<td>Rowan University<\/td>\n<td>USA<\/td>\n<\/tr>\n<tr>\n<td>Universidad de Antofagasta<\/td>\n<td>Chile<\/td>\n<\/tr>\n<tr>\n<td>Universidad del Tolima<\/td>\n<td>Colombia<\/td>\n<\/tr>\n<tr>\n<td>Universidad Finis Terrae<\/td>\n<td>Chile<\/td>\n<\/tr>\n<tr>\n<td>Universidad Nacional de Cordoba<\/td>\n<td>Argentina<\/td>\n<\/tr>\n<tr>\n<td>Universit\u00e4t Potsdam<\/td>\n<td>Alemanha<\/td>\n<\/tr>\n<tr>\n<td>University of Oxford (<a href=\"https:\/\/www.dpag.ox.ac.uk\/\" target=\"_blank\" rel=\"noopener noreferrer\">Department of Physiology, Anatomy and Genetics)<\/a><\/td>\n<td>United Kingdom<\/td>\n<\/tr>\n<tr>\n<td>Wayne State University<\/td>\n<td>USA<\/td>\n<\/tr>\n<\/tbody>\n<\/table>\n<div><\/div>\n<div><\/div>\n<hr \/>\n<h4><span style=\"color: #0000ff\">Programas espec\u00edficos:<\/span><\/h4>\n<h4><\/h4>\n<h4>Faculty of Biology, University of M\u00fcnster (WWU), Germany<\/h4>\n<p>contato: Prof Carsten Wrenger ICB-\u00a0<a href=\"mailto:cwrenger@icb.usp.br\" target=\"_blank\" rel=\"noopener noreferrer\">cwrenger@icb.usp.br<\/a><\/p>\n<p>&nbsp;<\/p>\n<hr \/>\n<p><span style=\"color: #ff6600\">Lista de setores de Internacionaliza\u00e7\u00e3o da USP:<\/span><\/p>\n<ul>\n<li><a href=\"http:\/\/www.usp.br\/internationaloffice\/index.php\/institucional\/sobre-aucani\/\" target=\"_blank\" rel=\"noopener noreferrer\">AUCANI<\/a>\u00a0(Ag\u00eancia USP de Coopera\u00e7\u00e3o Acad\u00eamica Nacional e Internacional)<\/li>\n<li><a href=\"https:\/\/ww2.icb.usp.br\/rel\/\" target=\"_blank\" rel=\"noopener noreferrer\">Comiss\u00e3o de Rela\u00e7\u00f5es Internacionais ICB-USP<\/a><\/li>\n<\/ul>\n<p><\/p>","protected":false},"excerpt":{"rendered":"<p>O Departamento tem conv\u00eanios com as seguintes institui\u00e7\u00f5es de ensino e pesquisa: Rowan University USA Universidad de Antofagasta Chile Universidad del Tolima Colombia Universidad Finis Terrae Chile Universidad Nacional de Cordoba Argentina Universit\u00e4t Potsdam Alemanha University of Oxford (Department of Physiology, Anatomy and Genetics) United Kingdom Wayne State University USA Programas espec\u00edficos: Faculty of Biology, University of M\u00fcnster (WWU), Germany contato: Prof Carsten Wrenger ICB-\u00a0cwrenger@icb.usp.br &nbsp; Lista de setores de Internacionaliza\u00e7\u00e3o da USP: AUCANI\u00a0(Ag\u00eancia USP de Coopera\u00e7\u00e3o Acad\u00eamica Nacional e Internacional) Comiss\u00e3o de Rela\u00e7\u00f5es Internacionais ICB-USP<\/p>\n","protected":false},"author":377,"featured_media":0,"parent":0,"menu_order":0,"comment_status":"closed","ping_status":"closed","template":"","meta":{"footnotes":"","_links_to":"","_links_to_target":""},"class_list":["post-1822","page","type-page","status-publish","hentry"],"_links":{"self":[{"href":"https:\/\/sites.usp.br\/biocel-tecidual\/wp-json\/wp\/v2\/pages\/1822","targetHints":{"allow":["GET"]}}],"collection":[{"href":"https:\/\/sites.usp.br\/biocel-tecidual\/wp-json\/wp\/v2\/pages"}],"about":[{"href":"https:\/\/sites.usp.br\/biocel-tecidual\/wp-json\/wp\/v2\/types\/page"}],"author":[{"embeddable":true,"href":"https:\/\/sites.usp.br\/biocel-tecidual\/wp-json\/wp\/v2\/users\/377"}],"replies":[{"embeddable":true,"href":"https:\/\/sites.usp.br\/biocel-tecidual\/wp-json\/wp\/v2\/comments?post=1822"}],"version-history":[{"count":4,"href":"https:\/\/sites.usp.br\/biocel-tecidual\/wp-json\/wp\/v2\/pages\/1822\/revisions"}],"predecessor-version":[{"id":1928,"href":"https:\/\/sites.usp.br\/biocel-tecidual\/wp-json\/wp\/v2\/pages\/1822\/revisions\/1928"}],"wp:attachment":[{"href":"https:\/\/sites.usp.br\/biocel-tecidual\/wp-json\/wp\/v2\/media?parent=1822"}],"curies":[{"name":"wp","href":"https:\/\/api.w.org\/{rel}","templated":true}]}}