{"id":1922,"date":"2017-08-30T15:52:09","date_gmt":"2017-08-30T18:52:09","guid":{"rendered":"http:\/\/sites.usp.br\/biocel-tecidual\/?page_id=1922"},"modified":"2018-04-17T11:53:58","modified_gmt":"2018-04-17T14:53:58","slug":"ingresso-via-gre","status":"publish","type":"page","link":"https:\/\/sites.usp.br\/biocel-tecidual\/ingresso-via-gre\/","title":{"rendered":"Ingresso via GRE"},"content":{"rendered":"<p>De acordo com as normas, para inscri\u00e7\u00e3o no exame de ingresso \u00e9 necess\u00e1rio apresentar:<\/p>\n<p>Certificado de:<\/p>\n<p>a) aprova\u00e7\u00e3o (nota igual ou superior a 5,0) em prova dissertativa de conhecimentos em Biologia Celular, Tecidual e do Desenvolvimento, realizada pelo Programa sete dias antes da realiza\u00e7\u00e3o do Exame de sele\u00e7\u00e3o, com validade de 9 (nove) meses.<\/p>\n<p>b) alternativamente, os candidatos poder\u00e3o optar pelo exame de conhecimentos gerais em Biologia (&lt;strong&gt;GRE Subject test&lt;\/strong&gt;) promovido pelo Educational Testing Service ETS e ser\u00e3o considerados aprovados quando estiverem classificados acima do percentil 70 (o resultado do exame ter\u00e1 validade igual ao prazo estabelecido pelo ETS). As \u00e1reas espec\u00edficas para esse exame ser\u00e3o divulgadas em edital.<\/p>\n<p>A Universidade de S\u00e3o Paulo apresenta tamb\u00e9m um programa especial de sele\u00e7\u00e3o via GRE, e as informa\u00e7\u00f5es atualizadas s\u00e3o divulgadas na p\u00e1gina da Pr\u00f3- Reitoria de P\u00f3s- Gradua\u00e7\u00e3o, clique <a href=\"http:\/\/www.prpg.usp.br\/index.php\/pt-br\/\">aqui<\/a>.<\/p>\n<p>&nbsp;<\/p>","protected":false},"excerpt":{"rendered":"<p>De acordo com as normas, para inscri\u00e7\u00e3o no exame de ingresso \u00e9 necess\u00e1rio apresentar: Certificado de: a) aprova\u00e7\u00e3o (nota igual ou superior a 5,0) em prova dissertativa de conhecimentos em Biologia Celular, Tecidual e do Desenvolvimento, realizada pelo Programa sete dias antes da realiza\u00e7\u00e3o do Exame de sele\u00e7\u00e3o, com validade de 9 (nove) meses. b) alternativamente, os candidatos poder\u00e3o optar pelo exame de conhecimentos gerais em Biologia (&lt;strong&gt;GRE Subject test&lt;\/strong&gt;) promovido pelo Educational Testing Service ETS e ser\u00e3o considerados aprovados quando estiverem classificados acima do percentil 70 (o resultado do exame ter\u00e1 validade igual ao prazo estabelecido pelo ETS). As \u00e1reas espec\u00edficas para esse exame ser\u00e3o divulgadas em edital. A Universidade de S\u00e3o Paulo apresenta tamb\u00e9m um programa especial de sele\u00e7\u00e3o via GRE, e as informa\u00e7\u00f5es atualizadas s\u00e3o divulgadas na p\u00e1gina da Pr\u00f3- Reitoria de P\u00f3s- Gradua\u00e7\u00e3o, clique aqui. &nbsp;<\/p>\n","protected":false},"author":377,"featured_media":0,"parent":0,"menu_order":0,"comment_status":"closed","ping_status":"closed","template":"","meta":{"footnotes":"","_links_to":"","_links_to_target":""},"class_list":["post-1922","page","type-page","status-publish","hentry"],"_links":{"self":[{"href":"https:\/\/sites.usp.br\/biocel-tecidual\/wp-json\/wp\/v2\/pages\/1922","targetHints":{"allow":["GET"]}}],"collection":[{"href":"https:\/\/sites.usp.br\/biocel-tecidual\/wp-json\/wp\/v2\/pages"}],"about":[{"href":"https:\/\/sites.usp.br\/biocel-tecidual\/wp-json\/wp\/v2\/types\/page"}],"author":[{"embeddable":true,"href":"https:\/\/sites.usp.br\/biocel-tecidual\/wp-json\/wp\/v2\/users\/377"}],"replies":[{"embeddable":true,"href":"https:\/\/sites.usp.br\/biocel-tecidual\/wp-json\/wp\/v2\/comments?post=1922"}],"version-history":[{"count":4,"href":"https:\/\/sites.usp.br\/biocel-tecidual\/wp-json\/wp\/v2\/pages\/1922\/revisions"}],"predecessor-version":[{"id":2074,"href":"https:\/\/sites.usp.br\/biocel-tecidual\/wp-json\/wp\/v2\/pages\/1922\/revisions\/2074"}],"wp:attachment":[{"href":"https:\/\/sites.usp.br\/biocel-tecidual\/wp-json\/wp\/v2\/media?parent=1922"}],"curies":[{"name":"wp","href":"https:\/\/api.w.org\/{rel}","templated":true}]}}