{"id":367,"date":"2019-09-23T09:45:07","date_gmt":"2019-09-23T12:45:07","guid":{"rendered":"http:\/\/sites.usp.br\/biocel\/?page_id=367"},"modified":"2022-05-29T21:34:43","modified_gmt":"2022-05-30T00:34:43","slug":"graduacao","status":"publish","type":"page","link":"https:\/\/sites.usp.br\/biocel\/graduacao\/","title":{"rendered":"Gradua\u00e7\u00e3o"},"content":{"rendered":"\t\t<div data-elementor-type=\"wp-page\" data-elementor-id=\"367\" class=\"elementor elementor-367\" data-elementor-post-type=\"page\">\n\t\t\t\t\t\t<section class=\"elementor-section elementor-top-section elementor-element elementor-element-6bfeeca9 elementor-section-boxed elementor-section-height-default elementor-section-height-default\" data-id=\"6bfeeca9\" data-element_type=\"section\">\n\t\t\t\t\t\t<div class=\"elementor-container elementor-column-gap-default\">\n\t\t\t\t\t<div class=\"elementor-column elementor-col-100 elementor-top-column elementor-element elementor-element-49736c66\" data-id=\"49736c66\" data-element_type=\"column\">\n\t\t\t<div class=\"elementor-widget-wrap elementor-element-populated\">\n\t\t\t\t\t\t<div class=\"elementor-element elementor-element-46a0166 elementor-widget elementor-widget-heading\" data-id=\"46a0166\" data-element_type=\"widget\" data-widget_type=\"heading.default\">\n\t\t\t\t<div class=\"elementor-widget-container\">\n\t\t\t<h2 class=\"elementor-heading-title elementor-size-default\">Gradua\u00e7\u00e3o<\/h2>\t\t<\/div>\n\t\t\t\t<\/div>\n\t\t\t\t<div class=\"elementor-element elementor-element-134f38a1 elementor-widget elementor-widget-text-editor\" data-id=\"134f38a1\" data-element_type=\"widget\" data-widget_type=\"text-editor.default\">\n\t\t\t\t<div class=\"elementor-widget-container\">\n\t\t\t\t\t\t\t<p>O <strong>Departamento ministra disciplinas de Biologia Celular<\/strong>, <strong>Tecidual,\u00a0<\/strong> e <strong>do Desenvolvimento<\/strong> para os alunos da <strong>Faculdade de Medicina\u00a0<\/strong>(<strong>Medicina<\/strong>, <strong>Fisioterapia<\/strong>, <strong>Fonoaudiologia<\/strong> e<strong> Terapia Ocupacional),<\/strong>\u00a0<strong>Odontologia<\/strong> (diurno e noturno), \u00a0<strong>Medicina Veterin\u00e1ria<\/strong>, \u00a0<strong>Ci\u00eancias Farmac\u00eauticas<\/strong> (diurno e noturno), <strong>Escola de Enfermagem<\/strong>, \u00a0<strong>Escola de Educa\u00e7\u00e3o F\u00edsica<\/strong>, <strong>Sa\u00fade P\u00fablica<\/strong> (Curso de Nutri\u00e7\u00e3o), <strong>\u00a0Instituto de Bioci\u00eancias<\/strong> (diurno e noturno), \u00a0<strong>Instituto de Psicologia,\u00a0<\/strong>para alunos do Curso de <strong>Ci\u00eancias Moleculares<\/strong> e do pr\u00f3prio<strong> Instituto de Ci\u00eancias Biom\u00e9dicas (Ci\u00eancias\u00a0Fundamentais para a Sa\u00fade e Ci\u00eancias Biom\u00e9dicas)\u00a0<\/strong>.Atualmente s\u00e3o 18 docentes que ministram disciplinas em 15 cursos distintos, totalizando 53 turmas anuais, 38 disciplinas e atendendo cerca de 3700 alunos.<\/p><p>O Departamento utiliza para as aulas te\u00f3ricas e pr\u00e1ticas 3 anfiteatros. Cada um deles est\u00e1 equipado com 50 microsc\u00f3pios binoculares e microcomputadores. Cada anfiteatro disp\u00f5e de recursos audiovisuais rotineiros al\u00e9m de sistema de TV em circuito fechado, ao qual est\u00e1 acoplado microcomputador com possibilidade de transmiss\u00e3o de imagens de preparados histol\u00f3gicos, microfotografias ou eletronmicrografias.<\/p><p>As aulas te\u00f3ricas s\u00e3o acompanhadas de aulas pr\u00e1ticas nas quais s\u00e3o utilizadas cole\u00e7\u00f5es de preparados histol\u00f3gicos que permitem aos alunos adquirir o conhecimento b\u00e1sico da estrutura de c\u00e9lulas, tecidos e \u00f3rg\u00e3os. A ultraestrutura celular \u00e9 estudada por meio de micrografias eletr\u00f4nicas e visitas ao Setor de Microscopia Eletr\u00f4nica do Departamento.<\/p><p>\u00a0<\/p>\t\t\t\t\t\t<\/div>\n\t\t\t\t<\/div>\n\t\t\t\t\t<\/div>\n\t\t<\/div>\n\t\t\t\t\t<\/div>\n\t\t<\/section>\n\t\t\t\t<\/div>\n\t\t","protected":false},"excerpt":{"rendered":"<p>Gradua\u00e7\u00e3o O Departamento ministra disciplinas de Biologia Celular, Tecidual,\u00a0 e do Desenvolvimento para os alunos da Faculdade de Medicina\u00a0(Medicina, Fisioterapia, Fonoaudiologia e Terapia Ocupacional),\u00a0Odontologia (diurno e noturno), \u00a0Medicina Veterin\u00e1ria, \u00a0Ci\u00eancias Farmac\u00eauticas (diurno e noturno),&#46;&#46;&#46;<\/p>\n","protected":false},"author":870,"featured_media":0,"parent":0,"menu_order":0,"comment_status":"closed","ping_status":"closed","template":"","meta":{"footnotes":"","_links_to":"","_links_to_target":""},"class_list":["post-367","page","type-page","status-publish","hentry"],"_links":{"self":[{"href":"https:\/\/sites.usp.br\/biocel\/wp-json\/wp\/v2\/pages\/367","targetHints":{"allow":["GET"]}}],"collection":[{"href":"https:\/\/sites.usp.br\/biocel\/wp-json\/wp\/v2\/pages"}],"about":[{"href":"https:\/\/sites.usp.br\/biocel\/wp-json\/wp\/v2\/types\/page"}],"author":[{"embeddable":true,"href":"https:\/\/sites.usp.br\/biocel\/wp-json\/wp\/v2\/users\/870"}],"replies":[{"embeddable":true,"href":"https:\/\/sites.usp.br\/biocel\/wp-json\/wp\/v2\/comments?post=367"}],"version-history":[{"count":4,"href":"https:\/\/sites.usp.br\/biocel\/wp-json\/wp\/v2\/pages\/367\/revisions"}],"predecessor-version":[{"id":4217,"href":"https:\/\/sites.usp.br\/biocel\/wp-json\/wp\/v2\/pages\/367\/revisions\/4217"}],"wp:attachment":[{"href":"https:\/\/sites.usp.br\/biocel\/wp-json\/wp\/v2\/media?parent=367"}],"curies":[{"name":"wp","href":"https:\/\/api.w.org\/{rel}","templated":true}]}}