{"id":3787,"date":"2022-05-07T19:34:07","date_gmt":"2022-05-07T22:34:07","guid":{"rendered":"https:\/\/sites.usp.br\/biocel\/?page_id=3787"},"modified":"2024-01-23T13:16:55","modified_gmt":"2024-01-23T16:16:55","slug":"laboratorio-multiusuarios","status":"publish","type":"page","link":"https:\/\/sites.usp.br\/biocel\/laboratorio-multiusuarios\/","title":{"rendered":"Laborat\u00f3rio Multiusu\u00e1rios"},"content":{"rendered":"\t\t<div data-elementor-type=\"wp-page\" data-elementor-id=\"3787\" class=\"elementor elementor-3787\" data-elementor-post-type=\"page\">\n\t\t\t\t\t\t<section class=\"elementor-section elementor-top-section elementor-element elementor-element-a53080e elementor-section-boxed elementor-section-height-default elementor-section-height-default\" data-id=\"a53080e\" data-element_type=\"section\">\n\t\t\t\t\t\t<div class=\"elementor-container elementor-column-gap-default\">\n\t\t\t\t\t<div class=\"elementor-column elementor-col-100 elementor-top-column elementor-element elementor-element-90f5de4\" data-id=\"90f5de4\" data-element_type=\"column\">\n\t\t\t<div class=\"elementor-widget-wrap elementor-element-populated\">\n\t\t\t\t\t\t<div class=\"elementor-element elementor-element-5cdb178 elementor-widget elementor-widget-heading\" data-id=\"5cdb178\" data-element_type=\"widget\" data-widget_type=\"heading.default\">\n\t\t\t\t<div class=\"elementor-widget-container\">\n\t\t\t<h2 class=\"elementor-heading-title elementor-size-default\">Laborat\u00f3rios Multiusu\u00e1rios<\/h2>\t\t<\/div>\n\t\t\t\t<\/div>\n\t\t\t\t\t<\/div>\n\t\t<\/div>\n\t\t\t\t\t<\/div>\n\t\t<\/section>\n\t\t\t\t<section class=\"elementor-section elementor-top-section elementor-element elementor-element-2fdbb196 elementor-section-boxed elementor-section-height-default elementor-section-height-default\" data-id=\"2fdbb196\" data-element_type=\"section\">\n\t\t\t\t\t\t<div class=\"elementor-container elementor-column-gap-default\">\n\t\t\t\t\t<div class=\"elementor-column elementor-col-100 elementor-top-column elementor-element elementor-element-7bf40ca6\" data-id=\"7bf40ca6\" data-element_type=\"column\">\n\t\t\t<div class=\"elementor-widget-wrap elementor-element-populated\">\n\t\t\t\t\t\t<div class=\"elementor-element elementor-element-4ad48d82 elementor-widget elementor-widget-text-editor\" data-id=\"4ad48d82\" data-element_type=\"widget\" data-widget_type=\"text-editor.default\">\n\t\t\t\t<div class=\"elementor-widget-container\">\n\t\t\t\t\t\t\t<p>Os\u00a0<a href=\"https:\/\/sites.usp.br\/multibmc\/pagina-inicial\/\" data-wplink-edit=\"true\">L<strong>aborat\u00f3rios Multiusu\u00e1rios 1 e 2 (salas 433 e 434<\/strong>)<\/a> t\u00eam como objetivo contribuir ativamente para o desenvolvimento de pesquisas realizadas no \u00e2mbito do Departamento de Biologia Celular e do Desenvolvimento\u00a0atrav\u00e9s do uso racional e respons\u00e1vel dos recursos t\u00e9cnicos e de infraestrutura que comp\u00f5e os respectivos laborat\u00f3rios.<\/p><p>Os \u00a0laborat\u00f3rios oferecem o uso compartilhado de diversos equipamentos que comp\u00f5e sua infraestrutura,\u00a0 sendo os mesmos constitu\u00eddos de capela de seguran\u00e7a qu\u00edmica, capela de fluxo laminar, ultracentr\u00edfugas,\u00a0 termocicladores, equipamentos para experimenta\u00e7\u00e3o em t\u00e9cnicas bioqu\u00edmicas e moleculares, dentre outros.<\/p><p>Al\u00e9m disso, o departamento conta com <a href=\"https:\/\/sites.usp.br\/biocel\/laboratorio-multiusuarios\/agendamento-de-setores\/\">servi\u00e7os multiusu\u00e1rios<\/a> de microscopia, t\u00e9cnicas histol\u00f3gicas e de biologia molecular.<\/p>\t\t\t\t\t\t<\/div>\n\t\t\t\t<\/div>\n\t\t\t\t\t<\/div>\n\t\t<\/div>\n\t\t\t\t\t<\/div>\n\t\t<\/section>\n\t\t\t\t<section class=\"elementor-section elementor-top-section elementor-element elementor-element-9ed4513 elementor-section-boxed elementor-section-height-default elementor-section-height-default\" data-id=\"9ed4513\" data-element_type=\"section\">\n\t\t\t\t\t\t<div class=\"elementor-container elementor-column-gap-default\">\n\t\t\t\t\t<div class=\"elementor-column elementor-col-100 elementor-top-column elementor-element elementor-element-4ae15a6\" data-id=\"4ae15a6\" data-element_type=\"column\">\n\t\t\t<div class=\"elementor-widget-wrap elementor-element-populated\">\n\t\t\t\t\t\t<div class=\"elementor-element elementor-element-326c17c elementor-widget elementor-widget-heading\" data-id=\"326c17c\" data-element_type=\"widget\" data-widget_type=\"heading.default\">\n\t\t\t\t<div class=\"elementor-widget-container\">\n\t\t\t<h2 class=\"elementor-heading-title elementor-size-default\">Espa\u00e7o Compartilhado BMC<\/h2>\t\t<\/div>\n\t\t\t\t<\/div>\n\t\t\t\t\t<\/div>\n\t\t<\/div>\n\t\t\t\t\t<\/div>\n\t\t<\/section>\n\t\t\t\t<section class=\"elementor-section elementor-top-section elementor-element elementor-element-5637e5c elementor-section-boxed elementor-section-height-default elementor-section-height-default\" data-id=\"5637e5c\" data-element_type=\"section\">\n\t\t\t\t\t\t<div class=\"elementor-container elementor-column-gap-default\">\n\t\t\t\t\t<div class=\"elementor-column elementor-col-100 elementor-top-column elementor-element elementor-element-bd056e3\" data-id=\"bd056e3\" data-element_type=\"column\">\n\t\t\t<div class=\"elementor-widget-wrap elementor-element-populated\">\n\t\t\t\t\t\t<div class=\"elementor-element elementor-element-282937a elementor-widget elementor-widget-text-editor\" data-id=\"282937a\" data-element_type=\"widget\" data-widget_type=\"text-editor.default\">\n\t\t\t\t<div class=\"elementor-widget-container\">\n\t\t\t\t\t\t\t<div title=\"Page 5\"><div><div><p>Consta de uma sala para reunio\u0303es de grupos de pesquisa e comisso\u0303es, ale\u0301m de um espac\u0327o de trabalho compartilhado que beneficia alunos, t\u00e9cnicos, \u00a0<span style=\"color: var( --e-global-color-text ); font-family: var( --e-global-typography-text-font-family ), Sans-serif; font-size: 1rem;\">jovens pesquisadores<\/span><span style=\"color: var( --e-global-color-text ); font-family: var( --e-global-typography-text-font-family ), Sans-serif; font-size: 1rem;\">\u00a0e docentes, favorecendo a interac\u0327a\u0303o.<\/span><\/p><\/div><\/div><\/div>\t\t\t\t\t\t<\/div>\n\t\t\t\t<\/div>\n\t\t\t\t\t<\/div>\n\t\t<\/div>\n\t\t\t\t\t<\/div>\n\t\t<\/section>\n\t\t\t\t<section class=\"elementor-section elementor-top-section elementor-element elementor-element-0d26a23 elementor-section-boxed elementor-section-height-default elementor-section-height-default\" data-id=\"0d26a23\" data-element_type=\"section\">\n\t\t\t\t\t\t<div class=\"elementor-container elementor-column-gap-default\">\n\t\t\t\t\t<div class=\"elementor-column elementor-col-50 elementor-top-column elementor-element elementor-element-ed1fc1e\" data-id=\"ed1fc1e\" data-element_type=\"column\">\n\t\t\t<div class=\"elementor-widget-wrap elementor-element-populated\">\n\t\t\t\t\t\t<div class=\"elementor-element elementor-element-cbcfd98 elementor-widget elementor-widget-image\" data-id=\"cbcfd98\" data-element_type=\"widget\" data-widget_type=\"image.default\">\n\t\t\t\t<div class=\"elementor-widget-container\">\n\t\t\t\t\t\t\t\t\t\t\t\t\t<img fetchpriority=\"high\" decoding=\"async\" width=\"720\" height=\"397\" src=\"https:\/\/sites.usp.br\/biocel\/wp-content\/uploads\/sites\/489\/2022\/05\/Reuniao2_blended_fused-1024x565.png\" class=\"attachment-large size-large wp-image-4260\" alt=\"\" srcset=\"https:\/\/sites.usp.br\/biocel\/wp-content\/uploads\/sites\/489\/2022\/05\/Reuniao2_blended_fused-1024x565.png 1024w, https:\/\/sites.usp.br\/biocel\/wp-content\/uploads\/sites\/489\/2022\/05\/Reuniao2_blended_fused-300x166.png 300w, https:\/\/sites.usp.br\/biocel\/wp-content\/uploads\/sites\/489\/2022\/05\/Reuniao2_blended_fused-768x424.png 768w, https:\/\/sites.usp.br\/biocel\/wp-content\/uploads\/sites\/489\/2022\/05\/Reuniao2_blended_fused-1536x848.png 1536w, https:\/\/sites.usp.br\/biocel\/wp-content\/uploads\/sites\/489\/2022\/05\/Reuniao2_blended_fused-2048x1130.png 2048w, https:\/\/sites.usp.br\/biocel\/wp-content\/uploads\/sites\/489\/2022\/05\/Reuniao2_blended_fused-400x221.png 400w\" sizes=\"(max-width: 720px) 100vw, 720px\" \/>\t\t\t\t\t\t\t\t\t\t\t\t\t<\/div>\n\t\t\t\t<\/div>\n\t\t\t\t\t<\/div>\n\t\t<\/div>\n\t\t\t\t<div class=\"elementor-column elementor-col-50 elementor-top-column elementor-element elementor-element-c8ca307\" data-id=\"c8ca307\" data-element_type=\"column\">\n\t\t\t<div class=\"elementor-widget-wrap elementor-element-populated\">\n\t\t\t\t\t\t<div class=\"elementor-element elementor-element-5423bec elementor-widget elementor-widget-image\" data-id=\"5423bec\" data-element_type=\"widget\" data-widget_type=\"image.default\">\n\t\t\t\t<div class=\"elementor-widget-container\">\n\t\t\t\t\t\t\t\t\t\t\t\t\t<img decoding=\"async\" width=\"720\" height=\"409\" src=\"https:\/\/sites.usp.br\/biocel\/wp-content\/uploads\/sites\/489\/2022\/05\/Reuniao1-e1653963926474-1024x581.png\" class=\"attachment-large size-large wp-image-4261\" alt=\"\" srcset=\"https:\/\/sites.usp.br\/biocel\/wp-content\/uploads\/sites\/489\/2022\/05\/Reuniao1-e1653963926474-1024x581.png 1024w, https:\/\/sites.usp.br\/biocel\/wp-content\/uploads\/sites\/489\/2022\/05\/Reuniao1-e1653963926474-300x170.png 300w, https:\/\/sites.usp.br\/biocel\/wp-content\/uploads\/sites\/489\/2022\/05\/Reuniao1-e1653963926474-768x436.png 768w, https:\/\/sites.usp.br\/biocel\/wp-content\/uploads\/sites\/489\/2022\/05\/Reuniao1-e1653963926474-1536x871.png 1536w, https:\/\/sites.usp.br\/biocel\/wp-content\/uploads\/sites\/489\/2022\/05\/Reuniao1-e1653963926474-2048x1162.png 2048w, https:\/\/sites.usp.br\/biocel\/wp-content\/uploads\/sites\/489\/2022\/05\/Reuniao1-e1653963926474-400x227.png 400w\" sizes=\"(max-width: 720px) 100vw, 720px\" \/>\t\t\t\t\t\t\t\t\t\t\t\t\t<\/div>\n\t\t\t\t<\/div>\n\t\t\t\t\t<\/div>\n\t\t<\/div>\n\t\t\t\t\t<\/div>\n\t\t<\/section>\n\t\t\t\t<\/div>\n\t\t","protected":false},"excerpt":{"rendered":"<p>Laborat\u00f3rios Multiusu\u00e1rios Os\u00a0Laborat\u00f3rios Multiusu\u00e1rios 1 e 2 (salas 433 e 434) t\u00eam como objetivo contribuir ativamente para o desenvolvimento de pesquisas realizadas no \u00e2mbito do Departamento de Biologia Celular e do Desenvolvimento\u00a0atrav\u00e9s do uso&#46;&#46;&#46;<\/p>\n","protected":false},"author":22915,"featured_media":0,"parent":0,"menu_order":0,"comment_status":"closed","ping_status":"closed","template":"","meta":{"footnotes":"","_links_to":"","_links_to_target":""},"class_list":["post-3787","page","type-page","status-publish","hentry"],"_links":{"self":[{"href":"https:\/\/sites.usp.br\/biocel\/wp-json\/wp\/v2\/pages\/3787","targetHints":{"allow":["GET"]}}],"collection":[{"href":"https:\/\/sites.usp.br\/biocel\/wp-json\/wp\/v2\/pages"}],"about":[{"href":"https:\/\/sites.usp.br\/biocel\/wp-json\/wp\/v2\/types\/page"}],"author":[{"embeddable":true,"href":"https:\/\/sites.usp.br\/biocel\/wp-json\/wp\/v2\/users\/22915"}],"replies":[{"embeddable":true,"href":"https:\/\/sites.usp.br\/biocel\/wp-json\/wp\/v2\/comments?post=3787"}],"version-history":[{"count":5,"href":"https:\/\/sites.usp.br\/biocel\/wp-json\/wp\/v2\/pages\/3787\/revisions"}],"predecessor-version":[{"id":4748,"href":"https:\/\/sites.usp.br\/biocel\/wp-json\/wp\/v2\/pages\/3787\/revisions\/4748"}],"wp:attachment":[{"href":"https:\/\/sites.usp.br\/biocel\/wp-json\/wp\/v2\/media?parent=3787"}],"curies":[{"name":"wp","href":"https:\/\/api.w.org\/{rel}","templated":true}]}}