{"id":384,"date":"2019-09-23T09:54:11","date_gmt":"2019-09-23T12:54:11","guid":{"rendered":"http:\/\/sites.usp.br\/biocel\/?page_id=384"},"modified":"2025-12-04T07:33:38","modified_gmt":"2025-12-04T10:33:38","slug":"chefia-e-comissoes","status":"publish","type":"page","link":"https:\/\/sites.usp.br\/biocel\/departamento\/chefia-e-comissoes\/","title":{"rendered":"Chefia e Comiss\u00f5es"},"content":{"rendered":"\t\t<div data-elementor-type=\"wp-page\" data-elementor-id=\"384\" class=\"elementor elementor-384\" data-elementor-post-type=\"page\">\n\t\t\t\t\t\t<section class=\"elementor-section elementor-top-section elementor-element elementor-element-711b8d15 elementor-section-boxed elementor-section-height-default elementor-section-height-default\" data-id=\"711b8d15\" data-element_type=\"section\">\n\t\t\t\t\t\t<div class=\"elementor-container elementor-column-gap-default\">\n\t\t\t\t\t<div class=\"elementor-column elementor-col-100 elementor-top-column elementor-element elementor-element-41fc58c7\" data-id=\"41fc58c7\" data-element_type=\"column\">\n\t\t\t<div class=\"elementor-widget-wrap elementor-element-populated\">\n\t\t\t\t\t\t<div class=\"elementor-element elementor-element-e27dfb1 elementor-widget elementor-widget-heading\" data-id=\"e27dfb1\" data-element_type=\"widget\" data-widget_type=\"heading.default\">\n\t\t\t\t<div class=\"elementor-widget-container\">\n\t\t\t<h2 class=\"elementor-heading-title elementor-size-default\">Chefia e Comiss\u00f5es<\/h2>\t\t<\/div>\n\t\t\t\t<\/div>\n\t\t\t\t<div class=\"elementor-element elementor-element-44eb0835 elementor-widget elementor-widget-text-editor\" data-id=\"44eb0835\" data-element_type=\"widget\" data-widget_type=\"text-editor.default\">\n\t\t\t\t<div class=\"elementor-widget-container\">\n\t\t\t\t\t\t\t<p><strong>Chefia do Departamento<\/strong><\/p><p>Profa. Dra. Irene Yan (Chefe)<\/p><p>Profa. D\u00e2nia Hamassaki (Vice-Chefe)<\/p><p><strong>Comiss\u00e3o de Cultura e Extens\u00e3o<\/strong><\/p><p>Profa. Dra. Carolina Beltrame Del Debbio (Titular)<\/p><p>Profa. Dra. Fernanda Ortis (Suplente)<\/p><p><strong>Comiss\u00e3o de Gradua\u00e7\u00e3o<\/strong><\/p><p>Profa. Dra. <span style=\"color: var( --e-global-color-text ); font-family: var( --e-global-typography-text-font-family ), Sans-serif; font-size: 1rem;\">Fernanda Ortis (Titular)<\/span><\/p><p>Profa. Dra.\u00a0<span style=\"color: var( --e-global-color-text ); font-family: var( --e-global-typography-text-font-family ), Sans-serif; font-size: 1rem;\">Irene Yan (Suplente)<\/span><\/p><p><strong>Comiss\u00e3o de Inclus\u00e3o e Pertencimento<\/strong><\/p><p>Profa. Dra. Fernanda Ortis (Titular)<\/p><p>Profa. Dra.\u00a0<span style=\"color: var( --e-global-color-text ); font-family: var( --e-global-typography-text-font-family ), Sans-serif; font-size: 1rem;\">Marinilce dos Santos (Suplente)<\/span><\/p><p><strong>Comiss\u00e3o de Pesquisa<\/strong><\/p><p>Profa. Dra. Edna Teruko Kimura\u00a0(Titular)<\/p><p>Profa. Dra. Alison Colquhoun (Suplente)<\/p><p><strong>Comiss\u00e3o de P\u00f3s-gradua\u00e7\u00e3o<\/strong><\/p><p>Profa. Dra. Patricia Pereira Coltri (Vice-Coordenadora- BMC)<\/p><p>Prof. Dr. Newton Sabino Canteras \u00a0(Coordenador-BMA)<\/p>\t\t\t\t\t\t<\/div>\n\t\t\t\t<\/div>\n\t\t\t\t\t<\/div>\n\t\t<\/div>\n\t\t\t\t\t<\/div>\n\t\t<\/section>\n\t\t\t\t<\/div>\n\t\t","protected":false},"excerpt":{"rendered":"<p>Chefia e Comiss\u00f5es Chefia do Departamento Profa. Dra. Irene Yan (Chefe) Profa. D\u00e2nia Hamassaki (Vice-Chefe) Comiss\u00e3o de Cultura e Extens\u00e3o Profa. Dra. Carolina Beltrame Del Debbio (Titular) Profa. Dra. Fernanda Ortis (Suplente) Comiss\u00e3o de&#46;&#46;&#46;<\/p>\n","protected":false},"author":870,"featured_media":0,"parent":378,"menu_order":0,"comment_status":"closed","ping_status":"closed","template":"","meta":{"footnotes":"","_links_to":"","_links_to_target":""},"class_list":["post-384","page","type-page","status-publish","hentry"],"_links":{"self":[{"href":"https:\/\/sites.usp.br\/biocel\/wp-json\/wp\/v2\/pages\/384","targetHints":{"allow":["GET"]}}],"collection":[{"href":"https:\/\/sites.usp.br\/biocel\/wp-json\/wp\/v2\/pages"}],"about":[{"href":"https:\/\/sites.usp.br\/biocel\/wp-json\/wp\/v2\/types\/page"}],"author":[{"embeddable":true,"href":"https:\/\/sites.usp.br\/biocel\/wp-json\/wp\/v2\/users\/870"}],"replies":[{"embeddable":true,"href":"https:\/\/sites.usp.br\/biocel\/wp-json\/wp\/v2\/comments?post=384"}],"version-history":[{"count":4,"href":"https:\/\/sites.usp.br\/biocel\/wp-json\/wp\/v2\/pages\/384\/revisions"}],"predecessor-version":[{"id":4722,"href":"https:\/\/sites.usp.br\/biocel\/wp-json\/wp\/v2\/pages\/384\/revisions\/4722"}],"up":[{"embeddable":true,"href":"https:\/\/sites.usp.br\/biocel\/wp-json\/wp\/v2\/pages\/378"}],"wp:attachment":[{"href":"https:\/\/sites.usp.br\/biocel\/wp-json\/wp\/v2\/media?parent=384"}],"curies":[{"name":"wp","href":"https:\/\/api.w.org\/{rel}","templated":true}]}}