{"id":395,"date":"2019-09-23T09:57:01","date_gmt":"2019-09-23T12:57:01","guid":{"rendered":"http:\/\/sites.usp.br\/biocel\/?page_id=395"},"modified":"2025-02-11T11:55:48","modified_gmt":"2025-02-11T14:55:48","slug":"cursos","status":"publish","type":"page","link":"https:\/\/sites.usp.br\/biocel\/cultura-e-extensao\/cursos\/","title":{"rendered":"Cursos"},"content":{"rendered":"\t\t<div data-elementor-type=\"wp-page\" data-elementor-id=\"395\" class=\"elementor elementor-395\" data-elementor-post-type=\"page\">\n\t\t\t\t\t\t<section class=\"elementor-section elementor-top-section elementor-element elementor-element-113a2159 elementor-section-boxed elementor-section-height-default elementor-section-height-default\" data-id=\"113a2159\" data-element_type=\"section\">\n\t\t\t\t\t\t<div class=\"elementor-container elementor-column-gap-default\">\n\t\t\t\t\t<div class=\"elementor-column elementor-col-100 elementor-top-column elementor-element elementor-element-b66f8a4\" data-id=\"b66f8a4\" data-element_type=\"column\">\n\t\t\t<div class=\"elementor-widget-wrap elementor-element-populated\">\n\t\t\t\t\t\t<div class=\"elementor-element elementor-element-7a005bd8 elementor-widget elementor-widget-text-editor\" data-id=\"7a005bd8\" data-element_type=\"widget\" data-widget_type=\"text-editor.default\">\n\t\t\t\t<div class=\"elementor-widget-container\">\n\t\t\t\t\t\t\t<h1><strong><span style=\"color: #cc2f2f;\">Cursos de fluxo cont\u00ednuo: <\/span><br \/><\/strong><\/h1><div>Os cursos \u00e0 seguir s\u00e3o destinados:<\/div><div>\u00a0<\/div><ul><li style=\"list-style-type: none;\"><ul><li style=\"list-style-type: none;\"><ul><li><em>\u00a0A novos ingressantes que realizar\u00e3o atividades no departamento, tais como alunos, docentes, funcion\u00e1rios e demais pesquisadores. <\/em><\/li><li><em>Para aqueles que precisam revalidar os cursos devido suas respecitivas validades (cursos de reciclagem).<\/em><\/li><\/ul><\/li><\/ul><\/li><\/ul><div>Conforme recomenda\u00e7\u00f5es administrativas, ap\u00f3s a realiza\u00e7\u00e3o dos cursos, os certificados devem ser impressos e uma c\u00f3pia deve permanecer arquivada no respectivo laborat\u00f3rio de pesquisa.<\/div><div>\u00a0<\/div><p>Os interessados dever\u00e3o realizar os procedimentos iniciais de cadastro no ambiente &#8220;<em><span style=\"text-decoration: underline;\"><span style=\"color: #0000ff; text-decoration: underline;\"><a style=\"color: #0000ff; text-decoration: underline;\" href=\"https:\/\/cursosextensao.usp.br\/dashboard\/\">Cursos de Extens\u00e3o<\/a><\/span><\/span>&#8220;. Ap\u00f3s o cadastro, fa\u00e7a <\/em>as inscri\u00e7\u00f5es nos cursos para que as aulas sejam\u00a0 liberadas posteriormente.<\/p><div>\u00a0<\/div><ul><li style=\"list-style-type: none;\"><ul><li><strong>Uso de Animais para experimenta\u00e7\u00e3o: <\/strong><\/li><\/ul><\/li><\/ul><p style=\"padding-left: 40px;\">Curso oferecido pela <a href=\"https:\/\/ww3.icb.usp.br\/central-de-bioterismo\/\">Central de Bioterismo do ICB<\/a>. \u00a0\u00a0 \u00a0\u00a0 \u00a0\u00a0 \u00a0\u00a0 \u00a0\u00a0 \u00a0\u00a0 \u00a0\u00a0 \u00a0\u00a0 \u00a0\u00a0 \u00a0\u00a0 \u00a0\u00a0 \u00a0\u00a0 \u00a0\u00a0 \u00a0\u00a0 \u00a0\u00a0 \u00a0\u00a0 \u00a0\u00a0 \u00a0\u00a0 \u00a0\u00a0 \u00a0\u00a0 \u00a0\u00a0 \u00a0\u00a0 \u00a0\u00a0 \u00a0\u00a0 <a href=\"http:\/\/www.icb.usp.br\/infoicb\/cursos\/curso_Uso_de_Animais_para_Experimentacao.pdf\"><span style=\"color: #0000ff;\">Cliqui aqui para orienta\u00e7\u00f5es<\/span><\/a><\/p><div>\u00a0<\/div><ul><li style=\"list-style-type: none;\"><ul><li><strong>Biosseguran\u00e7a e Boas Pr\u00e1ticas de Laborat\u00f3rio:<\/strong><\/li><\/ul><\/li><\/ul><p style=\"padding-left: 40px;\">Curso oferecido pela <a href=\"https:\/\/ww3.icb.usp.br\/biosseguranca-cibio\/\">Comiss\u00e3o Interna de Biosseguran\u00e7a do ICB<\/a>. \u00a0\u00a0 \u00a0\u00a0 \u00a0\u00a0 \u00a0\u00a0 \u00a0\u00a0 \u00a0\u00a0 \u00a0\u00a0 \u00a0\u00a0 \u00a0\u00a0 \u00a0\u00a0 \u00a0\u00a0 \u00a0\u00a0 \u00a0\u00a0 \u00a0\u00a0 \u00a0\u00a0 \u00a0\u00a0 \u00a0\u00a0\u00a0 <a href=\"http:\/\/www.icb.usp.br\/infoicb\/cursos\/curso_Biosseguranca_e_Boas_Praticas_de_Laboratorio.pdf\"><span style=\"color: #0000ff;\">Clique aqui para orienta\u00e7\u00f5es.<\/span><\/a><\/p><div>\u00a0<\/div><ul><li style=\"list-style-type: none;\"><ul><li><strong>Armazenamento, Manuseio e Descarte de Produtos Quimicos:<\/strong><\/li><\/ul><\/li><\/ul><p style=\"padding-left: 40px;\">Curso oferecido pela <a href=\"https:\/\/ww3.icb.usp.br\/comissao-de-seguranca-quimica\/\">Comiss\u00e3o de Seguran\u00e7a Qu\u00edmica do ICB<\/a>. \u00a0\u00a0 \u00a0\u00a0 \u00a0\u00a0 \u00a0\u00a0 \u00a0\u00a0 \u00a0\u00a0 \u00a0\u00a0 \u00a0\u00a0 \u00a0\u00a0 \u00a0\u00a0 \u00a0\u00a0 \u00a0\u00a0 \u00a0\u00a0 \u00a0\u00a0 \u00a0\u00a0 \u00a0\u00a0 \u00a0\u00a0 \u00a0\u00a0 \u00a0\u00a0 \u00a0\u00a0 <a href=\"http:\/\/www.icb.usp.br\/infoicb\/cursos\/curso_Armazenamento_Manuseio_e_Descarte_de_Produtos_Quimicos.pdf\"><span style=\"color: #0000ff;\">Clique aqui para orienta\u00e7\u00f5es.<\/span><\/a><\/p><h1><strong><span style=\"color: #cc2f2f;\">Cursos de Extens\u00e3o:<\/span> <\/strong><\/h1><p><span style=\"color: #a30349;\"><em>** Aguarde an\u00fancio do proximo oferecimento dos cursos.<\/em><\/span><\/p><ul><li style=\"list-style-type: none;\"><ul><li style=\"font-size: medium; caret-color: #000000; color: #000000;\"><span style=\"font-size: 12pt; font-family: Calibre; color: #000000;\"><strong>Capacita\u00e7\u00e3o no Uso e Manejo de Animais de Laborat\u00f3rio<\/strong><\/span><\/li><\/ul><\/li><\/ul><p style=\"padding-left: 40px;\"><span style=\"font-size: 12pt; font-family: Calibre; color: #000000;\">Difundir e atualizar conceitos na \u00e1rea para capacita\u00e7\u00e3o de profissionais que pretendam trabalhar ou continuar suas atividades em biot\u00e9rios de produ\u00e7\u00e3o, manuten\u00e7\u00e3o e experimenta\u00e7\u00e3o; Qualifica\u00e7\u00e3o do profissional que trabalha com animais de laborat\u00f3rio.<\/span><\/p><p style=\"margin-top: 0cm; margin-bottom: 0cm; font-size: medium; caret-color: #000000; color: #000000; padding-left: 40px;\"><span style=\"color: #000000;\"><em><span lang=\"PT-BR\" style=\"font-size: 12pt; font-family: Calibre;\">Respons\u00e1vel: <\/span><\/em><strong><span lang=\"PT-BR\" style=\"font-size: 12pt; font-family: Calibre; font-weight: normal;\">Profa.<\/span><\/strong><span style=\"font-size: 12pt; font-family: Calibre;\">Patricia Gama\u00a0 <a style=\"transition: 700ms; color: #000000;\" href=\"mailto:patgama@usp.br\" target=\"_blank\" rel=\"noopener\"><span style=\"text-decoration: none;\">&#8211; patgama@usp.br<\/span><\/a><\/span><\/span><\/p><p>\u00a0<\/p><ul><li style=\"list-style-type: none;\"><ul><li><span style=\"color: #000000;\"><strong><span style=\"font-size: 12pt; font-family: Calibre;\">Mecanismos fisiopatol\u00f3gicos da disfun\u00e7\u00e3o da c\u00e9lula beta no Diabetes mellitus. <\/span><\/strong><\/span><\/li><\/ul><\/li><\/ul><p style=\"text-align: left; padding-left: 40px;\"><span style=\"color: #000000;\"><span style=\"font-size: 12pt;\">Discussa\u0303o dos conceitos mais recentes relacionados aos mecanismos moleculares envolvidos na destruic\u0327a\u0303o\u00a0<\/span><span style=\"font-size: 12pt;\">da ce\u0301lula beta pancrea\u0301tica, envolvidos no desenvolvimento do Diabetes <em>mellitus.<\/em><\/span><\/span><\/p><p style=\"padding-left: 40px;\"><span style=\"color: #000000;\"><em><span lang=\"PT-BR\" style=\"font-size: 12pt; font-family: Calibre;\">Respons\u00e1vel:\u00a0<\/span><\/em><strong><span lang=\"PT-BR\" style=\"font-size: 12pt; font-family: Calibre; font-weight: normal;\">Profa.<\/span><\/strong><span style=\"font-size: 12pt; font-family: Calibre;\">Fernanda Ortis &#8211; <a style=\"transition: 700ms; color: #000000;\" href=\"mailto:fortis@usp.br\" target=\"_blank\" rel=\"noopener\"><span style=\"text-decoration: none;\">fortis@usp.br<\/span><\/a><\/span><\/span><\/p><div><ul><li style=\"list-style-type: none;\"><ul><li><span style=\"color: #000000;\"><strong><span style=\"font-size: 12pt; font-family: Calibre;\">Redescobrindo a Biologia celular \u00a0 \u00a0 \u00a0 \u00a0 \u00a0\u00a0\u00a0 \u00a0 \u00a0 \u00a0 \u00a0 \u00a0 \u00a0 \u00a0 \u00a0 \u00a0 \u00a0 \u00a0 \u00a0 \u00a0 \u00a0 \u00a0 \u00a0 \u00a0 \u00a0 \u00a0 \u00a0 \u00a0 \u00a0 \u00a0 \u00a0\u00a0 <\/span><\/strong><\/span><\/li><\/ul><\/li><\/ul><p style=\"padding-left: 40px;\"><span style=\"color: #000000;\"><span style=\"font-family: Calibre; font-size: 12pt;\">Revisitar e difundir conceitos na \u00e1rea, tendo como p\u00fablico-alvo os professores de ensino fundamental e m\u00e9dio da rede p\u00fablica. \u00a0 \u00a0 \u00a0 \u00a0 \u00a0 \u00a0 \u00a0 \u00a0 \u00a0 \u00a0 \u00a0 \u00a0 \u00a0 \u00a0 \u00a0 \u00a0 \u00a0 \u00a0 \u00a0 \u00a0 \u00a0 \u00a0 \u00a0 \u00a0\u00a0 <\/span><\/span><\/p><p style=\"padding-left: 40px;\"><span style=\"color: #000000;\"><em><span lang=\"PT-BR\" style=\"font-size: 12pt; font-family: Calibre;\">Respons\u00e1vel: <\/span><\/em><strong style=\"caret-color: #000000;\"><span lang=\"PT-BR\" style=\"font-size: 12pt; font-family: Calibre; font-weight: normal;\">Profa.<\/span><\/strong><span style=\"font-size: 12pt; font-family: Calibre;\">Fernanda Ortis &#8211; <\/span><a style=\"transition: 700ms; color: #000000;\" href=\"mailto:fernandaortis@hotmail.com\" target=\"_blank\" rel=\"noopener\"><span style=\"text-decoration: none;\">fortis@usp.br<\/span><\/a><\/span><\/p><ul><li style=\"list-style-type: none;\"><ul><li style=\"font-size: medium; caret-color: #000000; color: #000000;\"><span style=\"color: #000000;\"><strong><span style=\"font-size: 12pt; font-family: Calibre;\">Curso De Ver\u00e3o em Biologia Celular e do Desenvolvimento \u00a0 \u00a0 \u00a0 \u00a0 \u00a0 \u00a0 \u00a0 \u00a0 \u00a0 \u00a0 <\/span><\/strong><\/span><\/li><\/ul><\/li><\/ul><p style=\"padding-left: 40px;\"><span style=\"color: #000000;\"><span style=\"font-family: Calibre; font-size: 12pt; caret-color: #717171;\">Proporcionar a alunos de gradua\u00e7\u00e3o ou rec\u00e9m-formados em cursos na \u00e1rea de Ci\u00eancias da Vida, conhecimento atualizado e integrado sobre temas da Biologia Celular e do Desenvolvimento, permitindo o aprofundamento dos mesmos e complementando, dessa forma, sua forma\u00e7\u00e3o acad\u00eamico-cient\u00edfica. \u00a0 \u00a0 \u00a0 \u00a0 \u00a0 \u00a0 \u00a0 \u00a0 \u00a0 \u00a0 \u00a0 \u00a0 \u00a0 \u00a0 \u00a0 \u00a0 \u00a0 \u00a0 \u00a0 \u00a0 \u00a0 \u00a0 \u00a0 \u00a0 \u00a0 \u00a0 \u00a0 \u00a0 \u00a0 \u00a0 \u00a0 \u00a0 \u00a0 \u00a0 \u00a0 \u00a0\u00a0 <\/span><\/span><\/p><p style=\"padding-left: 40px;\"><span style=\"color: #000000;\"><em><span lang=\"PT-BR\" style=\"font-size: 12pt; font-family: Calibre;\">Respons\u00e1vel: <\/span><\/em><strong><span lang=\"PT-BR\" style=\"font-size: 12pt; font-family: Calibre; font-weight: normal;\">Profa.<\/span><\/strong><span style=\"font-size: 12pt; font-family: Calibre;\">Carolina Beltrame Del Debbio &#8211;\u00a0<a style=\"transition: 700ms; color: #000000;\" href=\"mailto:carol.deldebbio@usp.br\" target=\"_blank\" rel=\"noopener\"><span style=\"text-decoration: none;\">carol.deldebbio@usp.br<\/span><\/a><\/span><\/span><\/p><ul><li style=\"list-style-type: none;\"><ul><li style=\"font-size: medium; caret-color: #000000; color: #000000;\"><span style=\"color: #000000;\"><strong><span style=\"font-size: 12pt; font-family: Calibre;\">Curso de Microscopia \u00a0 \u00a0 \u00a0 \u00a0 \u00a0 \u00a0 \u00a0 \u00a0 \u00a0 \u00a0 \u00a0 \u00a0 \u00a0 \u00a0 \u00a0 \u00a0 \u00a0 \u00a0 \u00a0 \u00a0 \u00a0 \u00a0 \u00a0 \u00a0 \u00a0 \u00a0 \u00a0 \u00a0 \u00a0 \u00a0 \u00a0 \u00a0 \u00a0 \u00a0 \u00a0 \u00a0 \u00a0 \u00a0 \u00a0\u00a0 <\/span><\/strong><\/span><\/li><\/ul><\/li><\/ul><p style=\"padding-left: 40px;\"><span style=\"color: #000000;\"><span style=\"font-family: Calibre; font-size: 12pt; caret-color: #717171;\">Fornecer conhecimentos em Microbiologia e Biologia Molecular Aplicada, al\u00e9m de ampliar a vis\u00e3o dos conceitos microbiol\u00f3gicos dos alunos de gradua\u00e7\u00e3o nas \u00e1reas biol\u00f3gicas e da sa\u00fade. \u00a0 \u00a0 \u00a0 \u00a0 \u00a0 \u00a0 \u00a0 \u00a0 \u00a0 \u00a0 \u00a0 \u00a0 \u00a0 \u00a0 \u00a0 \u00a0 \u00a0\u00a0<\/span><\/span><\/p><p style=\"padding-left: 40px;\"><span style=\"color: #000000;\"><em><span lang=\"PT-BR\" style=\"font-size: 12pt; font-family: Calibre;\">Respons\u00e1vel: <\/span><\/em><strong><span lang=\"PT-BR\" style=\"font-size: 12pt; font-family: Calibre; font-weight: normal;\">Profa.<\/span><\/strong><span style=\"font-size: 12pt; font-family: Calibre;\">Vanessa Morais Freitas <a style=\"transition: 700ms; color: #000000;\" href=\"mailto:vfreitas@usp.br\" target=\"_blank\" rel=\"noopener\"><span style=\"text-decoration: none;\">&#8211; vfreitas@usp.br<\/span><\/a><\/span><\/span><\/p><p style=\"margin-top: 0cm; margin-bottom: 0cm; font-size: medium; caret-color: #000000; color: #000000;\">\u00a0<\/p><\/div><div>\u00a0<\/div><div><span style=\"color: #000000;\"><strong><a href=\"https:\/\/ww3.icb.usp.br\/ext\/comissao-de-cultura-e-extensao-ccex\/\">Comiss\u00e3o de Cultura e Extens\u00e3o<\/a> &#8211; CCEX-BMC<\/strong><\/span><\/div><div><p><span style=\"color: #000000;\">Profa. Dra. Fenanda Ortis (titular)\u00a0 &#8211;<a href=\"mailto:fernandaortis@hotmail.com\" target=\"_blank\" rel=\"noopener\">\u00a0 fortis@usp.br<\/a>\u00a0 \u00a0 \u00a0 \u00a0 \u00a0 \u00a0 \u00a0 \u00a0 \u00a0 \u00a0 \u00a0 \u00a0 \u00a0 \u00a0 \u00a0 \u00a0 \u00a0 \u00a0 \u00a0 \u00a0 \u00a0 \u00a0 \u00a0 \u00a0 \u00a0 \u00a0 \u00a0 \u00a0 \u00a0 \u00a0 \u00a0 \u00a0 \u00a0 \u00a0 \u00a0 \u00a0 \u00a0 \u00a0 \u00a0 \u00a0 \u00a0 \u00a0 \u00a0 \u00a0 \u00a0 \u00a0\u00a0 <\/span><span style=\"color: #000000;\">Profa. Dra. \u00a0Carolina Beltrame Del Debbio (suplente)\u00a0 &#8211; <a href=\"mailto:carol.deldebbio@usp.br\" target=\"_blank\" rel=\"noopener\">carol.deldebbio@usp.br<\/a><br \/><\/span><\/p><\/div>\t\t\t\t\t\t<\/div>\n\t\t\t\t<\/div>\n\t\t\t\t\t<\/div>\n\t\t<\/div>\n\t\t\t\t\t<\/div>\n\t\t<\/section>\n\t\t\t\t<section class=\"elementor-section elementor-top-section elementor-element elementor-element-8923446 elementor-section-boxed elementor-section-height-default elementor-section-height-default\" data-id=\"8923446\" data-element_type=\"section\">\n\t\t\t\t\t\t<div class=\"elementor-container elementor-column-gap-default\">\n\t\t\t\t\t<div class=\"elementor-column elementor-col-100 elementor-top-column elementor-element elementor-element-7aa5e61\" data-id=\"7aa5e61\" data-element_type=\"column\">\n\t\t\t<div class=\"elementor-widget-wrap elementor-element-populated\">\n\t\t\t\t\t\t<div class=\"elementor-element elementor-element-3ada81d elementor-cta--layout-image-left elementor-cta--skin-classic elementor-animated-content elementor-bg-transform elementor-bg-transform-zoom-in elementor-widget elementor-widget-call-to-action\" data-id=\"3ada81d\" data-element_type=\"widget\" data-widget_type=\"call-to-action.default\">\n\t\t\t\t<div class=\"elementor-widget-container\">\n\t\t\t\t\t<div class=\"elementor-cta\">\n\t\t\t\t\t<div class=\"elementor-cta__bg-wrapper\">\n\t\t\t\t<div class=\"elementor-cta__bg elementor-bg\" style=\"background-image: url(https:\/\/sites.usp.br\/biocel\/wp-content\/uploads\/sites\/489\/2022\/05\/Screen-Shot-2022-05-27-at-08.05.23.png);\" role=\"img\" aria-label=\"Screen Shot 2022-05-27 at 08.05.23\"><\/div>\n\t\t\t\t<div class=\"elementor-cta__bg-overlay\"><\/div>\n\t\t\t<\/div>\n\t\t\t\t\t\t\t<div class=\"elementor-cta__content\">\n\t\t\t\t\n\t\t\t\t\t\t\t\t\t<h2 class=\"elementor-cta__title elementor-cta__content-item elementor-content-item\">\n\t\t\t\t\t\tComiss\u00e3o de Cultura e Extens\u00e3o do ICB\/USP\t\t\t\t\t<\/h2>\n\t\t\t\t\n\t\t\t\t\t\t\t\t\t<div class=\"elementor-cta__description elementor-cta__content-item elementor-content-item\">\n\t\t\t\t\t\tVisite a p\u00e1gina e conhe\u00e7a todas as atividades\t\t\t\t\t<\/div>\n\t\t\t\t\n\t\t\t\t\t\t\t\t\t<div class=\"elementor-cta__button-wrapper elementor-cta__content-item elementor-content-item \">\n\t\t\t\t\t<a class=\"elementor-cta__button elementor-button elementor-size-\" href=\"https:\/\/ww3.icb.usp.br\/ext\/\">\n\t\t\t\t\t\tClick Here\t\t\t\t\t<\/a>\n\t\t\t\t\t<\/div>\n\t\t\t\t\t\t\t<\/div>\n\t\t\t\t\t\t<\/div>\n\t\t\t\t<\/div>\n\t\t\t\t<\/div>\n\t\t\t\t\t<\/div>\n\t\t<\/div>\n\t\t\t\t\t<\/div>\n\t\t<\/section>\n\t\t\t\t<\/div>\n\t\t","protected":false},"excerpt":{"rendered":"<p>Cursos de fluxo cont\u00ednuo: Os cursos \u00e0 seguir s\u00e3o destinados:\u00a0 \u00a0A novos ingressantes que realizar\u00e3o atividades no departamento, tais como alunos, docentes, funcion\u00e1rios e demais pesquisadores. Para aqueles que precisam revalidar os cursos devido&#46;&#46;&#46;<\/p>\n","protected":false},"author":870,"featured_media":0,"parent":369,"menu_order":0,"comment_status":"closed","ping_status":"closed","template":"","meta":{"footnotes":"","_links_to":"","_links_to_target":""},"class_list":["post-395","page","type-page","status-publish","hentry"],"_links":{"self":[{"href":"https:\/\/sites.usp.br\/biocel\/wp-json\/wp\/v2\/pages\/395","targetHints":{"allow":["GET"]}}],"collection":[{"href":"https:\/\/sites.usp.br\/biocel\/wp-json\/wp\/v2\/pages"}],"about":[{"href":"https:\/\/sites.usp.br\/biocel\/wp-json\/wp\/v2\/types\/page"}],"author":[{"embeddable":true,"href":"https:\/\/sites.usp.br\/biocel\/wp-json\/wp\/v2\/users\/870"}],"replies":[{"embeddable":true,"href":"https:\/\/sites.usp.br\/biocel\/wp-json\/wp\/v2\/comments?post=395"}],"version-history":[{"count":4,"href":"https:\/\/sites.usp.br\/biocel\/wp-json\/wp\/v2\/pages\/395\/revisions"}],"predecessor-version":[{"id":4666,"href":"https:\/\/sites.usp.br\/biocel\/wp-json\/wp\/v2\/pages\/395\/revisions\/4666"}],"up":[{"embeddable":true,"href":"https:\/\/sites.usp.br\/biocel\/wp-json\/wp\/v2\/pages\/369"}],"wp:attachment":[{"href":"https:\/\/sites.usp.br\/biocel\/wp-json\/wp\/v2\/media?parent=395"}],"curies":[{"name":"wp","href":"https:\/\/api.w.org\/{rel}","templated":true}]}}