{"id":4196,"date":"2022-05-29T20:42:33","date_gmt":"2022-05-29T23:42:33","guid":{"rendered":"https:\/\/sites.usp.br\/biocel\/?page_id=4196"},"modified":"2024-09-30T08:01:37","modified_gmt":"2024-09-30T11:01:37","slug":"inclusao","status":"publish","type":"page","link":"https:\/\/sites.usp.br\/biocel\/inclusao\/","title":{"rendered":"Inclus\u00e3o"},"content":{"rendered":"\t\t<div data-elementor-type=\"wp-page\" data-elementor-id=\"4196\" class=\"elementor elementor-4196\" data-elementor-post-type=\"page\">\n\t\t\t\t\t\t<section class=\"elementor-section elementor-top-section elementor-element elementor-element-98d4c57 elementor-section-boxed elementor-section-height-default elementor-section-height-default\" data-id=\"98d4c57\" data-element_type=\"section\">\n\t\t\t\t\t\t<div class=\"elementor-container elementor-column-gap-default\">\n\t\t\t\t\t<div class=\"elementor-column elementor-col-100 elementor-top-column elementor-element elementor-element-9b2c2d7\" data-id=\"9b2c2d7\" data-element_type=\"column\">\n\t\t\t<div class=\"elementor-widget-wrap elementor-element-populated\">\n\t\t\t\t\t\t<div class=\"elementor-element elementor-element-465ad63 elementor-widget elementor-widget-text-editor\" data-id=\"465ad63\" data-element_type=\"widget\" data-widget_type=\"text-editor.default\">\n\t\t\t\t<div class=\"elementor-widget-container\">\n\t\t\t\t\t\t\t<p>\u00a0 \u00a0 \u00a0 A cria\u00e7\u00e3o da nova \u00a0<a href=\"https:\/\/prip.usp.br\"><strong>Pr\u00f3-Reitoria de Inclus\u00e3o e Pertencimento<\/strong><\/a> (PRIP) da USP \u00a0foi aprovada no dia 3\/maio\/ 2022 pelo Conselho Universit\u00e1rio e ser\u00e1 estruturada em cinco \u00e1reas \u2013 Vida no\u00a0<em>campus<\/em>; Sa\u00fade mental e bem-estar social; Mulheres, rela\u00e7\u00f5es \u00e9tnico-raciais e diversidades; Forma\u00e7\u00e3o e vida profissional; e Direitos Humanos e pol\u00edticas de repara\u00e7\u00e3o, mem\u00f3ria e justi\u00e7a.<\/p><div><strong>Comiss\u00e3o de\u00a0Inclus\u00e3o e Pertencimento \u2013 CIP-BMC<\/strong><\/div><div><p>Profa. Dra. Fenanda Ortis (titular) \u00a0 \u00a0 \u00a0 \u00a0 \u00a0 \u00a0 \u00a0 \u00a0 \u00a0 \u00a0 \u00a0 \u00a0 \u00a0 \u00a0 \u00a0 \u00a0 \u00a0 \u00a0 \u00a0 \u00a0 \u00a0 \u00a0 \u00a0 \u00a0 \u00a0 \u00a0 \u00a0 \u00a0 \u00a0 \u00a0 \u00a0 \u00a0 \u00a0 \u00a0 \u00a0 \u00a0 \u00a0 \u00a0 \u00a0 \u00a0 \u00a0 \u00a0 \u00a0 \u00a0 \u00a0 \u00a0 \u00a0 \u00a0 \u00a0 \u00a0 \u00a0 \u00a0 \u00a0 \u00a0 \u00a0 \u00a0 Profa. Dra. \u00a0Marinilce Fagundes dos Santos (suplente)<\/p><\/div>\t\t\t\t\t\t<\/div>\n\t\t\t\t<\/div>\n\t\t\t\t\t<\/div>\n\t\t<\/div>\n\t\t\t\t\t<\/div>\n\t\t<\/section>\n\t\t\t\t<section class=\"elementor-section elementor-top-section elementor-element elementor-element-e3762b8 elementor-section-boxed elementor-section-height-default elementor-section-height-default\" data-id=\"e3762b8\" data-element_type=\"section\">\n\t\t\t\t\t\t<div class=\"elementor-container elementor-column-gap-default\">\n\t\t\t\t\t<div class=\"elementor-column elementor-col-100 elementor-top-column elementor-element elementor-element-b8f18d6\" data-id=\"b8f18d6\" data-element_type=\"column\">\n\t\t\t<div class=\"elementor-widget-wrap elementor-element-populated\">\n\t\t\t\t\t\t<div class=\"elementor-element elementor-element-7f26ad3 elementor-align-center elementor-widget elementor-widget-button\" data-id=\"7f26ad3\" data-element_type=\"widget\" data-widget_type=\"button.default\">\n\t\t\t\t<div class=\"elementor-widget-container\">\n\t\t\t\t\t\t\t<div class=\"elementor-button-wrapper\">\n\t\t\t\t\t<a class=\"elementor-button elementor-button-link elementor-size-md\" href=\"\">\n\t\t\t\t\t\t<span class=\"elementor-button-content-wrapper\">\n\t\t\t\t\t\t\t\t\t<span class=\"elementor-button-text\">COMISS\u00c3O DE INCLUS\u00c3O E PERTENCIMENTO DO ICB (CIP\/ ICB)<\/span>\n\t\t\t\t\t<\/span>\n\t\t\t\t\t<\/a>\n\t\t\t\t<\/div>\n\t\t\t\t\t\t<\/div>\n\t\t\t\t<\/div>\n\t\t\t\t\t<\/div>\n\t\t<\/div>\n\t\t\t\t\t<\/div>\n\t\t<\/section>\n\t\t\t\t<\/div>\n\t\t","protected":false},"excerpt":{"rendered":"<p>\u00a0 \u00a0 \u00a0 A cria\u00e7\u00e3o da nova \u00a0Pr\u00f3-Reitoria de Inclus\u00e3o e Pertencimento (PRIP) da USP \u00a0foi aprovada no dia 3\/maio\/ 2022 pelo Conselho Universit\u00e1rio e ser\u00e1 estruturada em cinco \u00e1reas \u2013 Vida no\u00a0campus; Sa\u00fade&#46;&#46;&#46;<\/p>\n","protected":false},"author":22915,"featured_media":0,"parent":0,"menu_order":0,"comment_status":"closed","ping_status":"closed","template":"","meta":{"footnotes":"","_links_to":"","_links_to_target":""},"class_list":["post-4196","page","type-page","status-publish","hentry"],"_links":{"self":[{"href":"https:\/\/sites.usp.br\/biocel\/wp-json\/wp\/v2\/pages\/4196","targetHints":{"allow":["GET"]}}],"collection":[{"href":"https:\/\/sites.usp.br\/biocel\/wp-json\/wp\/v2\/pages"}],"about":[{"href":"https:\/\/sites.usp.br\/biocel\/wp-json\/wp\/v2\/types\/page"}],"author":[{"embeddable":true,"href":"https:\/\/sites.usp.br\/biocel\/wp-json\/wp\/v2\/users\/22915"}],"replies":[{"embeddable":true,"href":"https:\/\/sites.usp.br\/biocel\/wp-json\/wp\/v2\/comments?post=4196"}],"version-history":[{"count":4,"href":"https:\/\/sites.usp.br\/biocel\/wp-json\/wp\/v2\/pages\/4196\/revisions"}],"predecessor-version":[{"id":4539,"href":"https:\/\/sites.usp.br\/biocel\/wp-json\/wp\/v2\/pages\/4196\/revisions\/4539"}],"wp:attachment":[{"href":"https:\/\/sites.usp.br\/biocel\/wp-json\/wp\/v2\/media?parent=4196"}],"curies":[{"name":"wp","href":"https:\/\/api.w.org\/{rel}","templated":true}]}}