{"id":4339,"date":"2022-08-19T15:30:57","date_gmt":"2022-08-19T18:30:57","guid":{"rendered":"https:\/\/sites.usp.br\/biocel\/?page_id=4339"},"modified":"2025-06-09T13:57:20","modified_gmt":"2025-06-09T16:57:20","slug":"central-de-microscopia","status":"publish","type":"page","link":"https:\/\/sites.usp.br\/biocel\/central-de-microscopia\/","title":{"rendered":"Central de Microscopia"},"content":{"rendered":"\t\t<div data-elementor-type=\"wp-page\" data-elementor-id=\"4339\" class=\"elementor elementor-4339\" data-elementor-post-type=\"page\">\n\t\t\t\t\t\t<section class=\"elementor-section elementor-top-section elementor-element elementor-element-4cce02c5 elementor-section-boxed elementor-section-height-default elementor-section-height-default\" data-id=\"4cce02c5\" data-element_type=\"section\">\n\t\t\t\t\t\t<div class=\"elementor-container elementor-column-gap-default\">\n\t\t\t\t\t<div class=\"elementor-column elementor-col-100 elementor-top-column elementor-element elementor-element-45469398\" data-id=\"45469398\" data-element_type=\"column\">\n\t\t\t<div class=\"elementor-widget-wrap elementor-element-populated\">\n\t\t\t\t\t\t<div class=\"elementor-element elementor-element-6a407e24 elementor-widget__width-initial elementor-widget elementor-widget-text-editor\" data-id=\"6a407e24\" data-element_type=\"widget\" data-widget_type=\"text-editor.default\">\n\t\t\t\t<div class=\"elementor-widget-container\">\n\t\t\t\t\t\t\t<p><a href=\"https:\/\/sites.usp.br\/biocel\/wp-content\/uploads\/sites\/489\/dlm_uploads\/2024\/05\/REGIMENTO-DA-CENTRAL-MULTIUSUARIO-CM-ICB-USP.pdf\" target=\"_blank\" rel=\"noopener\">REGIMENTO DA CENTRAL MULTIUSU\u00c1RIO CM-ICB USP<\/a><\/p><p>A Central de Microscopia ICB -CM-ICB est\u00e1 localizada no Departamento de Biologia Celular e do Desenvolvimento do ICB-USP e \u00e9 formada por 3 equipamentos.<\/p><h2><span style=\"text-decoration: underline;\"><strong>1) Microsc\u00f3pio Eletr\u00f4nico de Transmiss\u00e3o TECNAI FEI G20<\/strong><\/span><\/h2><p>Adquirido com recursos da PRP-USP (NAP de infra-estrutura), ICB, FAPESP, CEFAP e FMUSP (2015).\u00a0\u00a0 Microsc\u00f3pio eletr\u00f4nico de transmiss\u00e3o de 200 Kv, possuindo capacidade de tomogr\u00e1fica, que permite aquisi\u00e7\u00f5es de -70 a +70 graus, em incrementos de 1 grau, gerando arquivo necess\u00e1rio para posterior retroproje\u00e7\u00e3o e reconstru\u00e7\u00e3o 3D de organelas.<\/p><h2><strong>Tabela de pre\u00e7os TECNAI<\/strong><\/h2><table width=\"642\"><tbody><tr><td width=\"276\">Comunidade Acad\u00eamica<\/td><td width=\"133\">Interno ICB<\/td><td width=\"118\">200,00<\/td><td width=\"115\">\u00a0<\/td><\/tr><tr><td width=\"276\">Comunidade Externa (Institui\u00e7\u00f5es P\u00fablicas)<\/td><td width=\"133\">Externo ICB<\/td><td width=\"118\">360,00<\/td><td width=\"115\">\u00a0<\/td><\/tr><tr><td width=\"276\">Comunidade Externa<\/td><td width=\"133\">Empresas<\/td><td colspan=\"2\" width=\"233\">600,00<\/td><\/tr><\/tbody><\/table><h2><span style=\"text-decoration: underline;\"><strong>2) Microsc\u00f3pio Eletr\u00f4nico de Transmiss\u00e3o JEOL 1010<\/strong><\/span><\/h2><p>Adquirido com recursos FAPESP (EMU). (1995).\u00a0 Microsc\u00f3pio eletr\u00f4nico de transmiss\u00e3o com 80 Kv.<\/p><p><strong>Contato: Telefone: (11) 3091-7449 E-mail: rcabado@usp.br<\/strong><br \/><strong>Hor\u00e1rio de atendimento<\/strong><br \/><strong>Ter\u00e7a \u00e0 sexta das 09:00 \u00e0s 12:00 e das 13:00 \u00e0s 16:00<\/strong><br \/><strong>Endere\u00e7o<\/strong><br \/><strong>Avenida Professor Lineu Prestes, 1524 \u2013 Sala 10<\/strong><br \/><strong>Butant\u00e3, S\u00e3o Paulo \u2013 SP<\/strong><br \/><strong>CEP 05508-000<\/strong><\/p><p>O link para agendamento dos microsc\u00f3pios Tecnai e Jeol \u00e9 <a href=\"https:\/\/www.supersaas.com\/schedule\/BIOCEL_ICB_USP\/Microsc%C3%B3pio_Eletronico\">https:\/\/www.supersaas.com\/schedule\/BIOCEL_ICB_USP\/Microsc%C3%B3pio_Eletronico<\/a>.<\/p><h2><strong>Tabela de pre\u00e7os Jeol<\/strong><\/h2><table width=\"642\"><tbody><tr><td width=\"265\">Comunidade Acad\u00eamica<\/td><td width=\"126\">Internos ao ICB<\/td><td width=\"136\">200,00<\/td><td width=\"115\">\u00a0<\/td><\/tr><tr><td width=\"265\">Comunidade Externa (Institui\u00e7\u00f5es P\u00fablicas)<\/td><td width=\"126\">Externos ao ICB<\/td><td width=\"136\">360,00<\/td><td width=\"115\">\u00a0<\/td><\/tr><tr><td width=\"265\">Comunidade Externa<\/td><td width=\"126\">Empresas<\/td><td colspan=\"2\" width=\"251\">600,00<\/td><\/tr><\/tbody><\/table><h2><strong>3) MEV JEOL JSM-IT 710HRLA <em>(em processo de importa\u00e7\u00e3o)<\/em><\/strong><\/h2><p>Adquirido com recursos FAPESP (EMU) (2024).\u00a0 \u00a0Microsc\u00f3pio eletr\u00f4nico de varredura de baixo v\u00e1cuo, com canh\u00e3o por emiss\u00e3o de campo (FEG, Schottky), micro-an\u00e1lise por detetor de raios-X por energia dispersiva (EDS), mapeamento elementar, e porta amostras para varredura e transmiss\u00e3o (scanning transmission, STEM)Microsc\u00f3pio eletr\u00f4nico de transmiss\u00e3o com 80 Kv.<\/p><p><strong>Contato: Telefone: (11) 3091-7449 E-mail: rcabado@usp.br<\/strong><br \/><strong>Hor\u00e1rio de atendimento<\/strong><br \/><strong>Ter\u00e7a \u00e0 sexta das 09:00 \u00e0s 12:00 e das 13:00 \u00e0s 16:00<\/strong><br \/><strong>Endere\u00e7o<\/strong><br \/><strong>Avenida Professor Lineu Prestes, 1524 \u2013 Sala 10<\/strong><br \/><strong>Butant\u00e3, S\u00e3o Paulo \u2013 SP<\/strong><br \/><strong>CEP 05508-000<\/strong><\/p><p>O link para agendamento dos microsc\u00f3pios Tecnai e Jeol \u00e9 <a href=\"https:\/\/www.supersaas.com\/schedule\/BIOCEL_ICB_USP\/Microsc%C3%B3pio_Eletronico\">https:\/\/www.supersaas.com\/schedule\/BIOCEL_ICB_USP\/Microsc%C3%B3pio_Eletronico<\/a>.<\/p><h2><strong>Tabela de pre\u00e7os MEV Jeol<\/strong><\/h2><table width=\"642\"><tbody><tr><td width=\"276\">Comunidade Acad\u00eamica<\/td><td width=\"133\">Interno ICB<\/td><td width=\"118\">200,00<\/td><td width=\"115\">\u00a0<\/td><\/tr><tr><td width=\"276\">Comunidade Externa (Institui\u00e7\u00f5es P\u00fablicas)<\/td><td width=\"133\">Externo ICB<\/td><td width=\"118\">360,00<\/td><td width=\"115\">\u00a0<\/td><\/tr><tr><td width=\"276\">Comunidade Externa<\/td><td width=\"133\">Empresas<\/td><td colspan=\"2\" width=\"233\">600,00<\/td><\/tr><\/tbody><\/table><h2><span style=\"text-decoration: underline;\"><strong>3)\u00a0 Microsc\u00f3pio ZEISS Axio Observer 7<\/strong><\/span><\/h2><p>Modelo com sistema de Time Lapse e Apotome 2.<\/p><p>Adquirido atrav\u00e9s de processo FAPESP (Projeto 2017\/26419-9 \u2013 EMU Sistema de Microscopia). (2018)<\/p><p>O Apotome n\u00e3o tem apoio t\u00e9cnico. Dessa forma, todos os usu\u00e1rios devem receber treinamento com um dos superusu\u00e1rios para que possam usar o equipamento independentemente.<\/p><p>O agendamento \u00e9 realizado pelo orientador do usu\u00e1rio, que se responsabiliza em permitir apenas o usu\u00e1rio treinado do seu laborat\u00f3rio a ter acesso ao equipamento.<\/p><p>O link para o Agendamento do\u00a0 Apotome \u00e9 <a href=\"https:\/\/sites.google.com\/view\/apotome-icb-usp\">https:\/\/sites.google.com\/view\/apotome-icb-usp<\/a><\/p><p>Para agendarem treinamento e cadastro para uso, envie um email para <a href=\"mailto:ireneyan@usp.br\">ireneyan@usp.br<\/a> ou <a href=\"mailto:vfreitas@usp.br\">vfreitas@usp.br<\/a><\/p><h2><strong>Tabela de pre\u00e7os Apotome<\/strong><\/h2><table style=\"height: 132px;\" width=\"443\"><tbody><tr><td width=\"265\">Comunidade Acad\u00eamica<\/td><td width=\"126\">Internos ao ICB<\/td><td width=\"136\">R$ 30,00 \/ hora<\/td><td width=\"115\">\u00a0<\/td><\/tr><tr><td width=\"265\">Comunidade Externa (Institui\u00e7\u00f5es P\u00fablicas)<\/td><td width=\"126\">Externos ao ICB<\/td><td width=\"136\">R$ 50,00 \/ hora<\/td><td width=\"115\">\u00a0<\/td><\/tr><\/tbody><\/table><h2><strong>Comit\u00ea Gestor<\/strong><\/h2><p>Ruy Jaeger<br \/>Irene Yan<\/p>\t\t\t\t\t\t<\/div>\n\t\t\t\t<\/div>\n\t\t\t\t\t<\/div>\n\t\t<\/div>\n\t\t\t\t\t<\/div>\n\t\t<\/section>\n\t\t\t\t<\/div>\n\t\t","protected":false},"excerpt":{"rendered":"<p>REGIMENTO DA CENTRAL MULTIUSU\u00c1RIO CM-ICB USP A Central de Microscopia ICB -CM-ICB est\u00e1 localizada no Departamento de Biologia Celular e do Desenvolvimento do ICB-USP e \u00e9 formada por 3 equipamentos. 1) Microsc\u00f3pio Eletr\u00f4nico de&#46;&#46;&#46;<\/p>\n","protected":false},"author":22915,"featured_media":0,"parent":0,"menu_order":0,"comment_status":"closed","ping_status":"closed","template":"","meta":{"footnotes":"","_links_to":"","_links_to_target":""},"class_list":["post-4339","page","type-page","status-publish","hentry"],"_links":{"self":[{"href":"https:\/\/sites.usp.br\/biocel\/wp-json\/wp\/v2\/pages\/4339","targetHints":{"allow":["GET"]}}],"collection":[{"href":"https:\/\/sites.usp.br\/biocel\/wp-json\/wp\/v2\/pages"}],"about":[{"href":"https:\/\/sites.usp.br\/biocel\/wp-json\/wp\/v2\/types\/page"}],"author":[{"embeddable":true,"href":"https:\/\/sites.usp.br\/biocel\/wp-json\/wp\/v2\/users\/22915"}],"replies":[{"embeddable":true,"href":"https:\/\/sites.usp.br\/biocel\/wp-json\/wp\/v2\/comments?post=4339"}],"version-history":[{"count":4,"href":"https:\/\/sites.usp.br\/biocel\/wp-json\/wp\/v2\/pages\/4339\/revisions"}],"predecessor-version":[{"id":4683,"href":"https:\/\/sites.usp.br\/biocel\/wp-json\/wp\/v2\/pages\/4339\/revisions\/4683"}],"wp:attachment":[{"href":"https:\/\/sites.usp.br\/biocel\/wp-json\/wp\/v2\/media?parent=4339"}],"curies":[{"name":"wp","href":"https:\/\/api.w.org\/{rel}","templated":true}]}}