{"id":4467,"date":"2024-03-29T12:35:23","date_gmt":"2024-03-29T15:35:23","guid":{"rendered":"https:\/\/sites.usp.br\/biocel\/?page_id=4467"},"modified":"2024-04-06T07:36:52","modified_gmt":"2024-04-06T10:36:52","slug":"setor-de-tecnicas-histologicas","status":"publish","type":"page","link":"https:\/\/sites.usp.br\/biocel\/pesquisa\/laboratorio-multiusuarios-2\/setor-de-tecnicas-histologicas\/","title":{"rendered":"Setor de T\u00e9cnicas Histol\u00f3gicas"},"content":{"rendered":"<p>O setor de t\u00e9cnicas histol\u00f3gicas fornece os seguintes servi\u00e7os:<\/p>\n<ul>\n<li>Processamento p\u00f3s-fixa\u00e7\u00e3o para inclus\u00e3o em parafina<\/li>\n<li>Inclus\u00e3o\/emblocamento em parafina<\/li>\n<li>Corte do material<\/li>\n<li>Colora\u00e7\u00e3o<\/li>\n<\/ul>\n<p><a href=\"https:\/\/sites.usp.br\/biocel\/wp-content\/uploads\/sites\/489\/2024\/03\/formulario-submissao-material-STH-2023-ok.pdf\" target=\"_blank\" rel=\"noopener\">Formul\u00e1rio de submiss\u00e3o do material<\/a><\/p>\n<p><a href=\"https:\/\/sites.usp.br\/biocel\/wp-content\/uploads\/sites\/489\/2024\/03\/tabela-de-precos-STH-julho-2023.pdf\">Tabela de Pre\u00e7os<\/a><\/p>\n<p><strong>Hor\u00e1rio de funcionamento:<\/strong> Segunda a sexta feira 9:00-17:00<br \/>\n<strong>Endere\u00e7o:<\/strong> Av Prof Lineu Prestes 1524 ICB 1 sala 309 Butant\u00e3, S\u00e3o Paulo 05508-000<\/p>\n<p><strong>Contato:<\/strong><br \/>\n(11)3091-0924<br \/>\nCruz Alberto Mendon\u00e7a <a href=\"mailto:mrtli@usp.br\">mrtli@usp.br<\/a><br \/>\nGisela R. Ter\u00e7arioli <a href=\"mailto:giselaramos@usp.br\">giselaramos@usp.br<\/a><br \/>\nProfa Respons\u00e1vel Vanessa M Freitas <a href=\"mailto:vfreitas@usp.br\">vfreitas@usp.br<\/a><\/p>\n<p><a href=\"https:\/\/www.youtube.com\/watch?v=h40y1-XhbpA\">Video did\u00e1tico produzido pelo Setor sobre preparo de amostras<\/a><\/p>\n","protected":false},"excerpt":{"rendered":"<p>O setor de t\u00e9cnicas histol\u00f3gicas fornece os seguintes servi\u00e7os: Processamento p\u00f3s-fixa\u00e7\u00e3o para inclus\u00e3o em parafina Inclus\u00e3o\/emblocamento em parafina Corte do material Colora\u00e7\u00e3o Formul\u00e1rio de submiss\u00e3o do material Tabela de Pre\u00e7os Hor\u00e1rio de funcionamento: Segunda&#46;&#46;&#46;<\/p>\n","protected":false},"author":870,"featured_media":0,"parent":4458,"menu_order":0,"comment_status":"closed","ping_status":"closed","template":"","meta":{"footnotes":"","_links_to":"","_links_to_target":""},"class_list":["post-4467","page","type-page","status-publish","hentry"],"_links":{"self":[{"href":"https:\/\/sites.usp.br\/biocel\/wp-json\/wp\/v2\/pages\/4467","targetHints":{"allow":["GET"]}}],"collection":[{"href":"https:\/\/sites.usp.br\/biocel\/wp-json\/wp\/v2\/pages"}],"about":[{"href":"https:\/\/sites.usp.br\/biocel\/wp-json\/wp\/v2\/types\/page"}],"author":[{"embeddable":true,"href":"https:\/\/sites.usp.br\/biocel\/wp-json\/wp\/v2\/users\/870"}],"replies":[{"embeddable":true,"href":"https:\/\/sites.usp.br\/biocel\/wp-json\/wp\/v2\/comments?post=4467"}],"version-history":[{"count":4,"href":"https:\/\/sites.usp.br\/biocel\/wp-json\/wp\/v2\/pages\/4467\/revisions"}],"predecessor-version":[{"id":4488,"href":"https:\/\/sites.usp.br\/biocel\/wp-json\/wp\/v2\/pages\/4467\/revisions\/4488"}],"up":[{"embeddable":true,"href":"https:\/\/sites.usp.br\/biocel\/wp-json\/wp\/v2\/pages\/4458"}],"wp:attachment":[{"href":"https:\/\/sites.usp.br\/biocel\/wp-json\/wp\/v2\/media?parent=4467"}],"curies":[{"name":"wp","href":"https:\/\/api.w.org\/{rel}","templated":true}]}}