{"id":449,"date":"2019-10-15T09:48:55","date_gmt":"2019-10-15T12:48:55","guid":{"rendered":"http:\/\/sites.usp.br\/biocel\/?page_id=449"},"modified":"2022-04-20T16:17:00","modified_gmt":"2022-04-20T19:17:00","slug":"acontece-na-bmc","status":"publish","type":"page","link":"https:\/\/sites.usp.br\/biocel\/acontece-na-bmc\/","title":{"rendered":"Eventos"},"content":{"rendered":"\t\t<div data-elementor-type=\"wp-page\" data-elementor-id=\"449\" class=\"elementor elementor-449\" data-elementor-post-type=\"page\">\n\t\t\t\t\t\t<section class=\"elementor-section elementor-top-section elementor-element elementor-element-200de1fd elementor-section-boxed elementor-section-height-default elementor-section-height-default\" data-id=\"200de1fd\" data-element_type=\"section\">\n\t\t\t\t\t\t<div class=\"elementor-container elementor-column-gap-default\">\n\t\t\t\t\t<div class=\"elementor-column elementor-col-100 elementor-top-column elementor-element elementor-element-5f8f8196\" data-id=\"5f8f8196\" data-element_type=\"column\">\n\t\t\t<div class=\"elementor-widget-wrap elementor-element-populated\">\n\t\t\t\t\t\t<div class=\"elementor-element elementor-element-4e6c51f elementor-widget elementor-widget-heading\" data-id=\"4e6c51f\" data-element_type=\"widget\" data-widget_type=\"heading.default\">\n\t\t\t\t<div class=\"elementor-widget-container\">\n\t\t\t<h2 class=\"elementor-heading-title elementor-size-default\">Eventos<\/h2>\t\t<\/div>\n\t\t\t\t<\/div>\n\t\t\t\t<div class=\"elementor-element elementor-element-3186e06e elementor-widget elementor-widget-text-editor\" data-id=\"3186e06e\" data-element_type=\"widget\" data-widget_type=\"text-editor.default\">\n\t\t\t\t<div class=\"elementor-widget-container\">\n\t\t\t\t\t\t\t<h2><strong style=\"font-size: 1.625rem; font-family: var( --e-global-typography-text-font-family ), Sans-serif;\">Semin\u00e1rios Departamentais<\/strong><br><\/h2>\n<div><strong><br><\/strong><\/div>\n<p>Os semin\u00e1rios do Departamento est\u00e3o vinculados \u00e0s disciplinas T\u00f3picos Avan\u00e7ados em Biologia de Sistemas &nbsp;I e II e ocorrem \u00e0s quartas- feiras \u00e0s 13h00. Nesse semestre, os semin\u00e1rios ser\u00e3o transmitidos pelo canal do Programa no YouTube (<span style=\"caret-color: rgb(51, 51, 51); color: rgb(51, 51, 51); font-family: &quot;open sans&quot;, &quot;sans serif&quot;; font-size: 1rem;\">&nbsp;<\/span><span style=\"caret-color: rgb(51, 51, 51); color: rgb(51, 51, 51); font-family: &quot;open sans&quot;, &quot;sans serif&quot;; font-size: 1rem; font-weight: 700;\"><a href=\"https:\/\/www.youtube.com\/channel\/UC7knRNU37UYv_iqgsrXJ0Jg\" target=\"_blank\" rel=\"noopener noreferrer\" data-saferedirecturl=\"https:\/\/www.google.com\/url?q=https:\/\/www.youtube.com\/channel\/UC7knRNU37UYv_iqgsrXJ0Jg&amp;source=gmail&amp;ust=1648915721554000&amp;usg=AOvVaw3qvepecbxtJh5pnwhgt54k\" style=\"color: rgb(30, 115, 190); text-decoration: underline; outline: 0px; background-position: 0px 0px;\">https:\/\/www.youtube.com\/<wbr>channel\/UC7knRNU37UYv_<wbr>iqgsrXJ0Jg<\/a>)<\/span><\/p>\n<p><span style=\"caret-color: rgb(51, 51, 51); color: rgb(51, 51, 51); font-family: &quot;open sans&quot;, &quot;sans serif&quot;; font-size: 1rem; font-weight: 700;\"><br><\/span><\/p>\n<p class=\"MsoNormal\" style=\"margin: 0cm 0cm 0.0001pt; font-size: medium; font-family: Cambria; caret-color: rgb(0, 0, 0); color: rgb(0, 0, 0);\"><span lang=\"PT-BR\" style=\"font-size: 11pt; font-family: Helvetica;\">30\/3<o:p><\/o:p><\/span><\/p>\n<p class=\"MsoNormal\" style=\"margin: 0cm 0cm 0.0001pt; font-size: medium; font-family: Cambria; caret-color: rgb(0, 0, 0); color: rgb(0, 0, 0);\"><span lang=\"PT-BR\" style=\"font-size: 11pt; font-family: Helvetica;\">Mario Bengston, UNICAMP,&nbsp;&nbsp;<o:p><\/o:p><\/span><\/p>\n<p class=\"MsoNormal\" style=\"margin: 0cm 0cm 0.0001pt; font-size: medium; font-family: Cambria; caret-color: rgb(0, 0, 0); color: rgb(0, 0, 0);\"><span lang=\"PT-BR\" style=\"font-size: 11pt; font-family: Helvetica;\">An\u00e1lise do controle traducional durante a diferencia\u00e7\u00e3o neuronal.<o:p><\/o:p><\/span><\/p>\n<p class=\"MsoNormal\" style=\"margin: 0cm 0cm 0.0001pt; font-size: medium; font-family: Cambria; caret-color: rgb(0, 0, 0); color: rgb(0, 0, 0);\"><span lang=\"PT-BR\" style=\"font-size: 11pt; font-family: Helvetica;\">&nbsp;<\/span><\/p>\n<p class=\"MsoNormal\" style=\"margin: 0cm 0cm 0.0001pt; font-size: medium; font-family: Cambria; caret-color: rgb(0, 0, 0); color: rgb(0, 0, 0);\"><span lang=\"PT-BR\" style=\"font-size: 11pt; font-family: Helvetica;\">06\/4&nbsp;<o:p><\/o:p><\/span><\/p>\n<p class=\"MsoNormal\" style=\"margin: 0cm 0cm 0.0001pt; font-size: medium; font-family: Cambria; caret-color: rgb(0, 0, 0); color: rgb(0, 0, 0);\"><span lang=\"PT-BR\" style=\"font-size: 11pt; font-family: Helvetica;\">Carolina Saavedra<o:p><\/o:p><\/span><\/p>\n<p class=\"MsoNormal\" style=\"margin: 0cm 0cm 0.0001pt; font-size: medium; font-family: Cambria; caret-color: rgb(0, 0, 0); color: rgb(0, 0, 0);\"><span lang=\"PT-BR\" style=\"font-size: 11pt; font-family: Helvetica;\">Teste de f\u00e1rmacos em cultivo de tecido ovariano<o:p><\/o:p><\/span><\/p>\n<p class=\"MsoNormal\" style=\"margin: 0cm 0cm 0.0001pt; font-size: medium; font-family: Cambria; caret-color: rgb(0, 0, 0); color: rgb(0, 0, 0);\"><span lang=\"PT-BR\" style=\"font-size: 11pt; font-family: Helvetica;\">&nbsp;<\/span><\/p>\n<p class=\"MsoNormal\" style=\"margin: 0cm 0cm 0.0001pt; font-size: medium; font-family: Cambria; caret-color: rgb(0, 0, 0); color: rgb(0, 0, 0);\"><span lang=\"PT-BR\" style=\"font-size: 11pt; font-family: Helvetica;\">13\/4&nbsp;<o:p><\/o:p><\/span><\/p>\n<p class=\"MsoNormal\" style=\"margin: 0cm 0cm 0.0001pt; font-size: medium; font-family: Cambria; caret-color: rgb(0, 0, 0); color: rgb(0, 0, 0);\"><span lang=\"PT-BR\" style=\"font-size: 11pt; font-family: Helvetica;\">Katlin Massirer, UNICAMP<o:p><\/o:p><\/span><\/p>\n<p class=\"MsoNormal\" style=\"margin: 0cm 0cm 0.0001pt; font-size: medium; font-family: Cambria; caret-color: rgb(0, 0, 0); color: rgb(0, 0, 0);\"><span lang=\"PT-BR\" style=\"font-size: 11pt; font-family: Helvetica;\">Prote\u00ednas de Regula\u00e7\u00e3o de RNA como alvos terap\u00eauticos<o:p><\/o:p><\/span><\/p>\n<p class=\"MsoNormal\" style=\"margin: 0cm 0cm 0.0001pt; font-size: medium; font-family: Cambria; caret-color: rgb(0, 0, 0); color: rgb(0, 0, 0);\"><span lang=\"PT-BR\" style=\"font-size: 11pt; font-family: Helvetica;\">&nbsp;<\/span><\/p>\n<p class=\"MsoNormal\" style=\"margin: 0cm 0cm 0.0001pt; font-size: medium; font-family: Cambria; caret-color: rgb(0, 0, 0); color: rgb(0, 0, 0);\"><span lang=\"PT-BR\" style=\"font-size: 11pt; font-family: Helvetica;\">20\/4&nbsp;<o:p><\/o:p><\/span><\/p>\n<p class=\"MsoNormal\" style=\"margin: 0cm 0cm 0.0001pt; font-size: medium; font-family: Cambria; caret-color: rgb(0, 0, 0); color: rgb(0, 0, 0);\"><span lang=\"PT-BR\" style=\"font-size: 11pt; font-family: Helvetica;\">Joanna Carola Lima<o:p><\/o:p><\/span><\/p>\n<p class=\"MsoNormal\" style=\"margin: 0cm 0cm 0.0001pt; font-size: medium; font-family: Cambria; caret-color: rgb(0, 0, 0); color: rgb(0, 0, 0);\"><span lang=\"PT-BR\" style=\"font-size: 11pt; font-family: Helvetica;\">Tissue-specific tumorigenicity following VHL Inactivation<o:p><\/o:p><\/span><\/p>\n<p class=\"MsoNormal\" style=\"margin: 0cm 0cm 0.0001pt; font-size: medium; font-family: Cambria; caret-color: rgb(0, 0, 0); color: rgb(0, 0, 0);\"><span lang=\"PT-BR\" style=\"font-size: 11pt; font-family: Helvetica;\">&nbsp;<\/span><\/p>\n<p class=\"MsoNormal\" style=\"margin: 0cm 0cm 0.0001pt; font-size: medium; font-family: Cambria; caret-color: rgb(0, 0, 0); color: rgb(0, 0, 0);\"><span lang=\"PT-BR\" style=\"font-size: 11pt; font-family: Helvetica;\">27\/4&nbsp;<o:p><\/o:p><\/span><\/p>\n<p class=\"MsoNormal\" style=\"margin: 0cm 0cm 0.0001pt; font-size: medium; font-family: Cambria; caret-color: rgb(0, 0, 0); color: rgb(0, 0, 0);\"><span lang=\"PT-BR\" style=\"font-size: 11pt; font-family: Helvetica;\">Jean Lucas Kremer<o:p><\/o:p><\/span><\/p>\n<p class=\"MsoNormal\" style=\"margin: 0cm 0cm 0.0001pt; font-size: medium; font-family: Cambria; caret-color: rgb(0, 0, 0); color: rgb(0, 0, 0);\"><span lang=\"PT-BR\" style=\"font-size: 11pt; font-family: Helvetica;\">Decodificando o impacto do microambiente na gl\u00e2ndula suprarrenal normal e tumoral<o:p><\/o:p><\/span><\/p>\n<p class=\"MsoNormal\" style=\"margin: 0cm 0cm 0.0001pt; font-size: medium; font-family: Cambria; caret-color: rgb(0, 0, 0); color: rgb(0, 0, 0);\"><span lang=\"PT-BR\" style=\"font-size: 11pt; font-family: Helvetica;\">&nbsp;<\/span><\/p>\n<p class=\"MsoNormal\" style=\"margin: 0cm 0cm 0.0001pt; font-size: medium; font-family: Cambria; caret-color: rgb(0, 0, 0); color: rgb(0, 0, 0);\"><span lang=\"PT-BR\" style=\"font-size: 11pt; font-family: Helvetica;\">04\/5&nbsp;<o:p><\/o:p><\/span><\/p>\n<p class=\"MsoNormal\" style=\"margin: 0cm 0cm 0.0001pt; font-size: medium; font-family: Cambria; caret-color: rgb(0, 0, 0); color: rgb(0, 0, 0);\"><span lang=\"PT-BR\" style=\"font-size: 11pt; font-family: Helvetica;\">D\u00e9bora Scheffer&nbsp;<o:p><\/o:p><\/span><\/p>\n<p class=\"MsoNormal\" style=\"margin: 0cm 0cm 0.0001pt; font-size: medium; font-family: Cambria; caret-color: rgb(0, 0, 0); color: rgb(0, 0, 0);\"><span lang=\"PT-BR\" style=\"font-size: 11pt; font-family: Helvetica;\">Din\u00e2mica mitocondrial no m\u00fasculo esquel\u00e9tico: papel da mitofusina 1<o:p><\/o:p><\/span><\/p>\n<p class=\"MsoNormal\" style=\"margin: 0cm 0cm 0.0001pt; font-size: medium; font-family: Cambria; caret-color: rgb(0, 0, 0); color: rgb(0, 0, 0);\"><span lang=\"PT-BR\" style=\"font-size: 11pt; font-family: Helvetica;\">na miopatia neurog\u00eanica<o:p><\/o:p><\/span><\/p>\n<p class=\"MsoNormal\" style=\"margin: 0cm 0cm 0.0001pt; font-size: medium; font-family: Cambria; caret-color: rgb(0, 0, 0); color: rgb(0, 0, 0);\"><span lang=\"PT-BR\" style=\"font-size: 11pt; font-family: Helvetica;\">&nbsp;<\/span><\/p>\n<p class=\"MsoNormal\" style=\"margin: 0cm 0cm 0.0001pt; font-size: medium; font-family: Cambria; caret-color: rgb(0, 0, 0); color: rgb(0, 0, 0);\"><span lang=\"PT-BR\" style=\"font-size: 11pt; font-family: Helvetica;\">11\/5&nbsp;<o:p><\/o:p><\/span><\/p>\n<p class=\"MsoNormal\" style=\"margin: 0cm 0cm 0.0001pt; font-size: medium; font-family: Cambria; caret-color: rgb(0, 0, 0); color: rgb(0, 0, 0);\"><span lang=\"PT-BR\" style=\"font-size: 11pt; font-family: Helvetica;\">B\u00e1rbara Paranhos, USP<o:p><\/o:p><\/span><\/p>\n<p class=\"MsoNormal\" style=\"margin: 0cm 0cm 0.0001pt; font-size: medium; font-family: Cambria; caret-color: rgb(0, 0, 0); color: rgb(0, 0, 0);\"><span lang=\"PT-BR\" style=\"font-size: 11pt; font-family: Helvetica;\">Papel da prote\u00edna pr\u00edon celular em glioblastoma: da manuten\u00e7\u00e3o de<o:p><\/o:p><\/span><\/p>\n<p class=\"MsoNormal\" style=\"margin: 0cm 0cm 0.0001pt; font-size: medium; font-family: Cambria; caret-color: rgb(0, 0, 0); color: rgb(0, 0, 0);\"><span lang=\"PT-BR\" style=\"font-size: 11pt; font-family: Helvetica;\">c\u00e9lulas tronco de glioma \u00e0 sinaliza\u00e7\u00e3o WNT<o:p><\/o:p><\/span><\/p>\n<p class=\"MsoNormal\" style=\"margin: 0cm 0cm 0.0001pt; font-size: medium; font-family: Cambria; caret-color: rgb(0, 0, 0); color: rgb(0, 0, 0);\"><span lang=\"PT-BR\" style=\"font-size: 11pt; font-family: Helvetica;\">&nbsp;<\/span><\/p>\n<p class=\"MsoNormal\" style=\"margin: 0cm 0cm 0.0001pt; font-size: medium; font-family: Cambria; caret-color: rgb(0, 0, 0); color: rgb(0, 0, 0);\"><span lang=\"PT-BR\" style=\"font-size: 11pt; font-family: Helvetica;\">18\/5&nbsp;<o:p><\/o:p><\/span><\/p>\n<p class=\"MsoNormal\" style=\"margin: 0cm 0cm 0.0001pt; font-size: medium; font-family: Cambria; caret-color: rgb(0, 0, 0); color: rgb(0, 0, 0);\"><span lang=\"PT-BR\" style=\"font-size: 11pt; font-family: Helvetica;\">Daniel Martins de Souza, Unicamp<o:p><\/o:p><\/span><\/p>\n<p class=\"MsoNormal\" style=\"margin: 0cm 0cm 0.0001pt; font-size: medium; font-family: Cambria; caret-color: rgb(0, 0, 0); color: rgb(0, 0, 0);\"><span lang=\"PT-BR\" style=\"font-size: 11pt; font-family: Helvetica;\">Os efeitos moleculares causados por SARS-CoV-2 no Sistema Nervoso Central<o:p><\/o:p><\/span><\/p>\n<p class=\"MsoNormal\" style=\"margin: 0cm 0cm 0.0001pt; font-size: medium; font-family: Cambria; caret-color: rgb(0, 0, 0); color: rgb(0, 0, 0);\"><span lang=\"PT-BR\" style=\"font-size: 11pt; font-family: Helvetica;\">&nbsp;<\/span><\/p>\n<p class=\"MsoNormal\" style=\"margin: 0cm 0cm 0.0001pt; font-size: medium; font-family: Cambria; caret-color: rgb(0, 0, 0); color: rgb(0, 0, 0);\"><span lang=\"PT-BR\" style=\"font-size: 11pt; font-family: Helvetica;\">25\/5&nbsp;<o:p><\/o:p><\/span><\/p>\n<p class=\"MsoNormal\" style=\"margin: 0cm 0cm 0.0001pt; font-size: medium; font-family: Cambria; caret-color: rgb(0, 0, 0); color: rgb(0, 0, 0);\"><span lang=\"PT-BR\" style=\"font-size: 11pt; font-family: Helvetica;\">Luciana Harumi Osaki<o:p><\/o:p><\/span><\/p>\n<p class=\"MsoNormal\" style=\"margin: 0cm 0cm 0.0001pt; font-size: medium; font-family: Cambria; caret-color: rgb(0, 0, 0); color: rgb(0, 0, 0);\"><span lang=\"PT-BR\" style=\"font-size: 11pt; font-family: Helvetica;\">Desenvolvimento de modelo organot\u00edpico de tumores de mama a partir de organoides e estroma humanizado<o:p><\/o:p><\/span><\/p>\n<p class=\"MsoNormal\" style=\"margin: 0cm 0cm 0.0001pt; font-size: medium; font-family: Cambria; caret-color: rgb(0, 0, 0); color: rgb(0, 0, 0);\"><span lang=\"PT-BR\" style=\"font-size: 11pt; font-family: Helvetica;\">&nbsp;<\/span><\/p>\n<p class=\"MsoNormal\" style=\"margin: 0cm 0cm 0.0001pt; font-size: medium; font-family: Cambria; caret-color: rgb(0, 0, 0); color: rgb(0, 0, 0);\"><span lang=\"PT-BR\" style=\"font-size: 11pt; font-family: Helvetica;\">01\/6&nbsp;<o:p><\/o:p><\/span><\/p>\n<p class=\"MsoNormal\" style=\"margin: 0cm 0cm 0.0001pt; font-size: medium; font-family: Cambria; caret-color: rgb(0, 0, 0); color: rgb(0, 0, 0);\"><span lang=\"PT-BR\" style=\"font-size: 11pt; font-family: Helvetica;\">Caroline Lino&nbsp;<o:p><\/o:p><\/span><\/p>\n<p class=\"MsoNormal\" style=\"margin: 0cm 0cm 0.0001pt; font-size: medium; font-family: Cambria; caret-color: rgb(0, 0, 0); color: rgb(0, 0, 0);\"><span lang=\"PT-BR\" style=\"font-size: 11pt; font-family: Helvetica;\">Senesc\u00eancia e obesidade: o papel do miR-2<o:p><\/o:p><\/span><\/p>\n<p class=\"MsoNormal\" style=\"margin: 0cm 0cm 0.0001pt; font-size: medium; font-family: Cambria; caret-color: rgb(0, 0, 0); color: rgb(0, 0, 0);\"><span lang=\"PT-BR\" style=\"font-size: 11pt; font-family: Helvetica;\">&nbsp;<\/span><\/p>\n<p class=\"MsoNormal\" style=\"margin: 0cm 0cm 0.0001pt; font-size: medium; font-family: Cambria; caret-color: rgb(0, 0, 0); color: rgb(0, 0, 0);\"><span lang=\"PT-BR\" style=\"font-size: 11pt; font-family: Helvetica;\">08\/6&nbsp;<o:p><\/o:p><\/span><\/p>\n<p class=\"MsoNormal\" style=\"margin: 0cm 0cm 0.0001pt; font-size: medium; font-family: Cambria; caret-color: rgb(0, 0, 0); color: rgb(0, 0, 0);\"><span lang=\"PT-BR\" style=\"font-size: 11pt; font-family: Helvetica;\">Karine Panico<o:p><\/o:p><\/span><\/p>\n<p class=\"MsoNormal\" style=\"margin: 0cm 0cm 0.0001pt; font-size: medium; font-family: Cambria; caret-color: rgb(0, 0, 0); color: rgb(0, 0, 0);\"><span lang=\"PT-BR\" style=\"font-size: 11pt; font-family: Helvetica;\">Papel da via AMPK\/NLRP3 inflamassoma na hipertrofia<o:p><\/o:p><\/span><\/p>\n<p class=\"MsoNormal\" style=\"margin: 0cm 0cm 0.0001pt; font-size: medium; font-family: Cambria; caret-color: rgb(0, 0, 0); color: rgb(0, 0, 0);\"><span lang=\"PT-BR\" style=\"font-size: 11pt; font-family: Helvetica;\">card\u00edaca induzida por hipertireoidismo<o:p><\/o:p><\/span><\/p>\n<p class=\"MsoNormal\" style=\"margin: 0cm 0cm 0.0001pt; font-size: medium; font-family: Cambria; caret-color: rgb(0, 0, 0); color: rgb(0, 0, 0);\"><span lang=\"PT-BR\" style=\"font-size: 11pt; font-family: Helvetica;\">&nbsp;<\/span><\/p>\n<p class=\"MsoNormal\" style=\"margin: 0cm 0cm 0.0001pt; font-size: medium; font-family: Cambria; caret-color: rgb(0, 0, 0); color: rgb(0, 0, 0);\"><span lang=\"PT-BR\" style=\"font-size: 11pt; font-family: Helvetica;\">15\/6&nbsp;<o:p><\/o:p><\/span><\/p>\n<p class=\"MsoNormal\" style=\"margin: 0cm 0cm 0.0001pt; font-size: medium; font-family: Cambria; caret-color: rgb(0, 0, 0); color: rgb(0, 0, 0);\"><span lang=\"PT-BR\" style=\"font-size: 11pt; font-family: Helvetica;\">Daniella Sabino Battagello<o:p><\/o:p><\/span><\/p>\n<p class=\"MsoNormal\" style=\"margin: 0cm 0cm 0.0001pt; font-size: medium; font-family: Cambria; caret-color: rgb(0, 0, 0); color: rgb(0, 0, 0);\"><span lang=\"PT-BR\" style=\"font-size: 11pt; font-family: Helvetica;\">Investiga\u00e7\u00e3o do papel regulador do horm\u00f4nio concentrador de melanina (MCH) na lacta\u00e7\u00e3o de ratas Long-Evans: Efeitos da inibi\u00e7\u00e3o do gene Pmch atrav\u00e9s da t\u00e9cnica de iRNA<o:p><\/o:p><\/span><\/p>\n<p><span style=\"color: var( --e-global-color-secondary ); font-family: var( --e-global-typography-text-font-family ), Sans-serif; font-size: 1rem;\">&nbsp;<\/span><br><\/p>\t\t\t\t\t\t<\/div>\n\t\t\t\t<\/div>\n\t\t\t\t\t<\/div>\n\t\t<\/div>\n\t\t\t\t\t<\/div>\n\t\t<\/section>\n\t\t\t\t<\/div>\n\t\t","protected":false},"excerpt":{"rendered":"<p>Eventos Semin\u00e1rios Departamentais Os semin\u00e1rios do Departamento est\u00e3o vinculados \u00e0s disciplinas T\u00f3picos Avan\u00e7ados em Biologia de Sistemas &nbsp;I e II e ocorrem \u00e0s quartas- feiras \u00e0s 13h00. Nesse semestre, os semin\u00e1rios ser\u00e3o transmitidos pelo&#46;&#46;&#46;<\/p>\n","protected":false},"author":870,"featured_media":0,"parent":0,"menu_order":0,"comment_status":"closed","ping_status":"closed","template":"","meta":{"footnotes":"","_links_to":"","_links_to_target":""},"class_list":["post-449","page","type-page","status-publish","hentry"],"_links":{"self":[{"href":"https:\/\/sites.usp.br\/biocel\/wp-json\/wp\/v2\/pages\/449","targetHints":{"allow":["GET"]}}],"collection":[{"href":"https:\/\/sites.usp.br\/biocel\/wp-json\/wp\/v2\/pages"}],"about":[{"href":"https:\/\/sites.usp.br\/biocel\/wp-json\/wp\/v2\/types\/page"}],"author":[{"embeddable":true,"href":"https:\/\/sites.usp.br\/biocel\/wp-json\/wp\/v2\/users\/870"}],"replies":[{"embeddable":true,"href":"https:\/\/sites.usp.br\/biocel\/wp-json\/wp\/v2\/comments?post=449"}],"version-history":[{"count":4,"href":"https:\/\/sites.usp.br\/biocel\/wp-json\/wp\/v2\/pages\/449\/revisions"}],"predecessor-version":[{"id":3289,"href":"https:\/\/sites.usp.br\/biocel\/wp-json\/wp\/v2\/pages\/449\/revisions\/3289"}],"wp:attachment":[{"href":"https:\/\/sites.usp.br\/biocel\/wp-json\/wp\/v2\/media?parent=449"}],"curies":[{"name":"wp","href":"https:\/\/api.w.org\/{rel}","templated":true}]}}