{"id":4497,"date":"2024-04-20T07:53:04","date_gmt":"2024-04-20T10:53:04","guid":{"rendered":"https:\/\/sites.usp.br\/biocel\/?page_id=4497"},"modified":"2024-05-18T16:22:39","modified_gmt":"2024-05-18T19:22:39","slug":"programa-de-atualizacao","status":"publish","type":"page","link":"https:\/\/sites.usp.br\/biocel\/cultura-e-extensao\/programa-de-atualizacao\/","title":{"rendered":"Programa de atualiza\u00e7\u00e3o"},"content":{"rendered":"<p>Objetivo do Programa:<br \/>\nO programa tem como objetivo propiciar para <strong>graduados<\/strong> (i.e. que j\u00e1 finalizar\u00e3o a gradua\u00e7\u00e3o) e que tem interesse em cursar o Programa de P\u00f3s Gradua\u00e7\u00e3o em Biologia de Sistemas, aprendizado dos aspectos e fundamentos envolvidos nas atividades de pesquisa, que ocorrem no laborat\u00f3rio para o qual foi selecionado.<\/p>\n<p><span style=\"text-decoration: underline;\"><strong>Importante: somente ser\u00e3o aceitos candidatos que j\u00e1 tiverem sido aceitos por docentes do departamento de Biologia Celular e do Desenvolvimento.<\/strong><\/span><\/p>\n<p><a href=\"https:\/\/sites.usp.br\/biocel\/wp-content\/uploads\/sites\/489\/2024\/04\/Programa-de-atualizacao_-instrucoes_bmc_2024.pdf\">Instru\u00e7\u00f5es para cadastro do aluno<\/a><br \/>\n<a href=\"https:\/\/forms.gle\/BcNcSwTSmK9Si4x58\" target=\"_blank\" rel=\"noopener\">Link de Cadastro para acesso aos laborat\u00f3rios<\/a><\/p>\n<p><strong>Cursos que o aluno deve cumprir para realizar experimentos cient\u00edficos na BMC:<\/strong><\/p>\n<p><a href=\"http:\/\/www.icb.usp.br\/infoicb\/cursos\/curso_Uso_de_Animais_para_Experimentacao.pdf\" target=\"_blank\" rel=\"noopener\"><b>Uso de Animais para Experimenta\u00e7\u00e3o<\/b><\/a><br \/>\n<a href=\"http:\/\/www.icb.usp.br\/infoicb\/cursos\/curso_Biosseguranca_e_Boas_Praticas_de_Laboratorio.pdf\" target=\"_blank\" rel=\"noopener\"><b>Biosseguran\u00e7a e Boas Pr\u00e1ticas de Laborat\u00f3rio do ICB<\/b><\/a><br \/>\n<a href=\"http:\/\/www.icb.usp.br\/infoicb\/cursos\/curso_Armazenamento_Manuseio_e_Descarte_de_Produtos_Quimicos.pdf\" target=\"_blank\" rel=\"noopener\"><b>Armazenamento, Manuseio e Descarte de Produtos Qu\u00edmicos (vers\u00e3o 2022\/2023)<\/b><\/a><\/p>\n","protected":false},"excerpt":{"rendered":"<p>Objetivo do Programa: O programa tem como objetivo propiciar para graduados (i.e. que j\u00e1 finalizar\u00e3o a gradua\u00e7\u00e3o) e que tem interesse em cursar o Programa de P\u00f3s Gradua\u00e7\u00e3o em Biologia de Sistemas, aprendizado dos&#46;&#46;&#46;<\/p>\n","protected":false},"author":870,"featured_media":0,"parent":369,"menu_order":0,"comment_status":"closed","ping_status":"closed","template":"","meta":{"footnotes":"","_links_to":"","_links_to_target":""},"class_list":["post-4497","page","type-page","status-publish","hentry"],"_links":{"self":[{"href":"https:\/\/sites.usp.br\/biocel\/wp-json\/wp\/v2\/pages\/4497","targetHints":{"allow":["GET"]}}],"collection":[{"href":"https:\/\/sites.usp.br\/biocel\/wp-json\/wp\/v2\/pages"}],"about":[{"href":"https:\/\/sites.usp.br\/biocel\/wp-json\/wp\/v2\/types\/page"}],"author":[{"embeddable":true,"href":"https:\/\/sites.usp.br\/biocel\/wp-json\/wp\/v2\/users\/870"}],"replies":[{"embeddable":true,"href":"https:\/\/sites.usp.br\/biocel\/wp-json\/wp\/v2\/comments?post=4497"}],"version-history":[{"count":4,"href":"https:\/\/sites.usp.br\/biocel\/wp-json\/wp\/v2\/pages\/4497\/revisions"}],"predecessor-version":[{"id":4520,"href":"https:\/\/sites.usp.br\/biocel\/wp-json\/wp\/v2\/pages\/4497\/revisions\/4520"}],"up":[{"embeddable":true,"href":"https:\/\/sites.usp.br\/biocel\/wp-json\/wp\/v2\/pages\/369"}],"wp:attachment":[{"href":"https:\/\/sites.usp.br\/biocel\/wp-json\/wp\/v2\/media?parent=4497"}],"curies":[{"name":"wp","href":"https:\/\/api.w.org\/{rel}","templated":true}]}}