{"id":4708,"date":"2025-12-04T07:20:51","date_gmt":"2025-12-04T10:20:51","guid":{"rendered":"https:\/\/sites.usp.br\/biocel\/?page_id=4708"},"modified":"2025-12-04T07:31:21","modified_gmt":"2025-12-04T10:31:21","slug":"projeto-academico-2023-2027","status":"publish","type":"page","link":"https:\/\/sites.usp.br\/biocel\/departamento\/projeto-academico-2023-2027\/","title":{"rendered":"Projeto Acad\u00eamico (2023-2027)"},"content":{"rendered":"\t\t<div data-elementor-type=\"wp-page\" data-elementor-id=\"4708\" class=\"elementor elementor-4708\" data-elementor-post-type=\"page\">\n\t\t\t\t\t\t<section class=\"elementor-section elementor-top-section elementor-element elementor-element-446dde64 elementor-section-boxed elementor-section-height-default elementor-section-height-default\" data-id=\"446dde64\" data-element_type=\"section\">\n\t\t\t\t\t\t<div class=\"elementor-container elementor-column-gap-default\">\n\t\t\t\t\t<div class=\"elementor-column elementor-col-100 elementor-top-column elementor-element elementor-element-498848e5\" data-id=\"498848e5\" data-element_type=\"column\">\n\t\t\t<div class=\"elementor-widget-wrap elementor-element-populated\">\n\t\t\t\t\t\t<div class=\"elementor-element elementor-element-2ab832cf elementor-widget elementor-widget-text-editor\" data-id=\"2ab832cf\" data-element_type=\"widget\" data-widget_type=\"text-editor.default\">\n\t\t\t\t<div class=\"elementor-widget-container\">\n\t\t\t\t\t\t\t<p>O projeto acad\u00eamico na USP \u00e9 um documento de planejamento que define objetivos, metas e a\u00e7\u00f5es para orientar as atividades de ensino, pesquisa, extens\u00e3o e gest\u00e3o de uma unidade, departamento ou docente em um per\u00edodo determinado, conforme a<a href=\"https:\/\/leginf.usp.br\/resolucoes\/resolucao-no-7272-de-23-de-novembro-de-2016\/\"> Resolu\u00e7\u00e3o USP n\u00ba 7272\/2016.<\/a> Ele organiza de forma articulada as prioridades institucionais, estabelecendo indicadores de desempenho e crit\u00e9rios de avalia\u00e7\u00e3o que subsidiam processos como ingresso docente, progress\u00e3o na carreira e avalia\u00e7\u00e3o institucional.<\/p><p>The USP academic project is an institutional document that defines objectives, goals, and actions to guide the teaching, research, outreach, and management activities of a unit, department, or faculty member over a specific period, according to <a href=\"https:\/\/leginf.usp.br\/resolucoes\/resolucao-no-7272-de-23-de-novembro-de-2016\/\">USP Resolution No. 7272\/2016<\/a>. It <span style=\"font-size: 1rem;\">articulates<\/span><span style=\"font-size: 1rem;\">\u00a0 institutional priorities, establishing performance indicators and evaluation criteria that support processes such as faculty recruitment, career progression, and institutional evaluation.<\/span><\/p><p><a href=\"https:\/\/sites.usp.br\/biocel\/wp-content\/uploads\/sites\/489\/2025\/12\/PA-Depto-BMC-2024final.pdf\">Projeto acad\u00eamico do departamento (2023-2027) (clique para acessar PDF-vers\u00e3o em Portugu\u00eas)<\/a><\/p>\t\t\t\t\t\t<\/div>\n\t\t\t\t<\/div>\n\t\t\t\t\t<\/div>\n\t\t<\/div>\n\t\t\t\t\t<\/div>\n\t\t<\/section>\n\t\t\t\t<\/div>\n\t\t","protected":false},"excerpt":{"rendered":"<p>O projeto acad\u00eamico na USP \u00e9 um documento de planejamento que define objetivos, metas e a\u00e7\u00f5es para orientar as atividades de ensino, pesquisa, extens\u00e3o e gest\u00e3o de uma unidade, departamento ou docente em um&#46;&#46;&#46;<\/p>\n","protected":false},"author":870,"featured_media":0,"parent":378,"menu_order":0,"comment_status":"closed","ping_status":"closed","template":"","meta":{"footnotes":"","_links_to":"","_links_to_target":""},"class_list":["post-4708","page","type-page","status-publish","hentry"],"_links":{"self":[{"href":"https:\/\/sites.usp.br\/biocel\/wp-json\/wp\/v2\/pages\/4708","targetHints":{"allow":["GET"]}}],"collection":[{"href":"https:\/\/sites.usp.br\/biocel\/wp-json\/wp\/v2\/pages"}],"about":[{"href":"https:\/\/sites.usp.br\/biocel\/wp-json\/wp\/v2\/types\/page"}],"author":[{"embeddable":true,"href":"https:\/\/sites.usp.br\/biocel\/wp-json\/wp\/v2\/users\/870"}],"replies":[{"embeddable":true,"href":"https:\/\/sites.usp.br\/biocel\/wp-json\/wp\/v2\/comments?post=4708"}],"version-history":[{"count":5,"href":"https:\/\/sites.usp.br\/biocel\/wp-json\/wp\/v2\/pages\/4708\/revisions"}],"predecessor-version":[{"id":4746,"href":"https:\/\/sites.usp.br\/biocel\/wp-json\/wp\/v2\/pages\/4708\/revisions\/4746"}],"up":[{"embeddable":true,"href":"https:\/\/sites.usp.br\/biocel\/wp-json\/wp\/v2\/pages\/378"}],"wp:attachment":[{"href":"https:\/\/sites.usp.br\/biocel\/wp-json\/wp\/v2\/media?parent=4708"}],"curies":[{"name":"wp","href":"https:\/\/api.w.org\/{rel}","templated":true}]}}