{"id":611,"date":"2021-07-20T19:05:27","date_gmt":"2021-07-20T22:05:27","guid":{"rendered":"https:\/\/sites.usp.br\/biocel\/?page_id=611"},"modified":"2022-05-27T13:11:11","modified_gmt":"2022-05-27T16:11:11","slug":"historia","status":"publish","type":"page","link":"https:\/\/sites.usp.br\/biocel\/historia\/","title":{"rendered":"Hist\u00f3ria"},"content":{"rendered":"\t\t<div data-elementor-type=\"wp-page\" data-elementor-id=\"611\" class=\"elementor elementor-611\" data-elementor-post-type=\"page\">\n\t\t\t\t\t\t<section class=\"elementor-section elementor-top-section elementor-element elementor-element-ecd38a8 elementor-section-boxed elementor-section-height-default elementor-section-height-default\" data-id=\"ecd38a8\" data-element_type=\"section\">\n\t\t\t\t\t\t<div class=\"elementor-container elementor-column-gap-default\">\n\t\t\t\t\t<div class=\"elementor-column elementor-col-100 elementor-top-column elementor-element elementor-element-d05f726\" data-id=\"d05f726\" data-element_type=\"column\">\n\t\t\t<div class=\"elementor-widget-wrap elementor-element-populated\">\n\t\t\t\t\t\t<div class=\"elementor-element elementor-element-34e8b9b elementor-widget elementor-widget-text-editor\" data-id=\"34e8b9b\" data-element_type=\"widget\" data-widget_type=\"text-editor.default\">\n\t\t\t\t<div class=\"elementor-widget-container\">\n\t\t\t\t\t\t\t<p><\/p><h4><strong>Hist\u00f3ria<\/strong><\/h4><p>O <strong>Departamento de Biologia Celular e do Desenvolvimento<\/strong>\u00a0foi criado em dezembro de 1969 como consequ\u00eancia da Reforma Universit\u00e1ria decretada no Brasil em 1968. Denominado inicialmente Departamento de Histologia e Embriologia, foi um dos cinco departamentos originais do ICB-USP.<\/p><p>Foi formado pela fus\u00e3o de v\u00e1rios setores antigos e tradicionais da USP sediados na cidade de S\u00e3o Paulo: Departamentos de Histologia e Embriologia da Faculdade de Medicina, Histologia da Faculdade de Odontologia, Histologia da Faculdade de Medicina Veterin\u00e1ria e Disciplina de Histologia da Faculdade de Farm\u00e1cia. Os respectivos servidores docentes e n\u00e3o docentes foram transferidos para o novo Departamento. No seu in\u00edcio possu\u00eda cerca de 34 docentes, mas devido a v\u00e1rias aposentadorias e restri\u00e7\u00f5es a novas contrata\u00e7\u00f5es, possui atualmente 18 docentes em dedica\u00e7\u00e3o exclusiva e tempo integral e 18 servidores n\u00e3o docentes.<\/p><p>O departamento rapidamente assumiu suas atividades de doc\u00eancia, de pesquisa e de cultura e extens\u00e3o, embora inicialmente fossem grandes as dificuldades de adapta\u00e7\u00e3o a um edif\u00edcio rec\u00e9m-constru\u00eddo e \u00e0s novas condi\u00e7\u00f5es de funcionamento das v\u00e1rias atividades departamentais.<\/p><p>No decorrer de sua hist\u00f3ria tem exercido intensa atividade did\u00e1tica na \u00e1rea de Biologia Celular, Biologia Tecidual e Biologia do Desenvolvimento para alunos de 14 unidades da USP e, mais recentemente, participa da forma\u00e7\u00e3o de estudantes do pr\u00f3prio ICB (Ci\u00eancias Biom\u00e9dicas e Ci\u00eancias Fundamentais para a Sa\u00fade). Ministra regularmente 44 disciplinas com cerca de 3700 alunos por ano.<\/p><p>Sua atividade de pesquisa era anteriormente dedicada mais intensamente a estudos estruturais, com grande atua\u00e7\u00e3o em microscopia eletr\u00f4nica de transmiss\u00e3o e de varredura e an\u00e1lises morfol\u00f3gicas utilizando t\u00e9cnicas de histoqu\u00edmica e imuno-histoqu\u00edmica. No decorrer do tempo esta atividade se ampliou e se diversificou, com o desenvolvimento cada vez mais intenso das pesquisas voltadas para a Biologia Celular e para a Biologia do Desenvolvimento, tendo seu nome alterado para sua denomina\u00e7\u00e3o atual, Departamento de Biologia Celular e do Desenvolvimento.<\/p><p>.<\/p><h3>\u00a0<\/h3><p><\/p>\t\t\t\t\t\t<\/div>\n\t\t\t\t<\/div>\n\t\t\t\t\t<\/div>\n\t\t<\/div>\n\t\t\t\t\t<\/div>\n\t\t<\/section>\n\t\t\t\t<\/div>\n\t\t","protected":false},"excerpt":{"rendered":"<p>Hist\u00f3ria O Departamento de Biologia Celular e do Desenvolvimento\u00a0foi criado em dezembro de 1969 como consequ\u00eancia da Reforma Universit\u00e1ria decretada no Brasil em 1968. Denominado inicialmente Departamento de Histologia e Embriologia, foi um dos&#46;&#46;&#46;<\/p>\n","protected":false},"author":870,"featured_media":0,"parent":0,"menu_order":0,"comment_status":"closed","ping_status":"closed","template":"","meta":{"footnotes":"","_links_to":"","_links_to_target":""},"class_list":["post-611","page","type-page","status-publish","hentry"],"_links":{"self":[{"href":"https:\/\/sites.usp.br\/biocel\/wp-json\/wp\/v2\/pages\/611","targetHints":{"allow":["GET"]}}],"collection":[{"href":"https:\/\/sites.usp.br\/biocel\/wp-json\/wp\/v2\/pages"}],"about":[{"href":"https:\/\/sites.usp.br\/biocel\/wp-json\/wp\/v2\/types\/page"}],"author":[{"embeddable":true,"href":"https:\/\/sites.usp.br\/biocel\/wp-json\/wp\/v2\/users\/870"}],"replies":[{"embeddable":true,"href":"https:\/\/sites.usp.br\/biocel\/wp-json\/wp\/v2\/comments?post=611"}],"version-history":[{"count":4,"href":"https:\/\/sites.usp.br\/biocel\/wp-json\/wp\/v2\/pages\/611\/revisions"}],"predecessor-version":[{"id":4035,"href":"https:\/\/sites.usp.br\/biocel\/wp-json\/wp\/v2\/pages\/611\/revisions\/4035"}],"wp:attachment":[{"href":"https:\/\/sites.usp.br\/biocel\/wp-json\/wp\/v2\/media?parent=611"}],"curies":[{"name":"wp","href":"https:\/\/api.w.org\/{rel}","templated":true}]}}