{"id":767,"date":"2021-07-22T15:06:36","date_gmt":"2021-07-22T18:06:36","guid":{"rendered":"https:\/\/sites.usp.br\/biocel\/?page_id=767"},"modified":"2022-02-03T12:50:45","modified_gmt":"2022-02-03T15:50:45","slug":"profa-dra-vanessa-morais-freitas","status":"publish","type":"page","link":"https:\/\/sites.usp.br\/biocel\/profa-dra-vanessa-morais-freitas\/","title":{"rendered":"Profa. Dra. Vanessa Morais Freitas"},"content":{"rendered":"\t\t<div data-elementor-type=\"wp-page\" data-elementor-id=\"767\" class=\"elementor elementor-767\" data-elementor-post-type=\"page\">\n\t\t\t\t\t\t<section class=\"elementor-section elementor-top-section elementor-element elementor-element-606ad32 elementor-section-boxed elementor-section-height-default elementor-section-height-default\" data-id=\"606ad32\" data-element_type=\"section\">\n\t\t\t\t\t\t<div class=\"elementor-container elementor-column-gap-default\">\n\t\t\t\t\t<div class=\"elementor-column elementor-col-100 elementor-top-column elementor-element elementor-element-522b63c8\" data-id=\"522b63c8\" data-element_type=\"column\">\n\t\t\t<div class=\"elementor-widget-wrap elementor-element-populated\">\n\t\t\t\t\t\t<div class=\"elementor-element elementor-element-a5c0ef5 elementor-widget elementor-widget-heading\" data-id=\"a5c0ef5\" data-element_type=\"widget\" data-widget_type=\"heading.default\">\n\t\t\t\t<div class=\"elementor-widget-container\">\n\t\t\t<h2 class=\"elementor-heading-title elementor-size-default\">Profa. Dra. Vanessa Morais Freitas<\/h2>\t\t<\/div>\n\t\t\t\t<\/div>\n\t\t\t\t<div class=\"elementor-element elementor-element-4a47e929 elementor-widget elementor-widget-text-editor\" data-id=\"4a47e929\" data-element_type=\"widget\" data-widget_type=\"text-editor.default\">\n\t\t\t\t<div class=\"elementor-widget-container\">\n\t\t\t\t\t\t\t<p align=\"left\"><strong>Posi\u00e7\u00e3o atual:<\/strong> Professora Associada<\/p><p><strong>Doutorado:<\/strong> 2006<\/p><p><strong>Orientador:<\/strong> Doutorado<\/p><p align=\"left\"><a href=\"https:\/\/sites.google.com\/usp.br\/tumor-microenvironment-lab\" target=\"_blank\" rel=\"noopener\">Visite nosso laborat\u00f3rio<\/a><\/p><p align=\"left\"><b>LINHA DE PESQUISA<\/b>: O enfoque da pesquisa, no nosso laborat\u00f3rio, \u00e9\u00a0o papel de elementos da Matriz Extracelular na Biologia Tumoral. O estudo \u00e9 baseado na an\u00e1lise dos componentes do microambiente tumoral com destaque para o papel de metaloproteases da fam\u00edlia ADAMTS no comportamento de neoplasias de mama e ov\u00e1rio. Endere\u00e7amos problemas biol\u00f3gicos valendo-se de m\u00e9todos morfol\u00f3gicos, bioqu\u00edmicos e de biologia molecular.<\/p><p><strong>PUBLICA\u00c7\u00d5ES RELEVANTES:<\/strong>\u00a0\u00a0<a href=\"http:\/\/buscatextual.cnpq.br\/buscatextual\/visualizacv.do?id=K4707480A6\" target=\"_blank\" rel=\"noopener\">Curr\u00edculo Lattes<\/a><\/p>\t\t\t\t\t\t<\/div>\n\t\t\t\t<\/div>\n\t\t\t\t\t<\/div>\n\t\t<\/div>\n\t\t\t\t\t<\/div>\n\t\t<\/section>\n\t\t\t\t<\/div>\n\t\t","protected":false},"excerpt":{"rendered":"<p>Profa. Dra. Vanessa Morais Freitas Posi\u00e7\u00e3o atual: Professora Associada Doutorado: 2006 Orientador: Doutorado Visite nosso laborat\u00f3rio LINHA DE PESQUISA: O enfoque da pesquisa, no nosso laborat\u00f3rio, \u00e9\u00a0o papel de elementos da Matriz Extracelular na&#46;&#46;&#46;<\/p>\n","protected":false},"author":870,"featured_media":0,"parent":0,"menu_order":0,"comment_status":"closed","ping_status":"closed","template":"","meta":{"footnotes":"","_links_to":"","_links_to_target":""},"class_list":["post-767","page","type-page","status-publish","hentry"],"_links":{"self":[{"href":"https:\/\/sites.usp.br\/biocel\/wp-json\/wp\/v2\/pages\/767","targetHints":{"allow":["GET"]}}],"collection":[{"href":"https:\/\/sites.usp.br\/biocel\/wp-json\/wp\/v2\/pages"}],"about":[{"href":"https:\/\/sites.usp.br\/biocel\/wp-json\/wp\/v2\/types\/page"}],"author":[{"embeddable":true,"href":"https:\/\/sites.usp.br\/biocel\/wp-json\/wp\/v2\/users\/870"}],"replies":[{"embeddable":true,"href":"https:\/\/sites.usp.br\/biocel\/wp-json\/wp\/v2\/comments?post=767"}],"version-history":[{"count":4,"href":"https:\/\/sites.usp.br\/biocel\/wp-json\/wp\/v2\/pages\/767\/revisions"}],"predecessor-version":[{"id":3212,"href":"https:\/\/sites.usp.br\/biocel\/wp-json\/wp\/v2\/pages\/767\/revisions\/3212"}],"wp:attachment":[{"href":"https:\/\/sites.usp.br\/biocel\/wp-json\/wp\/v2\/media?parent=767"}],"curies":[{"name":"wp","href":"https:\/\/api.w.org\/{rel}","templated":true}]}}