{"id":793,"date":"2021-07-22T15:37:15","date_gmt":"2021-07-22T18:37:15","guid":{"rendered":"https:\/\/sites.usp.br\/biocel\/?page_id=793"},"modified":"2024-12-12T16:10:37","modified_gmt":"2024-12-12T19:10:37","slug":"concurso","status":"publish","type":"page","link":"https:\/\/sites.usp.br\/biocel\/concurso\/","title":{"rendered":"Oportunidades"},"content":{"rendered":"\t\t<div data-elementor-type=\"wp-page\" data-elementor-id=\"793\" class=\"elementor elementor-793\" data-elementor-post-type=\"page\">\n\t\t\t\t\t\t<section class=\"elementor-section elementor-top-section elementor-element elementor-element-53e83ade elementor-section-boxed elementor-section-height-default elementor-section-height-default\" data-id=\"53e83ade\" data-element_type=\"section\">\n\t\t\t\t\t\t<div class=\"elementor-container elementor-column-gap-default\">\n\t\t\t\t\t<div class=\"elementor-column elementor-col-100 elementor-top-column elementor-element elementor-element-1938e6a4\" data-id=\"1938e6a4\" data-element_type=\"column\">\n\t\t\t<div class=\"elementor-widget-wrap elementor-element-populated\">\n\t\t\t\t\t\t<div class=\"elementor-element elementor-element-214bd5b elementor-widget elementor-widget-heading\" data-id=\"214bd5b\" data-element_type=\"widget\" data-widget_type=\"heading.default\">\n\t\t\t\t<div class=\"elementor-widget-container\">\n\t\t\t<h2 class=\"elementor-heading-title elementor-size-default\">Concursos<\/h2>\t\t<\/div>\n\t\t\t\t<\/div>\n\t\t\t\t<div class=\"elementor-element elementor-element-5b39c65c elementor-widget elementor-widget-text-editor\" data-id=\"5b39c65c\" data-element_type=\"widget\" data-widget_type=\"text-editor.default\">\n\t\t\t\t<div class=\"elementor-widget-container\">\n\t\t\t\t\t\t\t<p><strong>Concurso para Docente:<\/strong><\/p><p>Est\u00e3o abertas as inscri\u00e7\u00f5es para o concurso de Professor Doutor, refer\u00eancia MS-3, em Regime de RDIDP, junto ao Departamento de Biologia Celular e do Desenvolvimento, na \u00e1rea de conhecimento: Programa de Biologia Celular e Tecidual. <\/p><p>As inscri\u00e7\u00f5es poder\u00e3o ser realizadas at\u00e9 o dia 14\/01\/2024 por meio do site <em><a href=\"https:\/\/uspdigital.usp.br\/gr\/admissao\">https:\/\/uspdigital.usp.br\/gr\/admissao<\/a>. <br \/><\/em><\/p><p>Maiores informa\u00e7\u00f5es podem ser consultadas no edital de abertura ([download id=&#8221;4578&#8243; template=&#8221;title&#8221;]).<\/p>\t\t\t\t\t\t<\/div>\n\t\t\t\t<\/div>\n\t\t\t\t\t<\/div>\n\t\t<\/div>\n\t\t\t\t\t<\/div>\n\t\t<\/section>\n\t\t\t\t<\/div>\n\t\t","protected":false},"excerpt":{"rendered":"<p>Concursos Concurso para Docente: Est\u00e3o abertas as inscri\u00e7\u00f5es para o concurso de Professor Doutor, refer\u00eancia MS-3, em Regime de RDIDP, junto ao Departamento de Biologia Celular e do Desenvolvimento, na \u00e1rea de conhecimento: Programa&#46;&#46;&#46;<\/p>\n","protected":false},"author":870,"featured_media":0,"parent":0,"menu_order":0,"comment_status":"closed","ping_status":"closed","template":"","meta":{"footnotes":"","_links_to":"","_links_to_target":""},"class_list":["post-793","page","type-page","status-publish","hentry"],"_links":{"self":[{"href":"https:\/\/sites.usp.br\/biocel\/wp-json\/wp\/v2\/pages\/793","targetHints":{"allow":["GET"]}}],"collection":[{"href":"https:\/\/sites.usp.br\/biocel\/wp-json\/wp\/v2\/pages"}],"about":[{"href":"https:\/\/sites.usp.br\/biocel\/wp-json\/wp\/v2\/types\/page"}],"author":[{"embeddable":true,"href":"https:\/\/sites.usp.br\/biocel\/wp-json\/wp\/v2\/users\/870"}],"replies":[{"embeddable":true,"href":"https:\/\/sites.usp.br\/biocel\/wp-json\/wp\/v2\/comments?post=793"}],"version-history":[{"count":4,"href":"https:\/\/sites.usp.br\/biocel\/wp-json\/wp\/v2\/pages\/793\/revisions"}],"predecessor-version":[{"id":4588,"href":"https:\/\/sites.usp.br\/biocel\/wp-json\/wp\/v2\/pages\/793\/revisions\/4588"}],"wp:attachment":[{"href":"https:\/\/sites.usp.br\/biocel\/wp-json\/wp\/v2\/media?parent=793"}],"curies":[{"name":"wp","href":"https:\/\/api.w.org\/{rel}","templated":true}]}}