{"id":796,"date":"2021-07-22T15:38:17","date_gmt":"2021-07-22T18:38:17","guid":{"rendered":"https:\/\/sites.usp.br\/biocel\/?page_id=796"},"modified":"2022-02-03T12:47:13","modified_gmt":"2022-02-03T15:47:13","slug":"links","status":"publish","type":"page","link":"https:\/\/sites.usp.br\/biocel\/links\/","title":{"rendered":"Links"},"content":{"rendered":"\t\t<div data-elementor-type=\"wp-page\" data-elementor-id=\"796\" class=\"elementor elementor-796\" data-elementor-post-type=\"page\">\n\t\t\t\t\t\t<section class=\"elementor-section elementor-top-section elementor-element elementor-element-e2dcda3 elementor-section-boxed elementor-section-height-default elementor-section-height-default\" data-id=\"e2dcda3\" data-element_type=\"section\">\n\t\t\t\t\t\t<div class=\"elementor-container elementor-column-gap-default\">\n\t\t\t\t\t<div class=\"elementor-column elementor-col-100 elementor-top-column elementor-element elementor-element-18db08b9\" data-id=\"18db08b9\" data-element_type=\"column\">\n\t\t\t<div class=\"elementor-widget-wrap elementor-element-populated\">\n\t\t\t\t\t\t<div class=\"elementor-element elementor-element-2603fb2 elementor-widget elementor-widget-heading\" data-id=\"2603fb2\" data-element_type=\"widget\" data-widget_type=\"heading.default\">\n\t\t\t\t<div class=\"elementor-widget-container\">\n\t\t\t<h2 class=\"elementor-heading-title elementor-size-default\">Links \u00dateis<\/h2>\t\t<\/div>\n\t\t\t\t<\/div>\n\t\t\t\t<div class=\"elementor-element elementor-element-93329c6 elementor-widget elementor-widget-text-editor\" data-id=\"93329c6\" data-element_type=\"widget\" data-widget_type=\"text-editor.default\">\n\t\t\t\t<div class=\"elementor-widget-container\">\n\t\t\t\t\t\t\t\u00dateis\r\n\r\n<a href=\"http:\/\/www.usp.br\/\" target=\"_blank\" rel=\"noopener\">USP<\/a>\u00a0\u2013 Universidade de S\u00e3o Paulo\r\n<a href=\"http:\/\/www.icb.usp.br\/\" target=\"_blank\" rel=\"noopener\">ICB<\/a>\u00a0\u2013 Instituto de Ci\u00eancias Biom\u00e9dicas\r\n<a href=\"http:\/\/www.trajettoria.com\/\" target=\"_blank\" rel=\"noopener\">Trajettoria<\/a>\r\n<p align=\"left\"><a href=\"http:\/\/www.sbbc.org.br\/\" target=\"_blank\" rel=\"noopener\">Sociedade Brasileira de Biologia Celular<\/a><\/p>\r\n<p align=\"left\">Apoio \u00e0 Pesquisa<\/p>\r\n<a href=\"http:\/\/www.capes.gov.br\/\" target=\"_blank\" rel=\"noopener\">CAPES<\/a>\u00a0&#8211; Coordena\u00e7\u00e3o de Aperfei\u00e7oamento de Pessoal de N\u00edvel Superior\r\n<a href=\"http:\/\/www.cnpq.br\/\" target=\"_blank\" rel=\"noopener\">CNPq<\/a>\u00a0&#8211; Conselho Nacional de Desenvolvimento Cient\u00edfico e Tecnol\u00f3gico\r\n<a href=\"http:\/\/www.cnpq.br\/prossiga\/pcientifica\/\" target=\"_blank\" rel=\"noopener\">Prossiga Produ\u00e7\u00e3o Cient\u00edfica\u00a0<\/a>CNPq, SBPC\r\n<a href=\"http:\/\/www.fapesp.br\/\" target=\"_blank\" rel=\"noopener\">FAPESP<\/a>\u00a0&#8211; Funda\u00e7\u00e3o de Amparo \u00e0 Pesquisa do Estado de S\u00e3o Paulo\r\n<a href=\"http:\/\/www.finep.gov.br\/\" target=\"_blank\" rel=\"noopener\">Finep<\/a>\u00a0&#8211; Financiadora de Estudos e Projetos\r\n<p align=\"left\">Bibliotecas<\/p>\r\n<p align=\"left\"><a href=\"http:\/\/www.bireme.br\/\" target=\"_blank\" rel=\"noopener\">BIREME<\/a>\u00a0&#8211; Biblioteca Regional de Medicina\r\n<a href=\"http:\/\/www.unicamp.br\/bc\" target=\"_blank\" rel=\"noopener\">Sistemas de Bibliotecas UNICAMP<\/a>\r\n<a href=\"http:\/\/www.usp.br\/sibi\/sibi.html\" target=\"_blank\" rel=\"noopener\">SIBi<\/a>\u00a0&#8211; Sistema Integrado de Bibliotecas da USP\r\n<a href=\"http:\/\/www.nlm.nih.gov\/\" target=\"_blank\" rel=\"noopener\">U.S. National Library of Medicine<\/a><\/p>\r\nDicion\u00e1rios\r\n\r\n<a href=\"http:\/\/www.tvcultura.com.br\/resguia\/portug\/lingpor.htm\" target=\"_blank\" rel=\"noopener\">Nossa L\u00edngua Portuguesa<\/a>\r\n<a class=\"broken_link\" href=\"http:\/\/www2.echo.lu\/edic\" target=\"_blank\" rel=\"noopener\">Eurodicautom<\/a>\u00a0(dicion\u00e1rio on-line em oito idiomas)\r\n<a class=\"broken_link\" href=\"http:\/\/work.ucsd.edu:5141\/cgi-bin\/http_webster\" target=\"_blank\" rel=\"noopener\">Dicion\u00e1rio Ingl\u00eas\/Ingl\u00eas<\/a>\u00a0Webster\r\n<a href=\"http:\/\/www.bucknell.edu\/~rbeard\/diction.html\" target=\"_blank\" rel=\"noopener\">A WEB of On-line Dictionaries<\/a>\u00a0Mais de 500 links para dicion\u00e1rios de mais de 140 l\u00ednguas. O site tamb\u00e9m oferece busca de palavras em ingl\u00eas, baseadas no dicion\u00e1rio Merriam-Webster\u2019s Collegiate.\r\n\r\nOutros\r\n\r\n<a href=\"http:\/\/www.receita.fazenda.gov.br\/\" target=\"_blank\" rel=\"noopener\">Receita Federal\u00a0<\/a>\r\n<a href=\"http:\/\/www.flydutyfree.com.br\/\" target=\"_blank\" rel=\"noopener\">Free Shop<\/a>\u00a0Regulamentos alfandeg\u00e1rios, normas da Receita Federal e muito mais\r\n<a href=\"http:\/\/www.correios.com.br\/\" target=\"_blank\" rel=\"noopener\">Correios<\/a>\u00a0CEP, tarifas e telegrama via internet\r\n<a class=\"broken_link\" href=\"http:\/\/www.wiser.com.br\/cep\" target=\"_blank\" rel=\"noopener\">CEP on-line<\/a>\r\n<a class=\"broken_link\" href=\"http:\/\/www.telesp.com.br\/\" target=\"_blank\" rel=\"noopener\">TELESP<\/a>\u00a0Altera\u00e7\u00e3o de c\u00f3digos DDD e prefixos. Guia Eletr\u00f4nico de Assinantes.\r\n\r\n<a class=\"broken_link\" href=\"http:\/\/www.prosabmicrobiologia.org.br\/protocolo\/8\" target=\"_blank\" rel=\"noopener\">PROSAB(Programa de Saneamento B\u00e1sico)\r\nManual de Descartes Qu\u00edmicos<\/a>\t\t\t\t\t\t<\/div>\n\t\t\t\t<\/div>\n\t\t\t\t\t<\/div>\n\t\t<\/div>\n\t\t\t\t\t<\/div>\n\t\t<\/section>\n\t\t\t\t<\/div>\n\t\t","protected":false},"excerpt":{"rendered":"<p>Links \u00dateis \u00dateis USP\u00a0\u2013 Universidade de S\u00e3o Paulo ICB\u00a0\u2013 Instituto de Ci\u00eancias Biom\u00e9dicas Trajettoria Sociedade Brasileira de Biologia Celular Apoio \u00e0 Pesquisa CAPES\u00a0&#8211; Coordena\u00e7\u00e3o de Aperfei\u00e7oamento de Pessoal de N\u00edvel Superior CNPq\u00a0&#8211; Conselho Nacional&#46;&#46;&#46;<\/p>\n","protected":false},"author":870,"featured_media":0,"parent":0,"menu_order":0,"comment_status":"closed","ping_status":"closed","template":"","meta":{"footnotes":"","_links_to":"","_links_to_target":""},"class_list":["post-796","page","type-page","status-publish","hentry"],"_links":{"self":[{"href":"https:\/\/sites.usp.br\/biocel\/wp-json\/wp\/v2\/pages\/796","targetHints":{"allow":["GET"]}}],"collection":[{"href":"https:\/\/sites.usp.br\/biocel\/wp-json\/wp\/v2\/pages"}],"about":[{"href":"https:\/\/sites.usp.br\/biocel\/wp-json\/wp\/v2\/types\/page"}],"author":[{"embeddable":true,"href":"https:\/\/sites.usp.br\/biocel\/wp-json\/wp\/v2\/users\/870"}],"replies":[{"embeddable":true,"href":"https:\/\/sites.usp.br\/biocel\/wp-json\/wp\/v2\/comments?post=796"}],"version-history":[{"count":4,"href":"https:\/\/sites.usp.br\/biocel\/wp-json\/wp\/v2\/pages\/796\/revisions"}],"predecessor-version":[{"id":3158,"href":"https:\/\/sites.usp.br\/biocel\/wp-json\/wp\/v2\/pages\/796\/revisions\/3158"}],"wp:attachment":[{"href":"https:\/\/sites.usp.br\/biocel\/wp-json\/wp\/v2\/media?parent=796"}],"curies":[{"name":"wp","href":"https:\/\/api.w.org\/{rel}","templated":true}]}}