{"id":875,"date":"2021-07-29T12:34:00","date_gmt":"2021-07-29T15:34:00","guid":{"rendered":"https:\/\/sites.usp.br\/biocel\/?page_id=875"},"modified":"2024-03-27T12:05:44","modified_gmt":"2024-03-27T15:05:44","slug":"sobrenos","status":"publish","type":"page","link":"https:\/\/sites.usp.br\/biocel\/sobrenos\/","title":{"rendered":"Sobre n\u00f3s"},"content":{"rendered":"\t\t<div data-elementor-type=\"wp-page\" data-elementor-id=\"875\" class=\"elementor elementor-875\" data-elementor-post-type=\"page\">\n\t\t\t\t\t\t<section class=\"elementor-section elementor-top-section elementor-element elementor-element-c447ea9 elementor-section-boxed elementor-section-height-default elementor-section-height-default\" data-id=\"c447ea9\" data-element_type=\"section\">\n\t\t\t\t\t\t<div class=\"elementor-container elementor-column-gap-default\">\n\t\t\t\t\t<div class=\"elementor-column elementor-col-100 elementor-top-column elementor-element elementor-element-e50bf76\" data-id=\"e50bf76\" data-element_type=\"column\">\n\t\t\t<div class=\"elementor-widget-wrap elementor-element-populated\">\n\t\t\t\t\t\t<div class=\"elementor-element elementor-element-5552198 elementor-cta--skin-cover elementor-animated-content elementor-bg-transform elementor-bg-transform-zoom-in elementor-widget elementor-widget-call-to-action\" data-id=\"5552198\" data-element_type=\"widget\" data-widget_type=\"call-to-action.default\">\n\t\t\t\t<div class=\"elementor-widget-container\">\n\t\t\t\t\t<a class=\"elementor-cta\" href=\"https:\/\/sites.usp.br\/biosistemas\/%20\">\n\t\t\t\t\t<div class=\"elementor-cta__bg-wrapper\">\n\t\t\t\t<div class=\"elementor-cta__bg elementor-bg\" style=\"background-image: url(https:\/\/sites.usp.br\/biocel\/wp-content\/uploads\/sites\/489\/2022\/04\/Screen-Shot-2022-04-24-at-10.41.38.png);\" role=\"img\" aria-label=\"Cec\u00edlia Magalh\u00e3es\/ Irene Yan\"><\/div>\n\t\t\t\t<div class=\"elementor-cta__bg-overlay\"><\/div>\n\t\t\t<\/div>\n\t\t\t\t\t\t\t<div class=\"elementor-cta__content\">\n\t\t\t\t\n\t\t\t\t\t\t\t\t\t<h2 class=\"elementor-cta__title elementor-cta__content-item elementor-content-item elementor-animated-item--grow\">\n\t\t\t\t\t\t<span data-elementor-setting-key=\"title\" data-pen-placeholder=\"Type Here...\" style=\"overflow-wrap: break-word; clear: both; line-height: 1.4; margin-bottom: 15px; padding: 0px; width: 650px;\">Programa de P\u00f3s-Gradua\u00e7\u00e3o em Biologia de Sistemas<\/span>\t\t\t\t\t<\/h2>\n\t\t\t\t\n\t\t\t\t\t\t\t\t\t<div class=\"elementor-cta__description elementor-cta__content-item elementor-content-item elementor-animated-item--grow\">\n\t\t\t\t\t\tQuer saber mais? Visite a nossa p\u00e1gina...\t\t\t\t\t<\/div>\n\t\t\t\t\n\t\t\t\t\t\t\t\t\t<div class=\"elementor-cta__button-wrapper elementor-cta__content-item elementor-content-item elementor-animated-item--grow\">\n\t\t\t\t\t<span class=\"elementor-cta__button elementor-button elementor-size-\">\n\t\t\t\t\t\tClick Here\t\t\t\t\t<\/span>\n\t\t\t\t\t<\/div>\n\t\t\t\t\t\t\t<\/div>\n\t\t\t\t\t\t<\/a>\n\t\t\t\t<\/div>\n\t\t\t\t<\/div>\n\t\t\t\t\t<\/div>\n\t\t<\/div>\n\t\t\t\t\t<\/div>\n\t\t<\/section>\n\t\t\t\t<section class=\"elementor-section elementor-top-section elementor-element elementor-element-332528c7 elementor-section-boxed elementor-section-height-default elementor-section-height-default\" data-id=\"332528c7\" data-element_type=\"section\">\n\t\t\t\t\t\t<div class=\"elementor-container elementor-column-gap-default\">\n\t\t\t\t\t<div class=\"elementor-column elementor-col-100 elementor-top-column elementor-element elementor-element-3b1b028d\" data-id=\"3b1b028d\" data-element_type=\"column\">\n\t\t\t<div class=\"elementor-widget-wrap elementor-element-populated\">\n\t\t\t\t\t\t<div class=\"elementor-element elementor-element-bc9a954 elementor-widget elementor-widget-heading\" data-id=\"bc9a954\" data-element_type=\"widget\" data-widget_type=\"heading.default\">\n\t\t\t\t<div class=\"elementor-widget-container\">\n\t\t\t<h2 class=\"elementor-heading-title elementor-size-default\">Sobre n\u00f3s<\/h2>\t\t<\/div>\n\t\t\t\t<\/div>\n\t\t\t\t<div class=\"elementor-element elementor-element-1db9a82 elementor-widget elementor-widget-text-editor\" data-id=\"1db9a82\" data-element_type=\"widget\" data-widget_type=\"text-editor.default\">\n\t\t\t\t<div class=\"elementor-widget-container\">\n\t\t\t\t\t\t\t<p><b>OBJETIVOS<\/b><\/p>\n<p style=\"margin: 0cm 0cm 0.0001pt; font-size: medium; font-family: Cambria; caret-color: #000000; color: #000000;\"><span lang=\"PT-BR\" style=\"font-size: 11pt; font-family: Helvetica;\">O objetivo do Programa de Biologia de Sistemas \u00e9 aprofundar o conhecimento nas \u00e1reas de Biologia Celular, Desenvolvimento e Ci\u00eancias Morfofuncionais, procurando integrar de maneira din\u00e2mica o conhecimento de todas as suas sub\u00e1reas: Biologia do Desenvolvimento, Biologia Celular, Biologia Tecidual e Anatomia Funcional. Acreditamos que a integra\u00e7\u00e3o entre a Biologia Celular, Tecidual e Morfofuncional, al\u00e9m de permitir uma forma\u00e7\u00e3o mais ampla e s\u00f3lida aos nossos estudantes, permitir\u00e1 que o interc\u00e2mbio das atividades cient\u00edficas por parte dos docentes-pesquisadores ocorra com maior facilidade, estimulando a produ\u00e7\u00e3o de trabalhos mais completos e, por consequ\u00eancia, mais competitivos.<\/span><\/p>\n<p style=\"margin: 0cm 0cm 0.0001pt; font-size: medium; font-family: Cambria; caret-color: #000000; color: #000000;\"><span lang=\"PT-BR\" style=\"font-size: 11pt; font-family: Helvetica;\">&nbsp;<\/span><\/p>\n<p><strong>HIST\u00d3RICO<\/strong><\/p>\n<p style=\"margin: 0cm 0cm 0.0001pt; font-size: medium; font-family: Cambria; caret-color: #000000; color: #000000;\"><span lang=\"PT-BR\" style=\"font-size: 11pt; font-family: Helvetica;\">O Programa de Biologia de Sistemas foi formado &nbsp;em 2018 a&nbsp;&nbsp;partir da&nbsp;&nbsp;uni\u00e3o dos Programas de P\u00f3s- Gradua\u00e7\u00e3o em Ci\u00eancias Morfofuncionais e Biologia Celular e Tecidual, sediados no ICB\/USP. O PPG conta atualmente &nbsp;com duas \u00c1reas de Concentra\u00e7\u00e3o: Biologia Morfofuncional e Biologia Celular, Tecidual e do Desenvolvimento.<\/span><\/p>\n<p style=\"margin: 0cm 0cm 0.0001pt; font-size: medium; font-family: Cambria; caret-color: #000000; color: #000000;\"><span lang=\"PT-BR\" style=\"font-size: 11pt; font-family: Helvetica;\">&nbsp;<\/span><\/p>\n<p style=\"margin: 0cm 0cm 0.0001pt; font-size: medium; font-family: Cambria; caret-color: #000000; color: #000000;\"><span lang=\"PT-BR\" style=\"font-size: 11pt; font-family: Helvetica;\">A \u00e1rea de concentra\u00e7\u00e3o Biologia Celular, Tecidual e do Desenvolvimento do Programa de Biologia de Sistemas foi criada a partir do Programa de P\u00f3s-Gradua\u00e7\u00e3o em Biologia Celular e Tecidual, estabelecido em 1996 a partir da reformula\u00e7\u00e3o do antigo Programa de P\u00f3s-Gradua\u00e7\u00e3o em Histologia, que iniciou suas atividades em mar\u00e7o de 1972.<\/span><\/p>\n<p><\/p>\t\t\t\t\t\t<\/div>\n\t\t\t\t<\/div>\n\t\t\t\t\t<\/div>\n\t\t<\/div>\n\t\t\t\t\t<\/div>\n\t\t<\/section>\n\t\t\t\t<section class=\"elementor-section elementor-top-section elementor-element elementor-element-c38bda4 elementor-section-boxed elementor-section-height-default elementor-section-height-default\" data-id=\"c38bda4\" data-element_type=\"section\">\n\t\t\t\t\t\t<div class=\"elementor-container elementor-column-gap-default\">\n\t\t\t\t\t<div class=\"elementor-column elementor-col-100 elementor-top-column elementor-element elementor-element-71dd9f8\" data-id=\"71dd9f8\" data-element_type=\"column\">\n\t\t\t<div class=\"elementor-widget-wrap elementor-element-populated\">\n\t\t\t\t\t\t<div class=\"elementor-element elementor-element-fc5d409 elementor-headline--style-highlight elementor-widget elementor-widget-animated-headline\" data-id=\"fc5d409\" data-element_type=\"widget\" data-settings=\"{&quot;highlighted_text&quot;:&quot;docentes &quot;,&quot;headline_style&quot;:&quot;highlight&quot;,&quot;marker&quot;:&quot;circle&quot;,&quot;loop&quot;:&quot;yes&quot;,&quot;highlight_animation_duration&quot;:1200,&quot;highlight_iteration_delay&quot;:8000}\" data-widget_type=\"animated-headline.default\">\n\t\t\t\t<div class=\"elementor-widget-container\">\n\t\t\t\t\t\t<a href=\"https:\/\/sites.usp.br\/biocel\/equipe\/docentes\/\">\n\n\t\t\t\t\t<h4 class=\"elementor-headline\">\n\t\t\t\t\t<span class=\"elementor-headline-plain-text elementor-headline-text-wrapper\">Conhe\u00e7a os <\/span>\n\t\t\t\t<span class=\"elementor-headline-dynamic-wrapper elementor-headline-text-wrapper\">\n\t\t\t\t\t<span class=\"elementor-headline-dynamic-text elementor-headline-text-active\">docentes <\/span>\n\t\t\t\t<\/span>\n\t\t\t\t\t<span class=\"elementor-headline-plain-text elementor-headline-text-wrapper\">do Departamento<\/span>\n\t\t\t\t\t<\/h4>\n\t\t<\/a>\t\t<\/div>\n\t\t\t\t<\/div>\n\t\t\t\t\t<\/div>\n\t\t<\/div>\n\t\t\t\t\t<\/div>\n\t\t<\/section>\n\t\t\t\t<\/div>\n\t\t","protected":false},"excerpt":{"rendered":"<p>Programa de P\u00f3s-Gradua\u00e7\u00e3o em Biologia de Sistemas Quer saber mais? Visite a nossa p\u00e1gina&#8230; Click Here Sobre n\u00f3s OBJETIVOS O objetivo do Programa de Biologia de Sistemas \u00e9 aprofundar o conhecimento nas \u00e1reas de&#46;&#46;&#46;<\/p>\n","protected":false},"author":870,"featured_media":0,"parent":0,"menu_order":0,"comment_status":"closed","ping_status":"closed","template":"","meta":{"footnotes":"","_links_to":"","_links_to_target":""},"class_list":["post-875","page","type-page","status-publish","hentry"],"_links":{"self":[{"href":"https:\/\/sites.usp.br\/biocel\/wp-json\/wp\/v2\/pages\/875","targetHints":{"allow":["GET"]}}],"collection":[{"href":"https:\/\/sites.usp.br\/biocel\/wp-json\/wp\/v2\/pages"}],"about":[{"href":"https:\/\/sites.usp.br\/biocel\/wp-json\/wp\/v2\/types\/page"}],"author":[{"embeddable":true,"href":"https:\/\/sites.usp.br\/biocel\/wp-json\/wp\/v2\/users\/870"}],"replies":[{"embeddable":true,"href":"https:\/\/sites.usp.br\/biocel\/wp-json\/wp\/v2\/comments?post=875"}],"version-history":[{"count":4,"href":"https:\/\/sites.usp.br\/biocel\/wp-json\/wp\/v2\/pages\/875\/revisions"}],"predecessor-version":[{"id":4452,"href":"https:\/\/sites.usp.br\/biocel\/wp-json\/wp\/v2\/pages\/875\/revisions\/4452"}],"wp:attachment":[{"href":"https:\/\/sites.usp.br\/biocel\/wp-json\/wp\/v2\/media?parent=875"}],"curies":[{"name":"wp","href":"https:\/\/api.w.org\/{rel}","templated":true}]}}