{"id":900,"date":"2021-07-29T12:53:20","date_gmt":"2021-07-29T15:53:20","guid":{"rendered":"https:\/\/sites.usp.br\/biocel\/?page_id=900"},"modified":"2023-09-04T17:42:09","modified_gmt":"2023-09-04T20:42:09","slug":"elementor-900","status":"publish","type":"page","link":"https:\/\/sites.usp.br\/biocel\/elementor-900\/","title":{"rendered":"Livros"},"content":{"rendered":"\t\t<div data-elementor-type=\"wp-page\" data-elementor-id=\"900\" class=\"elementor elementor-900\" data-elementor-post-type=\"page\">\n\t\t\t\t\t\t<section class=\"elementor-section elementor-top-section elementor-element elementor-element-cb48f3f elementor-section-boxed elementor-section-height-default elementor-section-height-default\" data-id=\"cb48f3f\" data-element_type=\"section\">\n\t\t\t\t\t\t<div class=\"elementor-container elementor-column-gap-default\">\n\t\t\t\t\t<div class=\"elementor-column elementor-col-100 elementor-top-column elementor-element elementor-element-77721e9\" data-id=\"77721e9\" data-element_type=\"column\">\n\t\t\t<div class=\"elementor-widget-wrap elementor-element-populated\">\n\t\t\t\t\t\t<div class=\"elementor-element elementor-element-44453dd elementor-widget elementor-widget-heading\" data-id=\"44453dd\" data-element_type=\"widget\" data-widget_type=\"heading.default\">\n\t\t\t\t<div class=\"elementor-widget-container\">\n\t\t\t<h2 class=\"elementor-heading-title elementor-size-default\">Livros<\/h2>\t\t<\/div>\n\t\t\t\t<\/div>\n\t\t\t\t<section class=\"elementor-section elementor-inner-section elementor-element elementor-element-af27d0b elementor-section-boxed elementor-section-height-default elementor-section-height-default\" data-id=\"af27d0b\" data-element_type=\"section\">\n\t\t\t\t\t\t<div class=\"elementor-container elementor-column-gap-default\">\n\t\t\t\t\t<div class=\"elementor-column elementor-col-50 elementor-inner-column elementor-element elementor-element-6e7d373\" data-id=\"6e7d373\" data-element_type=\"column\">\n\t\t\t<div class=\"elementor-widget-wrap elementor-element-populated\">\n\t\t\t\t\t\t<div class=\"elementor-element elementor-element-a267e74 elementor-widget elementor-widget-image\" data-id=\"a267e74\" data-element_type=\"widget\" data-widget_type=\"image.default\">\n\t\t\t\t<div class=\"elementor-widget-container\">\n\t\t\t\t\t\t\t\t\t\t\t\t\t<img fetchpriority=\"high\" decoding=\"async\" width=\"228\" height=\"300\" src=\"https:\/\/sites.usp.br\/biocel\/wp-content\/uploads\/sites\/489\/2022\/04\/Screen-Shot-2022-04-23-at-15.27.16-228x300.png\" class=\"attachment-medium size-medium wp-image-3428\" alt=\"\" srcset=\"https:\/\/sites.usp.br\/biocel\/wp-content\/uploads\/sites\/489\/2022\/04\/Screen-Shot-2022-04-23-at-15.27.16-228x300.png 228w, https:\/\/sites.usp.br\/biocel\/wp-content\/uploads\/sites\/489\/2022\/04\/Screen-Shot-2022-04-23-at-15.27.16-400x525.png 400w, https:\/\/sites.usp.br\/biocel\/wp-content\/uploads\/sites\/489\/2022\/04\/Screen-Shot-2022-04-23-at-15.27.16.png 594w\" sizes=\"(max-width: 228px) 100vw, 228px\" \/>\t\t\t\t\t\t\t\t\t\t\t\t\t<\/div>\n\t\t\t\t<\/div>\n\t\t\t\t\t<\/div>\n\t\t<\/div>\n\t\t\t\t<div class=\"elementor-column elementor-col-50 elementor-inner-column elementor-element elementor-element-e0e8e40\" data-id=\"e0e8e40\" data-element_type=\"column\">\n\t\t\t<div class=\"elementor-widget-wrap elementor-element-populated\">\n\t\t\t\t\t\t<div class=\"elementor-element elementor-element-4b08e28 elementor-widget elementor-widget-text-editor\" data-id=\"4b08e28\" data-element_type=\"widget\" data-widget_type=\"text-editor.default\">\n\t\t\t\t<div class=\"elementor-widget-container\">\n\t\t\t\t\t\t\t<p style=\"caret-color: #000000; color: #000000;\"><strong>Reda\u00e7\u00e3o Cient\u00edfica. Paulo Alexandre Abrahamsohn, Ed. Guanabara Koogan<\/strong><\/p><p style=\"caret-color: #000000; color: #000000;\">O objetivo deste livro \u00e9 oferecer diretrizes e informa\u00e7\u00f5es para reda\u00e7\u00e3o de textos acad\u00eamicos com muitos exemplos de como proceder e de como n\u00e3o proceder.Cont\u00e9m quatro partes: 1 O que escrever e o que n\u00e3o escrever. 2 Como escrever e como n\u00e3o escrever. 3 Das id\u00e9ias ao texto. 4 A publica\u00e7\u00e3o do texto. Destina-se a estudantes de p\u00f3s-gradua\u00e7\u00e3o e jovens cientistas, principalmente das \u00e1reas de Ci\u00eancias Naturais, Biologia, Medicina e outras \u00e1reas de Sa\u00fade.<\/p>\t\t\t\t\t\t<\/div>\n\t\t\t\t<\/div>\n\t\t\t\t\t<\/div>\n\t\t<\/div>\n\t\t\t\t\t<\/div>\n\t\t<\/section>\n\t\t\t\t\t<\/div>\n\t\t<\/div>\n\t\t\t\t\t<\/div>\n\t\t<\/section>\n\t\t\t\t<section class=\"elementor-section elementor-top-section elementor-element elementor-element-d0f9c42 elementor-section-boxed elementor-section-height-default elementor-section-height-default\" data-id=\"d0f9c42\" data-element_type=\"section\">\n\t\t\t\t\t\t<div class=\"elementor-container elementor-column-gap-default\">\n\t\t\t\t\t<div class=\"elementor-column elementor-col-50 elementor-top-column elementor-element elementor-element-8dadf27\" data-id=\"8dadf27\" data-element_type=\"column\">\n\t\t\t<div class=\"elementor-widget-wrap elementor-element-populated\">\n\t\t\t\t\t\t<div class=\"elementor-element elementor-element-207ece2 elementor-widget elementor-widget-text-editor\" data-id=\"207ece2\" data-element_type=\"widget\" data-widget_type=\"text-editor.default\">\n\t\t\t\t<div class=\"elementor-widget-container\">\n\t\t\t\t\t\t\t<p><a href=\"https:\/\/sites.usp.br\/biocel\/wp-content\/uploads\/sites\/489\/2021\/07\/livro_Glauc.jpg\"><img decoding=\"async\" class=\"alignnone size-full wp-image-902\" src=\"https:\/\/sites.usp.br\/biocel\/wp-content\/uploads\/sites\/489\/2021\/07\/livro_Glauc.jpg\" alt=\"\" width=\"130\" height=\"174\" \/><\/a><\/p>\t\t\t\t\t\t<\/div>\n\t\t\t\t<\/div>\n\t\t\t\t\t<\/div>\n\t\t<\/div>\n\t\t\t\t<div class=\"elementor-column elementor-col-50 elementor-top-column elementor-element elementor-element-c954973\" data-id=\"c954973\" data-element_type=\"column\">\n\t\t\t<div class=\"elementor-widget-wrap elementor-element-populated\">\n\t\t\t\t\t\t<div class=\"elementor-element elementor-element-47ca4da elementor-widget elementor-widget-text-editor\" data-id=\"47ca4da\" data-element_type=\"widget\" data-widget_type=\"text-editor.default\">\n\t\t\t\t<div class=\"elementor-widget-container\">\n\t\t\t\t\t\t\t<p><strong>Histologia Imagens em Foco. Gl\u00e1ucia Maria Machado-Santelli \u2013 1a edi\u00e7\u00e3o, 2003 \u2013 Ed. Manole<\/strong><\/p><p>Histologia: imagens em foco \u00e9 um guia de identifica\u00e7\u00e3o r\u00e1pida e estudo de tecidos e \u00f3rg\u00e3os. Partindo de fotomicrografias, a obra compreende uma cole\u00e7\u00e3o de imagens de cortes histol\u00f3gicos que, inicialmente, apresentam-se panor\u00e2micas para posterior destaque de regi\u00f5es espec\u00edficas, nas quais s\u00e3o identificadas estruturas caracter\u00edsticas. 0 acabamento em espiral foi feito para facilitar o uso deste guia nas bancadas de laborat\u00f3rios. Para complementar o estudo da Histologia, o livro \u00e9 acompanhado de um CD-ROM com imagens dos cortes histol\u00f3gicos e testes de identifica\u00e7\u00e3o das estruturas, elaborados por Renata Manelli-Oliveira, colaboradora desta obra.<\/p>\t\t\t\t\t\t<\/div>\n\t\t\t\t<\/div>\n\t\t\t\t\t<\/div>\n\t\t<\/div>\n\t\t\t\t\t<\/div>\n\t\t<\/section>\n\t\t\t\t<section class=\"elementor-section elementor-top-section elementor-element elementor-element-e1655fd elementor-section-boxed elementor-section-height-default elementor-section-height-default\" data-id=\"e1655fd\" data-element_type=\"section\">\n\t\t\t\t\t\t<div class=\"elementor-container elementor-column-gap-default\">\n\t\t\t\t\t<div class=\"elementor-column elementor-col-50 elementor-top-column elementor-element elementor-element-04f1fd2\" data-id=\"04f1fd2\" data-element_type=\"column\">\n\t\t\t<div class=\"elementor-widget-wrap elementor-element-populated\">\n\t\t\t\t\t\t<div class=\"elementor-element elementor-element-a708f28 elementor-widget elementor-widget-text-editor\" data-id=\"a708f28\" data-element_type=\"widget\" data-widget_type=\"text-editor.default\">\n\t\t\t\t<div class=\"elementor-widget-container\">\n\t\t\t\t\t\t\t<p><a href=\"https:\/\/sites.usp.br\/biocel\/wp-content\/uploads\/sites\/489\/2021\/07\/junqueira.jpg\"><img decoding=\"async\" class=\"alignnone size-full wp-image-909\" src=\"https:\/\/sites.usp.br\/biocel\/wp-content\/uploads\/sites\/489\/2021\/07\/junqueira.jpg\" alt=\"\" width=\"130\" height=\"168\" \/><\/a><\/p>\t\t\t\t\t\t<\/div>\n\t\t\t\t<\/div>\n\t\t\t\t\t<\/div>\n\t\t<\/div>\n\t\t\t\t<div class=\"elementor-column elementor-col-50 elementor-top-column elementor-element elementor-element-88828e5\" data-id=\"88828e5\" data-element_type=\"column\">\n\t\t\t<div class=\"elementor-widget-wrap elementor-element-populated\">\n\t\t\t\t\t\t<div class=\"elementor-element elementor-element-8053c55 elementor-widget elementor-widget-text-editor\" data-id=\"8053c55\" data-element_type=\"widget\" data-widget_type=\"text-editor.default\">\n\t\t\t\t<div class=\"elementor-widget-container\">\n\t\t\t\t\t\t\t<p><strong>Basic Histology \u2013 Luiz Carlos Junqueira e Jos\u00e9 Carneiro \u2013 10a Edi\u00e7\u00e3o, 2003 -Ed. Lange Medical Books McGraw-Hill<\/strong><\/p><p>A D\u00e9cima Edi\u00e7\u00e3o da vers\u00e3o em ingl\u00eas da Histologia B\u00e1sica oferece uma abordagem did\u00e1tica da rela\u00e7\u00e3o entre estrutura e fun\u00e7\u00e3o tecidual e a fisiologia humana. Completamente atualizado, esta edi\u00e7\u00e3o inclui informa\u00e7\u00f5es sobre as novas descobertas cient\u00edficas relevantes a \u00e1rea de Biologia Tecidual, provenientes da Biologia Molecular, comunicac\u00e3o intercelular, genoma humano e descri\u00e7\u00e3o detalhada da estrutura e fun\u00e7\u00e3o de sistemas teciduais. O livro \u00e9 ilustrado com v\u00e1rias fotomigrafias de alta qualidade e esquemas coloridos que est\u00e3o todos dispon\u00edveis num CD-ROM. Destinado a estudantes de medicina e das \u00e1reas biom\u00e9dicas e biol\u00f3gicas.<\/p>\t\t\t\t\t\t<\/div>\n\t\t\t\t<\/div>\n\t\t\t\t\t<\/div>\n\t\t<\/div>\n\t\t\t\t\t<\/div>\n\t\t<\/section>\n\t\t\t\t<section class=\"elementor-section elementor-top-section elementor-element elementor-element-a45641c elementor-section-boxed elementor-section-height-default elementor-section-height-default\" data-id=\"a45641c\" data-element_type=\"section\">\n\t\t\t\t\t\t<div class=\"elementor-container elementor-column-gap-default\">\n\t\t\t\t\t<div class=\"elementor-column elementor-col-50 elementor-top-column elementor-element elementor-element-d3207f4\" data-id=\"d3207f4\" data-element_type=\"column\">\n\t\t\t<div class=\"elementor-widget-wrap elementor-element-populated\">\n\t\t\t\t\t\t<div class=\"elementor-element elementor-element-bc19099 elementor-widget elementor-widget-text-editor\" data-id=\"bc19099\" data-element_type=\"widget\" data-widget_type=\"text-editor.default\">\n\t\t\t\t<div class=\"elementor-widget-container\">\n\t\t\t\t\t\t\t<p><a href=\"https:\/\/sites.usp.br\/biocel\/wp-content\/uploads\/sites\/489\/2023\/09\/Screenshot-2023-09-04-at-17.21.37.png\"><img loading=\"lazy\" decoding=\"async\" class=\"alignnone wp-image-4367 size-medium\" src=\"https:\/\/sites.usp.br\/biocel\/wp-content\/uploads\/sites\/489\/2023\/09\/Screenshot-2023-09-04-at-17.21.37-232x300.png\" alt=\"\" width=\"232\" height=\"300\" srcset=\"https:\/\/sites.usp.br\/biocel\/wp-content\/uploads\/sites\/489\/2023\/09\/Screenshot-2023-09-04-at-17.21.37-232x300.png 232w, https:\/\/sites.usp.br\/biocel\/wp-content\/uploads\/sites\/489\/2023\/09\/Screenshot-2023-09-04-at-17.21.37-791x1024.png 791w, https:\/\/sites.usp.br\/biocel\/wp-content\/uploads\/sites\/489\/2023\/09\/Screenshot-2023-09-04-at-17.21.37-768x994.png 768w, https:\/\/sites.usp.br\/biocel\/wp-content\/uploads\/sites\/489\/2023\/09\/Screenshot-2023-09-04-at-17.21.37-400x518.png 400w, https:\/\/sites.usp.br\/biocel\/wp-content\/uploads\/sites\/489\/2023\/09\/Screenshot-2023-09-04-at-17.21.37.png 862w\" sizes=\"(max-width: 232px) 100vw, 232px\" \/><\/a><\/p>\t\t\t\t\t\t<\/div>\n\t\t\t\t<\/div>\n\t\t\t\t\t<\/div>\n\t\t<\/div>\n\t\t\t\t<div class=\"elementor-column elementor-col-50 elementor-top-column elementor-element elementor-element-8b1385c\" data-id=\"8b1385c\" data-element_type=\"column\">\n\t\t\t<div class=\"elementor-widget-wrap elementor-element-populated\">\n\t\t\t\t\t\t<div class=\"elementor-element elementor-element-ac39113 elementor-widget elementor-widget-text-editor\" data-id=\"ac39113\" data-element_type=\"widget\" data-widget_type=\"text-editor.default\">\n\t\t\t\t<div class=\"elementor-widget-container\">\n\t\t\t\t\t\t\t<p><strong>Histologia B\u00e1sica\u2013 Luiz Carlos Junqueira e Jos\u00e9 Carneiro \u2013 14a Edi\u00e7\u00e3o, 2023-Ed. Guanabara Koogan<\/strong><\/p><p>Obra de reconhecimento internacional, traduzida para 14 idiomas, Junqueira | Histologia B\u00e1sica chega \u00e0 sua 14\u00aa edi\u00e7\u00e3o mantendo seu compromisso de oferecer aos seus leitores informa\u00e7\u00f5es atualizadas de biologia celular e histologia dos tecidos e dos sistemas, com clareza e precis\u00e3o.<br style=\"font-size: 12.0084px;\" \/>A trajet\u00f3ria ascendente do livro, que contribui para a boa forma\u00e7\u00e3o de v\u00e1rias gera\u00e7\u00f5es de estudantes e profissionais da \u00e1rea da sa\u00fade no Brasil e no mundo, o consagra como uma das mais importantes obras cient\u00edficas j\u00e1 publicadas. \u00a0Edi\u00e7\u00e3o atualizada e aprimorada com novas imagens, testes interativos, quest\u00f5es de autoavalia\u00e7\u00e3o e atlas online para fixa\u00e7\u00e3o de conte\u00fado. \u00a0A 14a edi\u00e7\u00e3o de Junqueira e Carneiro Histologia B\u00e1sica Texto e Atlas, atualizada e aprimorada, conta com dezenas de novas fotomicrografias sobre as diversas caracter\u00edsticas das c\u00e9lulas, dos tecidos e dos \u00f3rg\u00e3os do corpo, al\u00e9m de apresentar cortes com colora\u00e7\u00f5es especiais. O texto \u00e9 escrito em linguagem clara, para possibilitar a compreens\u00e3o exata dos conceitos, sem perder o rigor cient\u00edfico.Al\u00e9m disso, seu novo projeto gr\u00e1fico apresenta recursos que agilizam o estudo, como as imagens esquem\u00e1ticas e os boxes que disponibilizam textos complementares sobre os t\u00f3picos de maior relev\u00e2ncia.<br \/><br \/><\/p>\t\t\t\t\t\t<\/div>\n\t\t\t\t<\/div>\n\t\t\t\t\t<\/div>\n\t\t<\/div>\n\t\t\t\t\t<\/div>\n\t\t<\/section>\n\t\t\t\t<section class=\"elementor-section elementor-top-section elementor-element elementor-element-d15f38f elementor-section-boxed elementor-section-height-default elementor-section-height-default\" data-id=\"d15f38f\" data-element_type=\"section\">\n\t\t\t\t\t\t<div class=\"elementor-container elementor-column-gap-default\">\n\t\t\t\t\t<div class=\"elementor-column elementor-col-50 elementor-top-column elementor-element elementor-element-cc1baaa\" data-id=\"cc1baaa\" data-element_type=\"column\">\n\t\t\t<div class=\"elementor-widget-wrap elementor-element-populated\">\n\t\t\t\t\t\t<div class=\"elementor-element elementor-element-91058d1 elementor-widget elementor-widget-text-editor\" data-id=\"91058d1\" data-element_type=\"widget\" data-widget_type=\"text-editor.default\">\n\t\t\t\t<div class=\"elementor-widget-container\">\n\t\t\t\t\t\t\t<p><a href=\"https:\/\/sites.usp.br\/biocel\/wp-content\/uploads\/sites\/489\/2023\/09\/Screenshot-2023-09-04-at-17.30.49.png\"><img loading=\"lazy\" decoding=\"async\" class=\"alignnone wp-image-4371 size-medium\" src=\"https:\/\/sites.usp.br\/biocel\/wp-content\/uploads\/sites\/489\/2023\/09\/Screenshot-2023-09-04-at-17.30.49-226x300.png\" alt=\"\" width=\"226\" height=\"300\" srcset=\"https:\/\/sites.usp.br\/biocel\/wp-content\/uploads\/sites\/489\/2023\/09\/Screenshot-2023-09-04-at-17.30.49-226x300.png 226w, https:\/\/sites.usp.br\/biocel\/wp-content\/uploads\/sites\/489\/2023\/09\/Screenshot-2023-09-04-at-17.30.49-771x1024.png 771w, https:\/\/sites.usp.br\/biocel\/wp-content\/uploads\/sites\/489\/2023\/09\/Screenshot-2023-09-04-at-17.30.49-768x1021.png 768w, https:\/\/sites.usp.br\/biocel\/wp-content\/uploads\/sites\/489\/2023\/09\/Screenshot-2023-09-04-at-17.30.49-400x532.png 400w, https:\/\/sites.usp.br\/biocel\/wp-content\/uploads\/sites\/489\/2023\/09\/Screenshot-2023-09-04-at-17.30.49.png 894w\" sizes=\"(max-width: 226px) 100vw, 226px\" \/><\/a><\/p>\t\t\t\t\t\t<\/div>\n\t\t\t\t<\/div>\n\t\t\t\t\t<\/div>\n\t\t<\/div>\n\t\t\t\t<div class=\"elementor-column elementor-col-50 elementor-top-column elementor-element elementor-element-74b4685\" data-id=\"74b4685\" data-element_type=\"column\">\n\t\t\t<div class=\"elementor-widget-wrap elementor-element-populated\">\n\t\t\t\t\t\t<div class=\"elementor-element elementor-element-2a3ec99 elementor-widget elementor-widget-text-editor\" data-id=\"2a3ec99\" data-element_type=\"widget\" data-widget_type=\"text-editor.default\">\n\t\t\t\t<div class=\"elementor-widget-container\">\n\t\t\t\t\t\t\t<p><strong>Biologia Celular e Molecular -Luiz Carlos Junqueira e Jos\u00e9 Carneiro \u2013 10a Edi\u00e7\u00e3o \u20132023- Ed. Guanabara Koogan<\/strong><\/p><p>Inteiramente atualizada e reorganizada, mas mantendo o equil\u00edbrio did\u00e1tico que um conte\u00fado introdut\u00f3rio requer, esta obra apresenta todas as informa\u00e7\u00f5es necess\u00e1rias sobre as macromol\u00e9culas celulares, como prote\u00ednas, DNA e RNA. Al\u00e9m disso, fornece os mecanismos b\u00e1sicos para o funcionamento celular, bem como exemplos cl\u00ednicos de disfun\u00e7\u00f5es celulares.<br \/>Ilustra\u00e7\u00f5es detalhadas e de alta qualidade tornam seu conte\u00fado ainda mais rico, facilitando a compreens\u00e3o do leitor sobre os temas abordados.<br \/>Indicada para estudantes das \u00e1reas biol\u00f3gicas e da sa\u00fade, esta obra prepara o aluno para a melhor compreens\u00e3o das fun\u00e7\u00f5es celulares.<\/p>\t\t\t\t\t\t<\/div>\n\t\t\t\t<\/div>\n\t\t\t\t\t<\/div>\n\t\t<\/div>\n\t\t\t\t\t<\/div>\n\t\t<\/section>\n\t\t\t\t<section class=\"elementor-section elementor-top-section elementor-element elementor-element-c3e52dc elementor-section-boxed elementor-section-height-default elementor-section-height-default\" data-id=\"c3e52dc\" data-element_type=\"section\">\n\t\t\t\t\t\t<div class=\"elementor-container elementor-column-gap-default\">\n\t\t\t\t\t<div class=\"elementor-column elementor-col-50 elementor-top-column elementor-element elementor-element-5591981\" data-id=\"5591981\" data-element_type=\"column\">\n\t\t\t<div class=\"elementor-widget-wrap elementor-element-populated\">\n\t\t\t\t\t\t<div class=\"elementor-element elementor-element-ce2e67e elementor-widget elementor-widget-image\" data-id=\"ce2e67e\" data-element_type=\"widget\" data-widget_type=\"image.default\">\n\t\t\t\t<div class=\"elementor-widget-container\">\n\t\t\t\t\t\t\t\t\t\t\t\t\t<img loading=\"lazy\" decoding=\"async\" width=\"212\" height=\"300\" src=\"https:\/\/sites.usp.br\/biocel\/wp-content\/uploads\/sites\/489\/2021\/07\/42122571-212x300-1.jpg\" class=\"attachment-medium size-medium wp-image-922\" alt=\"\" \/>\t\t\t\t\t\t\t\t\t\t\t\t\t<\/div>\n\t\t\t\t<\/div>\n\t\t\t\t\t<\/div>\n\t\t<\/div>\n\t\t\t\t<div class=\"elementor-column elementor-col-50 elementor-top-column elementor-element elementor-element-4999e01\" data-id=\"4999e01\" data-element_type=\"column\">\n\t\t\t<div class=\"elementor-widget-wrap elementor-element-populated\">\n\t\t\t\t\t\t<div class=\"elementor-element elementor-element-ff191f4 elementor-widget elementor-widget-text-editor\" data-id=\"ff191f4\" data-element_type=\"widget\" data-widget_type=\"text-editor.default\">\n\t\t\t\t<div class=\"elementor-widget-container\">\n\t\t\t\t\t\t\t<p><strong>Biologia Celular \u2013 Bases Moleculares e Metodologia -Ed. Fabio Siviero Editora Roca<\/strong><\/p><p>A presente obra tem por objetivo ser um guia, reunindo um conjunto de conceitos de biologia celular e uma cole\u00e7\u00e3o de t\u00e9cnicas utilizadas em laborat\u00f3rios de pesquisa, diagn\u00f3stico e ensino. S\u00e3o contemplados temas como, diferentes t\u00e9cnicas de microscopia e o correto preparo de amostras para sua visualiza\u00e7\u00e3o, imunohistoqu\u00edmica, aspectos \u00e9ticos na pesquisa; bem como temas espec\u00edficos, como sinaliza\u00e7\u00e3o celular, express\u00e3o g\u00eanica e sua quantifica\u00e7\u00e3o, ciclo e morte celulares.<\/p>\t\t\t\t\t\t<\/div>\n\t\t\t\t<\/div>\n\t\t\t\t\t<\/div>\n\t\t<\/div>\n\t\t\t\t\t<\/div>\n\t\t<\/section>\n\t\t\t\t<section class=\"elementor-section elementor-top-section elementor-element elementor-element-49f7425 elementor-section-boxed elementor-section-height-default elementor-section-height-default\" data-id=\"49f7425\" data-element_type=\"section\">\n\t\t\t\t\t\t<div class=\"elementor-container elementor-column-gap-default\">\n\t\t\t\t\t<div class=\"elementor-column elementor-col-50 elementor-top-column elementor-element elementor-element-cfdda61\" data-id=\"cfdda61\" data-element_type=\"column\">\n\t\t\t<div class=\"elementor-widget-wrap elementor-element-populated\">\n\t\t\t\t\t\t<div class=\"elementor-element elementor-element-943ef60 elementor-widget elementor-widget-spacer\" data-id=\"943ef60\" data-element_type=\"widget\" data-widget_type=\"spacer.default\">\n\t\t\t\t<div class=\"elementor-widget-container\">\n\t\t\t\t\t<div class=\"elementor-spacer\">\n\t\t\t<div class=\"elementor-spacer-inner\"><\/div>\n\t\t<\/div>\n\t\t\t\t<\/div>\n\t\t\t\t<\/div>\n\t\t\t\t<div class=\"elementor-element elementor-element-e1f024c elementor-widget elementor-widget-image\" data-id=\"e1f024c\" data-element_type=\"widget\" data-widget_type=\"image.default\">\n\t\t\t\t<div class=\"elementor-widget-container\">\n\t\t\t\t\t\t\t\t\t\t\t\t\t<img loading=\"lazy\" decoding=\"async\" width=\"223\" height=\"300\" src=\"https:\/\/sites.usp.br\/biocel\/wp-content\/uploads\/sites\/489\/2022\/05\/Screen-Shot-2022-05-29-at-19.00.56-223x300.png\" class=\"attachment-medium size-medium wp-image-4138\" alt=\"\" srcset=\"https:\/\/sites.usp.br\/biocel\/wp-content\/uploads\/sites\/489\/2022\/05\/Screen-Shot-2022-05-29-at-19.00.56-223x300.png 223w, https:\/\/sites.usp.br\/biocel\/wp-content\/uploads\/sites\/489\/2022\/05\/Screen-Shot-2022-05-29-at-19.00.56-400x537.png 400w, https:\/\/sites.usp.br\/biocel\/wp-content\/uploads\/sites\/489\/2022\/05\/Screen-Shot-2022-05-29-at-19.00.56.png 582w\" sizes=\"(max-width: 223px) 100vw, 223px\" \/>\t\t\t\t\t\t\t\t\t\t\t\t\t<\/div>\n\t\t\t\t<\/div>\n\t\t\t\t\t<\/div>\n\t\t<\/div>\n\t\t\t\t<div class=\"elementor-column elementor-col-50 elementor-top-column elementor-element elementor-element-7a7304a\" data-id=\"7a7304a\" data-element_type=\"column\">\n\t\t\t<div class=\"elementor-widget-wrap elementor-element-populated\">\n\t\t\t\t\t\t<div class=\"elementor-element elementor-element-77b5b1d elementor-widget elementor-widget-text-editor\" data-id=\"77b5b1d\" data-element_type=\"widget\" data-widget_type=\"text-editor.default\">\n\t\t\t\t<div class=\"elementor-widget-container\">\n\t\t\t\t\t\t\t<p><strong>Histologia &#8211;\u00a0Paulo Alexandre Abrahamsohn -Ed. Guanabara-Koogan<\/strong><\/p><p>Objetivo e atual, este livro foi elaborado para prover aos alunos de gradua\u00e7\u00e3o dos diversos cursos das Ci\u00eancias da Sa\u00fade um conte\u00fado que re\u00fane texto de elevado teor cient\u00edfico, aliado a imagens de preparados histol\u00f3gicos em alt\u00edssima qualidade.<br \/>Os elementos da obra, como organiza\u00e7\u00e3o, formato e projeto gr\u00e1fico, foram escolhidos criteriosamente para proporcionar uma leitura agrad\u00e1vel e tornar as informa\u00e7\u00f5es mais diretas. Dividido didaticamente em 23 cap\u00edtulos, o texto obedece a um encadeamento l\u00f3gico para facilitar a compreens\u00e3o dos assuntos abordados, e \u00e9 complementado por tabelas e primorosas imagens. Al\u00e9m disso, a obra conta com material suplementar dispon\u00edvel online para os leitores que desejam saber mais sobre os temas selecionados pelo autor. Confira mais detalhes \u00a0no site \u00a0<a href=\"http:\/\/www.histologia.pro.br\/\" target=\"_blank\" rel=\"noopener\">www.histologia.pro.br<\/a><\/p>\t\t\t\t\t\t<\/div>\n\t\t\t\t<\/div>\n\t\t\t\t\t<\/div>\n\t\t<\/div>\n\t\t\t\t\t<\/div>\n\t\t<\/section>\n\t\t\t\t<\/div>\n\t\t","protected":false},"excerpt":{"rendered":"<p>Livros Reda\u00e7\u00e3o Cient\u00edfica. Paulo Alexandre Abrahamsohn, Ed. Guanabara Koogan O objetivo deste livro \u00e9 oferecer diretrizes e informa\u00e7\u00f5es para reda\u00e7\u00e3o de textos acad\u00eamicos com muitos exemplos de como proceder e de como n\u00e3o proceder.Cont\u00e9m&#46;&#46;&#46;<\/p>\n","protected":false},"author":870,"featured_media":0,"parent":0,"menu_order":0,"comment_status":"closed","ping_status":"closed","template":"","meta":{"footnotes":"","_links_to":"","_links_to_target":""},"class_list":["post-900","page","type-page","status-publish","hentry"],"_links":{"self":[{"href":"https:\/\/sites.usp.br\/biocel\/wp-json\/wp\/v2\/pages\/900","targetHints":{"allow":["GET"]}}],"collection":[{"href":"https:\/\/sites.usp.br\/biocel\/wp-json\/wp\/v2\/pages"}],"about":[{"href":"https:\/\/sites.usp.br\/biocel\/wp-json\/wp\/v2\/types\/page"}],"author":[{"embeddable":true,"href":"https:\/\/sites.usp.br\/biocel\/wp-json\/wp\/v2\/users\/870"}],"replies":[{"embeddable":true,"href":"https:\/\/sites.usp.br\/biocel\/wp-json\/wp\/v2\/comments?post=900"}],"version-history":[{"count":4,"href":"https:\/\/sites.usp.br\/biocel\/wp-json\/wp\/v2\/pages\/900\/revisions"}],"predecessor-version":[{"id":4377,"href":"https:\/\/sites.usp.br\/biocel\/wp-json\/wp\/v2\/pages\/900\/revisions\/4377"}],"wp:attachment":[{"href":"https:\/\/sites.usp.br\/biocel\/wp-json\/wp\/v2\/media?parent=900"}],"curies":[{"name":"wp","href":"https:\/\/api.w.org\/{rel}","templated":true}]}}