{"id":530,"date":"2016-05-05T09:52:35","date_gmt":"2016-05-05T12:52:35","guid":{"rendered":"http:\/\/sites.usp.br\/biocomparada\/?page_id=530"},"modified":"2025-04-15T10:26:32","modified_gmt":"2025-04-15T13:26:32","slug":"pesquisa","status":"publish","type":"page","link":"https:\/\/sites.usp.br\/biocomparada\/pb\/pesquisa\/","title":{"rendered":"Pesquisa"},"content":{"rendered":"<p><\/p>\n<div id=\"abas\">\n<ul style=\"padding: 0; margin: 0;\">\n<li><a href=\"#linhas\">Linhas de Pesquisa<\/a><\/li>\n<li><a href=\"#labs\">Laborat\u00f3rios de Pesquisa<\/a><\/li>\n<li><a href=\"#grupos\">Grupos de Pesquisa<\/a><\/li>\n<\/ul>\n<div id=\"linhas\">\n<!-- iframe plugin v.6.0 wordpress.org\/plugins\/iframe\/ -->\n<iframe loading=\"lazy\" frameborder=\"0\" height=\"1024px\" marginheight=\"0\" marginwidth=\"0\" scrolling=\"auto\" src=\"https:\/\/pos.ffclrp.usp.br\/pgusp\/pt-br\/ffclrp\/biocomparada\/pesquisa\/areas.html\" width=\"100%\" class=\"iframe-class\"><\/iframe>\n<\/div>\n<div id=\"labs\">\n<ul>\n<li><a href=\"https:\/\/www.ffclrp.usp.br\/labs.php?id=151\" target=\"_blank\">Laborat\u00f3rio de Bioecologia de Crust\u00e1ceos Decapoda &#8211; LBCD (Regis Augusto Pescinelli)<\/a><\/li>\n<li><a href=\"https:\/\/www.instagram.com\/lbsc.usp\/\" target=\"_blank\">Laborat\u00f3rio de Bioecologia e Sistem\u00e1tica de Crust\u00e1ceos &#8211; LBSC (Fernando Luis Medina Mantelatto)<\/a><\/li>\n<li><a href=\"#\" target=\"_blank\">Laborat\u00f3rio de Biologia Comparada e Abelhas \u2013 LBCA (Eduardo A B de Almeida)<\/a><\/li>\n<li><a href=\"#\" target=\"_blank\">Laborat\u00f3rio de Biologia Evolutiva do Desenvolvimento \u2013 EvoDevo \u2013 IB USP (Federico Davi Brow de Almeida)<\/a><\/li>\n<li><a href=\"https:\/\/www.ffclrp.usp.br\/labs.php?id=156\" target=\"_blank\">Laborat\u00f3rio de Biologia Integrativa de Crust\u00e1ceos \u2013 LABIC (Felipe Bezerra Ribeiro)<\/a><\/li>\n<li><a href=\"https:\/\/labic-ufcat.com.br\/\" target=\"_blank\">Laborat\u00f3rio de Biologia Integrativa e Conserva\u00e7\u00e3o &#8211; LABIC \u2013 IFCAT (Mariela Cordeiro de Castro)<\/a><\/li>\n<li><a href=\"#\" target=\"_blank\">Laborat\u00f3rio de Bot\u00e2nica da FCFRP &#8211; LabBot  (Simone de P\u00e1dua Teixeira)<\/a><\/li>\n<li><a href=\"#\" target=\"_blank\">Laborat\u00f3rio de Diversidade Gen\u00e9tica e Evolu\u00e7\u00e3o &#8211; LAGEVol \u2013 UFSCar Sorocaba (Fernando de Faria Franco)<\/a><\/li>\n<li><a href=\"#\" target=\"_blank\">Laborat\u00f3rio de Ecologia de Comunidades e Funcionamento de Ecossistemas &#8211; ECOFERP (Tomas Ferreira Domingues)<\/a><\/li>\n<li><a href=\"https:\/\/sites.usp.br\/laec\/\" target=\"_blank\">Laborat\u00f3rio de Ecologia e Conserva\u00e7\u00e3o \u2013 LAEC (Adriano Garcia Chiarello)<\/a><\/li>\n<li><a href=\"http:\/\/dgp.cnpq.br\/dgp\/espelhogrupo\/8828036608031584\" target=\"_blank\">Laborat\u00f3rio de Ecologia Marinha Costeira &#8211; Eco Mar Lab \u2013 CEBIMAR (Augusto Alberto Valero Flores)<\/a><\/li>\n<li><a href=\"#\" target=\"_blank\">Laborat\u00f3rio de Ecologia Vegetal \u2013 LABEV (Rodrigo Augusto Santinelo Pereira)<\/a><\/li>\n<li><a href=\"#\" target=\"_blank\">Laborat\u00f3rio de Ensino de Biologia \u2013 LEB (Marcelo Tadeu Motokane e Marcelo Pereira)<\/a><\/li>\n<li><a href=\"https:\/\/ledibusp.com.br\/\" target=\"_blank\">Laborat\u00f3rio de Epistemologia e Did\u00e1tica da Biologia \u2013 LEDiB (Fernanda da Rocha Brando Fernandez)<\/a><\/li>\n<li><a href=\"#\" target=\"_blank\">Laborat\u00f3rio de Estudos de Servi\u00e7os Ambientais \u2013 LESAM (Fernanda da Rocha Brando Fernandez)<\/a><\/li>\n<li><a href=\"http:\/\/www.lesbio.ufscar.br\/\" target=\"_blank\">Laborat\u00f3rio de Estudos Subterr\u00e2neos &#8211; LES \u2013 UFSCar S\u00e3o Carlos (Maria Elina Bichuette)<\/a><\/li>\n<li><a href=\"https:\/\/sites.usp.br\/kohlsdorflab\/\" target=\"_blank\">Laborat\u00f3rio de Evolu\u00e7\u00e3o e Biologia Integrativa &#8211; LEBI (Tiana Kohlsdorf)<\/a><\/li>\n<li><a href=\"#\" target=\"_blank\">Laborat\u00f3rio de Fisiologia Comparada &#8211; FisioLab (Wilfried Klein)<\/a><\/li>\n<li><a href=\"#\" target=\"_blank\">Laborat\u00f3rio de Fisiologia Vegetal &#8211; Plant Phys (Carlos Alberto Mart\u00ednez y Huaman)<\/a><\/li>\n<li><a href=\"#\" target=\"_blank\">Laborat\u00f3rio de Gen\u00e9tica Evolutiva \u2013 LGE (Maura Helena Manfrin)<\/a><\/li>\n<li><a href=\"#\" target=\"_blank\">Laborat\u00f3rio de Hist\u00f3ria e Teoria da Biologia &#8211; LHTB (Lilian Al-Chueyr Pereira Martins)<\/a><\/li>\n<li><a href=\"#\" target=\"_blank\">Laborat\u00f3rio de Ictiologia de Ribeir\u00e3o Preto &#8211; LIRP (Flavio Alicino Bockmann e Ricardo Macedo Corr\u00eaa e Castro)<\/a><\/li>\n<li><a href=\"#\" target=\"_blank\">Laborat\u00f3rio de Morfologia Vegetal e Palinologia \u2013 LaMpali \u2013 UNESP Jaboticabal (Eduardo Cust\u00f3dio Gasparino) <\/a><\/li>\n<li><a href=\"#\" target=\"_blank\">Laborat\u00f3rio de Neurobiologia e Pe\u00e7onhas \u2013 LNP (Wagner Ferreira dos Santos)<\/a><\/li>\n<li><a href=\"#\" target=\"_blank\">Laborat\u00f3rio de Paleobiologia e Astrobiologia &#8211; LPA UFSCar Sorocaba (Mirian Liza Alves Forancelli Pacheco) <\/a><\/li>\n<li><a href=\"#\" target=\"_blank\">Laborat\u00f3rio de Paleontologia de Ribeir\u00e3o Preto (LPRP) (Max Cardoso Langer e Annie Schmaltz Hsiou)<\/a><\/li>\n<li><a href=\"#\" target=\"_blank\">Laborat\u00f3rio de Sistem\u00e1tica de Aracn\u00eddeos \u2013 LSA UFSCar S\u00e3o Carlos (Facundo Mart\u00edn Labarque)<\/a><\/li>\n<li><a href=\"https:\/\/sites.ffclrp.usp.br\/sistematicadeplantas\/\" target=\"_blank\">Laborat\u00f3rio de Sistem\u00e1tica de Plantas \u2013 LSP (Milton Groppo)<\/a><\/li>\n<li><a href=\"https:\/\/www.taxep.ufscar.br\/\" target=\"_blank\">Laborat\u00f3rio de Taxonomia e Evolu\u00e7\u00e3o de Plantas \u2013 TaxEP UFSCar S\u00e3o Carlos  (Leonardo Maurici Borges)<\/a><\/li>\n<li><a href=\"#\" target=\"_blank\">Laborat\u00f3rio de Taxonomia, Ecologia e Sistem\u00e1tica de Anuros Neotropicais \u2013 TECSAN UFU (Ariovaldo Antonio Giaretta)<\/a><\/li>\n<\/ul>\n<\/div>\n<div id=\"grupos\">\n<h2>ECOLOGIA E CONSERVA\u00c7\u00c3O DA BIODIVERSIDADE<\/h2>\n<p>Estudo das intera\u00e7\u00f5es entre organismos e o meio ambiente, envolvendo tanto os diferentes atributos da biodiversidade (composi\u00e7\u00e3o, estrutura e fun\u00e7\u00e3o) como as mais diversas escalas (gene, indiv\u00edduo, popula\u00e7\u00e3o, comunidade, bioma, biosfera); contemplando aspectos puramente conceituais e te\u00f3ricos da ecologia e da conserva\u00e7\u00e3o, bem como a sua aplica\u00e7\u00e3o pr\u00e1tica, seja ela voltada \u00e0 compreens\u00e3o dos processos ecol\u00f3gicos ou ao monitoramento, predi\u00e7\u00e3o e mitiga\u00e7\u00e3o dos efeitos diretos e indiretos da a\u00e7\u00e3o antr\u00f3pica sobre a biodiversidade de maneira geral.<\/p>\n<h2>EVOLU\u00c7\u00c3O DA BIODIVERSIDADE<\/h2>\n<p>A linha de pesquisa \u201cEvolu\u00e7\u00e3o da Biodiversidade\u201d enfatiza a compreens\u00e3o da hist\u00f3ria evolutiva dos organismos e a infer\u00eancia de inter-rela\u00e7\u00f5es filogen\u00e9ticas em linhagens viventes e extintas, acessando a biodiversidade presente e pret\u00e9rita. Essa linha incorpora estudos dedicados \u00e0 compreens\u00e3o da origem e evolu\u00e7\u00e3o de caracteres fenot\u00edpicos e gen\u00e9ticos, que congregam diferentes n\u00edveis de organiza\u00e7\u00e3o na an\u00e1lise da evolu\u00e7\u00e3o biol\u00f3gica.<\/p>\n<p>Dado que processos evolutivos s\u00e3o inerentes aos diferentes aspectos da Biodiversidade, a linha \u201cEvolu\u00e7\u00e3o da Biodiversidade\u201d integra-se com as demais linhas de pesquisa existentes (\u201cEcologia e Conserva\u00e7\u00e3o da Biodiversidade\u201d e \u201cHist\u00f3ria, Filosofia e Ensino de Evolu\u00e7\u00e3o e Ecologia\u201d), estabelecendo o gradiente te\u00f3rico e conceitual que define o car\u00e1ter interdisciplinar do Programa de P\u00f3s-gradua\u00e7\u00e3o em Biologia Comparada da FFCLRP\/USP.<\/p>\n<h2>HIST\u00d3RIA, FILOSOFIA E ENSINO DE EVOLU\u00c7\u00c3O E ECOLOGIA<\/h2>\n<p>Estudos sobre a constru\u00e7\u00e3o do conhecimento em biologia comparada e ecologia; estudos ambientais; estudos sobre os processos educativos em biologia nos diferentes n\u00edveis e espa\u00e7os de ensino e aprendizagem.<\/p>\n<\/div>\n<\/div>\n<p><\/p>","protected":false},"excerpt":{"rendered":"<p>Linhas de Pesquisa Laborat\u00f3rios de Pesquisa Grupos de Pesquisa Laborat\u00f3rio de Bioecologia de Crust\u00e1ceos Decapoda [&hellip;]<\/p>\n","protected":false},"author":211,"featured_media":0,"parent":0,"menu_order":0,"comment_status":"closed","ping_status":"closed","template":"","meta":{"footnotes":"","_links_to":"","_links_to_target":""},"class_list":["post-530","page","type-page","status-publish","hentry"],"_links":{"self":[{"href":"https:\/\/sites.usp.br\/biocomparada\/pb\/wp-json\/wp\/v2\/pages\/530","targetHints":{"allow":["GET"]}}],"collection":[{"href":"https:\/\/sites.usp.br\/biocomparada\/pb\/wp-json\/wp\/v2\/pages"}],"about":[{"href":"https:\/\/sites.usp.br\/biocomparada\/pb\/wp-json\/wp\/v2\/types\/page"}],"author":[{"embeddable":true,"href":"https:\/\/sites.usp.br\/biocomparada\/pb\/wp-json\/wp\/v2\/users\/211"}],"replies":[{"embeddable":true,"href":"https:\/\/sites.usp.br\/biocomparada\/pb\/wp-json\/wp\/v2\/comments?post=530"}],"version-history":[{"count":5,"href":"https:\/\/sites.usp.br\/biocomparada\/pb\/wp-json\/wp\/v2\/pages\/530\/revisions"}],"predecessor-version":[{"id":1197,"href":"https:\/\/sites.usp.br\/biocomparada\/pb\/wp-json\/wp\/v2\/pages\/530\/revisions\/1197"}],"wp:attachment":[{"href":"https:\/\/sites.usp.br\/biocomparada\/pb\/wp-json\/wp\/v2\/media?parent=530"}],"curies":[{"name":"wp","href":"https:\/\/api.w.org\/{rel}","templated":true}]}}