{"id":648,"date":"2016-05-04T10:21:20","date_gmt":"2016-05-04T13:21:20","guid":{"rendered":"http:\/\/sites.usp.br\/biocomparada\/?page_id=512"},"modified":"2023-07-05T15:59:28","modified_gmt":"2023-07-05T18:59:28","slug":"apresentacao","status":"publish","type":"page","link":"https:\/\/sites.usp.br\/biocomparada\/pb\/apresentacao\/","title":{"rendered":"Apresenta\u00e7\u00e3o"},"content":{"rendered":"<p><\/p>\n<div id=\"abas\">\n<ul style=\"padding: 0; margin: 0;\">\n<li><a href=\"#historico\">Hist\u00f3rico<\/a><\/li>\n<li><a href=\"#objetivos\">Objetivos<\/a><\/li>\n<li><a href=\"#areasPesq\">\u00c1reas de Pesquisa<\/a><\/li>\n<li><a href=\"#concCAPES\">Conceito CAPES<\/a><\/li>\n<li><a href=\"#CCP\">Coordena\u00e7\u00e3o<\/a><\/li>\n<li><a href=\"#calReunioes\">Calend\u00e1rio de Reuni\u00f5es<\/a><\/li>\n<li><a href=\"#contato\">Contato<\/a><\/li>\n<\/ul>\n<div id=\"historico\">\n<p>    Sediado na Faculdade de Filosofia, Ci\u00eancias e Letras de Ribeir\u00e3o Preto (FFCLRP-USP), o Programa de P\u00f3s-gradua\u00e7\u00e3o em Biologia Comparada foi criado em 1997 com o objetivo de formar especialistas (docentes, pesquisadores e recursos humanos) na compreens\u00e3o da hist\u00f3ria evolutiva dos organismos e de seus mecanismos de adapta\u00e7\u00e3o ao ambiente. O programa possui car\u00e1ter interdisciplinar, compreendendo grupos de pesquisa de diferentes \u00e1reas. No Programa enfatiza-se a compreens\u00e3o da hist\u00f3ria evolutiva dos organismos, suas inter-rela\u00e7\u00f5es filogen\u00e9ticas, e seus mecanismos de adapta\u00e7\u00e3o aos respectivos ambientes, agregando-se ainda uma linha de pesquisa dedicada \u00e0 Hist\u00f3ria, filosofia e ensino de Ecologia e Evolu\u00e7\u00e3o. Seu car\u00e1ter interdisciplinar resulta da integra\u00e7\u00e3o de grupos de pesquisa em \u00e1reas complementares, as quais s\u00e3o organizadas em tr\u00eas grandes linhas de pesquisa: 1) Evolu\u00e7\u00e3o da Biodiversidade; 2) Ecologia e Conserva\u00e7\u00e3o da Biodiversidade; 3) Hist\u00f3ria, Filosofia e Ensino de Evolu\u00e7\u00e3o e Ecologia.<\/p>\n<p>    O Programa de P\u00f3s-Gradua\u00e7\u00e3o em Biologia Comparada organiza periodicamente encontros cient\u00edficos, tais como o \u201cEncontro de Biologia Comparada\u201d e o \u201cDarwin Day\u201d, que s\u00e3o abertos para o p\u00fablico em geral, em especial para alunos de ensino de n\u00edvel m\u00e9dio e tamb\u00e9m de n\u00edvel universit\u00e1rio de Institui\u00e7\u00f5es de Ensino Superior externas \u00e0 USP. Durante tais encontros, s\u00e3o apresentados e compartilhados com o referido p\u00fablico conceitos fundamentais de Biologia Comparada, Biodiversidade, Ecologia e Evolu\u00e7\u00e3o, e de Hist\u00f3ria, Filosofia e Ensino de Biologia, abarcados pelas pesquisas dos corpos docente e discente do Programa. Docentes e discentes do Programa tamb\u00e9m concedem regularmente entrevistas e atendem a consultas da m\u00eddia relacionadas \u00e0s suas \u00e1reas de atua\u00e7\u00e3o cient\u00edfica. Da mesma forma, s\u00e3o comumente emitidos laudos t\u00e9cnicos sobre problemas envolvendo quest\u00f5es sistem\u00e1ticas e evolutivas e tamb\u00e9m efetuadas an\u00e1lises de impacto ambiental em diversos n\u00edveis de abrang\u00eancia.<\/p><\/div>\n<div id=\"objetivos\">\n<p>    O Programa de P\u00f3s-Gradua\u00e7\u00e3o em Biologia Comparada, sediado no Departamento de Biologia, Faculdade de Filosofia, Ci\u00eancias e Letras de Ribeir\u00e3o Preto, da Universidade de S\u00e3o Paulo em Ribeir\u00e3o Preto, tem por objetivo central a forma\u00e7\u00e3o de docentes, pesquisadores e recursos humanos altamente qualificados no \u00e2mbito das Ci\u00eancias Biol\u00f3gicas. A estrutura do Curso compreende um n\u00facleo formador composto por disciplinas obrigat\u00f3rias e um conjunto mais amplo de disciplinas optativas, al\u00e9m de um trabalho pr\u00e1tico visando a elabora\u00e7\u00e3o da disserta\u00e7\u00e3o (mestrado) ou tese (doutorado). Alunos e docentes podem ainda complementar sua forma\u00e7\u00e3o frequentando semin\u00e1rios semanais, oferecidos conjuntamente com o Programa de P\u00f3s-gradua\u00e7\u00e3o em Entomologia da FFCLRP\/USP ( <a href=\"http:\/\/1cafecomciencia.blogspot.com.br\/\" target=\"_blank\" rel=\"noopener noreferrer\">http:\/\/1cafecomciencia.blogspot.com.br\/<\/a>), e participando do Darwin Day e do Encontro de Biologia Comparada, ambos organizados por alunos regularmente matriculados no Programa.<\/p><\/div>\n<div id=\"areasPesq\">\n<p>    O Programa de P\u00f3s-Gradua\u00e7\u00e3o em Biologia Comparada \u00e9 composto por tr\u00eas grandes \u00c1reas de Pesquisa:<\/p>\n<ul>\n<li>1) Evolu\u00e7\u00e3o da Biodiversidade;<\/li>\n<li>2) Ecologia e Conserva\u00e7\u00e3o da Biodiversidade;<\/li>\n<li>3) Hist\u00f3ria, Filosofia e Ensino de Evolu\u00e7\u00e3o e Ecologia.<\/li>\n<\/ul><\/div>\n<div id=\"concCAPES\">\n<p style=\"margin-bottom: 3%;\"><span style=\"font-weight: bolder; font-size: 1.5em;\">2017 &#8211; 2020 = 6<\/span><\/p>\n<p style=\"margin-bottom: 3%;\">2013 \u2013 2016 =6<\/p>\n<p style=\"margin-bottom: 3%;\">2010 \u2013 2012 = 5<\/p>\n<p style=\"margin-bottom: 3%;\">2007 \u2013 2009 = 5<\/p>\n<p style=\"margin-bottom: 3%;\">2004 \u2013 2006 = 5<\/p>\n<p style=\"margin-bottom: 3%;\">2001 \u2013 2003 = 4<\/p>\n<\/p><\/div>\n<div id=\"CCP\">\n<object data=\"https:\/\/pos.ffclrp.usp.br\/pgusp\/NereuColeg\/ExibeColegiado.php?idCol=5903&#038;sglCol=CCP\" width=\"100%\" height=\"1080\"><\/object> <\/p><\/div>\n<div id=\"calReunioes\" style=\"text-align: left;\">\n<p> <object data=\"https:\/\/sites.usp.br\/biocomparada\/wp-content\/uploads\/sites\/110\/2023\/07\/Calendario-CCP-e-CPG-2023.pdf\" width=\"800\" height=\"1200\"><\/object> <\/p><\/div>\n<div><\/div>\n<div id=\"contato\">\n<!-- iframe plugin v.6.0 wordpress.org\/plugins\/iframe\/ -->\n<iframe loading=\"lazy\" frameborder=\"0\" scrolling=\"auto\" marginheight=\"0\" marginwidth=\"0\" src=\"https:\/\/pos.ffclrp.usp.br\/pgusp\/pt-br\/ffclrp\/biocomparada\/contato.html\" width=\"100%\" height=\"1024px\" class=\"iframe-class\"><\/iframe>\n<\/div>\n<\/div>\n<p><\/p>","protected":false},"excerpt":{"rendered":"<p>Hist\u00f3rico Objetivos \u00c1reas de Pesquisa Conceito CAPES Coordena\u00e7\u00e3o Calend\u00e1rio de Reuni\u00f5es Contato Sediado na Faculdade [&hellip;]<\/p>\n","protected":false},"author":211,"featured_media":0,"parent":0,"menu_order":1,"comment_status":"closed","ping_status":"closed","template":"","meta":{"footnotes":"","_links_to":"","_links_to_target":""},"class_list":["post-648","page","type-page","status-publish","hentry"],"_links":{"self":[{"href":"https:\/\/sites.usp.br\/biocomparada\/pb\/wp-json\/wp\/v2\/pages\/648","targetHints":{"allow":["GET"]}}],"collection":[{"href":"https:\/\/sites.usp.br\/biocomparada\/pb\/wp-json\/wp\/v2\/pages"}],"about":[{"href":"https:\/\/sites.usp.br\/biocomparada\/pb\/wp-json\/wp\/v2\/types\/page"}],"author":[{"embeddable":true,"href":"https:\/\/sites.usp.br\/biocomparada\/pb\/wp-json\/wp\/v2\/users\/211"}],"replies":[{"embeddable":true,"href":"https:\/\/sites.usp.br\/biocomparada\/pb\/wp-json\/wp\/v2\/comments?post=648"}],"version-history":[{"count":5,"href":"https:\/\/sites.usp.br\/biocomparada\/pb\/wp-json\/wp\/v2\/pages\/648\/revisions"}],"predecessor-version":[{"id":1121,"href":"https:\/\/sites.usp.br\/biocomparada\/pb\/wp-json\/wp\/v2\/pages\/648\/revisions\/1121"}],"wp:attachment":[{"href":"https:\/\/sites.usp.br\/biocomparada\/pb\/wp-json\/wp\/v2\/media?parent=648"}],"curies":[{"name":"wp","href":"https:\/\/api.w.org\/{rel}","templated":true}]}}