{"id":146,"date":"2020-08-11T11:43:50","date_gmt":"2020-08-11T13:43:50","guid":{"rendered":"https:\/\/sites.usp.br\/biologia\/?page_id=146"},"modified":"2025-03-12T08:23:18","modified_gmt":"2025-03-12T10:23:18","slug":"pesquisa","status":"publish","type":"page","link":"https:\/\/sites.usp.br\/biologia\/pesquisa\/","title":{"rendered":"Pesquisa"},"content":{"rendered":"<p>O DB vem confirmando a cada ano sua forte voca\u00e7\u00e3o em pesquisa nas diferentes \u00e1reas do conhecimento, primando pela qualidade e contribuindo com forte impacto na produ\u00e7\u00e3o de conhecimento e tecnologias gerados por cada uma das linhas de pesquisa coordenadas por seus docentes, os quais t\u00eam recebido financiamento de diferentes ag\u00eancias de fomento \u00e0 pesquisa, como FAPESP, CAPES e CNPq, al\u00e9m de capta\u00e7\u00e3o internacional. \u00c9 importante considerar ainda a parte concedida ao Departamento na forma de Reserva T\u00e9cnica Institucional da FAPESP, que \u00e9 proporcional ao montante captado pelos grupos de pesquisa do DB e permite melhorias substanciais na estrutura e suporte \u00e0 pesquisa desenvolvida. O DB \u00e9 um dos principais captadores de recursos dentro da FFCLRP, e destaca-se n\u00e3o apenas pelo montante financeiro adquirido, mas tamb\u00e9m por sua aplica\u00e7\u00e3o em propostas coletivas que beneficiam o Departamento como um todo.<\/p>\n<h3><\/h3>\n<h2>LABORAT\u00d3RIOS<\/h2>\n<p><strong>Laborat\u00f3rio de Bioecologia de Crust\u00e1ceos Decapoda<\/strong><\/p>\n<p><strong><a href=\"https:\/\/sites.google.com\/a\/lbscdecapoda.org\/www\/home\">Laborat\u00f3rio de Bioecologia e Sistem\u00e1tica de Crust\u00e1ceos\u00a0<\/a><\/strong><\/p>\n<p><strong><a href=\"https:\/\/solcetes-lab.ffclrp.usp.br\/\">Laborat\u00f3rio de Biologia Celular e Oncogen\u00e9tica<\/a><\/strong><\/p>\n<p><strong>Laborat\u00f3rio de Biologia Comparada e Abelhas<\/strong><\/p>\n<p><strong>Laborat\u00f3rio de Biologia do Desenvolvimento de Abelhas<\/strong><\/p>\n<p><strong>Laborat\u00f3rio de Biologia Integrativa de Crust\u00e1ceos<\/strong><\/p>\n<p><strong>Laborat\u00f3rio de Biologia Molecular de Plantas<\/strong><\/p>\n<p><strong><a href=\"http:\/\/sites.ffclrp.usp.br\/lbmbp\/\">Laborat\u00f3rio de Biologia Molecular e Biossistem\u00e1tica de Plantas<\/a><\/strong><\/p>\n<p><strong>Laborat\u00f3rio de Biotecnologia e Enzimologia de Fungos Filamentosos<\/strong><\/p>\n<p><strong>Laborat\u00f3rio de Citogen\u00e9tica e Mutag\u00eanese<\/strong><\/p>\n<p><strong>Laborat\u00f3rio de Comportamento e Ecologia de Insetos Sociais<\/strong><\/p>\n<p><strong>Laborat\u00f3rio de Ecofisiologia e Comportamento de Roedores<\/strong><\/p>\n<p><strong>Laborat\u00f3rio de Ecologia de Comunidades e Funcionamento de Ecossistemas<\/strong><\/p>\n<p><strong>Laborat\u00f3rio de Ecologia e An\u00e1lise de Paisagens<\/strong><\/p>\n<p><strong>Laborat\u00f3rio de Ecologia e Conserva\u00e7\u00e3o<\/strong><\/p>\n<p><strong>Laborat\u00f3rio de Ecologia e Evolu\u00e7\u00e3o de Abelhas e Vespas<\/strong><\/p>\n<p><strong>Laborat\u00f3rio de Ecologia Vegetal<\/strong><\/p>\n<p><strong>Laborat\u00f3rio de Ensino de Biologia<\/strong><\/p>\n<p><strong><a href=\"http:\/\/ledibusp.com.br\">Laborat\u00f3rio de Epistemologia e Did\u00e1tica da Biologia<\/a><\/strong><\/p>\n<p><strong>Laborat\u00f3rio de Estudos de Servi\u00e7os Ambientais<\/strong><\/p>\n<p><strong><a href=\"https:\/\/sites.usp.br\/kohlsdorflab\/\">Laborat\u00f3rio de Evolu\u00e7\u00e3o e Biologia Integrativa<\/a><\/strong><\/p>\n<p><strong>Laborat\u00f3rio de Fisiologia Comparada<\/strong><\/p>\n<p><strong>Laborat\u00f3rio de Fisiologia Vegetal<\/strong><\/p>\n<p><strong>Laborat\u00f3rio de Gen\u00e9tica Evolutiva<\/strong><\/p>\n<p><strong>Laborat\u00f3rio de Gen\u00e9tica Molecular da Anidrobiose<\/strong><\/p>\n<p><strong>Laborat\u00f3rio de Hist\u00f3ria e Teoria da Biologia<\/strong><\/p>\n<p><strong>Laborat\u00f3rio de Ictiologia de Ribeir\u00e3o Preto<\/strong><\/p>\n<p><strong>Laborat\u00f3rio de Imunologia<\/strong><\/p>\n<p><strong><a href=\"http:\/\/silvarochar.wixsite.com\/ssbl\">Laborat\u00f3rio de Metagen\u00f4mica Funcional<\/a><\/strong><\/p>\n<p><strong>Laborat\u00f3rio de Microbiologia e Biologia Celular<\/strong><\/p>\n<p><strong>Laborat\u00f3rio de Morfologia e Evolu\u00e7\u00e3o de Diptera<\/strong><\/p>\n<p><strong>Laborat\u00f3rio de Neurobiologia e Pe\u00e7onhas<\/strong><\/p>\n<p><strong><a href=\"https:\/\/www.paleolab.com.br\/\">Laborat\u00f3rio de Paleontologia de Ribeir\u00e3o Preto<\/a><\/strong><\/p>\n<p><strong>Laborat\u00f3rio de Palinologia<\/strong><\/p>\n<p><strong>Laborat\u00f3rio de Sistem\u00e1tica de Plantas<\/strong><\/p>\n<h3><\/h3>\n<h2>COLE\u00c7\u00d5ES<\/h2>\n<p><strong>Cole\u00e7\u00e3o de Crust\u00e1ceos do Departamento de Biologia<\/strong><\/p>\n<p><strong>Cole\u00e7\u00e3o de Fungos Filamentosos do Laborat\u00f3rio de Microbiologia e Biologia Celular<\/strong><\/p>\n<p><strong>Cole\u00e7\u00e3o de Peixes do Laborat\u00f3rio de Ictiologia de Ribeir\u00e3o Preto<\/strong><\/p>\n<p><strong>Cole\u00e7\u00e3o Entomol\u00f3gica &#8220;Prof.J.M.F.Camargo&#8221; da FFCLRP<\/strong><\/p>\n<p><strong>Cole\u00e7\u00e3o Herpetol\u00f3gica de Ribeir\u00e3o Preto<\/strong><\/p>\n<p><strong>Cole\u00e7\u00e3o Malacol\u00f3gica de Ribeir\u00e3o Preto<\/strong><\/p>\n<p><strong>Cole\u00e7\u00e3o Viva de Figueiras<\/strong><\/p>\n<p><strong>Herb\u00e1rio do Departamento de Biologia da FFCLRPUSP<\/strong><\/p>\n<p><strong>Laborat\u00f3rio de Paleontologia de Ribeir\u00e3o Preto<\/strong><\/p>\n<h3><\/h3>\n<h2>CENTRAL MULTIUSU\u00c1RIO<\/h2>\n<p><a href=\"https:\/\/sites.google.com\/ffclrp.usp.br\/cdb\/home\"><strong>Centro para Documenta\u00e7\u00e3o de Biodiversidade<\/strong><\/a><\/p>\n","protected":false},"excerpt":{"rendered":"<p>O DB vem confirmando a cada ano sua forte voca\u00e7\u00e3o em pesquisa nas diferentes \u00e1reas do conhecimento, primando pela qualidade e contribuindo com forte impacto na produ\u00e7\u00e3o de conhecimento e tecnologias gerados por cada uma das linhas de pesquisa coordenadas &hellip; <a href=\"https:\/\/sites.usp.br\/biologia\/pesquisa\/\">Continue reading <span class=\"meta-nav\">&rarr;<\/span><\/a><\/p>\n","protected":false},"author":1180,"featured_media":0,"parent":0,"menu_order":2,"comment_status":"closed","ping_status":"closed","template":"","meta":{"footnotes":"","_links_to":"","_links_to_target":""},"class_list":["post-146","page","type-page","status-publish","hentry"],"_links":{"self":[{"href":"https:\/\/sites.usp.br\/biologia\/wp-json\/wp\/v2\/pages\/146","targetHints":{"allow":["GET"]}}],"collection":[{"href":"https:\/\/sites.usp.br\/biologia\/wp-json\/wp\/v2\/pages"}],"about":[{"href":"https:\/\/sites.usp.br\/biologia\/wp-json\/wp\/v2\/types\/page"}],"author":[{"embeddable":true,"href":"https:\/\/sites.usp.br\/biologia\/wp-json\/wp\/v2\/users\/1180"}],"replies":[{"embeddable":true,"href":"https:\/\/sites.usp.br\/biologia\/wp-json\/wp\/v2\/comments?post=146"}],"version-history":[{"count":7,"href":"https:\/\/sites.usp.br\/biologia\/wp-json\/wp\/v2\/pages\/146\/revisions"}],"predecessor-version":[{"id":1590,"href":"https:\/\/sites.usp.br\/biologia\/wp-json\/wp\/v2\/pages\/146\/revisions\/1590"}],"wp:attachment":[{"href":"https:\/\/sites.usp.br\/biologia\/wp-json\/wp\/v2\/media?parent=146"}],"curies":[{"name":"wp","href":"https:\/\/api.w.org\/{rel}","templated":true}]}}