{"id":1549,"date":"2024-12-05T12:09:13","date_gmt":"2024-12-05T14:09:13","guid":{"rendered":"https:\/\/sites.usp.br\/biologia\/?page_id=1549"},"modified":"2024-12-05T12:12:19","modified_gmt":"2024-12-05T14:12:19","slug":"mario-de-vivo","status":"publish","type":"page","link":"https:\/\/sites.usp.br\/biologia\/mario-de-vivo\/","title":{"rendered":"M\u00e1rio de Vivo"},"content":{"rendered":"<p><span style=\"color: #ff6600;\"><strong>Titula\u00e7\u00e3o:<\/strong><\/span> Professor S\u00eanior<\/p>\n<p><span style=\"color: #ff6600;\"><strong>Email: <\/strong><\/span>mdvivo@gmail.com<\/p>\n<p><a href=\"http:\/\/lattes.cnpq.br\/3360600541764043\"><img loading=\"lazy\" decoding=\"async\" class=\"alignnone wp-image-968 size-full\" src=\"https:\/\/sites.usp.br\/biologia\/wp-content\/uploads\/sites\/782\/2022\/01\/lattes.jpg\" alt=\"\" width=\"168\" height=\"43\" \/><\/a><\/p>\n","protected":false},"excerpt":{"rendered":"<p>Titula\u00e7\u00e3o: Professor S\u00eanior Email: mdvivo@gmail.com<\/p>\n","protected":false},"author":22022,"featured_media":0,"parent":0,"menu_order":0,"comment_status":"closed","ping_status":"closed","template":"","meta":{"footnotes":"","_links_to":"","_links_to_target":""},"class_list":["post-1549","page","type-page","status-publish","hentry"],"_links":{"self":[{"href":"https:\/\/sites.usp.br\/biologia\/wp-json\/wp\/v2\/pages\/1549","targetHints":{"allow":["GET"]}}],"collection":[{"href":"https:\/\/sites.usp.br\/biologia\/wp-json\/wp\/v2\/pages"}],"about":[{"href":"https:\/\/sites.usp.br\/biologia\/wp-json\/wp\/v2\/types\/page"}],"author":[{"embeddable":true,"href":"https:\/\/sites.usp.br\/biologia\/wp-json\/wp\/v2\/users\/22022"}],"replies":[{"embeddable":true,"href":"https:\/\/sites.usp.br\/biologia\/wp-json\/wp\/v2\/comments?post=1549"}],"version-history":[{"count":2,"href":"https:\/\/sites.usp.br\/biologia\/wp-json\/wp\/v2\/pages\/1549\/revisions"}],"predecessor-version":[{"id":1551,"href":"https:\/\/sites.usp.br\/biologia\/wp-json\/wp\/v2\/pages\/1549\/revisions\/1551"}],"wp:attachment":[{"href":"https:\/\/sites.usp.br\/biologia\/wp-json\/wp\/v2\/media?parent=1549"}],"curies":[{"name":"wp","href":"https:\/\/api.w.org\/{rel}","templated":true}]}}