{"id":369,"date":"2020-09-21T13:18:53","date_gmt":"2020-09-21T15:18:53","guid":{"rendered":"http:\/\/sites.usp.br\/biologia\/?page_id=369"},"modified":"2025-03-19T08:34:44","modified_gmt":"2025-03-19T10:34:44","slug":"novidades","status":"publish","type":"page","link":"https:\/\/sites.usp.br\/biologia\/novidades\/","title":{"rendered":"Not\u00edcias"},"content":{"rendered":"<div><strong><span style=\"color: #ff6600;\">AGENDAMENTOS: CENTRO PARA DOCUMENTA\u00c7\u00c3O DA BIODIVERSIDADE<\/span><\/strong><\/div>\n<div><\/div>\n<div>Ap\u00f3s a melhora nos indicadores da pandemia da covid-19 e retomada plena de atividades presenciais na Universidade de S\u00e3o Paulo, o Centro para Documenta\u00e7\u00e3o da Biodiversidade (CDB) do Departamento de Biologia da FFCLRP\/USP foi reaberto para atendimento \u00e0s demandas de servi\u00e7os e usos de equipamentos l\u00e1 instalados. Nos \u00faltimos meses, atendemos \u00e0s demandas previamente agendadas e solicita\u00e7\u00f5es feitas durante os anos de 2020 e 2021. Neste momento, passamos ao agendamento de novos servi\u00e7os, mesmo nos casos sem que tenha havido um agendamento pr\u00e9vio.<\/div>\n<div><\/div>\n<div>Todos os agendamentos dever\u00e3o ser iniciados pelo preenchimento do formul\u00e1rio eletr\u00f4nico Google\u00a0<a href=\"https:\/\/forms.gle\/8bpawCngdGzjbha1A\" target=\"_blank\" rel=\"noopener\" data-saferedirecturl=\"https:\/\/www.google.com\/url?q=https:\/\/forms.gle\/8bpawCngdGzjbha1A&amp;source=gmail&amp;ust=1655397067116000&amp;usg=AOvVaw0omyIm3-6Ya4hdIn-_EHB1\">https:\/\/forms.gle\/<wbr \/>8bpawCngdGzjbha1A<\/a>, que registrar\u00e1 informa\u00e7\u00f5es essenciais ao planejamento do servi\u00e7o a ser realizado. Para a defini\u00e7\u00e3o da data e hor\u00e1rio, por gentileza utilize sempre ao email oficial do CDB, &lt;<a href=\"mailto:cdb@ffclrp.usp.br\" target=\"_blank\" rel=\"noopener\">cdb@ffclrp.usp.br<\/a>&gt;. Esse procedimento dever\u00e1 ser realizado para agendamento de qualquer um dos esquipamentos dispon\u00edveis no CDB. No momento, suspendemos em car\u00e1ter excepcional e tempor\u00e1rio, a cobran\u00e7a de taxas para presta\u00e7\u00e3o de servi\u00e7os. A prepara\u00e7\u00e3o das amostras para an\u00e1lise dever\u00e1 ocorrer previamente e \u00e9 de responsabilidade dos usu\u00e1rios. Caso n\u00e3o tenha experi\u00eancia pr\u00e9via com a prepara\u00e7\u00e3o das amostras para an\u00e1lise, o Sr. Daniel Cavallari poder\u00e1 fornecer mais informa\u00e7\u00f5es sobre como proceder (utilize tamb\u00e9m o e-mail &lt;<a href=\"mailto:cdb@ffclrp.usp.br\" target=\"_blank\" rel=\"noopener\">cdb@ffclrp.usp.br<\/a>&gt;). No caso de amostras biol\u00f3gicas, assegure-se de que o material a ser processado \u00e9 est\u00e9ril e n\u00e3o ofere\u00e7a riscos de manipula\u00e7\u00e3o.<\/div>\n<div><\/div>\n<div>Tomamos os cuidados para a assegurar condi\u00e7\u00f5es saud\u00e1veis e redu\u00e7\u00e3o de possibilidade de cont\u00e1gio de usu\u00e1rios e funcion\u00e1rios do CDB. \u00c9 essencial que indiv\u00edduos que ingressem no CDB estejam plenamente vacinados, concordem em utilizar m\u00e1scaras durante o per\u00edodo de realiza\u00e7\u00e3o de trabalhos e que n\u00e3o apresentam sintomas gripais ou estiveram em contato com quaisquer pessoas com tais sintomas.<\/div>\n<div>\n<p>&nbsp;<\/p>\n<div><span style=\"color: #ff6600;\"><strong>FESTA JUNINA DO DEPARTAMENTO<\/strong><\/span><\/div>\n<div><\/div>\n<div>No dia 28 de junho, fizemos a nossa Festa Junina do Departamento. Com comida, bebida, bandeirinhas e m\u00fasica, docentes e funcion\u00e1rios colocaram as conversas em dia e relaxaram um pouco depois de um semestre de intenso trabalho.<\/div>\n<div><\/div>\n<div>Nesse encontro foi apresentado aos demais membros do DB o Prof. M\u00e1rio de Vivo, agora docente s\u00eanior do Departamento. O Prof. M\u00e1rio (na foto em p\u00e9, de camiseta verde ao fundo) volta para o DB ap\u00f3s anos atuando no Museu de Zoologia da USP. Bem vindo de volta!<\/div>\n<\/div>\n<div><a href=\"https:\/\/sites.usp.br\/biologia\/wp-content\/uploads\/sites\/782\/2024\/07\/WhatsApp-Image-2024-06-28-at-16.42.21.jpeg\"><img loading=\"lazy\" decoding=\"async\" class=\"alignnone size-large wp-image-1456\" src=\"https:\/\/sites.usp.br\/biologia\/wp-content\/uploads\/sites\/782\/2024\/07\/WhatsApp-Image-2024-06-28-at-16.42.21-1024x461.jpeg\" alt=\"\" width=\"584\" height=\"263\" srcset=\"https:\/\/sites.usp.br\/biologia\/wp-content\/uploads\/sites\/782\/2024\/07\/WhatsApp-Image-2024-06-28-at-16.42.21-1024x461.jpeg 1024w, https:\/\/sites.usp.br\/biologia\/wp-content\/uploads\/sites\/782\/2024\/07\/WhatsApp-Image-2024-06-28-at-16.42.21-300x135.jpeg 300w, https:\/\/sites.usp.br\/biologia\/wp-content\/uploads\/sites\/782\/2024\/07\/WhatsApp-Image-2024-06-28-at-16.42.21-768x346.jpeg 768w, https:\/\/sites.usp.br\/biologia\/wp-content\/uploads\/sites\/782\/2024\/07\/WhatsApp-Image-2024-06-28-at-16.42.21-500x225.jpeg 500w, https:\/\/sites.usp.br\/biologia\/wp-content\/uploads\/sites\/782\/2024\/07\/WhatsApp-Image-2024-06-28-at-16.42.21-400x180.jpeg 400w, https:\/\/sites.usp.br\/biologia\/wp-content\/uploads\/sites\/782\/2024\/07\/WhatsApp-Image-2024-06-28-at-16.42.21.jpeg 1280w\" sizes=\"auto, (max-width: 584px) 100vw, 584px\" \/><\/a><\/div>\n<h3><\/h3>\n<p>&nbsp;<\/p>\n<div>\n<div>\n<h3><span style=\"color: #ff6600;\"><strong>***RECEP\u00c7\u00c3O AOS CALOUROS 2025!***<\/strong><\/span><\/h3>\n<p>Em 25\/02\/2025, come\u00e7ou a recep\u00e7\u00e3o aos calouros do Curso de Gradua\u00e7\u00e3o em Ci\u00eancias Biol\u00f3gicas. Primeiras atividades com a Profa. Dra. Mar\u00eda Eugenia Guazzaroni (coordenadora da CoC), a Chefia do Departamento\u00a0 (chefe: Prof. Dr. Max Cardoso Langer; e vice-chefe: Prof. Dr. Milton Groppo Junior) e docentes de disciplinas ministradas no primeiro semestre.<\/p>\n<p>Sejam todos bem-vindos!<\/p>\n\r\n\t<div class=\"slideshow_container slideshow_container_style-light\" style=\"height: 292px; \" data-slideshow-id=\"1580\" data-style-name=\"style-light\" data-style-version=\"2.3.1\" >\r\n\r\n\t\t\t\t\t<div class=\"slideshow_loading_icon\"><\/div>\r\n\t\t\r\n\t\t<div class=\"slideshow_content\" style=\"display: none;\">\r\n\r\n\t\t\t<div class=\"slideshow_view\">\r\n\t\t\t\t<div class=\"slideshow_slide slideshow_slide_image\">\r\n\t\t\t\t\t\t\t\t\t\t\t<img src=\"https:\/\/sites.usp.br\/biologia\/wp-content\/uploads\/sites\/782\/2025\/02\/IMG-20250225-WA0001.jpg\" alt=\"IMG-20250225-WA0001\" width=\"1280\" height=\"576\" \/>\r\n\t\t\t\t\t\t\t\t\t\t<div class=\"slideshow_description_box slideshow_transparent\">\r\n\t\t\t\t\t\t<div class=\"slideshow_title\">IMG-20250225-WA0001<\/div>\t\t\t\t\t\t\t\t\t\t\t<\/div>\r\n\t\t\t\t<\/div>\r\n\r\n\t\t\t\t\t\t<div style=\"clear: both;\"><\/div><\/div><div class=\"slideshow_view\">\r\n\t\t\t\t<div class=\"slideshow_slide slideshow_slide_image\">\r\n\t\t\t\t\t\t\t\t\t\t\t<img src=\"https:\/\/sites.usp.br\/biologia\/wp-content\/uploads\/sites\/782\/2025\/02\/IMG-20250225-WA0000.jpg\" alt=\"IMG-20250225-WA0000\" width=\"1280\" height=\"576\" \/>\r\n\t\t\t\t\t\t\t\t\t\t<div class=\"slideshow_description_box slideshow_transparent\">\r\n\t\t\t\t\t\t<div class=\"slideshow_title\">IMG-20250225-WA0000<\/div>\t\t\t\t\t\t\t\t\t\t\t<\/div>\r\n\t\t\t\t<\/div>\r\n\r\n\t\t\t\t\t\t<div style=\"clear: both;\"><\/div><\/div>\r\n\t\t<\/div>\r\n\r\n\t\t<div class=\"slideshow_controlPanel slideshow_transparent\" style=\"display: none;\"><ul><li class=\"slideshow_togglePlay\" data-play-text=\"Acionar\" data-pause-text=\"Pausar\"><\/li><\/ul><\/div>\r\n\r\n\t\t<div class=\"slideshow_button slideshow_previous slideshow_transparent\" role=\"button\" data-previous-text=\"Anterior\" style=\"display: none;\"><\/div>\r\n\t\t<div class=\"slideshow_button slideshow_next slideshow_transparent\" role=\"button\" data-next-text=\"Pr\u00f3ximo\" style=\"display: none;\"><\/div>\r\n\r\n\t\t<div class=\"slideshow_pagination\" style=\"display: none;\" data-go-to-text=\"Ir para o slide\"><div class=\"slideshow_pagination_center\"><\/div><\/div>\r\n\r\n\t\t<!-- WordPress Slideshow Version 2.3.1 -->\r\n\r\n\t\t\t<\/div>\r\n\r\n\n<p><strong><span style=\"color: #ff6600;\">FESTA DE BOAS VINDAS AOS NOVOS DOCENTES DO DEPARTAMENTO!<\/span><\/strong><\/p>\n<p>Dia 13 de mar\u00e7o recepcionamos os novos docentes do Departamento de Biologia. Foram dadas as boas vindas a cinco novos docentes contratados: Profs. Felipe, R\u00e9gis e para as docentes Fernanda, Nath\u00e1lia e Roberta, contratadas mais recentemente. Boa sorte na nova carreira que se inicia a todos os nossos novos professores!<\/p>\n\r\n\t<div class=\"slideshow_container slideshow_container_style-light\" style=\"height: 292px; \" data-slideshow-id=\"1598\" data-style-name=\"style-light\" data-style-version=\"2.3.1\" >\r\n\r\n\t\t\t\t\t<div class=\"slideshow_loading_icon\"><\/div>\r\n\t\t\r\n\t\t<div class=\"slideshow_content\" style=\"display: none;\">\r\n\r\n\t\t\t<div class=\"slideshow_view\">\r\n\t\t\t\t<div class=\"slideshow_slide slideshow_slide_image\">\r\n\t\t\t\t\t\t\t\t\t\t\t<img src=\"https:\/\/sites.usp.br\/biologia\/wp-content\/uploads\/sites\/782\/2025\/03\/IMG-20250317-WA0009-scaled.jpg\" alt=\"IMG-20250317-WA0009\" width=\"2560\" height=\"1440\" \/>\r\n\t\t\t\t\t\t\t\t\t\t<div class=\"slideshow_description_box slideshow_transparent\">\r\n\t\t\t\t\t\t<div class=\"slideshow_title\">IMG-20250317-WA0009<\/div>\t\t\t\t\t\t\t\t\t\t\t<\/div>\r\n\t\t\t\t<\/div>\r\n\r\n\t\t\t\t\t\t<div style=\"clear: both;\"><\/div><\/div><div class=\"slideshow_view\">\r\n\t\t\t\t<div class=\"slideshow_slide slideshow_slide_image\">\r\n\t\t\t\t\t\t\t\t\t\t\t<img src=\"https:\/\/sites.usp.br\/biologia\/wp-content\/uploads\/sites\/782\/2025\/03\/IMG-20250317-WA0010-scaled.jpg\" alt=\"IMG-20250317-WA0010\" width=\"2560\" height=\"1920\" \/>\r\n\t\t\t\t\t\t\t\t\t\t<div class=\"slideshow_description_box slideshow_transparent\">\r\n\t\t\t\t\t\t<div class=\"slideshow_title\">IMG-20250317-WA0010<\/div>\t\t\t\t\t\t\t\t\t\t\t<\/div>\r\n\t\t\t\t<\/div>\r\n\r\n\t\t\t\t\t\t<div style=\"clear: both;\"><\/div><\/div><div class=\"slideshow_view\">\r\n\t\t\t\t<div class=\"slideshow_slide slideshow_slide_image\">\r\n\t\t\t\t\t\t\t\t\t\t\t<img src=\"https:\/\/sites.usp.br\/biologia\/wp-content\/uploads\/sites\/782\/2025\/03\/IMG-20250317-WA0006-scaled.jpg\" alt=\"IMG-20250317-WA0006\" width=\"2560\" height=\"1440\" \/>\r\n\t\t\t\t\t\t\t\t\t\t<div class=\"slideshow_description_box slideshow_transparent\">\r\n\t\t\t\t\t\t<div class=\"slideshow_title\">IMG-20250317-WA0006<\/div>\t\t\t\t\t\t\t\t\t\t\t<\/div>\r\n\t\t\t\t<\/div>\r\n\r\n\t\t\t\t\t\t<div style=\"clear: both;\"><\/div><\/div><div class=\"slideshow_view\">\r\n\t\t\t\t<div class=\"slideshow_slide slideshow_slide_image\">\r\n\t\t\t\t\t\t\t\t\t\t\t<img src=\"https:\/\/sites.usp.br\/biologia\/wp-content\/uploads\/sites\/782\/2025\/03\/IMG-20250317-WA0011-scaled.jpg\" alt=\"IMG-20250317-WA0011\" width=\"2560\" height=\"1440\" \/>\r\n\t\t\t\t\t\t\t\t\t\t<div class=\"slideshow_description_box slideshow_transparent\">\r\n\t\t\t\t\t\t<div class=\"slideshow_title\">IMG-20250317-WA0011<\/div>\t\t\t\t\t\t\t\t\t\t\t<\/div>\r\n\t\t\t\t<\/div>\r\n\r\n\t\t\t\t\t\t<div style=\"clear: both;\"><\/div><\/div><div class=\"slideshow_view\">\r\n\t\t\t\t<div class=\"slideshow_slide slideshow_slide_image\">\r\n\t\t\t\t\t\t\t\t\t\t\t<img src=\"https:\/\/sites.usp.br\/biologia\/wp-content\/uploads\/sites\/782\/2025\/03\/IMG-20250317-WA0008-scaled.jpg\" alt=\"IMG-20250317-WA0008\" width=\"2560\" height=\"1440\" \/>\r\n\t\t\t\t\t\t\t\t\t\t<div class=\"slideshow_description_box slideshow_transparent\">\r\n\t\t\t\t\t\t<div class=\"slideshow_title\">IMG-20250317-WA0008<\/div>\t\t\t\t\t\t\t\t\t\t\t<\/div>\r\n\t\t\t\t<\/div>\r\n\r\n\t\t\t\t\t\t<div style=\"clear: both;\"><\/div><\/div><div class=\"slideshow_view\">\r\n\t\t\t\t<div class=\"slideshow_slide slideshow_slide_image\">\r\n\t\t\t\t\t\t\t\t\t\t\t<img src=\"https:\/\/sites.usp.br\/biologia\/wp-content\/uploads\/sites\/782\/2025\/03\/IMG-20250317-WA0007-scaled.jpg\" alt=\"IMG-20250317-WA0007\" width=\"2560\" height=\"1440\" \/>\r\n\t\t\t\t\t\t\t\t\t\t<div class=\"slideshow_description_box slideshow_transparent\">\r\n\t\t\t\t\t\t<div class=\"slideshow_title\">IMG-20250317-WA0007<\/div>\t\t\t\t\t\t\t\t\t\t\t<\/div>\r\n\t\t\t\t<\/div>\r\n\r\n\t\t\t\t\t\t<div style=\"clear: both;\"><\/div><\/div><div class=\"slideshow_view\">\r\n\t\t\t\t<div class=\"slideshow_slide slideshow_slide_image\">\r\n\t\t\t\t\t\t\t\t\t\t\t<img src=\"https:\/\/sites.usp.br\/biologia\/wp-content\/uploads\/sites\/782\/2025\/03\/IMG-20250317-WA0012-scaled.jpg\" alt=\"IMG-20250317-WA0012\" width=\"2560\" height=\"1440\" \/>\r\n\t\t\t\t\t\t\t\t\t\t<div class=\"slideshow_description_box slideshow_transparent\">\r\n\t\t\t\t\t\t<div class=\"slideshow_title\">IMG-20250317-WA0012<\/div>\t\t\t\t\t\t\t\t\t\t\t<\/div>\r\n\t\t\t\t<\/div>\r\n\r\n\t\t\t\t\t\t<div style=\"clear: both;\"><\/div><\/div>\r\n\t\t<\/div>\r\n\r\n\t\t<div class=\"slideshow_controlPanel slideshow_transparent\" style=\"display: none;\"><ul><li class=\"slideshow_togglePlay\" data-play-text=\"Acionar\" data-pause-text=\"Pausar\"><\/li><\/ul><\/div>\r\n\r\n\t\t<div class=\"slideshow_button slideshow_previous slideshow_transparent\" role=\"button\" data-previous-text=\"Anterior\" style=\"display: none;\"><\/div>\r\n\t\t<div class=\"slideshow_button slideshow_next slideshow_transparent\" role=\"button\" data-next-text=\"Pr\u00f3ximo\" style=\"display: none;\"><\/div>\r\n\r\n\t\t<div class=\"slideshow_pagination\" style=\"display: none;\" data-go-to-text=\"Ir para o slide\"><div class=\"slideshow_pagination_center\"><\/div><\/div>\r\n\r\n\t\t<!-- WordPress Slideshow Version 2.3.1 -->\r\n\r\n\t\t\t<\/div>\r\n\r\n\n<p><span style=\"color: #ff6600;\"><strong>COMEMORA\u00c7\u00c3O DE ANIVERS\u00c1RIOS NO DEPARTAMENTO!<\/strong><\/span><\/p>\n<p>Foram comemorados os anivers\u00e1rios de janeiro, fevereiro e mar\u00e7o dos funcion\u00e1rios Hertz, Ricardo Barosela, Eli, Denise e Renata, com bolo, salgadinhos e brigadeiros. Parab\u00e9ns aos aniversariantes!<\/p>\n\r\n\t<div class=\"slideshow_container slideshow_container_style-light\" style=\"height: 292px; \" data-slideshow-id=\"1605\" data-style-name=\"style-light\" data-style-version=\"2.3.1\" >\r\n\r\n\t\t\t\t\t<div class=\"slideshow_loading_icon\"><\/div>\r\n\t\t\r\n\t\t<div class=\"slideshow_content\" style=\"display: none;\">\r\n\r\n\t\t\t<div class=\"slideshow_view\">\r\n\t\t\t\t<div class=\"slideshow_slide slideshow_slide_image\">\r\n\t\t\t\t\t\t\t\t\t\t\t<img src=\"https:\/\/sites.usp.br\/biologia\/wp-content\/uploads\/sites\/782\/2025\/03\/IMG_20250317_15470944611-1-1-1.jpg\" alt=\"IMG_20250317_154709446(1)(1) (1) (1) (1)\" width=\"1200\" height=\"675\" \/>\r\n\t\t\t\t\t\t\t\t\t\t<div class=\"slideshow_description_box slideshow_transparent\">\r\n\t\t\t\t\t\t<div class=\"slideshow_title\">IMG_20250317_154709446(1)(1) (1) (1) (1)<\/div>\t\t\t\t\t\t\t\t\t\t\t<\/div>\r\n\t\t\t\t<\/div>\r\n\r\n\t\t\t\t\t\t<div style=\"clear: both;\"><\/div><\/div><div class=\"slideshow_view\">\r\n\t\t\t\t<div class=\"slideshow_slide slideshow_slide_image\">\r\n\t\t\t\t\t\t\t\t\t\t\t<img src=\"https:\/\/sites.usp.br\/biologia\/wp-content\/uploads\/sites\/782\/2025\/03\/IMG-20250317-WA0005.jpg\" alt=\"IMG-20250317-WA0005\" width=\"1280\" height=\"921\" \/>\r\n\t\t\t\t\t\t\t\t\t\t<div class=\"slideshow_description_box slideshow_transparent\">\r\n\t\t\t\t\t\t<div class=\"slideshow_title\">IMG-20250317-WA0005<\/div>\t\t\t\t\t\t\t\t\t\t\t<\/div>\r\n\t\t\t\t<\/div>\r\n\r\n\t\t\t\t\t\t<div style=\"clear: both;\"><\/div><\/div>\r\n\t\t<\/div>\r\n\r\n\t\t<div class=\"slideshow_controlPanel slideshow_transparent\" style=\"display: none;\"><ul><li class=\"slideshow_togglePlay\" data-play-text=\"Acionar\" data-pause-text=\"Pausar\"><\/li><\/ul><\/div>\r\n\r\n\t\t<div class=\"slideshow_button slideshow_previous slideshow_transparent\" role=\"button\" data-previous-text=\"Anterior\" style=\"display: none;\"><\/div>\r\n\t\t<div class=\"slideshow_button slideshow_next slideshow_transparent\" role=\"button\" data-next-text=\"Pr\u00f3ximo\" style=\"display: none;\"><\/div>\r\n\r\n\t\t<div class=\"slideshow_pagination\" style=\"display: none;\" data-go-to-text=\"Ir para o slide\"><div class=\"slideshow_pagination_center\"><\/div><\/div>\r\n\r\n\t\t<!-- WordPress Slideshow Version 2.3.1 -->\r\n\r\n\t\t\t<\/div>\r\n\r\n\n<\/div>\n<hr \/>\n<\/div>\n","protected":false},"excerpt":{"rendered":"<p>AGENDAMENTOS: CENTRO PARA DOCUMENTA\u00c7\u00c3O DA BIODIVERSIDADE Ap\u00f3s a melhora nos indicadores da pandemia da covid-19 e retomada plena de atividades presenciais na Universidade de S\u00e3o Paulo, o Centro para Documenta\u00e7\u00e3o da Biodiversidade (CDB) do Departamento de Biologia da FFCLRP\/USP foi &hellip; <a href=\"https:\/\/sites.usp.br\/biologia\/novidades\/\">Continue reading <span class=\"meta-nav\">&rarr;<\/span><\/a><\/p>\n","protected":false},"author":22060,"featured_media":0,"parent":0,"menu_order":2,"comment_status":"closed","ping_status":"closed","template":"","meta":{"footnotes":"","_links_to":"","_links_to_target":""},"class_list":["post-369","page","type-page","status-publish","hentry"],"_links":{"self":[{"href":"https:\/\/sites.usp.br\/biologia\/wp-json\/wp\/v2\/pages\/369","targetHints":{"allow":["GET"]}}],"collection":[{"href":"https:\/\/sites.usp.br\/biologia\/wp-json\/wp\/v2\/pages"}],"about":[{"href":"https:\/\/sites.usp.br\/biologia\/wp-json\/wp\/v2\/types\/page"}],"author":[{"embeddable":true,"href":"https:\/\/sites.usp.br\/biologia\/wp-json\/wp\/v2\/users\/22060"}],"replies":[{"embeddable":true,"href":"https:\/\/sites.usp.br\/biologia\/wp-json\/wp\/v2\/comments?post=369"}],"version-history":[{"count":5,"href":"https:\/\/sites.usp.br\/biologia\/wp-json\/wp\/v2\/pages\/369\/revisions"}],"predecessor-version":[{"id":1606,"href":"https:\/\/sites.usp.br\/biologia\/wp-json\/wp\/v2\/pages\/369\/revisions\/1606"}],"wp:attachment":[{"href":"https:\/\/sites.usp.br\/biologia\/wp-json\/wp\/v2\/media?parent=369"}],"curies":[{"name":"wp","href":"https:\/\/api.w.org\/{rel}","templated":true}]}}