{"id":79,"date":"2014-02-24T16:51:20","date_gmt":"2014-02-24T18:51:20","guid":{"rendered":"http:\/\/sites.usp.br\/biologia\/?page_id=79"},"modified":"2022-05-18T10:05:16","modified_gmt":"2022-05-18T12:05:16","slug":"pagina-inicial","status":"publish","type":"page","link":"https:\/\/sites.usp.br\/biologia\/","title":{"rendered":"P\u00e1gina Inicial"},"content":{"rendered":"<p>&nbsp;<\/p>\n<p><strong>Hist\u00f3rico<\/strong><\/p>\n<p>A inaugura\u00e7\u00e3o do Curso de Ci\u00eancias Biol\u00f3gicas da FFCLRP coincide com a pr\u00f3pria implanta\u00e7\u00e3o da FFCLRP em 1964, como parte do curso proped\u00eautico. Ocupava inicialmente um espa\u00e7o cedido pelo Departamento de Patologia da Faculdade de Medicina de Ribeir\u00e3o Preto e contava com a colabora\u00e7\u00e3o de v\u00e1rios professores da FMRP. Esse est\u00e1gio se encerrou 1974, com a incorpora\u00e7\u00e3o da FFCLRP pela USP e com reformula\u00e7\u00e3o do curso. O DB, desde sua cria\u00e7\u00e3o, teve como miss\u00e3o prec\u00edpua a forma\u00e7\u00e3o de Licenciados na \u00e1rea de Biologia, sendo que apenas em 1978 se deu a cria\u00e7\u00e3o do Bacharelado em Ci\u00eancias Biol\u00f3gicas, adquirindo sua configura\u00e7\u00e3o atual, com entrada \u00fanica de 40 ingressantes para Licenciatura e Bacharelado em Ci\u00eancias Biol\u00f3gicas.<\/p>\n<p>&nbsp;<\/p>\n<p><strong>Miss\u00e3o do Departamento de Biologia<\/strong><\/p>\n<p>O Departamento de Biologia tem como miss\u00e3o central transformar a sociedade brasileira por meio dos conceitos estruturantes da Biodiversidade e Evolu\u00e7\u00e3o, contribuindo para uma educa\u00e7\u00e3o cient\u00edfica e filos\u00f3fica, com vistas a estabelecer uma sociedade mais justa e fraterna, consciente de que a esp\u00e9cie humana n\u00e3o \u00e9 um elemento estranho a essa diversidade biol\u00f3gica e sim sua parte indissoci\u00e1vel.<\/p>\n<p>&nbsp;<\/p>\n","protected":false},"excerpt":{"rendered":"<p>&nbsp; Hist\u00f3rico A inaugura\u00e7\u00e3o do Curso de Ci\u00eancias Biol\u00f3gicas da FFCLRP coincide com a pr\u00f3pria implanta\u00e7\u00e3o da FFCLRP em 1964, como parte do curso proped\u00eautico. Ocupava inicialmente um espa\u00e7o cedido pelo Departamento de Patologia da Faculdade de Medicina de Ribeir\u00e3o &hellip; <a href=\"https:\/\/sites.usp.br\/biologia\/\">Continue reading <span class=\"meta-nav\">&rarr;<\/span><\/a><\/p>\n","protected":false},"author":1,"featured_media":0,"parent":0,"menu_order":2,"comment_status":"closed","ping_status":"closed","template":"","meta":{"footnotes":"","_links_to":"","_links_to_target":""},"class_list":["post-79","page","type-page","status-publish","hentry"],"_links":{"self":[{"href":"https:\/\/sites.usp.br\/biologia\/wp-json\/wp\/v2\/pages\/79","targetHints":{"allow":["GET"]}}],"collection":[{"href":"https:\/\/sites.usp.br\/biologia\/wp-json\/wp\/v2\/pages"}],"about":[{"href":"https:\/\/sites.usp.br\/biologia\/wp-json\/wp\/v2\/types\/page"}],"author":[{"embeddable":true,"href":"https:\/\/sites.usp.br\/biologia\/wp-json\/wp\/v2\/users\/1"}],"replies":[{"embeddable":true,"href":"https:\/\/sites.usp.br\/biologia\/wp-json\/wp\/v2\/comments?post=79"}],"version-history":[{"count":5,"href":"https:\/\/sites.usp.br\/biologia\/wp-json\/wp\/v2\/pages\/79\/revisions"}],"predecessor-version":[{"id":1191,"href":"https:\/\/sites.usp.br\/biologia\/wp-json\/wp\/v2\/pages\/79\/revisions\/1191"}],"wp:attachment":[{"href":"https:\/\/sites.usp.br\/biologia\/wp-json\/wp\/v2\/media?parent=79"}],"curies":[{"name":"wp","href":"https:\/\/api.w.org\/{rel}","templated":true}]}}