{"id":194,"date":"2018-10-01T15:57:05","date_gmt":"2018-10-01T18:57:05","guid":{"rendered":"http:\/\/sites.usp.br\/biologiaoralforp\/?page_id=194"},"modified":"2024-04-10T09:46:30","modified_gmt":"2024-04-10T12:46:30","slug":"apresentacao","status":"publish","type":"page","link":"https:\/\/sites.usp.br\/biologiaoralforp\/","title":{"rendered":"Apresenta\u00e7\u00e3o"},"content":{"rendered":"<p><a href=\"http:\/\/sites.usp.br\/biologiaoralforp\/wp-content\/uploads\/sites\/188\/2017\/08\/Logo-BioOral-FORP-USP-Oficial-final-pequeno.jpg\"><img loading=\"lazy\" decoding=\"async\" class=\"alignleft size-medium wp-image-127\" src=\"http:\/\/sites.usp.br\/biologiaoralforp\/wp-content\/uploads\/sites\/188\/2017\/08\/Logo-BioOral-FORP-USP-Oficial-final-pequeno-300x236.jpg\" alt=\"\" width=\"300\" height=\"236\" srcset=\"https:\/\/sites.usp.br\/biologiaoralforp\/wp-content\/uploads\/sites\/188\/2017\/08\/Logo-BioOral-FORP-USP-Oficial-final-pequeno-300x236.jpg 300w, https:\/\/sites.usp.br\/biologiaoralforp\/wp-content\/uploads\/sites\/188\/2017\/08\/Logo-BioOral-FORP-USP-Oficial-final-pequeno.jpg 400w\" sizes=\"auto, (max-width: 300px) 100vw, 300px\" \/><\/a><\/p>\n<p>O Programa de P\u00f3s-Gradua\u00e7\u00e3o em Biologia Oral foi aprovado pela CAPES, com conceito inicial 4, e teve in\u00edcio de suas atividades em abril de 2015. Em 2020 o programa foi avaliado com conceito 5. O objetivo do Programa \u00e9 a forma\u00e7\u00e3o de recursos humanos para o exerc\u00edcio da doc\u00eancia e da pesquisa no ensino superior. Devido ao seu car\u00e1ter multidisciplinar, o Programa tem por objetivo qualificar n\u00e3o somente profissionais da Odontologia, mas tamb\u00e9m aqueles de \u00e1reas da sa\u00fade correlacionadas. Para tanto, os futuros mestres e doutores desenvolvem durante o curso a capacidade criativa e o senso cr\u00edtico necess\u00e1rios para executar todas as etapas de uma investiga\u00e7\u00e3o cient\u00edfica (planejar, desenvolver e redigir textos) com vistas a contribuir de forma relevante e inovadora ao avan\u00e7o do conhecimento da \u00e1rea. O Programa apresenta atualmente um quadro de 16 orientadores, todos comprometidos com o ensino da Odontologia na Gradua\u00e7\u00e3o e na P\u00f3s-Gradua\u00e7\u00e3o. Destes, 56,25% s\u00e3o bolsistas na modalidade Produtividade do CNPq.<\/p>","protected":false},"excerpt":{"rendered":"<p>O Programa de P\u00f3s-Gradua\u00e7\u00e3o em Biologia Oral foi aprovado pela CAPES, com conceito inicial 4, e teve in\u00edcio de suas atividades em abril de 2015. Em 2020 o programa foi avaliado com conceito 5. O objetivo do Programa \u00e9 a forma\u00e7\u00e3o de recursos humanos para o exerc\u00edcio da doc\u00eancia e da pesquisa no ensino superior. [&hellip;]<\/p>\n","protected":false},"author":347,"featured_media":0,"parent":79,"menu_order":0,"comment_status":"closed","ping_status":"closed","template":"","meta":{"footnotes":"","_links_to":"","_links_to_target":""},"class_list":["post-194","page","type-page","status-publish","hentry"],"_links":{"self":[{"href":"https:\/\/sites.usp.br\/biologiaoralforp\/wp-json\/wp\/v2\/pages\/194","targetHints":{"allow":["GET"]}}],"collection":[{"href":"https:\/\/sites.usp.br\/biologiaoralforp\/wp-json\/wp\/v2\/pages"}],"about":[{"href":"https:\/\/sites.usp.br\/biologiaoralforp\/wp-json\/wp\/v2\/types\/page"}],"author":[{"embeddable":true,"href":"https:\/\/sites.usp.br\/biologiaoralforp\/wp-json\/wp\/v2\/users\/347"}],"replies":[{"embeddable":true,"href":"https:\/\/sites.usp.br\/biologiaoralforp\/wp-json\/wp\/v2\/comments?post=194"}],"version-history":[{"count":4,"href":"https:\/\/sites.usp.br\/biologiaoralforp\/wp-json\/wp\/v2\/pages\/194\/revisions"}],"predecessor-version":[{"id":534,"href":"https:\/\/sites.usp.br\/biologiaoralforp\/wp-json\/wp\/v2\/pages\/194\/revisions\/534"}],"up":[{"embeddable":true,"href":"https:\/\/sites.usp.br\/biologiaoralforp\/wp-json\/wp\/v2\/pages\/79"}],"wp:attachment":[{"href":"https:\/\/sites.usp.br\/biologiaoralforp\/wp-json\/wp\/v2\/media?parent=194"}],"curies":[{"name":"wp","href":"https:\/\/api.w.org\/{rel}","templated":true}]}}