{"id":1272,"date":"2022-04-05T11:40:20","date_gmt":"2022-04-05T13:40:20","guid":{"rendered":"https:\/\/sites.usp.br\/bioquimica\/?page_id=1272"},"modified":"2022-04-06T00:43:30","modified_gmt":"2022-04-06T02:43:30","slug":"de-lipideos","status":"publish","type":"page","link":"https:\/\/sites.usp.br\/bioquimica\/de-lipideos\/","title":{"rendered":"De lip\u00eddeos"},"content":{"rendered":"\t\t<div data-elementor-type=\"wp-page\" data-elementor-id=\"1272\" class=\"elementor elementor-1272\" data-elementor-post-type=\"page\">\n\t\t\t\t\t\t<section class=\"elementor-section elementor-top-section elementor-element elementor-element-c456fca elementor-section-boxed elementor-section-height-default elementor-section-height-default\" data-id=\"c456fca\" data-element_type=\"section\">\n\t\t\t\t\t\t<div class=\"elementor-container elementor-column-gap-default\">\n\t\t\t\t\t<div class=\"elementor-column elementor-col-100 elementor-top-column elementor-element elementor-element-9fdc644\" data-id=\"9fdc644\" data-element_type=\"column\">\n\t\t\t<div class=\"elementor-widget-wrap elementor-element-populated\">\n\t\t\t\t\t\t<div class=\"elementor-element elementor-element-33211ed elementor-widget elementor-widget-wp-widget-mh_custom_posts\" data-id=\"33211ed\" data-element_type=\"widget\" data-widget_type=\"wp-widget-mh_custom_posts.default\">\n\t\t\t\t<div class=\"elementor-widget-container\">\n\t\t\t<h5><a href=\"https:\/\/sites.usp.br\/bioquimica\/category\/metabolismo\/de-lipideos\/\" class=\"widget-title-link\">Exerc\u00edcios metabolismo de lip\u00eddeos<\/a><\/h5>        <div class=\"cp-widget clearfix\"> \t\t\t\t<div class=\"cp-widget-item cp-large cp-count-5\">\r\n\t\t\t\t\t<div class=\"cp-large-thumb\"><a href=\"https:\/\/sites.usp.br\/bioquimica\/metabolismo-de-lipideos-formacao-de-ac-graxos-enzimas\/\" title=\"Metabolismo de lip\u00eddeos &#8211; Forma\u00e7\u00e3o de \u00c1c. Graxos, enzimas\"><img fetchpriority=\"high\" decoding=\"async\" width=\"310\" height=\"174\" src=\"https:\/\/sites.usp.br\/bioquimica\/wp-content\/uploads\/sites\/1093\/2022\/04\/Lipideos-5-1-310x174.png\" class=\"attachment-featured size-featured wp-post-image\" alt=\"\" srcset=\"https:\/\/sites.usp.br\/bioquimica\/wp-content\/uploads\/sites\/1093\/2022\/04\/Lipideos-5-1-310x174.png 310w, https:\/\/sites.usp.br\/bioquimica\/wp-content\/uploads\/sites\/1093\/2022\/04\/Lipideos-5-1-800x450.png 800w\" sizes=\"(max-width: 310px) 100vw, 310px\" \/><\/a><\/div>\r\n\t\t\t\t\t<div class=\"meta clearfix\">\r\n\t\t\t\t\t\t\t\t\t\t\t<span class=\"meta-date\">05\/04\/2022<\/span>\r\n\t\t\t\t\t\t\t\t\t\t\t<span class=\"meta-comments\"><i class=\"fa fa-comment-o\"><\/i>0<\/span>\r\n\t\t\t\t\t<\/div>\r\n\t\t\t\t\t<h3 class=\"cp-large-title\"><a href=\"https:\/\/sites.usp.br\/bioquimica\/metabolismo-de-lipideos-formacao-de-ac-graxos-enzimas\/\" title=\"Metabolismo de lip\u00eddeos &#8211; Forma\u00e7\u00e3o de \u00c1c. Graxos, enzimas\">Metabolismo de lip\u00eddeos &#8211; Forma\u00e7\u00e3o de \u00c1c. Graxos, enzimas<\/a><\/h3>\r\n\t\t\t\t\t<div class=\"mh-excerpt\">Ca\u00e7a palavras sobre as enzimas envolvidas na forma\u00e7\u00e3o de \u00e1cidos graxos Ver <a href=\"https:\/\/sites.usp.br\/bioquimica\/metabolismo-de-lipideos-formacao-de-ac-graxos-enzimas\/\" title=\"Metabolismo de lip\u00eddeos &#8211; Forma\u00e7\u00e3o de \u00c1c. Graxos, enzimas\">[...]<\/a><\/div>\n\t\t\t\t<\/div>\r\n\t\t\t\t<ul class=\"cp-list\">\t\t\t\t\t<li class=\"cp-widget-item cp-list-item clearfix\">\r\n\t\t\t\t\t\t<div class=\"cp-small-thumb\"><a href=\"https:\/\/sites.usp.br\/bioquimica\/metabolismo-de-lipideos-formacao-de-ac-graxos-reagentes-e-produtos\/\" title=\"Metabolismo de lip\u00eddeos &#8211; Forma\u00e7\u00e3o de \u00c1c. Graxos, reagentes e produtos\"><img decoding=\"async\" width=\"80\" height=\"60\" src=\"https:\/\/sites.usp.br\/bioquimica\/wp-content\/uploads\/sites\/1093\/2022\/04\/Lipideos-4-1-80x60.png\" class=\"attachment-cp_small size-cp_small wp-post-image\" alt=\"\" srcset=\"https:\/\/sites.usp.br\/bioquimica\/wp-content\/uploads\/sites\/1093\/2022\/04\/Lipideos-4-1-80x60.png 80w, https:\/\/sites.usp.br\/bioquimica\/wp-content\/uploads\/sites\/1093\/2022\/04\/Lipideos-4-1-300x225.png 300w, https:\/\/sites.usp.br\/bioquimica\/wp-content\/uploads\/sites\/1093\/2022\/04\/Lipideos-4-1-768x576.png 768w, https:\/\/sites.usp.br\/bioquimica\/wp-content\/uploads\/sites\/1093\/2022\/04\/Lipideos-4-1-400x300.png 400w, https:\/\/sites.usp.br\/bioquimica\/wp-content\/uploads\/sites\/1093\/2022\/04\/Lipideos-4-1.png 1024w\" sizes=\"(max-width: 80px) 100vw, 80px\" \/><\/a><\/div>\r\n\t\t\t\t\t\t\t\t\t\t\t\t\t<div class=\"meta\">05\/04\/2022<\/div>\r\n\t\t\t\t\t\t\t\t\t\t\t\t<p class=\"cp-small-title\"><a href=\"https:\/\/sites.usp.br\/bioquimica\/metabolismo-de-lipideos-formacao-de-ac-graxos-reagentes-e-produtos\/\" title=\"Metabolismo de lip\u00eddeos &#8211; Forma\u00e7\u00e3o de \u00c1c. Graxos, reagentes e produtos\">Metabolismo de lip\u00eddeos &#8211; Forma\u00e7\u00e3o de \u00c1c. Graxos, reagentes e produtos<\/a><\/p>\r\n                        <div class=\"mh-excerpt\">Associe as colunas que cont\u00e9m informa\u00e7\u00f5es sobre a forma\u00e7\u00e3o de \u00e1cidos graxos Ver <a href=\"https:\/\/sites.usp.br\/bioquimica\/metabolismo-de-lipideos-formacao-de-ac-graxos-reagentes-e-produtos\/\" title=\"Metabolismo de lip\u00eddeos &#8211; Forma\u00e7\u00e3o de \u00c1c. Graxos, reagentes e produtos\">[...]<\/a><\/div>\n\t\t\t\t\t<\/li> \t\t\t\t\t<li class=\"cp-widget-item cp-list-item clearfix\">\r\n\t\t\t\t\t\t<div class=\"cp-small-thumb\"><a href=\"https:\/\/sites.usp.br\/bioquimica\/metabolismo-de-lipideos-beta-oxidacao\/\" title=\"Metabolismo de lip\u00eddeos &#8211; Beta oxida\u00e7\u00e3o\"><img decoding=\"async\" width=\"80\" height=\"60\" src=\"https:\/\/sites.usp.br\/bioquimica\/wp-content\/uploads\/sites\/1093\/2022\/04\/Lipideos-3-2-80x60.png\" class=\"attachment-cp_small size-cp_small wp-post-image\" alt=\"\" srcset=\"https:\/\/sites.usp.br\/bioquimica\/wp-content\/uploads\/sites\/1093\/2022\/04\/Lipideos-3-2-80x60.png 80w, https:\/\/sites.usp.br\/bioquimica\/wp-content\/uploads\/sites\/1093\/2022\/04\/Lipideos-3-2-300x225.png 300w, https:\/\/sites.usp.br\/bioquimica\/wp-content\/uploads\/sites\/1093\/2022\/04\/Lipideos-3-2-768x576.png 768w, https:\/\/sites.usp.br\/bioquimica\/wp-content\/uploads\/sites\/1093\/2022\/04\/Lipideos-3-2-400x300.png 400w, https:\/\/sites.usp.br\/bioquimica\/wp-content\/uploads\/sites\/1093\/2022\/04\/Lipideos-3-2.png 1024w\" sizes=\"(max-width: 80px) 100vw, 80px\" \/><\/a><\/div>\r\n\t\t\t\t\t\t\t\t\t\t\t\t\t<div class=\"meta\">05\/04\/2022<\/div>\r\n\t\t\t\t\t\t\t\t\t\t\t\t<p class=\"cp-small-title\"><a href=\"https:\/\/sites.usp.br\/bioquimica\/metabolismo-de-lipideos-beta-oxidacao\/\" title=\"Metabolismo de lip\u00eddeos &#8211; Beta oxida\u00e7\u00e3o\">Metabolismo de lip\u00eddeos &#8211; Beta oxida\u00e7\u00e3o<\/a><\/p>\r\n                        <div class=\"mh-excerpt\">Ca\u00e7a palavras sobre a beta oxida\u00e7\u00e3o Ver <a href=\"https:\/\/sites.usp.br\/bioquimica\/metabolismo-de-lipideos-beta-oxidacao\/\" title=\"Metabolismo de lip\u00eddeos &#8211; Beta oxida\u00e7\u00e3o\">[...]<\/a><\/div>\n\t\t\t\t\t<\/li>         \t<\/ul>\r\n        <\/div>\t\t<\/div>\n\t\t\t\t<\/div>\n\t\t\t\t\t<\/div>\n\t\t<\/div>\n\t\t\t\t\t<\/div>\n\t\t<\/section>\n\t\t\t\t<\/div>\n\t\t","protected":false},"excerpt":{"rendered":"","protected":false},"author":22837,"featured_media":0,"parent":0,"menu_order":0,"comment_status":"closed","ping_status":"closed","template":"","meta":{"_monsterinsights_skip_tracking":false,"_monsterinsights_sitenote_active":false,"_monsterinsights_sitenote_note":"","_monsterinsights_sitenote_category":0,"footnotes":"","_links_to":"","_links_to_target":""},"class_list":["post-1272","page","type-page","status-publish","hentry","entry","has-media"],"_links":{"self":[{"href":"https:\/\/sites.usp.br\/bioquimica\/wp-json\/wp\/v2\/pages\/1272","targetHints":{"allow":["GET"]}}],"collection":[{"href":"https:\/\/sites.usp.br\/bioquimica\/wp-json\/wp\/v2\/pages"}],"about":[{"href":"https:\/\/sites.usp.br\/bioquimica\/wp-json\/wp\/v2\/types\/page"}],"author":[{"embeddable":true,"href":"https:\/\/sites.usp.br\/bioquimica\/wp-json\/wp\/v2\/users\/22837"}],"replies":[{"embeddable":true,"href":"https:\/\/sites.usp.br\/bioquimica\/wp-json\/wp\/v2\/comments?post=1272"}],"version-history":[{"count":4,"href":"https:\/\/sites.usp.br\/bioquimica\/wp-json\/wp\/v2\/pages\/1272\/revisions"}],"predecessor-version":[{"id":1455,"href":"https:\/\/sites.usp.br\/bioquimica\/wp-json\/wp\/v2\/pages\/1272\/revisions\/1455"}],"wp:attachment":[{"href":"https:\/\/sites.usp.br\/bioquimica\/wp-json\/wp\/v2\/media?parent=1272"}],"curies":[{"name":"wp","href":"https:\/\/api.w.org\/{rel}","templated":true}]}}