{"id":1274,"date":"2022-04-05T11:36:25","date_gmt":"2022-04-05T13:36:25","guid":{"rendered":"https:\/\/sites.usp.br\/bioquimica\/?page_id=1274"},"modified":"2022-04-06T00:44:38","modified_gmt":"2022-04-06T02:44:38","slug":"de-corpos-cetonicos","status":"publish","type":"page","link":"https:\/\/sites.usp.br\/bioquimica\/de-corpos-cetonicos\/","title":{"rendered":"De corpos cet\u00f4nicos"},"content":{"rendered":"\t\t<div data-elementor-type=\"wp-page\" data-elementor-id=\"1274\" class=\"elementor elementor-1274\" data-elementor-post-type=\"page\">\n\t\t\t\t\t\t<section class=\"elementor-section elementor-top-section elementor-element elementor-element-4447439 elementor-section-boxed elementor-section-height-default elementor-section-height-default\" data-id=\"4447439\" data-element_type=\"section\">\n\t\t\t\t\t\t<div class=\"elementor-container elementor-column-gap-default\">\n\t\t\t\t\t<div class=\"elementor-column elementor-col-100 elementor-top-column elementor-element elementor-element-8d1727b\" data-id=\"8d1727b\" data-element_type=\"column\">\n\t\t\t<div class=\"elementor-widget-wrap elementor-element-populated\">\n\t\t\t\t\t\t<div class=\"elementor-element elementor-element-31c613f elementor-widget elementor-widget-wp-widget-mh_custom_posts\" data-id=\"31c613f\" data-element_type=\"widget\" data-widget_type=\"wp-widget-mh_custom_posts.default\">\n\t\t\t\t<div class=\"elementor-widget-container\">\n\t\t\t<h5><a href=\"https:\/\/sites.usp.br\/bioquimica\/category\/metabolismo\/de-corpos-cetonicos\/\" class=\"widget-title-link\">Exerc\u00edcios metabolismo de corpos cet\u00f4nicos<\/a><\/h5>        <div class=\"cp-widget clearfix\"> \t\t\t\t<div class=\"cp-widget-item cp-large cp-count-5\">\r\n\t\t\t\t\t<div class=\"cp-large-thumb\"><a href=\"https:\/\/sites.usp.br\/bioquimica\/metabolismo-de-corpos-cetonicos-oxidacao\/\" title=\"Metabolismo de Corpos Cet\u00f4nicos &#8211; Oxida\u00e7\u00e3o\"><img fetchpriority=\"high\" decoding=\"async\" width=\"310\" height=\"174\" src=\"https:\/\/sites.usp.br\/bioquimica\/wp-content\/uploads\/sites\/1093\/2022\/04\/Lipideos-8-1-310x174.png\" class=\"attachment-featured size-featured wp-post-image\" alt=\"\" srcset=\"https:\/\/sites.usp.br\/bioquimica\/wp-content\/uploads\/sites\/1093\/2022\/04\/Lipideos-8-1-310x174.png 310w, https:\/\/sites.usp.br\/bioquimica\/wp-content\/uploads\/sites\/1093\/2022\/04\/Lipideos-8-1-800x450.png 800w\" sizes=\"(max-width: 310px) 100vw, 310px\" \/><\/a><\/div>\r\n\t\t\t\t\t<div class=\"meta clearfix\">\r\n\t\t\t\t\t\t\t\t\t\t\t<span class=\"meta-date\">06\/04\/2022<\/span>\r\n\t\t\t\t\t\t\t\t\t\t\t<span class=\"meta-comments\"><i class=\"fa fa-comment-o\"><\/i>0<\/span>\r\n\t\t\t\t\t<\/div>\r\n\t\t\t\t\t<h3 class=\"cp-large-title\"><a href=\"https:\/\/sites.usp.br\/bioquimica\/metabolismo-de-corpos-cetonicos-oxidacao\/\" title=\"Metabolismo de Corpos Cet\u00f4nicos &#8211; Oxida\u00e7\u00e3o\">Metabolismo de Corpos Cet\u00f4nicos &#8211; Oxida\u00e7\u00e3o<\/a><\/h3>\r\n\t\t\t\t\t<div class=\"mh-excerpt\">Cruzadinha sobre a oxida\u00e7\u00e3o dos corpos cet\u00f4nicos Ver <a href=\"https:\/\/sites.usp.br\/bioquimica\/metabolismo-de-corpos-cetonicos-oxidacao\/\" title=\"Metabolismo de Corpos Cet\u00f4nicos &#8211; Oxida\u00e7\u00e3o\">[...]<\/a><\/div>\n\t\t\t\t<\/div>\r\n\t\t\t\t<ul class=\"cp-list\">\t\t\t\t\t<li class=\"cp-widget-item cp-list-item clearfix\">\r\n\t\t\t\t\t\t<div class=\"cp-small-thumb\"><a href=\"https:\/\/sites.usp.br\/bioquimica\/metabolismo-de-corpos-cetonicos-sintese\/\" title=\"Metabolismo de corpos cet\u00f4nicos &#8211; S\u00edntese\"><img decoding=\"async\" width=\"80\" height=\"60\" src=\"https:\/\/sites.usp.br\/bioquimica\/wp-content\/uploads\/sites\/1093\/2022\/04\/Lipideos-7-1-80x60.png\" class=\"attachment-cp_small size-cp_small wp-post-image\" alt=\"\" srcset=\"https:\/\/sites.usp.br\/bioquimica\/wp-content\/uploads\/sites\/1093\/2022\/04\/Lipideos-7-1-80x60.png 80w, https:\/\/sites.usp.br\/bioquimica\/wp-content\/uploads\/sites\/1093\/2022\/04\/Lipideos-7-1-300x225.png 300w, https:\/\/sites.usp.br\/bioquimica\/wp-content\/uploads\/sites\/1093\/2022\/04\/Lipideos-7-1-768x576.png 768w, https:\/\/sites.usp.br\/bioquimica\/wp-content\/uploads\/sites\/1093\/2022\/04\/Lipideos-7-1-400x300.png 400w, https:\/\/sites.usp.br\/bioquimica\/wp-content\/uploads\/sites\/1093\/2022\/04\/Lipideos-7-1.png 1024w\" sizes=\"(max-width: 80px) 100vw, 80px\" \/><\/a><\/div>\r\n\t\t\t\t\t\t\t\t\t\t\t\t\t<div class=\"meta\">05\/04\/2022<\/div>\r\n\t\t\t\t\t\t\t\t\t\t\t\t<p class=\"cp-small-title\"><a href=\"https:\/\/sites.usp.br\/bioquimica\/metabolismo-de-corpos-cetonicos-sintese\/\" title=\"Metabolismo de corpos cet\u00f4nicos &#8211; S\u00edntese\">Metabolismo de corpos cet\u00f4nicos &#8211; S\u00edntese<\/a><\/p>\r\n                        <div class=\"mh-excerpt\">Correlacione as cores sobre a s\u00edntese de corpos cet\u00f4nicos Ver <a href=\"https:\/\/sites.usp.br\/bioquimica\/metabolismo-de-corpos-cetonicos-sintese\/\" title=\"Metabolismo de corpos cet\u00f4nicos &#8211; S\u00edntese\">[...]<\/a><\/div>\n\t\t\t\t\t<\/li>         \t<\/ul>\r\n        <\/div>\t\t<\/div>\n\t\t\t\t<\/div>\n\t\t\t\t\t<\/div>\n\t\t<\/div>\n\t\t\t\t\t<\/div>\n\t\t<\/section>\n\t\t\t\t<\/div>\n\t\t","protected":false},"excerpt":{"rendered":"","protected":false},"author":22837,"featured_media":0,"parent":0,"menu_order":0,"comment_status":"closed","ping_status":"closed","template":"","meta":{"_monsterinsights_skip_tracking":false,"_monsterinsights_sitenote_active":false,"_monsterinsights_sitenote_note":"","_monsterinsights_sitenote_category":0,"footnotes":"","_links_to":"","_links_to_target":""},"class_list":["post-1274","page","type-page","status-publish","hentry","entry","has-media"],"_links":{"self":[{"href":"https:\/\/sites.usp.br\/bioquimica\/wp-json\/wp\/v2\/pages\/1274","targetHints":{"allow":["GET"]}}],"collection":[{"href":"https:\/\/sites.usp.br\/bioquimica\/wp-json\/wp\/v2\/pages"}],"about":[{"href":"https:\/\/sites.usp.br\/bioquimica\/wp-json\/wp\/v2\/types\/page"}],"author":[{"embeddable":true,"href":"https:\/\/sites.usp.br\/bioquimica\/wp-json\/wp\/v2\/users\/22837"}],"replies":[{"embeddable":true,"href":"https:\/\/sites.usp.br\/bioquimica\/wp-json\/wp\/v2\/comments?post=1274"}],"version-history":[{"count":4,"href":"https:\/\/sites.usp.br\/bioquimica\/wp-json\/wp\/v2\/pages\/1274\/revisions"}],"predecessor-version":[{"id":1458,"href":"https:\/\/sites.usp.br\/bioquimica\/wp-json\/wp\/v2\/pages\/1274\/revisions\/1458"}],"wp:attachment":[{"href":"https:\/\/sites.usp.br\/bioquimica\/wp-json\/wp\/v2\/media?parent=1274"}],"curies":[{"name":"wp","href":"https:\/\/api.w.org\/{rel}","templated":true}]}}