{"id":1675,"date":"2022-06-06T10:55:48","date_gmt":"2022-06-06T12:55:48","guid":{"rendered":"https:\/\/sites.usp.br\/bioquimica\/?page_id=1675"},"modified":"2023-06-13T11:31:32","modified_gmt":"2023-06-13T13:31:32","slug":"mapas-mentais","status":"publish","type":"page","link":"https:\/\/sites.usp.br\/bioquimica\/mapas-mentais\/","title":{"rendered":"Mapas Mentais"},"content":{"rendered":"\t\t<div data-elementor-type=\"wp-page\" data-elementor-id=\"1675\" class=\"elementor elementor-1675\" data-elementor-post-type=\"page\">\n\t\t\t\t\t\t<section class=\"elementor-section elementor-top-section elementor-element elementor-element-21c5cf3 elementor-section-boxed elementor-section-height-default elementor-section-height-default\" data-id=\"21c5cf3\" data-element_type=\"section\">\n\t\t\t\t\t\t<div class=\"elementor-container elementor-column-gap-default\">\n\t\t\t\t\t<div class=\"elementor-column elementor-col-100 elementor-top-column elementor-element elementor-element-288b9d4\" data-id=\"288b9d4\" data-element_type=\"column\">\n\t\t\t<div class=\"elementor-widget-wrap elementor-element-populated\">\n\t\t\t\t\t\t<div class=\"elementor-element elementor-element-ff8c15e elementor-invisible elementor-widget elementor-widget-text-editor\" data-id=\"ff8c15e\" data-element_type=\"widget\" data-settings=\"{&quot;_animation&quot;:&quot;zoomIn&quot;}\" data-widget_type=\"text-editor.default\">\n\t\t\t\t<div class=\"elementor-widget-container\">\n\t\t\t\t\t\t\t<h1>Aspectos estruturais das macromol\u00e9culas<\/h1>\n<ul>\n \t<li><a href=\"https:\/\/sites.usp.br\/bioquimica\/wp-content\/uploads\/sites\/1093\/2022\/06\/Mapa-aminoacidos-1920-%C3%97-4500-px.pdf\" target=\"_blanked\">Amino\u00e1cidos<\/a><\/li>\n \t<li><a href=\"https:\/\/sites.usp.br\/bioquimica\/wp-content\/uploads\/sites\/1093\/2022\/06\/Mapa-mental-enzimas-correcao.pdf\" target=\"_blanked\">Enzimas<\/a><\/li>\n \t<li><a href=\"https:\/\/sites.usp.br\/bioquimica\/wp-content\/uploads\/sites\/1093\/2022\/06\/Mapa-mossac-1920-%C3%97-2150-px-1.pdf\" target=\"_blanked\">Monossacar\u00eddeos<\/a><\/li>\n \t<li><a href=\"https:\/\/sites.usp.br\/bioquimica\/wp-content\/uploads\/sites\/1093\/2022\/06\/Iso\u0302meros-1920-\u00d7-1500-px.pdf\">Is\u00f4meros<\/a><\/li>\n \t<li><a href=\"https:\/\/sites.usp.br\/bioquimica\/wp-content\/uploads\/sites\/1093\/2022\/06\/Estrutura-do-dna.pdf\">DNA<\/a><\/li>\n \t<li><a href=\"https:\/\/sites.usp.br\/bioquimica\/wp-content\/uploads\/sites\/1093\/2022\/06\/Replicacao-DNA.pdf\">Replica\u00e7\u00e3o do DNA<\/a><\/li>\n \t<li><a href=\"https:\/\/sites.usp.br\/bioquimica\/wp-content\/uploads\/sites\/1093\/2022\/06\/Estrutura-do-RNA.pdf\">RNA<\/a><\/li>\n \t<li><a href=\"https:\/\/sites.usp.br\/bioquimica\/wp-content\/uploads\/sites\/1093\/2022\/06\/Sinalizacao-celular.pdf\">Sinaliza\u00e7\u00e3o celular<\/a><\/li>\n \t<li><a href=\"https:\/\/sites.usp.br\/bioquimica\/wp-content\/uploads\/sites\/1093\/2022\/06\/Sinalizacao-Celular-Insulina-VS-glucagon55.pdf\">Receptores de Glucagon\/Insulina<\/a><\/li>\n \t<li><a href=\"https:\/\/sites.usp.br\/bioquimica\/wp-content\/uploads\/sites\/1093\/2022\/06\/Mapa-lipidios.pdf\">Lip\u00eddeos<\/a><\/li>\n \t<li><a href=\"https:\/\/sites.usp.br\/bioquimica\/wp-content\/uploads\/sites\/1093\/2022\/06\/Membrana.pdf\">Membrana Plasm\u00e1tica<\/a><\/li>\n \t<li><a href=\"https:\/\/sites.usp.br\/bioquimica\/wp-content\/uploads\/sites\/1093\/2023\/05\/Mapa-mental-Traducao-corrigido-3.pdf\">Tradu\u00e7\u00e3o<\/a><\/li>\n \t<li><a href=\"https:\/\/sites.usp.br\/bioquimica\/wp-content\/uploads\/sites\/1093\/2023\/05\/Mapa-mental-sistema-tampao-corrigido-2.pdf \">Sistema Tamp\u00e3o<\/a><\/li>\n \t<li><a href=\"https:\/\/sites.usp.br\/bioquimica\/wp-content\/uploads\/sites\/1093\/2023\/05\/Mapa-mental-quebra-e-sintese-de-glic-.pdf \">Quebra e S\u00edntese de glicose<\/a><\/li>\n \t<li><a href=\"https:\/\/sites.usp.br\/bioquimica\/wp-content\/uploads\/sites\/1093\/2023\/05\/Mapa-mental-metabolismo-de-aminoacidos-2.pdf \">Metabolismo de amino\u00e1cidos<\/a><\/li>\n \t<li><a href=\"https:\/\/sites.usp.br\/bioquimica\/wp-content\/uploads\/sites\/1093\/2023\/05\/Mapa-Ciclo-da-Ureia-1.pdf\">Ciclo da Ureia<\/a><\/li>\n \t<li><a href=\"https:\/\/sites.usp.br\/bioquimica\/wp-content\/uploads\/sites\/1093\/2023\/05\/B-Oxidacao-corrigido-2-2-1.pdf \">B-oxida\u00e7\u00e3o<\/a><\/li>\n<li><a href=\"https:\/\/sites.usp.br\/bioquimica\/wp-content\/uploads\/sites\/1093\/2023\/06\/Biossintese-de-Lipideos-corrigido.png \">Bioss\u00edntese de Lip\u00eddios<\/a><\/li>\n \t<li><a href=\"https:\/\/sites.usp.br\/bioquimica\/wp-content\/uploads\/sites\/1093\/2023\/05\/mapa-certo-krebs.pdf\" target=\"_blanked\">Ciclo de Krebs<\/a><\/li>\n \t<li>\n<h1>Metabolismo Integrado<\/h1>\n<ul>\n \t<li><a href=\"https:\/\/sites.usp.br\/bioquimica\/wp-content\/uploads\/sites\/1093\/2022\/06\/Mapa-metabolico.pdf\">Mapa metab\u00f3lico (Ana Fl\u00e1via de Castro Rocha &#8211; T4)<\/a><\/li>\n<\/ul>\n<\/li>\n<\/ul>\t\t\t\t\t\t<\/div>\n\t\t\t\t<\/div>\n\t\t\t\t\t<\/div>\n\t\t<\/div>\n\t\t\t\t\t<\/div>\n\t\t<\/section>\n\t\t\t\t<\/div>\n\t\t","protected":false},"excerpt":{"rendered":"<p>Aspectos estruturais das macromol\u00e9culas Amino\u00e1cidos Enzimas Monossacar\u00eddeos Is\u00f4meros DNA Replica\u00e7\u00e3o do DNA RNA Sinaliza\u00e7\u00e3o celular Receptores de Glucagon\/Insulina Lip\u00eddeos Membrana Plasm\u00e1tica Tradu\u00e7\u00e3o Sistema Tamp\u00e3o Quebra e S\u00edntese de glicose Metabolismo de amino\u00e1cidos Ciclo da Ureia B-oxida\u00e7\u00e3o Bioss\u00edntese de Lip\u00eddios Ciclo de Krebs Metabolismo Integrado Mapa metab\u00f3lico (Ana Fl\u00e1via de Castro Rocha &#8211; T4)<\/p>\n","protected":false},"author":22837,"featured_media":0,"parent":0,"menu_order":0,"comment_status":"closed","ping_status":"closed","template":"","meta":{"_monsterinsights_skip_tracking":false,"_monsterinsights_sitenote_active":false,"_monsterinsights_sitenote_note":"","_monsterinsights_sitenote_category":0,"footnotes":"","_links_to":"","_links_to_target":""},"class_list":["post-1675","page","type-page","status-publish","hentry","entry"],"_links":{"self":[{"href":"https:\/\/sites.usp.br\/bioquimica\/wp-json\/wp\/v2\/pages\/1675","targetHints":{"allow":["GET"]}}],"collection":[{"href":"https:\/\/sites.usp.br\/bioquimica\/wp-json\/wp\/v2\/pages"}],"about":[{"href":"https:\/\/sites.usp.br\/bioquimica\/wp-json\/wp\/v2\/types\/page"}],"author":[{"embeddable":true,"href":"https:\/\/sites.usp.br\/bioquimica\/wp-json\/wp\/v2\/users\/22837"}],"replies":[{"embeddable":true,"href":"https:\/\/sites.usp.br\/bioquimica\/wp-json\/wp\/v2\/comments?post=1675"}],"version-history":[{"count":4,"href":"https:\/\/sites.usp.br\/bioquimica\/wp-json\/wp\/v2\/pages\/1675\/revisions"}],"predecessor-version":[{"id":1836,"href":"https:\/\/sites.usp.br\/bioquimica\/wp-json\/wp\/v2\/pages\/1675\/revisions\/1836"}],"wp:attachment":[{"href":"https:\/\/sites.usp.br\/bioquimica\/wp-json\/wp\/v2\/media?parent=1675"}],"curies":[{"name":"wp","href":"https:\/\/api.w.org\/{rel}","templated":true}]}}