{"id":660,"date":"2022-03-23T01:52:03","date_gmt":"2022-03-23T03:52:03","guid":{"rendered":"https:\/\/sites.usp.br\/bioquimica\/?page_id=660"},"modified":"2022-04-03T14:29:42","modified_gmt":"2022-04-03T16:29:42","slug":"lipideos","status":"publish","type":"page","link":"https:\/\/sites.usp.br\/bioquimica\/lipideos\/","title":{"rendered":"Lip\u00eddeos"},"content":{"rendered":"\t\t<div data-elementor-type=\"wp-page\" data-elementor-id=\"660\" class=\"elementor elementor-660\" data-elementor-post-type=\"page\">\n\t\t\t\t\t\t<section class=\"elementor-section elementor-top-section elementor-element elementor-element-b74a73f elementor-section-boxed elementor-section-height-default elementor-section-height-default\" data-id=\"b74a73f\" data-element_type=\"section\">\n\t\t\t\t\t\t<div class=\"elementor-container elementor-column-gap-default\">\n\t\t\t\t\t<div class=\"elementor-column elementor-col-100 elementor-top-column elementor-element elementor-element-9cb2465\" data-id=\"9cb2465\" data-element_type=\"column\">\n\t\t\t<div class=\"elementor-widget-wrap elementor-element-populated\">\n\t\t\t\t\t\t<div class=\"elementor-element elementor-element-dafbc3e elementor-widget elementor-widget-wp-widget-mh_custom_posts\" data-id=\"dafbc3e\" data-element_type=\"widget\" data-widget_type=\"wp-widget-mh_custom_posts.default\">\n\t\t\t\t<div class=\"elementor-widget-container\">\n\t\t\t<h5><a href=\"https:\/\/sites.usp.br\/bioquimica\/category\/aspest\/lipideos\/\" class=\"widget-title-link\">Exerc\u00edcios sobre lip\u00eddeos<\/a><\/h5>        <div class=\"cp-widget clearfix\"> \t\t\t\t<div class=\"cp-widget-item cp-large cp-count-10\">\r\n\t\t\t\t\t<div class=\"cp-large-thumb\"><a href=\"https:\/\/sites.usp.br\/bioquimica\/adesao-e-interacao-entre-as-celulas\/\" title=\"Ades\u00e3o e intera\u00e7\u00e3o entre as c\u00e9lulas\"><img fetchpriority=\"high\" decoding=\"async\" width=\"310\" height=\"174\" src=\"https:\/\/sites.usp.br\/bioquimica\/wp-content\/uploads\/sites\/1093\/2022\/04\/Lipideos-8-310x174.png\" class=\"attachment-featured size-featured wp-post-image\" alt=\"\" srcset=\"https:\/\/sites.usp.br\/bioquimica\/wp-content\/uploads\/sites\/1093\/2022\/04\/Lipideos-8-310x174.png 310w, https:\/\/sites.usp.br\/bioquimica\/wp-content\/uploads\/sites\/1093\/2022\/04\/Lipideos-8-800x450.png 800w\" sizes=\"(max-width: 310px) 100vw, 310px\" \/><\/a><\/div>\r\n\t\t\t\t\t<div class=\"meta clearfix\">\r\n\t\t\t\t\t\t\t\t\t\t\t<span class=\"meta-date\">03\/04\/2022<\/span>\r\n\t\t\t\t\t\t\t\t\t\t\t<span class=\"meta-comments\"><i class=\"fa fa-comment-o\"><\/i>0<\/span>\r\n\t\t\t\t\t<\/div>\r\n\t\t\t\t\t<h3 class=\"cp-large-title\"><a href=\"https:\/\/sites.usp.br\/bioquimica\/adesao-e-interacao-entre-as-celulas\/\" title=\"Ades\u00e3o e intera\u00e7\u00e3o entre as c\u00e9lulas\">Ades\u00e3o e intera\u00e7\u00e3o entre as c\u00e9lulas<\/a><\/h3>\r\n\t\t\t\t\t<div class=\"mh-excerpt\">Ca\u00e7a palavras sobre a ades\u00e3o e intera\u00e7\u00e3o entre as c\u00e9lulas Ver <a href=\"https:\/\/sites.usp.br\/bioquimica\/adesao-e-interacao-entre-as-celulas\/\" title=\"Ades\u00e3o e intera\u00e7\u00e3o entre as c\u00e9lulas\">[...]<\/a><\/div>\n\t\t\t\t<\/div>\r\n\t\t\t\t<ul class=\"cp-list\">\t\t\t\t\t<li class=\"cp-widget-item cp-list-item clearfix\">\r\n\t\t\t\t\t\t<div class=\"cp-small-thumb\"><a href=\"https:\/\/sites.usp.br\/bioquimica\/transporte-de-macromoleculas\/\" title=\"Transporte de macromol\u00e9culas\"><img decoding=\"async\" width=\"80\" height=\"60\" src=\"https:\/\/sites.usp.br\/bioquimica\/wp-content\/uploads\/sites\/1093\/2022\/04\/Lipideos-7-80x60.png\" class=\"attachment-cp_small size-cp_small wp-post-image\" alt=\"\" srcset=\"https:\/\/sites.usp.br\/bioquimica\/wp-content\/uploads\/sites\/1093\/2022\/04\/Lipideos-7-80x60.png 80w, https:\/\/sites.usp.br\/bioquimica\/wp-content\/uploads\/sites\/1093\/2022\/04\/Lipideos-7-300x225.png 300w, https:\/\/sites.usp.br\/bioquimica\/wp-content\/uploads\/sites\/1093\/2022\/04\/Lipideos-7-768x576.png 768w, https:\/\/sites.usp.br\/bioquimica\/wp-content\/uploads\/sites\/1093\/2022\/04\/Lipideos-7-400x300.png 400w, https:\/\/sites.usp.br\/bioquimica\/wp-content\/uploads\/sites\/1093\/2022\/04\/Lipideos-7.png 1024w\" sizes=\"(max-width: 80px) 100vw, 80px\" \/><\/a><\/div>\r\n\t\t\t\t\t\t\t\t\t\t\t\t\t<div class=\"meta\">03\/04\/2022<\/div>\r\n\t\t\t\t\t\t\t\t\t\t\t\t<p class=\"cp-small-title\"><a href=\"https:\/\/sites.usp.br\/bioquimica\/transporte-de-macromoleculas\/\" title=\"Transporte de macromol\u00e9culas\">Transporte de macromol\u00e9culas<\/a><\/p>\r\n                        <div class=\"mh-excerpt\">Ligue os pontos acerca das caracter\u00edsticas do transporte de macromol\u00e9culas Ver <a href=\"https:\/\/sites.usp.br\/bioquimica\/transporte-de-macromoleculas\/\" title=\"Transporte de macromol\u00e9culas\">[...]<\/a><\/div>\n\t\t\t\t\t<\/li> \t\t\t\t\t<li class=\"cp-widget-item cp-list-item clearfix\">\r\n\t\t\t\t\t\t<div class=\"cp-small-thumb\"><a href=\"https:\/\/sites.usp.br\/bioquimica\/transporte-de-micromoleculas\/\" title=\"Transporte de micromol\u00e9culas\"><img decoding=\"async\" width=\"80\" height=\"60\" src=\"https:\/\/sites.usp.br\/bioquimica\/wp-content\/uploads\/sites\/1093\/2022\/04\/Lipideos-6-80x60.png\" class=\"attachment-cp_small size-cp_small wp-post-image\" alt=\"\" srcset=\"https:\/\/sites.usp.br\/bioquimica\/wp-content\/uploads\/sites\/1093\/2022\/04\/Lipideos-6-80x60.png 80w, https:\/\/sites.usp.br\/bioquimica\/wp-content\/uploads\/sites\/1093\/2022\/04\/Lipideos-6-300x225.png 300w, https:\/\/sites.usp.br\/bioquimica\/wp-content\/uploads\/sites\/1093\/2022\/04\/Lipideos-6-768x576.png 768w, https:\/\/sites.usp.br\/bioquimica\/wp-content\/uploads\/sites\/1093\/2022\/04\/Lipideos-6-400x300.png 400w, https:\/\/sites.usp.br\/bioquimica\/wp-content\/uploads\/sites\/1093\/2022\/04\/Lipideos-6.png 1024w\" sizes=\"(max-width: 80px) 100vw, 80px\" \/><\/a><\/div>\r\n\t\t\t\t\t\t\t\t\t\t\t\t\t<div class=\"meta\">03\/04\/2022<\/div>\r\n\t\t\t\t\t\t\t\t\t\t\t\t<p class=\"cp-small-title\"><a href=\"https:\/\/sites.usp.br\/bioquimica\/transporte-de-micromoleculas\/\" title=\"Transporte de micromol\u00e9culas\">Transporte de micromol\u00e9culas<\/a><\/p>\r\n                        <div class=\"mh-excerpt\">Cruzadinha sobre o Transporte de micromol\u00e9culas atrav\u00e9s da membrana plasm\u00e1tica Ver <a href=\"https:\/\/sites.usp.br\/bioquimica\/transporte-de-micromoleculas\/\" title=\"Transporte de micromol\u00e9culas\">[...]<\/a><\/div>\n\t\t\t\t\t<\/li> \t\t\t\t\t<li class=\"cp-widget-item cp-list-item clearfix\">\r\n\t\t\t\t\t\t<div class=\"cp-small-thumb\"><a href=\"https:\/\/sites.usp.br\/bioquimica\/lipideos-constituicao-da-membrana-plasmatica\/\" title=\"Constitui\u00e7\u00e3o da membrana plasm\u00e1tica\"><img loading=\"lazy\" decoding=\"async\" width=\"80\" height=\"60\" src=\"https:\/\/sites.usp.br\/bioquimica\/wp-content\/uploads\/sites\/1093\/2022\/04\/Lipideos-5-80x60.png\" class=\"attachment-cp_small size-cp_small wp-post-image\" alt=\"\" srcset=\"https:\/\/sites.usp.br\/bioquimica\/wp-content\/uploads\/sites\/1093\/2022\/04\/Lipideos-5-80x60.png 80w, https:\/\/sites.usp.br\/bioquimica\/wp-content\/uploads\/sites\/1093\/2022\/04\/Lipideos-5-300x225.png 300w, https:\/\/sites.usp.br\/bioquimica\/wp-content\/uploads\/sites\/1093\/2022\/04\/Lipideos-5-768x576.png 768w, https:\/\/sites.usp.br\/bioquimica\/wp-content\/uploads\/sites\/1093\/2022\/04\/Lipideos-5-400x300.png 400w, https:\/\/sites.usp.br\/bioquimica\/wp-content\/uploads\/sites\/1093\/2022\/04\/Lipideos-5.png 1024w\" sizes=\"(max-width: 80px) 100vw, 80px\" \/><\/a><\/div>\r\n\t\t\t\t\t\t\t\t\t\t\t\t\t<div class=\"meta\">03\/04\/2022<\/div>\r\n\t\t\t\t\t\t\t\t\t\t\t\t<p class=\"cp-small-title\"><a href=\"https:\/\/sites.usp.br\/bioquimica\/lipideos-constituicao-da-membrana-plasmatica\/\" title=\"Constitui\u00e7\u00e3o da membrana plasm\u00e1tica\">Constitui\u00e7\u00e3o da membrana plasm\u00e1tica<\/a><\/p>\r\n                        <div class=\"mh-excerpt\">Complete as lacunas do texto com as informa\u00e7\u00f5es acerca da constitui\u00e7\u00e3o da membrana plasm\u00e1tica Ver <a href=\"https:\/\/sites.usp.br\/bioquimica\/lipideos-constituicao-da-membrana-plasmatica\/\" title=\"Constitui\u00e7\u00e3o da membrana plasm\u00e1tica\">[...]<\/a><\/div>\n\t\t\t\t\t<\/li> \t\t\t\t\t<li class=\"cp-widget-item cp-list-item clearfix\">\r\n\t\t\t\t\t\t<div class=\"cp-small-thumb\"><a href=\"https:\/\/sites.usp.br\/bioquimica\/classes-e-grupos-de-lipideos-ii\/\" title=\"Classes e grupos de lip\u00eddeos II\"><img loading=\"lazy\" decoding=\"async\" width=\"80\" height=\"60\" src=\"https:\/\/sites.usp.br\/bioquimica\/wp-content\/uploads\/sites\/1093\/2022\/04\/Lipideos-4-80x60.png\" class=\"attachment-cp_small size-cp_small wp-post-image\" alt=\"\" srcset=\"https:\/\/sites.usp.br\/bioquimica\/wp-content\/uploads\/sites\/1093\/2022\/04\/Lipideos-4-80x60.png 80w, https:\/\/sites.usp.br\/bioquimica\/wp-content\/uploads\/sites\/1093\/2022\/04\/Lipideos-4-300x225.png 300w, https:\/\/sites.usp.br\/bioquimica\/wp-content\/uploads\/sites\/1093\/2022\/04\/Lipideos-4-768x576.png 768w, https:\/\/sites.usp.br\/bioquimica\/wp-content\/uploads\/sites\/1093\/2022\/04\/Lipideos-4-400x300.png 400w, https:\/\/sites.usp.br\/bioquimica\/wp-content\/uploads\/sites\/1093\/2022\/04\/Lipideos-4.png 1024w\" sizes=\"(max-width: 80px) 100vw, 80px\" \/><\/a><\/div>\r\n\t\t\t\t\t\t\t\t\t\t\t\t\t<div class=\"meta\">03\/04\/2022<\/div>\r\n\t\t\t\t\t\t\t\t\t\t\t\t<p class=\"cp-small-title\"><a href=\"https:\/\/sites.usp.br\/bioquimica\/classes-e-grupos-de-lipideos-ii\/\" title=\"Classes e grupos de lip\u00eddeos II\">Classes e grupos de lip\u00eddeos II<\/a><\/p>\r\n                        <div class=\"mh-excerpt\">Outro ca\u00e7a palavras sobre os grupos de lip\u00eddeos Ver <a href=\"https:\/\/sites.usp.br\/bioquimica\/classes-e-grupos-de-lipideos-ii\/\" title=\"Classes e grupos de lip\u00eddeos II\">[...]<\/a><\/div>\n\t\t\t\t\t<\/li> \t\t\t\t\t<li class=\"cp-widget-item cp-list-item clearfix\">\r\n\t\t\t\t\t\t<div class=\"cp-small-thumb\"><a href=\"https:\/\/sites.usp.br\/bioquimica\/classes-e-grupos-de-lipideos-i\/\" title=\"Classes e grupos de lip\u00eddeos I\"><img loading=\"lazy\" decoding=\"async\" width=\"80\" height=\"60\" src=\"https:\/\/sites.usp.br\/bioquimica\/wp-content\/uploads\/sites\/1093\/2022\/04\/Lipideos-3-80x60.png\" class=\"attachment-cp_small size-cp_small wp-post-image\" alt=\"\" srcset=\"https:\/\/sites.usp.br\/bioquimica\/wp-content\/uploads\/sites\/1093\/2022\/04\/Lipideos-3-80x60.png 80w, https:\/\/sites.usp.br\/bioquimica\/wp-content\/uploads\/sites\/1093\/2022\/04\/Lipideos-3-300x225.png 300w, https:\/\/sites.usp.br\/bioquimica\/wp-content\/uploads\/sites\/1093\/2022\/04\/Lipideos-3-768x576.png 768w, https:\/\/sites.usp.br\/bioquimica\/wp-content\/uploads\/sites\/1093\/2022\/04\/Lipideos-3-400x300.png 400w, https:\/\/sites.usp.br\/bioquimica\/wp-content\/uploads\/sites\/1093\/2022\/04\/Lipideos-3.png 1024w\" sizes=\"(max-width: 80px) 100vw, 80px\" \/><\/a><\/div>\r\n\t\t\t\t\t\t\t\t\t\t\t\t\t<div class=\"meta\">03\/04\/2022<\/div>\r\n\t\t\t\t\t\t\t\t\t\t\t\t<p class=\"cp-small-title\"><a href=\"https:\/\/sites.usp.br\/bioquimica\/classes-e-grupos-de-lipideos-i\/\" title=\"Classes e grupos de lip\u00eddeos I\">Classes e grupos de lip\u00eddeos I<\/a><\/p>\r\n                        <div class=\"mh-excerpt\">Ca\u00e7a palavras sobre os grupos de lip\u00eddeos Ver <a href=\"https:\/\/sites.usp.br\/bioquimica\/classes-e-grupos-de-lipideos-i\/\" title=\"Classes e grupos de lip\u00eddeos I\">[...]<\/a><\/div>\n\t\t\t\t\t<\/li> \t\t\t\t\t<li class=\"cp-widget-item cp-list-item clearfix\">\r\n\t\t\t\t\t\t<div class=\"cp-small-thumb\"><a href=\"https:\/\/sites.usp.br\/bioquimica\/propriedades-dos-lipideos\/\" title=\"Propriedades dos lip\u00eddeos\"><img loading=\"lazy\" decoding=\"async\" width=\"80\" height=\"60\" src=\"https:\/\/sites.usp.br\/bioquimica\/wp-content\/uploads\/sites\/1093\/2022\/04\/Lipideos-2-80x60.png\" class=\"attachment-cp_small size-cp_small wp-post-image\" alt=\"\" srcset=\"https:\/\/sites.usp.br\/bioquimica\/wp-content\/uploads\/sites\/1093\/2022\/04\/Lipideos-2-80x60.png 80w, https:\/\/sites.usp.br\/bioquimica\/wp-content\/uploads\/sites\/1093\/2022\/04\/Lipideos-2-300x225.png 300w, https:\/\/sites.usp.br\/bioquimica\/wp-content\/uploads\/sites\/1093\/2022\/04\/Lipideos-2-768x576.png 768w, https:\/\/sites.usp.br\/bioquimica\/wp-content\/uploads\/sites\/1093\/2022\/04\/Lipideos-2-400x300.png 400w, https:\/\/sites.usp.br\/bioquimica\/wp-content\/uploads\/sites\/1093\/2022\/04\/Lipideos-2.png 1024w\" sizes=\"(max-width: 80px) 100vw, 80px\" \/><\/a><\/div>\r\n\t\t\t\t\t\t\t\t\t\t\t\t\t<div class=\"meta\">03\/04\/2022<\/div>\r\n\t\t\t\t\t\t\t\t\t\t\t\t<p class=\"cp-small-title\"><a href=\"https:\/\/sites.usp.br\/bioquimica\/propriedades-dos-lipideos\/\" title=\"Propriedades dos lip\u00eddeos\">Propriedades dos lip\u00eddeos<\/a><\/p>\r\n                        <div class=\"mh-excerpt\">Ligue os pontos acerca das principais propriedades dos lip\u00eddeos Ver <a href=\"https:\/\/sites.usp.br\/bioquimica\/propriedades-dos-lipideos\/\" title=\"Propriedades dos lip\u00eddeos\">[...]<\/a><\/div>\n\t\t\t\t\t<\/li> \t\t\t\t\t<li class=\"cp-widget-item cp-list-item clearfix\">\r\n\t\t\t\t\t\t<div class=\"cp-small-thumb\"><a href=\"https:\/\/sites.usp.br\/bioquimica\/caracteristicas-gerais-dos-lipideos\/\" title=\"Caracter\u00edsticas gerais dos lip\u00eddeos\"><img loading=\"lazy\" decoding=\"async\" width=\"80\" height=\"60\" src=\"https:\/\/sites.usp.br\/bioquimica\/wp-content\/uploads\/sites\/1093\/2022\/04\/Lipideos-80x60.png\" class=\"attachment-cp_small size-cp_small wp-post-image\" alt=\"\" srcset=\"https:\/\/sites.usp.br\/bioquimica\/wp-content\/uploads\/sites\/1093\/2022\/04\/Lipideos-80x60.png 80w, https:\/\/sites.usp.br\/bioquimica\/wp-content\/uploads\/sites\/1093\/2022\/04\/Lipideos-300x225.png 300w, https:\/\/sites.usp.br\/bioquimica\/wp-content\/uploads\/sites\/1093\/2022\/04\/Lipideos-768x576.png 768w, https:\/\/sites.usp.br\/bioquimica\/wp-content\/uploads\/sites\/1093\/2022\/04\/Lipideos-400x300.png 400w, https:\/\/sites.usp.br\/bioquimica\/wp-content\/uploads\/sites\/1093\/2022\/04\/Lipideos.png 1024w\" sizes=\"(max-width: 80px) 100vw, 80px\" \/><\/a><\/div>\r\n\t\t\t\t\t\t\t\t\t\t\t\t\t<div class=\"meta\">03\/04\/2022<\/div>\r\n\t\t\t\t\t\t\t\t\t\t\t\t<p class=\"cp-small-title\"><a href=\"https:\/\/sites.usp.br\/bioquimica\/caracteristicas-gerais-dos-lipideos\/\" title=\"Caracter\u00edsticas gerais dos lip\u00eddeos\">Caracter\u00edsticas gerais dos lip\u00eddeos<\/a><\/p>\r\n                        <div class=\"mh-excerpt\">Correlacione as informa\u00e7\u00f5es gerais sobre os lip\u00eddeos Ver <a href=\"https:\/\/sites.usp.br\/bioquimica\/caracteristicas-gerais-dos-lipideos\/\" title=\"Caracter\u00edsticas gerais dos lip\u00eddeos\">[...]<\/a><\/div>\n\t\t\t\t\t<\/li>         \t<\/ul>\r\n        <\/div>\t\t<\/div>\n\t\t\t\t<\/div>\n\t\t\t\t\t<\/div>\n\t\t<\/div>\n\t\t\t\t\t<\/div>\n\t\t<\/section>\n\t\t\t\t<\/div>\n\t\t","protected":false},"excerpt":{"rendered":"","protected":false},"author":22837,"featured_media":0,"parent":0,"menu_order":0,"comment_status":"closed","ping_status":"closed","template":"","meta":{"_monsterinsights_skip_tracking":false,"_monsterinsights_sitenote_active":false,"_monsterinsights_sitenote_note":"","_monsterinsights_sitenote_category":0,"footnotes":"","_links_to":"","_links_to_target":""},"class_list":["post-660","page","type-page","status-publish","hentry","entry","has-media"],"_links":{"self":[{"href":"https:\/\/sites.usp.br\/bioquimica\/wp-json\/wp\/v2\/pages\/660","targetHints":{"allow":["GET"]}}],"collection":[{"href":"https:\/\/sites.usp.br\/bioquimica\/wp-json\/wp\/v2\/pages"}],"about":[{"href":"https:\/\/sites.usp.br\/bioquimica\/wp-json\/wp\/v2\/types\/page"}],"author":[{"embeddable":true,"href":"https:\/\/sites.usp.br\/bioquimica\/wp-json\/wp\/v2\/users\/22837"}],"replies":[{"embeddable":true,"href":"https:\/\/sites.usp.br\/bioquimica\/wp-json\/wp\/v2\/comments?post=660"}],"version-history":[{"count":4,"href":"https:\/\/sites.usp.br\/bioquimica\/wp-json\/wp\/v2\/pages\/660\/revisions"}],"predecessor-version":[{"id":1186,"href":"https:\/\/sites.usp.br\/bioquimica\/wp-json\/wp\/v2\/pages\/660\/revisions\/1186"}],"wp:attachment":[{"href":"https:\/\/sites.usp.br\/bioquimica\/wp-json\/wp\/v2\/media?parent=660"}],"curies":[{"name":"wp","href":"https:\/\/api.w.org\/{rel}","templated":true}]}}