{"id":674,"date":"2022-03-23T01:54:30","date_gmt":"2022-03-23T03:54:30","guid":{"rendered":"https:\/\/sites.usp.br\/bioquimica\/?page_id=674"},"modified":"2022-04-04T00:14:05","modified_gmt":"2022-04-04T02:14:05","slug":"sinalizacao-celular","status":"publish","type":"page","link":"https:\/\/sites.usp.br\/bioquimica\/sinalizacao-celular\/","title":{"rendered":"Sinaliza\u00e7\u00e3o Celular"},"content":{"rendered":"\t\t<div data-elementor-type=\"wp-page\" data-elementor-id=\"674\" class=\"elementor elementor-674\" data-elementor-post-type=\"page\">\n\t\t\t\t\t\t<section class=\"elementor-section elementor-top-section elementor-element elementor-element-6c53eca elementor-section-boxed elementor-section-height-default elementor-section-height-default\" data-id=\"6c53eca\" data-element_type=\"section\">\n\t\t\t\t\t\t<div class=\"elementor-container elementor-column-gap-default\">\n\t\t\t\t\t<div class=\"elementor-column elementor-col-100 elementor-top-column elementor-element elementor-element-1f104fc\" data-id=\"1f104fc\" data-element_type=\"column\">\n\t\t\t<div class=\"elementor-widget-wrap elementor-element-populated\">\n\t\t\t\t\t\t<div class=\"elementor-element elementor-element-1fae48d elementor-widget elementor-widget-wp-widget-mh_custom_posts\" data-id=\"1fae48d\" data-element_type=\"widget\" data-widget_type=\"wp-widget-mh_custom_posts.default\">\n\t\t\t\t<div class=\"elementor-widget-container\">\n\t\t\t<h5><a href=\"https:\/\/sites.usp.br\/bioquimica\/category\/aspest\/sinalizacao-celular\/\" class=\"widget-title-link\">Exerc\u00edcios sobre sinaliza\u00e7\u00e3o celular<\/a><\/h5>        <div class=\"cp-widget clearfix\"> \t\t\t\t<div class=\"cp-widget-item cp-large cp-count-5\">\r\n\t\t\t\t\t<div class=\"cp-large-thumb\"><a href=\"https:\/\/sites.usp.br\/bioquimica\/tipos-de-receptores\/\" title=\"Tipos de receptores\"><img fetchpriority=\"high\" decoding=\"async\" width=\"310\" height=\"174\" src=\"https:\/\/sites.usp.br\/bioquimica\/wp-content\/uploads\/sites\/1093\/2022\/04\/Lipideos-3-1-310x174.png\" class=\"attachment-featured size-featured wp-post-image\" alt=\"\" srcset=\"https:\/\/sites.usp.br\/bioquimica\/wp-content\/uploads\/sites\/1093\/2022\/04\/Lipideos-3-1-310x174.png 310w, https:\/\/sites.usp.br\/bioquimica\/wp-content\/uploads\/sites\/1093\/2022\/04\/Lipideos-3-1-800x450.png 800w\" sizes=\"(max-width: 310px) 100vw, 310px\" \/><\/a><\/div>\r\n\t\t\t\t\t<div class=\"meta clearfix\">\r\n\t\t\t\t\t\t\t\t\t\t\t<span class=\"meta-date\">04\/04\/2022<\/span>\r\n\t\t\t\t\t\t\t\t\t\t\t<span class=\"meta-comments\"><i class=\"fa fa-comment-o\"><\/i>0<\/span>\r\n\t\t\t\t\t<\/div>\r\n\t\t\t\t\t<h3 class=\"cp-large-title\"><a href=\"https:\/\/sites.usp.br\/bioquimica\/tipos-de-receptores\/\" title=\"Tipos de receptores\">Tipos de receptores<\/a><\/h3>\r\n\t\t\t\t\t<div class=\"mh-excerpt\">Selecione as cores acerca dos tipos de receptores presentes na sinaliza\u00e7\u00e3o celular. Ver <a href=\"https:\/\/sites.usp.br\/bioquimica\/tipos-de-receptores\/\" title=\"Tipos de receptores\">[...]<\/a><\/div>\n\t\t\t\t<\/div>\r\n\t\t\t\t<ul class=\"cp-list\">\t\t\t\t\t<li class=\"cp-widget-item cp-list-item clearfix\">\r\n\t\t\t\t\t\t<div class=\"cp-small-thumb\"><a href=\"https:\/\/sites.usp.br\/bioquimica\/tipos-de-sinalizacao\/\" title=\"Tipos de sinaliza\u00e7\u00e3o\"><img decoding=\"async\" width=\"80\" height=\"60\" src=\"https:\/\/sites.usp.br\/bioquimica\/wp-content\/uploads\/sites\/1093\/2022\/04\/Lipideos-2-1-80x60.png\" class=\"attachment-cp_small size-cp_small wp-post-image\" alt=\"\" srcset=\"https:\/\/sites.usp.br\/bioquimica\/wp-content\/uploads\/sites\/1093\/2022\/04\/Lipideos-2-1-80x60.png 80w, https:\/\/sites.usp.br\/bioquimica\/wp-content\/uploads\/sites\/1093\/2022\/04\/Lipideos-2-1-300x225.png 300w, https:\/\/sites.usp.br\/bioquimica\/wp-content\/uploads\/sites\/1093\/2022\/04\/Lipideos-2-1-768x576.png 768w, https:\/\/sites.usp.br\/bioquimica\/wp-content\/uploads\/sites\/1093\/2022\/04\/Lipideos-2-1-400x300.png 400w, https:\/\/sites.usp.br\/bioquimica\/wp-content\/uploads\/sites\/1093\/2022\/04\/Lipideos-2-1.png 1024w\" sizes=\"(max-width: 80px) 100vw, 80px\" \/><\/a><\/div>\r\n\t\t\t\t\t\t\t\t\t\t\t\t\t<div class=\"meta\">04\/04\/2022<\/div>\r\n\t\t\t\t\t\t\t\t\t\t\t\t<p class=\"cp-small-title\"><a href=\"https:\/\/sites.usp.br\/bioquimica\/tipos-de-sinalizacao\/\" title=\"Tipos de sinaliza\u00e7\u00e3o\">Tipos de sinaliza\u00e7\u00e3o<\/a><\/p>\r\n                        <div class=\"mh-excerpt\">Ca\u00e7a palavras sobre os tipos de sinaliza\u00e7\u00e3o celular Ver <a href=\"https:\/\/sites.usp.br\/bioquimica\/tipos-de-sinalizacao\/\" title=\"Tipos de sinaliza\u00e7\u00e3o\">[...]<\/a><\/div>\n\t\t\t\t\t<\/li> \t\t\t\t\t<li class=\"cp-widget-item cp-list-item clearfix\">\r\n\t\t\t\t\t\t<div class=\"cp-small-thumb\"><a href=\"https:\/\/sites.usp.br\/bioquimica\/caracteristicas-gerais-da-sinalizacao-celular\/\" title=\"Caracter\u00edsticas gerais da sinaliza\u00e7\u00e3o celular\"><img decoding=\"async\" width=\"80\" height=\"60\" src=\"https:\/\/sites.usp.br\/bioquimica\/wp-content\/uploads\/sites\/1093\/2022\/04\/Lipideos-1-80x60.png\" class=\"attachment-cp_small size-cp_small wp-post-image\" alt=\"\" srcset=\"https:\/\/sites.usp.br\/bioquimica\/wp-content\/uploads\/sites\/1093\/2022\/04\/Lipideos-1-80x60.png 80w, https:\/\/sites.usp.br\/bioquimica\/wp-content\/uploads\/sites\/1093\/2022\/04\/Lipideos-1-300x225.png 300w, https:\/\/sites.usp.br\/bioquimica\/wp-content\/uploads\/sites\/1093\/2022\/04\/Lipideos-1-768x576.png 768w, https:\/\/sites.usp.br\/bioquimica\/wp-content\/uploads\/sites\/1093\/2022\/04\/Lipideos-1-400x300.png 400w, https:\/\/sites.usp.br\/bioquimica\/wp-content\/uploads\/sites\/1093\/2022\/04\/Lipideos-1.png 1024w\" sizes=\"(max-width: 80px) 100vw, 80px\" \/><\/a><\/div>\r\n\t\t\t\t\t\t\t\t\t\t\t\t\t<div class=\"meta\">03\/04\/2022<\/div>\r\n\t\t\t\t\t\t\t\t\t\t\t\t<p class=\"cp-small-title\"><a href=\"https:\/\/sites.usp.br\/bioquimica\/caracteristicas-gerais-da-sinalizacao-celular\/\" title=\"Caracter\u00edsticas gerais da sinaliza\u00e7\u00e3o celular\">Caracter\u00edsticas gerais da sinaliza\u00e7\u00e3o celular<\/a><\/p>\r\n                        <div class=\"mh-excerpt\">Ligue os pontos acerca das caracter\u00edsticas gerais da sinaliza\u00e7\u00e3o celular. Ver <a href=\"https:\/\/sites.usp.br\/bioquimica\/caracteristicas-gerais-da-sinalizacao-celular\/\" title=\"Caracter\u00edsticas gerais da sinaliza\u00e7\u00e3o celular\">[...]<\/a><\/div>\n\t\t\t\t\t<\/li>         \t<\/ul>\r\n        <\/div>\t\t<\/div>\n\t\t\t\t<\/div>\n\t\t\t\t\t<\/div>\n\t\t<\/div>\n\t\t\t\t\t<\/div>\n\t\t<\/section>\n\t\t\t\t<\/div>\n\t\t","protected":false},"excerpt":{"rendered":"","protected":false},"author":22837,"featured_media":0,"parent":0,"menu_order":0,"comment_status":"closed","ping_status":"closed","template":"","meta":{"_monsterinsights_skip_tracking":false,"_monsterinsights_sitenote_active":false,"_monsterinsights_sitenote_note":"","_monsterinsights_sitenote_category":0,"footnotes":"","_links_to":"","_links_to_target":""},"class_list":["post-674","page","type-page","status-publish","hentry","entry","has-media"],"_links":{"self":[{"href":"https:\/\/sites.usp.br\/bioquimica\/wp-json\/wp\/v2\/pages\/674","targetHints":{"allow":["GET"]}}],"collection":[{"href":"https:\/\/sites.usp.br\/bioquimica\/wp-json\/wp\/v2\/pages"}],"about":[{"href":"https:\/\/sites.usp.br\/bioquimica\/wp-json\/wp\/v2\/types\/page"}],"author":[{"embeddable":true,"href":"https:\/\/sites.usp.br\/bioquimica\/wp-json\/wp\/v2\/users\/22837"}],"replies":[{"embeddable":true,"href":"https:\/\/sites.usp.br\/bioquimica\/wp-json\/wp\/v2\/comments?post=674"}],"version-history":[{"count":4,"href":"https:\/\/sites.usp.br\/bioquimica\/wp-json\/wp\/v2\/pages\/674\/revisions"}],"predecessor-version":[{"id":1234,"href":"https:\/\/sites.usp.br\/bioquimica\/wp-json\/wp\/v2\/pages\/674\/revisions\/1234"}],"wp:attachment":[{"href":"https:\/\/sites.usp.br\/bioquimica\/wp-json\/wp\/v2\/media?parent=674"}],"curies":[{"name":"wp","href":"https:\/\/api.w.org\/{rel}","templated":true}]}}