{"id":680,"date":"2022-03-23T02:01:33","date_gmt":"2022-03-23T04:01:33","guid":{"rendered":"https:\/\/sites.usp.br\/bioquimica\/?page_id=680"},"modified":"2022-03-23T22:31:18","modified_gmt":"2022-03-24T00:31:18","slug":"proteinas","status":"publish","type":"page","link":"https:\/\/sites.usp.br\/bioquimica\/proteinas\/","title":{"rendered":"Prote\u00ednas"},"content":{"rendered":"\t\t<div data-elementor-type=\"wp-page\" data-elementor-id=\"680\" class=\"elementor elementor-680\" data-elementor-post-type=\"page\">\n\t\t\t\t\t\t<section class=\"elementor-section elementor-top-section elementor-element elementor-element-766c69c elementor-section-boxed elementor-section-height-default elementor-section-height-default\" data-id=\"766c69c\" data-element_type=\"section\">\n\t\t\t\t\t\t<div class=\"elementor-container elementor-column-gap-default\">\n\t\t\t\t\t<div class=\"elementor-column elementor-col-100 elementor-top-column elementor-element elementor-element-c923290\" data-id=\"c923290\" data-element_type=\"column\">\n\t\t\t<div class=\"elementor-widget-wrap elementor-element-populated\">\n\t\t\t\t\t\t<div class=\"elementor-element elementor-element-d50ed0d elementor-widget elementor-widget-wp-widget-mh_custom_posts\" data-id=\"d50ed0d\" data-element_type=\"widget\" data-widget_type=\"wp-widget-mh_custom_posts.default\">\n\t\t\t\t<div class=\"elementor-widget-container\">\n\t\t\t<h5><a href=\"https:\/\/sites.usp.br\/bioquimica\/category\/aspest\/prot\/\" class=\"widget-title-link\">Prote\u00ednas<\/a><\/h5>        <div class=\"cp-widget clearfix\"> \t\t\t\t<div class=\"cp-widget-item cp-large cp-count-6\">\r\n\t\t\t\t\t<div class=\"cp-large-thumb\"><a href=\"https:\/\/sites.usp.br\/bioquimica\/ponto-isoeletrico\/\" title=\"Ponto isoel\u00e9trico\"><img fetchpriority=\"high\" decoding=\"async\" width=\"310\" height=\"174\" src=\"https:\/\/sites.usp.br\/bioquimica\/wp-content\/uploads\/sites\/1093\/2022\/03\/prot-5-310x174.png\" class=\"attachment-featured size-featured wp-post-image\" alt=\"\" \/><\/a><\/div>\r\n\t\t\t\t\t<div class=\"meta clearfix\">\r\n\t\t\t\t\t\t\t\t\t\t\t<span class=\"meta-date\">23\/03\/2022<\/span>\r\n\t\t\t\t\t\t\t\t\t\t\t<span class=\"meta-comments\"><i class=\"fa fa-comment-o\"><\/i>0<\/span>\r\n\t\t\t\t\t<\/div>\r\n\t\t\t\t\t<h3 class=\"cp-large-title\"><a href=\"https:\/\/sites.usp.br\/bioquimica\/ponto-isoeletrico\/\" title=\"Ponto isoel\u00e9trico\">Ponto isoel\u00e9trico<\/a><\/h3>\r\n\t\t\t\t\t<div class=\"mh-excerpt\">Julgue as afirmativas sobre o ponto isoel\u00e9trico Ver <a href=\"https:\/\/sites.usp.br\/bioquimica\/ponto-isoeletrico\/\" title=\"Ponto isoel\u00e9trico\">[...]<\/a><\/div>\n\t\t\t\t<\/div>\r\n\t\t\t\t<ul class=\"cp-list\">\t\t\t\t\t<li class=\"cp-widget-item cp-list-item clearfix\">\r\n\t\t\t\t\t\t<div class=\"cp-small-thumb\"><a href=\"https:\/\/sites.usp.br\/bioquimica\/funcoes-das-proteinas\/\" title=\"Fun\u00e7\u00f5es das prote\u00ednas\"><img decoding=\"async\" width=\"80\" height=\"60\" src=\"https:\/\/sites.usp.br\/bioquimica\/wp-content\/uploads\/sites\/1093\/2022\/03\/prot-4-80x60.png\" class=\"attachment-cp_small size-cp_small wp-post-image\" alt=\"\" srcset=\"https:\/\/sites.usp.br\/bioquimica\/wp-content\/uploads\/sites\/1093\/2022\/03\/prot-4-80x60.png 80w, https:\/\/sites.usp.br\/bioquimica\/wp-content\/uploads\/sites\/1093\/2022\/03\/prot-4-300x225.png 300w, https:\/\/sites.usp.br\/bioquimica\/wp-content\/uploads\/sites\/1093\/2022\/03\/prot-4-768x576.png 768w, https:\/\/sites.usp.br\/bioquimica\/wp-content\/uploads\/sites\/1093\/2022\/03\/prot-4-400x300.png 400w, https:\/\/sites.usp.br\/bioquimica\/wp-content\/uploads\/sites\/1093\/2022\/03\/prot-4.png 1024w\" sizes=\"(max-width: 80px) 100vw, 80px\" \/><\/a><\/div>\r\n\t\t\t\t\t\t\t\t\t\t\t\t\t<div class=\"meta\">23\/03\/2022<\/div>\r\n\t\t\t\t\t\t\t\t\t\t\t\t<p class=\"cp-small-title\"><a href=\"https:\/\/sites.usp.br\/bioquimica\/funcoes-das-proteinas\/\" title=\"Fun\u00e7\u00f5es das prote\u00ednas\">Fun\u00e7\u00f5es das prote\u00ednas<\/a><\/p>\r\n                        <div class=\"mh-excerpt\">Fa\u00e7a a devida associa\u00e7\u00e3o entre as colunas com as fun\u00e7\u00f5es das prote\u00ednas Ver <a href=\"https:\/\/sites.usp.br\/bioquimica\/funcoes-das-proteinas\/\" title=\"Fun\u00e7\u00f5es das prote\u00ednas\">[...]<\/a><\/div>\n\t\t\t\t\t<\/li> \t\t\t\t\t<li class=\"cp-widget-item cp-list-item clearfix\">\r\n\t\t\t\t\t\t<div class=\"cp-small-thumb\"><a href=\"https:\/\/sites.usp.br\/bioquimica\/hidrofilia-e-hidrofobia\/\" title=\"Hidrofilia e Hidrofobia\"><img decoding=\"async\" width=\"80\" height=\"60\" src=\"https:\/\/sites.usp.br\/bioquimica\/wp-content\/uploads\/sites\/1093\/2022\/03\/prot-3-80x60.png\" class=\"attachment-cp_small size-cp_small wp-post-image\" alt=\"\" srcset=\"https:\/\/sites.usp.br\/bioquimica\/wp-content\/uploads\/sites\/1093\/2022\/03\/prot-3-80x60.png 80w, https:\/\/sites.usp.br\/bioquimica\/wp-content\/uploads\/sites\/1093\/2022\/03\/prot-3-300x225.png 300w, https:\/\/sites.usp.br\/bioquimica\/wp-content\/uploads\/sites\/1093\/2022\/03\/prot-3-768x576.png 768w, https:\/\/sites.usp.br\/bioquimica\/wp-content\/uploads\/sites\/1093\/2022\/03\/prot-3-400x300.png 400w, https:\/\/sites.usp.br\/bioquimica\/wp-content\/uploads\/sites\/1093\/2022\/03\/prot-3.png 1024w\" sizes=\"(max-width: 80px) 100vw, 80px\" \/><\/a><\/div>\r\n\t\t\t\t\t\t\t\t\t\t\t\t\t<div class=\"meta\">23\/03\/2022<\/div>\r\n\t\t\t\t\t\t\t\t\t\t\t\t<p class=\"cp-small-title\"><a href=\"https:\/\/sites.usp.br\/bioquimica\/hidrofilia-e-hidrofobia\/\" title=\"Hidrofilia e Hidrofobia\">Hidrofilia e Hidrofobia<\/a><\/p>\r\n                        <div class=\"mh-excerpt\">Complete o texto Ver <a href=\"https:\/\/sites.usp.br\/bioquimica\/hidrofilia-e-hidrofobia\/\" title=\"Hidrofilia e Hidrofobia\">[...]<\/a><\/div>\n\t\t\t\t\t<\/li> \t\t\t\t\t<li class=\"cp-widget-item cp-list-item clearfix\">\r\n\t\t\t\t\t\t<div class=\"cp-small-thumb\"><a href=\"https:\/\/sites.usp.br\/bioquimica\/estrutura-das-proteinas\/\" title=\"Estrutura das prote\u00ednas\"><img loading=\"lazy\" decoding=\"async\" width=\"80\" height=\"60\" src=\"https:\/\/sites.usp.br\/bioquimica\/wp-content\/uploads\/sites\/1093\/2022\/03\/prot-2-80x60.png\" class=\"attachment-cp_small size-cp_small wp-post-image\" alt=\"\" srcset=\"https:\/\/sites.usp.br\/bioquimica\/wp-content\/uploads\/sites\/1093\/2022\/03\/prot-2-80x60.png 80w, https:\/\/sites.usp.br\/bioquimica\/wp-content\/uploads\/sites\/1093\/2022\/03\/prot-2-300x225.png 300w, https:\/\/sites.usp.br\/bioquimica\/wp-content\/uploads\/sites\/1093\/2022\/03\/prot-2-768x576.png 768w, https:\/\/sites.usp.br\/bioquimica\/wp-content\/uploads\/sites\/1093\/2022\/03\/prot-2-400x300.png 400w, https:\/\/sites.usp.br\/bioquimica\/wp-content\/uploads\/sites\/1093\/2022\/03\/prot-2.png 1024w\" sizes=\"(max-width: 80px) 100vw, 80px\" \/><\/a><\/div>\r\n\t\t\t\t\t\t\t\t\t\t\t\t\t<div class=\"meta\">23\/03\/2022<\/div>\r\n\t\t\t\t\t\t\t\t\t\t\t\t<p class=\"cp-small-title\"><a href=\"https:\/\/sites.usp.br\/bioquimica\/estrutura-das-proteinas\/\" title=\"Estrutura das prote\u00ednas\">Estrutura das prote\u00ednas<\/a><\/p>\r\n                        <div class=\"mh-excerpt\">Correlacione as cores quanto \u00e0 estrutura das prote\u00ednas Ver <a href=\"https:\/\/sites.usp.br\/bioquimica\/estrutura-das-proteinas\/\" title=\"Estrutura das prote\u00ednas\">[...]<\/a><\/div>\n\t\t\t\t\t<\/li> \t\t\t\t\t<li class=\"cp-widget-item cp-list-item clearfix\">\r\n\t\t\t\t\t\t<div class=\"cp-small-thumb\"><a href=\"https:\/\/sites.usp.br\/bioquimica\/687-2\/\" title=\"Amino\u00e1cidos\"><img loading=\"lazy\" decoding=\"async\" width=\"80\" height=\"60\" src=\"https:\/\/sites.usp.br\/bioquimica\/wp-content\/uploads\/sites\/1093\/2022\/03\/prot-80x60.png\" class=\"attachment-cp_small size-cp_small wp-post-image\" alt=\"\" srcset=\"https:\/\/sites.usp.br\/bioquimica\/wp-content\/uploads\/sites\/1093\/2022\/03\/prot-80x60.png 80w, https:\/\/sites.usp.br\/bioquimica\/wp-content\/uploads\/sites\/1093\/2022\/03\/prot-300x225.png 300w, https:\/\/sites.usp.br\/bioquimica\/wp-content\/uploads\/sites\/1093\/2022\/03\/prot-768x576.png 768w, https:\/\/sites.usp.br\/bioquimica\/wp-content\/uploads\/sites\/1093\/2022\/03\/prot-400x300.png 400w, https:\/\/sites.usp.br\/bioquimica\/wp-content\/uploads\/sites\/1093\/2022\/03\/prot.png 1024w\" sizes=\"(max-width: 80px) 100vw, 80px\" \/><\/a><\/div>\r\n\t\t\t\t\t\t\t\t\t\t\t\t\t<div class=\"meta\">23\/03\/2022<\/div>\r\n\t\t\t\t\t\t\t\t\t\t\t\t<p class=\"cp-small-title\"><a href=\"https:\/\/sites.usp.br\/bioquimica\/687-2\/\" title=\"Amino\u00e1cidos\">Amino\u00e1cidos<\/a><\/p>\r\n                        <div class=\"mh-excerpt\">Ca\u00e7a palavras sobre Amino\u00e1cidos &nbsp; Ver <a href=\"https:\/\/sites.usp.br\/bioquimica\/687-2\/\" title=\"Amino\u00e1cidos\">[...]<\/a><\/div>\n\t\t\t\t\t<\/li>         \t<\/ul>\r\n        <\/div>\t\t<\/div>\n\t\t\t\t<\/div>\n\t\t\t\t\t<\/div>\n\t\t<\/div>\n\t\t\t\t\t<\/div>\n\t\t<\/section>\n\t\t\t\t<\/div>\n\t\t","protected":false},"excerpt":{"rendered":"","protected":false},"author":22837,"featured_media":0,"parent":0,"menu_order":0,"comment_status":"closed","ping_status":"closed","template":"","meta":{"_monsterinsights_skip_tracking":false,"_monsterinsights_sitenote_active":false,"_monsterinsights_sitenote_note":"","_monsterinsights_sitenote_category":0,"footnotes":"","_links_to":"","_links_to_target":""},"class_list":["post-680","page","type-page","status-publish","hentry","entry","has-media"],"_links":{"self":[{"href":"https:\/\/sites.usp.br\/bioquimica\/wp-json\/wp\/v2\/pages\/680","targetHints":{"allow":["GET"]}}],"collection":[{"href":"https:\/\/sites.usp.br\/bioquimica\/wp-json\/wp\/v2\/pages"}],"about":[{"href":"https:\/\/sites.usp.br\/bioquimica\/wp-json\/wp\/v2\/types\/page"}],"author":[{"embeddable":true,"href":"https:\/\/sites.usp.br\/bioquimica\/wp-json\/wp\/v2\/users\/22837"}],"replies":[{"embeddable":true,"href":"https:\/\/sites.usp.br\/bioquimica\/wp-json\/wp\/v2\/comments?post=680"}],"version-history":[{"count":4,"href":"https:\/\/sites.usp.br\/bioquimica\/wp-json\/wp\/v2\/pages\/680\/revisions"}],"predecessor-version":[{"id":881,"href":"https:\/\/sites.usp.br\/bioquimica\/wp-json\/wp\/v2\/pages\/680\/revisions\/881"}],"wp:attachment":[{"href":"https:\/\/sites.usp.br\/bioquimica\/wp-json\/wp\/v2\/media?parent=680"}],"curies":[{"name":"wp","href":"https:\/\/api.w.org\/{rel}","templated":true}]}}