{"id":1176,"date":"2025-06-02T10:27:13","date_gmt":"2025-06-02T13:27:13","guid":{"rendered":"https:\/\/sites.usp.br\/biosepnanolab\/?page_id=1176"},"modified":"2026-04-24T21:10:31","modified_gmt":"2026-04-25T00:10:31","slug":"compromisso","status":"publish","type":"page","link":"https:\/\/sites.usp.br\/biosepnanolab\/compromisso\/","title":{"rendered":"Compromisso"},"content":{"rendered":"\t\t<div data-elementor-type=\"wp-page\" data-elementor-id=\"1176\" class=\"elementor elementor-1176\" data-elementor-post-type=\"page\">\n\t\t\t\t\t\t<section class=\"elementor-section elementor-top-section elementor-element elementor-element-9a29ed5 elementor-section-boxed elementor-section-height-default elementor-section-height-default\" data-id=\"9a29ed5\" data-element_type=\"section\" data-settings=\"{&quot;background_background&quot;:&quot;classic&quot;}\">\n\t\t\t\t\t\t<div class=\"elementor-container elementor-column-gap-default\">\n\t\t\t\t\t<div class=\"elementor-column elementor-col-100 elementor-top-column elementor-element elementor-element-c9f7dea\" data-id=\"c9f7dea\" data-element_type=\"column\">\n\t\t\t<div class=\"elementor-widget-wrap elementor-element-populated\">\n\t\t\t\t\t\t<div class=\"elementor-element elementor-element-6b76293 elementor-widget-divider--view-line elementor-widget elementor-widget-divider\" data-id=\"6b76293\" data-element_type=\"widget\" data-widget_type=\"divider.default\">\n\t\t\t\t<div class=\"elementor-widget-container\">\n\t\t\t\t\t<div class=\"elementor-divider\">\n\t\t\t<span class=\"elementor-divider-separator\">\n\t\t\t\t\t\t<\/span>\n\t\t<\/div>\n\t\t\t\t<\/div>\n\t\t\t\t<\/div>\n\t\t\t\t\t<\/div>\n\t\t<\/div>\n\t\t\t\t\t<\/div>\n\t\t<\/section>\n\t\t\t\t<section class=\"elementor-section elementor-top-section elementor-element elementor-element-c7d4e67 elementor-section-boxed elementor-section-height-default elementor-section-height-default\" data-id=\"c7d4e67\" data-element_type=\"section\" data-settings=\"{&quot;background_background&quot;:&quot;classic&quot;}\">\n\t\t\t\t\t\t<div class=\"elementor-container elementor-column-gap-default\">\n\t\t\t\t\t<div class=\"elementor-column elementor-col-100 elementor-top-column elementor-element elementor-element-8e096a4\" data-id=\"8e096a4\" data-element_type=\"column\">\n\t\t\t<div class=\"elementor-widget-wrap elementor-element-populated\">\n\t\t\t\t\t\t<div class=\"elementor-element elementor-element-46cf8a5 elementor-widget elementor-widget-heading\" data-id=\"46cf8a5\" data-element_type=\"widget\" data-widget_type=\"heading.default\">\n\t\t\t\t<div class=\"elementor-widget-container\">\n\t\t\t<h2 class=\"elementor-heading-title elementor-size-default\">Qual o nosso compromisso?<\/h2>\t\t<\/div>\n\t\t\t\t<\/div>\n\t\t\t\t\t<\/div>\n\t\t<\/div>\n\t\t\t\t\t<\/div>\n\t\t<\/section>\n\t\t\t\t<section class=\"elementor-section elementor-top-section elementor-element elementor-element-2a524db elementor-section-boxed elementor-section-height-default elementor-section-height-default\" data-id=\"2a524db\" data-element_type=\"section\" data-settings=\"{&quot;background_background&quot;:&quot;classic&quot;}\">\n\t\t\t\t\t\t<div class=\"elementor-container elementor-column-gap-default\">\n\t\t\t\t\t<div class=\"elementor-column elementor-col-100 elementor-top-column elementor-element elementor-element-84227ba\" data-id=\"84227ba\" data-element_type=\"column\" data-settings=\"{&quot;background_background&quot;:&quot;gradient&quot;}\">\n\t\t\t<div class=\"elementor-widget-wrap elementor-element-populated\">\n\t\t\t\t\t\t<div class=\"elementor-element elementor-element-4b8a1d8 eael-infobox-content-align--center eael-infobox-icon-bg-shape-none eael-infobox-icon-hover-bg-shape-none elementor-widget elementor-widget-eael-info-box\" data-id=\"4b8a1d8\" data-element_type=\"widget\" data-widget_type=\"eael-info-box.default\">\n\t\t\t\t<div class=\"elementor-widget-container\">\n\t\t\t        <div class=\"eael-infobox\">\n\t            <div class=\"infobox-icon eael-icon-only\">\n\n            \n                            <div class=\"infobox-icon-wrap\">\n                                    <\/div>\n            \n            \n        <\/div>\n            <div class=\"infobox-content eael-icon-only\">\n            <div><p style=\"text-align: center;\"><span style=\"font-size: 12pt;\">O BIOSEP NANOLAB desenvolve suas atividades cient\u00edficas com base em uma abordagem orientada ao campo biol\u00f3gico e sustent\u00e1vel, integrando princ\u00edpios de qu\u00edmica verde, economia circular, ecoefici\u00eancia e inova\u00e7\u00e3o em suas principais linhas de pesquisa (biossepara\u00e7\u00f5es e nanoformula\u00e7\u00f5es). Nesse contexto, prioriza o uso de biomol\u00e9culas provenientes de sistemas microbianos (geneticamente modificados ou n\u00e3o) e de fontes renov\u00e1veis de origem vegetal, promovendo a valoriza\u00e7\u00e3o de recursos sustent\u00e1veis e a substitui\u00e7\u00e3o de insumos de maior impacto ambiental. Nosso<\/span><span style=\"font-size: 12pt;\"> laborat\u00f3rio adota estrat\u00e9gias voltadas \u00e0 intensifica\u00e7\u00e3o de processos, ao uso racional de mat\u00e9rias-primas e energia, e \u00e0 minimiza\u00e7\u00e3o e adequada gest\u00e3o de res\u00edduos, buscando alinhar a produ\u00e7\u00e3o cient\u00edfica a pr\u00e1ticas respons\u00e1veis e ambientalmente conscientes. Essa abordagem visa contribuir para o desenvolvimento de tecnologias mais sustent\u00e1veis, com potencial de aplica\u00e7\u00e3o nas \u00e1reas terap\u00eautica, biofarmac\u00eautica e bioindustrial.<\/span><\/p><\/div>        <\/div>\n            <\/div>\n\n\t\t\t\t<\/div>\n\t\t\t\t<\/div>\n\t\t\t\t\t<\/div>\n\t\t<\/div>\n\t\t\t\t\t<\/div>\n\t\t<\/section>\n\t\t\t\t<section class=\"elementor-section elementor-top-section elementor-element elementor-element-6fb76f5 elementor-section-boxed elementor-section-height-default elementor-section-height-default\" data-id=\"6fb76f5\" data-element_type=\"section\" data-settings=\"{&quot;background_background&quot;:&quot;classic&quot;}\">\n\t\t\t\t\t\t<div class=\"elementor-container elementor-column-gap-extended\">\n\t\t\t\t\t<div class=\"elementor-column elementor-col-100 elementor-top-column elementor-element elementor-element-e54b00f\" data-id=\"e54b00f\" data-element_type=\"column\">\n\t\t\t<div class=\"elementor-widget-wrap elementor-element-populated\">\n\t\t\t\t\t\t<div class=\"elementor-element elementor-element-3cd3a3d elementor-widget elementor-widget-heading\" data-id=\"3cd3a3d\" data-element_type=\"widget\" data-widget_type=\"heading.default\">\n\t\t\t\t<div class=\"elementor-widget-container\">\n\t\t\t<h2 class=\"elementor-heading-title elementor-size-default\">Alinhamento com a Agenda 2030<\/h2>\t\t<\/div>\n\t\t\t\t<\/div>\n\t\t\t\t\t<\/div>\n\t\t<\/div>\n\t\t\t\t\t<\/div>\n\t\t<\/section>\n\t\t\t\t<section class=\"elementor-section elementor-top-section elementor-element elementor-element-472cfd7 elementor-section-boxed elementor-section-height-default elementor-section-height-default\" data-id=\"472cfd7\" data-element_type=\"section\" data-settings=\"{&quot;background_background&quot;:&quot;classic&quot;}\">\n\t\t\t\t\t\t<div class=\"elementor-container elementor-column-gap-default\">\n\t\t\t\t\t<div class=\"elementor-column elementor-col-100 elementor-top-column elementor-element elementor-element-48437d8\" data-id=\"48437d8\" data-element_type=\"column\" data-settings=\"{&quot;background_background&quot;:&quot;gradient&quot;}\">\n\t\t\t<div class=\"elementor-widget-wrap elementor-element-populated\">\n\t\t\t\t\t\t<div class=\"elementor-element elementor-element-bd7152e eael-infobox-content-align--center eael-infobox-icon-bg-shape-none eael-infobox-icon-hover-bg-shape-none elementor-widget elementor-widget-eael-info-box\" data-id=\"bd7152e\" data-element_type=\"widget\" data-widget_type=\"eael-info-box.default\">\n\t\t\t\t<div class=\"elementor-widget-container\">\n\t\t\t        <div class=\"eael-infobox\">\n\t            <div class=\"infobox-icon eael-icon-only\">\n\n            \n                            <div class=\"infobox-icon-wrap\">\n                                    <\/div>\n            \n            \n        <\/div>\n            <div class=\"infobox-content eael-icon-only\">\n            <div><p style=\"text-align: center;\"><span style=\"font-size: 14pt;\">Os projetos desenvolvidos no BIOSEP NANOLAB est\u00e3o alinhados \u00e0 Organiza\u00e7\u00e3o das Na\u00e7\u00f5es Unidas (ONU), <\/span><span style=\"font-size: 14pt;\">contribuindo diretamente para os Objetivos de Desenvolvimento Sustent\u00e1vel (ODS):<\/span><\/p><\/div>        <\/div>\n            <\/div>\n\n\t\t\t\t<\/div>\n\t\t\t\t<\/div>\n\t\t\t\t\t<\/div>\n\t\t<\/div>\n\t\t\t\t\t<\/div>\n\t\t<\/section>\n\t\t\t\t<section class=\"elementor-section elementor-top-section elementor-element elementor-element-080630e elementor-section-boxed elementor-section-height-default elementor-section-height-default\" data-id=\"080630e\" data-element_type=\"section\" data-settings=\"{&quot;background_background&quot;:&quot;classic&quot;}\">\n\t\t\t\t\t\t<div class=\"elementor-container elementor-column-gap-default\">\n\t\t\t\t\t<div class=\"elementor-column elementor-col-16 elementor-top-column elementor-element elementor-element-08a100b\" data-id=\"08a100b\" data-element_type=\"column\" data-settings=\"{&quot;background_background&quot;:&quot;classic&quot;}\">\n\t\t\t<div class=\"elementor-widget-wrap\">\n\t\t\t\t\t\t\t<\/div>\n\t\t<\/div>\n\t\t\t\t<div class=\"elementor-column elementor-col-16 elementor-top-column elementor-element elementor-element-d922977\" data-id=\"d922977\" data-element_type=\"column\" data-settings=\"{&quot;background_background&quot;:&quot;classic&quot;}\">\n\t\t\t<div class=\"elementor-widget-wrap elementor-element-populated\">\n\t\t\t\t\t\t<div class=\"elementor-element elementor-element-60ce204 elementor-widget__width-initial eael-infobox-content-align--center eael-infobox-shape-square eael-infobox-hover-img-shape-square elementor-widget elementor-widget-eael-info-box\" data-id=\"60ce204\" data-element_type=\"widget\" data-widget_type=\"eael-info-box.default\">\n\t\t\t\t<div class=\"elementor-widget-container\">\n\t\t\t        <div class=\"eael-infobox\">\n\t            <div class=\"infobox-icon\">\n\n                            <img decoding=\"async\" src=\"https:\/\/sites.usp.br\/biosepnanolab\/wp-content\/uploads\/sites\/1605\/2026\/04\/03_0.png\" alt=\"\">\n            \n            \n            \n        <\/div>\n            <div class=\"infobox-content\">\n            <div><p style=\"text-align: center;\"><span style=\"font-size: 12pt; color: #fc6e60;\">Sa\u00fade e <\/span><span style=\"font-size: 12pt; color: #fc6e60;\">bem-estar<\/span><\/p><\/div>        <\/div>\n            <\/div>\n\n\t\t\t\t<\/div>\n\t\t\t\t<\/div>\n\t\t\t\t\t<\/div>\n\t\t<\/div>\n\t\t\t\t<div class=\"elementor-column elementor-col-16 elementor-top-column elementor-element elementor-element-0ccf823\" data-id=\"0ccf823\" data-element_type=\"column\" data-settings=\"{&quot;background_background&quot;:&quot;classic&quot;}\">\n\t\t\t<div class=\"elementor-widget-wrap elementor-element-populated\">\n\t\t\t\t\t\t<div class=\"elementor-element elementor-element-0d0b8b2 elementor-widget__width-initial eael-infobox-content-align--center eael-infobox-shape-square eael-infobox-hover-img-shape-square elementor-widget elementor-widget-eael-info-box\" data-id=\"0d0b8b2\" data-element_type=\"widget\" data-widget_type=\"eael-info-box.default\">\n\t\t\t\t<div class=\"elementor-widget-container\">\n\t\t\t        <div class=\"eael-infobox\">\n\t            <div class=\"infobox-icon\">\n\n                            <img decoding=\"async\" src=\"https:\/\/sites.usp.br\/biosepnanolab\/wp-content\/uploads\/sites\/1605\/2026\/04\/06_0.png\" alt=\"\">\n            \n            \n            \n        <\/div>\n            <div class=\"infobox-content\">\n            <div><p><span style=\"font-size: 12pt; color: #fc6e60;\">\u00c1gua pot\u00e1vel e saneamento<\/span><\/p><\/div>        <\/div>\n            <\/div>\n\n\t\t\t\t<\/div>\n\t\t\t\t<\/div>\n\t\t\t\t\t<\/div>\n\t\t<\/div>\n\t\t\t\t<div class=\"elementor-column elementor-col-16 elementor-top-column elementor-element elementor-element-7c99ba2\" data-id=\"7c99ba2\" data-element_type=\"column\" data-settings=\"{&quot;background_background&quot;:&quot;classic&quot;}\">\n\t\t\t<div class=\"elementor-widget-wrap elementor-element-populated\">\n\t\t\t\t\t\t<div class=\"elementor-element elementor-element-7bac01d elementor-widget__width-initial eael-infobox-content-align--center eael-infobox-shape-square eael-infobox-hover-img-shape-square elementor-widget elementor-widget-eael-info-box\" data-id=\"7bac01d\" data-element_type=\"widget\" data-widget_type=\"eael-info-box.default\">\n\t\t\t\t<div class=\"elementor-widget-container\">\n\t\t\t        <div class=\"eael-infobox\">\n\t            <div class=\"infobox-icon\">\n\n                            <img decoding=\"async\" src=\"https:\/\/sites.usp.br\/biosepnanolab\/wp-content\/uploads\/sites\/1605\/2026\/04\/09_0.png\" alt=\"\">\n            \n            \n            \n        <\/div>\n            <div class=\"infobox-content\">\n            <div><p><span style=\"font-size: 12pt; color: #fc6e60;\">Ind\u00fastria, inova\u00e7\u00e3o e infraestrutura<\/span><\/p><\/div>        <\/div>\n            <\/div>\n\n\t\t\t\t<\/div>\n\t\t\t\t<\/div>\n\t\t\t\t\t<\/div>\n\t\t<\/div>\n\t\t\t\t<div class=\"elementor-column elementor-col-16 elementor-top-column elementor-element elementor-element-86b7fdd\" data-id=\"86b7fdd\" data-element_type=\"column\" data-settings=\"{&quot;background_background&quot;:&quot;classic&quot;}\">\n\t\t\t<div class=\"elementor-widget-wrap elementor-element-populated\">\n\t\t\t\t\t\t<div class=\"elementor-element elementor-element-6a7f2bd elementor-widget__width-initial eael-infobox-content-align--center eael-infobox-shape-square eael-infobox-hover-img-shape-square elementor-widget elementor-widget-eael-info-box\" data-id=\"6a7f2bd\" data-element_type=\"widget\" data-widget_type=\"eael-info-box.default\">\n\t\t\t\t<div class=\"elementor-widget-container\">\n\t\t\t        <div class=\"eael-infobox\">\n\t            <div class=\"infobox-icon\">\n\n                            <img decoding=\"async\" src=\"https:\/\/sites.usp.br\/biosepnanolab\/wp-content\/uploads\/sites\/1605\/2026\/04\/12_0.png\" alt=\"\">\n            \n            \n            \n        <\/div>\n            <div class=\"infobox-content\">\n            <div><p><span style=\"font-size: 12pt; color: #fc6e60;\">Consumo e produ\u00e7\u00e3o respons\u00e1veis<\/span><\/p><\/div>        <\/div>\n            <\/div>\n\n\t\t\t\t<\/div>\n\t\t\t\t<\/div>\n\t\t\t\t\t<\/div>\n\t\t<\/div>\n\t\t\t\t<div class=\"elementor-column elementor-col-16 elementor-top-column elementor-element elementor-element-c0c67d7\" data-id=\"c0c67d7\" data-element_type=\"column\" data-settings=\"{&quot;background_background&quot;:&quot;classic&quot;}\">\n\t\t\t<div class=\"elementor-widget-wrap\">\n\t\t\t\t\t\t\t<\/div>\n\t\t<\/div>\n\t\t\t\t\t<\/div>\n\t\t<\/section>\n\t\t\t\t<section class=\"elementor-section elementor-top-section elementor-element elementor-element-837a2b1 elementor-section-boxed elementor-section-height-default elementor-section-height-default\" data-id=\"837a2b1\" data-element_type=\"section\" data-settings=\"{&quot;background_background&quot;:&quot;classic&quot;}\">\n\t\t\t\t\t\t<div class=\"elementor-container elementor-column-gap-default\">\n\t\t\t\t\t<div class=\"elementor-column elementor-col-100 elementor-top-column elementor-element elementor-element-690d4fd\" data-id=\"690d4fd\" data-element_type=\"column\">\n\t\t\t<div class=\"elementor-widget-wrap elementor-element-populated\">\n\t\t\t\t\t\t<div class=\"elementor-element elementor-element-6be63ef elementor-widget elementor-widget-heading\" data-id=\"6be63ef\" data-element_type=\"widget\" data-widget_type=\"heading.default\">\n\t\t\t\t<div class=\"elementor-widget-container\">\n\t\t\t<h2 class=\"elementor-heading-title elementor-size-default\">Identidade digital<\/h2>\t\t<\/div>\n\t\t\t\t<\/div>\n\t\t\t\t\t<\/div>\n\t\t<\/div>\n\t\t\t\t\t<\/div>\n\t\t<\/section>\n\t\t\t\t<section class=\"elementor-section elementor-top-section elementor-element elementor-element-136bbd2 elementor-section-boxed elementor-section-height-default elementor-section-height-default\" data-id=\"136bbd2\" data-element_type=\"section\" data-settings=\"{&quot;background_background&quot;:&quot;classic&quot;}\">\n\t\t\t\t\t\t<div class=\"elementor-container elementor-column-gap-default\">\n\t\t\t\t\t<div class=\"elementor-column elementor-col-100 elementor-top-column elementor-element elementor-element-57a7d1b\" data-id=\"57a7d1b\" data-element_type=\"column\" data-settings=\"{&quot;background_background&quot;:&quot;classic&quot;}\">\n\t\t\t<div class=\"elementor-widget-wrap elementor-element-populated\">\n\t\t\t\t\t\t<div class=\"elementor-element elementor-element-40ab15c eael-infobox-content-align--center eael-infobox-icon-bg-shape-none eael-infobox-icon-hover-bg-shape-none elementor-widget elementor-widget-eael-info-box\" data-id=\"40ab15c\" data-element_type=\"widget\" data-widget_type=\"eael-info-box.default\">\n\t\t\t\t<div class=\"elementor-widget-container\">\n\t\t\t        <div class=\"eael-infobox\">\n\t            <div class=\"infobox-icon eael-icon-only\">\n\n            \n                            <div class=\"infobox-icon-wrap\">\n                                    <\/div>\n            \n            \n        <\/div>\n            <div class=\"infobox-content eael-icon-only\">\n            <div><p><span style=\"font-size: 12pt;\"><em>A identidade do BIOSEP NANOLAB \u00e9 constru\u00edda a partir das principais linhas de pesquisa desenvolvidas por seus integrantes, refletindo a integra\u00e7\u00e3o entre fundamentos de nanobiotecnologia, biotecnologia e biofarm\u00e1cia associados com processos sustent\u00e1veis. Essa identidade emerge diretamente dos projetos conduzidos no laborat\u00f3rio, consolidando uma atua\u00e7\u00e3o coerente, interdisciplinar e orientada \u00e0 gera\u00e7\u00e3o de conhecimento aplicado e melhoria na qualidade de vida com foco em impacto global.<\/em><\/span><\/p><\/div>        <\/div>\n            <\/div>\n\n\t\t\t\t<\/div>\n\t\t\t\t<\/div>\n\t\t\t\t\t<\/div>\n\t\t<\/div>\n\t\t\t\t\t<\/div>\n\t\t<\/section>\n\t\t\t\t<section class=\"elementor-section elementor-top-section elementor-element elementor-element-3c70df4 elementor-section-boxed elementor-section-height-default elementor-section-height-default\" data-id=\"3c70df4\" data-element_type=\"section\">\n\t\t\t\t\t\t<div class=\"elementor-container elementor-column-gap-default\">\n\t\t\t\t\t<div class=\"elementor-column elementor-col-100 elementor-top-column elementor-element elementor-element-e86a679\" data-id=\"e86a679\" data-element_type=\"column\">\n\t\t\t<div class=\"elementor-widget-wrap\">\n\t\t\t\t\t\t\t<\/div>\n\t\t<\/div>\n\t\t\t\t\t<\/div>\n\t\t<\/section>\n\t\t\t\t<section class=\"elementor-section elementor-top-section elementor-element elementor-element-2bbeffd elementor-section-boxed elementor-section-height-default elementor-section-height-default\" data-id=\"2bbeffd\" data-element_type=\"section\">\n\t\t\t\t\t\t<div class=\"elementor-container elementor-column-gap-default\">\n\t\t\t\t\t<div class=\"elementor-column elementor-col-100 elementor-top-column elementor-element elementor-element-9a02252\" data-id=\"9a02252\" data-element_type=\"column\">\n\t\t\t<div class=\"elementor-widget-wrap elementor-element-populated\">\n\t\t\t\t\t\t<div class=\"elementor-element elementor-element-f74fc03 elementor-widget elementor-widget-spacer\" data-id=\"f74fc03\" data-element_type=\"widget\" data-widget_type=\"spacer.default\">\n\t\t\t\t<div class=\"elementor-widget-container\">\n\t\t\t\t\t<div class=\"elementor-spacer\">\n\t\t\t<div class=\"elementor-spacer-inner\"><\/div>\n\t\t<\/div>\n\t\t\t\t<\/div>\n\t\t\t\t<\/div>\n\t\t\t\t\t<\/div>\n\t\t<\/div>\n\t\t\t\t\t<\/div>\n\t\t<\/section>\n\t\t\t\t<\/div>\n\t\t","protected":false},"excerpt":{"rendered":"<p>Qual o nosso compromisso? O BIOSEP NANOLAB desenvolve suas atividades cient\u00edficas com base em uma abordagem orientada ao campo biol\u00f3gico e sustent\u00e1vel, integrando princ\u00edpios de qu\u00edmica verde, economia circular, ecoefici\u00eancia e inova\u00e7\u00e3o em suas principais linhas de pesquisa (biossepara\u00e7\u00f5es e nanoformula\u00e7\u00f5es). Nesse contexto, prioriza o uso de biomol\u00e9culas provenientes de sistemas microbianos (geneticamente modificados ou [&hellip;]<\/p>\n","protected":false},"author":24441,"featured_media":0,"parent":0,"menu_order":0,"comment_status":"closed","ping_status":"closed","template":"","meta":{"_acf_changed":false,"footnotes":"","_links_to":"","_links_to_target":""},"categories":[],"tags":[],"class_list":["post-1176","page","type-page","status-publish","hentry"],"acf":[],"jetpack_sharing_enabled":true,"_links":{"self":[{"href":"https:\/\/sites.usp.br\/biosepnanolab\/wp-json\/wp\/v2\/pages\/1176","targetHints":{"allow":["GET"]}}],"collection":[{"href":"https:\/\/sites.usp.br\/biosepnanolab\/wp-json\/wp\/v2\/pages"}],"about":[{"href":"https:\/\/sites.usp.br\/biosepnanolab\/wp-json\/wp\/v2\/types\/page"}],"author":[{"embeddable":true,"href":"https:\/\/sites.usp.br\/biosepnanolab\/wp-json\/wp\/v2\/users\/24441"}],"replies":[{"embeddable":true,"href":"https:\/\/sites.usp.br\/biosepnanolab\/wp-json\/wp\/v2\/comments?post=1176"}],"version-history":[{"count":4,"href":"https:\/\/sites.usp.br\/biosepnanolab\/wp-json\/wp\/v2\/pages\/1176\/revisions"}],"predecessor-version":[{"id":2675,"href":"https:\/\/sites.usp.br\/biosepnanolab\/wp-json\/wp\/v2\/pages\/1176\/revisions\/2675"}],"wp:attachment":[{"href":"https:\/\/sites.usp.br\/biosepnanolab\/wp-json\/wp\/v2\/media?parent=1176"}],"wp:term":[{"taxonomy":"category","embeddable":true,"href":"https:\/\/sites.usp.br\/biosepnanolab\/wp-json\/wp\/v2\/categories?post=1176"},{"taxonomy":"post_tag","embeddable":true,"href":"https:\/\/sites.usp.br\/biosepnanolab\/wp-json\/wp\/v2\/tags?post=1176"}],"curies":[{"name":"wp","href":"https:\/\/api.w.org\/{rel}","templated":true}]}}