{"id":4327,"date":"2024-03-02T21:48:58","date_gmt":"2024-03-03T00:48:58","guid":{"rendered":"https:\/\/sites.usp.br\/biosistemas\/?page_id=4327"},"modified":"2025-05-14T08:16:49","modified_gmt":"2025-05-14T11:16:49","slug":"2-financeiro","status":"publish","type":"page","link":"https:\/\/sites.usp.br\/biosistemas\/2-financeiro\/","title":{"rendered":"[2] Financeiro"},"content":{"rendered":"\t\t<div data-elementor-type=\"wp-page\" data-elementor-id=\"4327\" class=\"elementor elementor-4327\" data-elementor-post-type=\"page\">\n\t\t\t\t\t\t<section class=\"elementor-section elementor-top-section elementor-element elementor-element-a94730d elementor-section-boxed elementor-section-height-default elementor-section-height-default\" data-id=\"a94730d\" data-element_type=\"section\">\n\t\t\t\t\t\t<div class=\"elementor-container elementor-column-gap-default\">\n\t\t\t\t\t<div class=\"elementor-column elementor-col-100 elementor-top-column elementor-element elementor-element-4f43fb8\" data-id=\"4f43fb8\" data-element_type=\"column\">\n\t\t\t<div class=\"elementor-widget-wrap elementor-element-populated\">\n\t\t\t\t\t\t<div class=\"elementor-element elementor-element-4d07255 elementor-widget elementor-widget-heading\" data-id=\"4d07255\" data-element_type=\"widget\" data-widget_type=\"heading.default\">\n\t\t\t\t<div class=\"elementor-widget-container\">\n\t\t\t<h2 class=\"elementor-heading-title elementor-size-default\"><font style=\"vertical-align: inherit\"><font style=\"vertical-align: inherit\">FINANCEIRO<\/font><\/font><font style=\"vertical-align: inherit\"><\/font><font style=\"vertical-align: inherit\"><font style=\"vertical-align: inherit\"><\/font><\/font><\/h2>\t\t<\/div>\n\t\t\t\t<\/div>\n\t\t\t\t\t<\/div>\n\t\t<\/div>\n\t\t\t\t\t<\/div>\n\t\t<\/section>\n\t\t\t\t<section class=\"elementor-section elementor-top-section elementor-element elementor-element-c9cd369 elementor-section-boxed elementor-section-height-default elementor-section-height-default\" data-id=\"c9cd369\" data-element_type=\"section\">\n\t\t\t\t\t\t<div class=\"elementor-container elementor-column-gap-default\">\n\t\t\t\t\t<div class=\"elementor-column elementor-col-100 elementor-top-column elementor-element elementor-element-1e5d5cf\" data-id=\"1e5d5cf\" data-element_type=\"column\">\n\t\t\t<div class=\"elementor-widget-wrap elementor-element-populated\">\n\t\t\t\t\t\t<div class=\"elementor-element elementor-element-5d90a51 elementor-widget elementor-widget-global elementor-global-964 elementor-widget-spacer\" data-id=\"5d90a51\" data-element_type=\"widget\" data-widget_type=\"spacer.default\">\n\t\t\t\t<div class=\"elementor-widget-container\">\n\t\t\t\t\t<div class=\"elementor-spacer\">\n\t\t\t<div class=\"elementor-spacer-inner\"><\/div>\n\t\t<\/div>\n\t\t\t\t<\/div>\n\t\t\t\t<\/div>\n\t\t\t\t\t<\/div>\n\t\t<\/div>\n\t\t\t\t\t<\/div>\n\t\t<\/section>\n\t\t\t\t<section class=\"elementor-section elementor-top-section elementor-element elementor-element-1c7b7e3 elementor-section-boxed elementor-section-height-default elementor-section-height-default\" data-id=\"1c7b7e3\" data-element_type=\"section\">\n\t\t\t\t\t\t<div class=\"elementor-container elementor-column-gap-default\">\n\t\t\t\t\t<div class=\"elementor-column elementor-col-100 elementor-top-column elementor-element elementor-element-19170a9\" data-id=\"19170a9\" data-element_type=\"column\">\n\t\t\t<div class=\"elementor-widget-wrap elementor-element-populated\">\n\t\t\t\t\t\t<div class=\"elementor-element elementor-element-1b8dd63 elementor-widget elementor-widget-text-editor\" data-id=\"1b8dd63\" data-element_type=\"widget\" data-widget_type=\"text-editor.default\">\n\t\t\t\t<div class=\"elementor-widget-container\">\n\t\t\t\t\t\t\t<p style=\"text-align: left;\"><strong>SOBRE BOLSAS NO PROGRAMA<\/strong><\/p><p>O Programa de P\u00f3s-Gradua\u00e7\u00e3o em Biologia de Sistemas tem conceito 06 (seis) na CAPES, o que permite que o Programa atribua bolsas aos alunos de Mestrado e Doutorado. O n\u00famero de bolsas \u00e9 determinado anualmente, podendo aumentar ou diminuir de acordo com o or\u00e7amento das ag\u00eancias de fomento. As bolsas s\u00e3o administradas pelo\u00a0<em>Comiss\u00e3o Gestora de Bolsas do Programa,<\/em>\u00a0que utiliza crit\u00e9rios para concess\u00e3o.<\/p>\t\t\t\t\t\t<\/div>\n\t\t\t\t<\/div>\n\t\t\t\t<div class=\"elementor-element elementor-element-14021a2 elementor-widget-divider--view-line elementor-widget elementor-widget-divider\" data-id=\"14021a2\" data-element_type=\"widget\" data-widget_type=\"divider.default\">\n\t\t\t\t<div class=\"elementor-widget-container\">\n\t\t\t\t\t<div class=\"elementor-divider\">\n\t\t\t<span class=\"elementor-divider-separator\">\n\t\t\t\t\t\t<\/span>\n\t\t<\/div>\n\t\t\t\t<\/div>\n\t\t\t\t<\/div>\n\t\t\t\t\t<\/div>\n\t\t<\/div>\n\t\t\t\t\t<\/div>\n\t\t<\/section>\n\t\t\t\t<section class=\"elementor-section elementor-top-section elementor-element elementor-element-3ae5e57 elementor-section-boxed elementor-section-height-default elementor-section-height-default\" data-id=\"3ae5e57\" data-element_type=\"section\">\n\t\t\t\t\t\t<div class=\"elementor-container elementor-column-gap-default\">\n\t\t\t\t\t<div class=\"elementor-column elementor-col-100 elementor-top-column elementor-element elementor-element-694636c\" data-id=\"694636c\" data-element_type=\"column\">\n\t\t\t<div class=\"elementor-widget-wrap elementor-element-populated\">\n\t\t\t\t\t\t<div class=\"elementor-element elementor-element-7841825 elementor-widget elementor-widget-text-editor\" data-id=\"7841825\" data-element_type=\"widget\" data-widget_type=\"text-editor.default\">\n\t\t\t\t<div class=\"elementor-widget-container\">\n\t\t\t\t\t\t\t<p style=\"text-align: left;\"><strong>CRIT\u00c9RIOS PARA CONCESS\u00c3O DE BOLSAS PELO PROGRAMA DE BIOLOGIA DE SISTEMAS<\/strong><\/p><p>1) A Coordena\u00e7\u00e3o do Programa de P\u00f3s-Gradua\u00e7\u00e3o em Biologia de Sistemas estabelece que a concess\u00e3o de bolsas da cota do Programa dever\u00e1 obedecer a seguinte prioriza\u00e7\u00e3o:<\/p><p>1. Candidatos(as) que n\u00e3o possuam atividade remunerada de qualquer natureza.<br \/>2. Nota final do(a) candidato(a) no Exame de Sele\u00e7\u00e3o, conforme sua categoria (Mestrado, Doutorado ou Doutorado Direto).<br \/>3. Antiguidade do(a) candidato(a) no Programa de P\u00f3s-Gradua\u00e7\u00e3o em Biologia de Sistemas.<br \/>4. Submiss\u00e3o do projeto de pesquisa \u00e0 FAPESP.<\/p><p>2) A concess\u00e3o da bolsa est\u00e1 condicionada a assinatura do\u00a0<span style=\"color: #3366ff;\"><em><a style=\"color: #3366ff;\" href=\"https:\/\/sites.usp.br\/biosistemas\/wp-content\/uploads\/sites\/1394\/2024\/01\/termo-de-compromisso-PROEX_2023-1-1.docx\" target=\"_blank\" rel=\"noopener\">termo de compromisso por orientador(a) e aluno(a)<\/a><\/em><\/span>.\u00a0A n\u00e3o observ\u00e2ncia das normas e do especificado no Termo de Compromisso poder\u00e1 implicar o cancelamento da Bolsa e a obriga\u00e7\u00e3o de restitui\u00e7\u00e3o dos pagamentos j\u00e1 efetuados pela ag\u00eancia, em valores atualizados.<\/p><p>3) O(a) aluno(a) dever\u00e1 apresentar<span style=\"color: #3366ff;\">\u00a0<a style=\"color: #3366ff;\" href=\"https:\/\/sites.usp.br\/biosistemas\/3-relatorio-de-atividades\/\" target=\"_blank\" rel=\"noopener\"><em>Relat\u00f3rio Anual de atividades<\/em><\/a><\/span>, a partir do segundo ano de p\u00f3s-gradua\u00e7\u00e3o.<\/p><p>4) Quaisquer intercorr\u00eancias que afetem o cumprimento dos prazos estabelecidos dever\u00e3o ser prontamente comunicados formalmente \u00e0 Coordena\u00e7\u00e3o do Programa de P\u00f3s-Gradua\u00e7\u00e3o em Biologia de Sistemas.<\/p><p>5) No caso de bolsistas CAPES, a CCP-Biologia de Sistemas, amparada pela Portaria n\u00ba 133 da CAPES (de 10\/07\/2023), permitir\u00e1 o ac\u00famulo de at\u00e9 8 (oito) horas semanais para os bolsistas de Mestrado, e 12 (doze) horas semanais para os bolsistas de Doutorado, em outra atividade remunerada de qualquer natureza. Para bolsistas de Doutorado Direto, \u00e9 permitido at\u00e9 8 (oito) horas semanais de ac\u00famulo nos dois primeiros anos de p\u00f3s-gradua\u00e7\u00e3o, e at\u00e9 12 (doze) horas semanais a partir do terceiro ano de p\u00f3s-gradua\u00e7\u00e3o.<\/p><p>6) Para a an\u00e1lise de enquadramento, os seguintes documentos ser\u00e3o requeridos pela CCP-BioS:<\/p><p>a)\u00a0<span style=\"color: #3366ff;\"><a style=\"color: #3366ff;\" href=\"https:\/\/sites.usp.br\/biosistemas\/wp-content\/uploads\/sites\/1394\/2024\/01\/DeclaraodeAcmulos_PROEX_PG-Biosis.pdf\" target=\"_blank\" rel=\"noopener\"><em>Declara\u00e7\u00e3o de ac\u00famulos<\/em><\/a><\/span><em>,<\/em>\u00a0em que constar\u00e1 a atividade remunerada com o n\u00famero de horas semanais e sua descri\u00e7\u00e3o;<br \/>b)<span style=\"color: #3366ff;\">\u00a0<a style=\"color: #3366ff;\" href=\"https:\/\/sites.usp.br\/biosistemas\/wp-content\/uploads\/sites\/1394\/2024\/01\/Termo-de-Cumprimento_acumulo-rendimentos.pdf\" target=\"_blank\" rel=\"noopener\"><em>Termo de Cumprimento<\/em><\/a><\/span>, com ci\u00eancia do(a) orientador(a), atestando de que o(a) aluno(a) ir\u00e1 cumprir com suas obriga\u00e7\u00f5es junto ao PPG e \u00e0 CAPES (artigo 4 da portaria CAPES no 133 de 10\/07\/2023).<br \/>c) Apresenta\u00e7\u00e3o da ficha de aluno (sistema Janus)<\/p>\t\t\t\t\t\t<\/div>\n\t\t\t\t<\/div>\n\t\t\t\t<div class=\"elementor-element elementor-element-08c35b8 elementor-widget-divider--view-line elementor-widget elementor-widget-divider\" data-id=\"08c35b8\" data-element_type=\"widget\" data-widget_type=\"divider.default\">\n\t\t\t\t<div class=\"elementor-widget-container\">\n\t\t\t\t\t<div class=\"elementor-divider\">\n\t\t\t<span class=\"elementor-divider-separator\">\n\t\t\t\t\t\t<\/span>\n\t\t<\/div>\n\t\t\t\t<\/div>\n\t\t\t\t<\/div>\n\t\t\t\t\t<\/div>\n\t\t<\/div>\n\t\t\t\t\t<\/div>\n\t\t<\/section>\n\t\t\t\t<section class=\"elementor-section elementor-top-section elementor-element elementor-element-e8ed1d9 elementor-section-boxed elementor-section-height-default elementor-section-height-default\" data-id=\"e8ed1d9\" data-element_type=\"section\">\n\t\t\t\t\t\t<div class=\"elementor-container elementor-column-gap-default\">\n\t\t\t\t\t<div class=\"elementor-column elementor-col-100 elementor-top-column elementor-element elementor-element-0d7d84e\" data-id=\"0d7d84e\" data-element_type=\"column\">\n\t\t\t<div class=\"elementor-widget-wrap elementor-element-populated\">\n\t\t\t\t\t\t<div class=\"elementor-element elementor-element-a9c4fe9 elementor-widget elementor-widget-text-editor\" data-id=\"a9c4fe9\" data-element_type=\"widget\" data-widget_type=\"text-editor.default\">\n\t\t\t\t<div class=\"elementor-widget-container\">\n\t\t\t\t\t\t\t<p><strong>VERBA PROEX<\/strong><\/p><p>O Programa de Excel\u00eancia Acad\u00eamica (PROEX) da CAPES concede a verba para financiamento de atividades acad\u00eamico-cient\u00edficas de Programas avaliados com notas 6 e 7.<\/p><p class=\"p1\">Saiba mais sobre a verba <span style=\"color: #3366ff;\"><a style=\"color: #3366ff;\" href=\"https:\/\/www.gov.br\/capes\/pt-br\/acesso-a-informacao\/acoes-e-programas\/bolsas\/bolsas-no-pais\/proex\"><span style=\"color: #0000ff;\">PROEX-CAPES<\/span><\/a><\/span><\/p><p>O PROEX concede bolsas, verbas de custeio e capital. Para normas sobre atribui\u00e7\u00e3o de bolsas do PPG-BioS, verifique: <a href=\"https:\/\/sites.usp.br\/biosistemas\/3-bolsas-de-pos-graduacao\/\"><span style=\"color: #3465fc;\"><span style=\"color: #0000ff;\">Bolsas<\/span><\/span><\/a><\/p><p>A CCP \u00e9 respons\u00e1vel pelo gerenciamento dos recursos e define a distribui\u00e7\u00e3o e plano para sua aplica\u00e7\u00e3o, conforme detalhado abaixo, de acordo com a<span style=\"color: #0000ff;\"> <a style=\"color: #0000ff;\" href=\"https:\/\/sites.usp.br\/biosistemas\/wp-content\/uploads\/sites\/1394\/2025\/05\/PORTARIA-BIOS-03-25-Proex.pdf\">Portaria BioS 03-25<\/a><\/span>.<\/p>\t\t\t\t\t\t<\/div>\n\t\t\t\t<\/div>\n\t\t\t\t\t<\/div>\n\t\t<\/div>\n\t\t\t\t\t<\/div>\n\t\t<\/section>\n\t\t\t\t<section class=\"elementor-section elementor-top-section elementor-element elementor-element-21b4383 elementor-section-boxed elementor-section-height-default elementor-section-height-default\" data-id=\"21b4383\" data-element_type=\"section\">\n\t\t\t\t\t\t<div class=\"elementor-container elementor-column-gap-default\">\n\t\t\t\t\t<div class=\"elementor-column elementor-col-100 elementor-top-column elementor-element elementor-element-e30981b\" data-id=\"e30981b\" data-element_type=\"column\">\n\t\t\t<div class=\"elementor-widget-wrap elementor-element-populated\">\n\t\t\t\t\t\t<div class=\"elementor-element elementor-element-b41eee2 elementor-widget-divider--view-line elementor-widget elementor-widget-divider\" data-id=\"b41eee2\" data-element_type=\"widget\" data-widget_type=\"divider.default\">\n\t\t\t\t<div class=\"elementor-widget-container\">\n\t\t\t\t\t<div class=\"elementor-divider\">\n\t\t\t<span class=\"elementor-divider-separator\">\n\t\t\t\t\t\t<\/span>\n\t\t<\/div>\n\t\t\t\t<\/div>\n\t\t\t\t<\/div>\n\t\t\t\t<div class=\"elementor-element elementor-element-fb0eb08 elementor-widget elementor-widget-text-editor\" data-id=\"fb0eb08\" data-element_type=\"widget\" data-widget_type=\"text-editor.default\">\n\t\t\t\t<div class=\"elementor-widget-container\">\n\t\t\t\t\t\t\t<hr \/><hr \/><p><strong><span style=\"vertical-align: inherit;\"><span style=\"vertical-align: inherit;\">RECURSOS 2023 &#8211; 2024<\/span><\/span><\/strong><\/p><div><table width=\"649\"><tbody><tr><td><strong><span style=\"vertical-align: inherit;\"><span style=\"vertical-align: inherit;\">ITEM<\/span><\/span><\/strong><\/td><td><strong><span style=\"vertical-align: inherit;\"><span style=\"vertical-align: inherit;\">% VERBA TOTAL<\/span><\/span><\/strong><\/td><\/tr><tr><td><p>Participa\u00e7\u00e3o de alunos em atividades acad\u00eamico-cient\u00edficas no pa\u00eds e no exterior<\/p><\/td><td><span style=\"vertical-align: inherit;\"><span style=\"vertical-align: inherit;\">55<\/span><\/span><\/td><\/tr><tr><td><p>Apoio \u00e0s atividades acad\u00eamico-cient\u00edficas do Programa\u00a0<\/p><\/td><td><span style=\"vertical-align: inherit;\"><span style=\"vertical-align: inherit;\">10<\/span><\/span><\/td><\/tr><tr><td><p>Revis\u00e3o de linguagem para artigos cient\u00edficos<\/p><\/td><td><span style=\"vertical-align: inherit;\"><span style=\"vertical-align: inherit;\">10<\/span><\/span><\/td><\/tr><tr><td><p>Site do Programa\u00a0<\/p><\/td><td><span style=\"vertical-align: inherit;\"><span style=\"vertical-align: inherit;\">12<\/span><\/span><\/td><\/tr><tr><td><p>Manuten\u00e7\u00e3o de laborat\u00f3rios\/ salas de aula PPG<\/p><\/td><td><span style=\"vertical-align: inherit;\"><span style=\"vertical-align: inherit;\">13<\/span><\/span><\/td><\/tr><\/tbody><\/table><p><span style=\"text-decoration: underline;\"><em><strong>Para alunos do PPG BioS:\u00a0<\/strong><\/em><\/span><\/p><p>\u00a01 &#8211; Preferencialmente bolsistas CAPES (caso sejam bolsistas FAPESP, favor enviar justificativa comprovando aus\u00eancia de recursos no projeto vigente);\u00a0<\/p><p>2 &#8211; Somente ser\u00e3o custeadas participa\u00e7\u00f5es em evento com apresenta\u00e7\u00e3o de trabalho do(a) p\u00f3s-graduando(a);<\/p><p>3 &#8211; O(a) aluno(a) deve estar em dia com as obriga\u00e7\u00f5es do Programa (participa\u00e7\u00e3o em atividades obrigat\u00f3rias do Programa; entrega de relat\u00f3rios\u00a0anuais).<\/p><p>\u00a0<\/p><hr \/><p><span style=\"text-decoration: underline;\"><em><strong>Para orientadores do PPG BioS: <br \/><\/strong><\/em><\/span><\/p><p>A prioridade para uso dessa verba \u00e9 o custeio de atividades acad\u00eamicas realizadas pelos alunos(as) do Programa, para aprimorar sua forma\u00e7\u00e3o acad\u00eamica\u00a0e\u00a0cient\u00edfica.<\/p><p>Entretanto, a Comiss\u00e3o pode analisar pedidos individuais feitos pelos orientadores(as), considerando os crit\u00e9rios a seguir:\u00a0<\/p><p>1 &#8211; O(a) orientador(a) deve estar em dia com as obriga\u00e7\u00f5es do Programa (orienta\u00e7\u00f5es; emiss\u00e3o de pareceres quando solicitado; participa\u00e7\u00e3o em bancas; participa\u00e7\u00e3o no Simp\u00f3sio);\u00a0<\/p><p>2 &#8211; Preferencialmente sem aux\u00edlio vigente (caso tenha aux\u00edlios vigentes, comprovar a aus\u00eancia de recursos com documentos como extratos e termos\u00a0de\u00a0outorga).<\/p><p>\u00a0<\/p><\/div><div><hr \/><p><em><strong>Solicita\u00e7\u00f5es para uso da verba PROEX-CAPES devem ser encaminhadas a secretaria financeira do Programa, pelo email <span style=\"color: #0000ff;\">verbabios@icb.usp.br<\/span> aos cuidados do Sr Braz. Os pagamentos autorizados pela CCP ser\u00e3o realizados por meio de reembolso.<\/strong><\/em><\/p><\/div><div>\u00a0<\/div><div>\u00a0<\/div>\t\t\t\t\t\t<\/div>\n\t\t\t\t<\/div>\n\t\t\t\t\t<\/div>\n\t\t<\/div>\n\t\t\t\t\t<\/div>\n\t\t<\/section>\n\t\t\t\t<section class=\"elementor-section elementor-top-section elementor-element elementor-element-dced9e7 elementor-section-boxed elementor-section-height-default elementor-section-height-default\" data-id=\"dced9e7\" data-element_type=\"section\">\n\t\t\t\t\t\t<div class=\"elementor-container elementor-column-gap-default\">\n\t\t\t\t\t<div class=\"elementor-column elementor-col-100 elementor-top-column elementor-element elementor-element-e96a7a2\" data-id=\"e96a7a2\" data-element_type=\"column\">\n\t\t\t<div class=\"elementor-widget-wrap elementor-element-populated\">\n\t\t\t\t\t\t<div class=\"elementor-element elementor-element-dfeeb28 elementor-widget elementor-widget-global elementor-global-964 elementor-widget-spacer\" data-id=\"dfeeb28\" data-element_type=\"widget\" data-widget_type=\"spacer.default\">\n\t\t\t\t<div class=\"elementor-widget-container\">\n\t\t\t\t\t<div class=\"elementor-spacer\">\n\t\t\t<div class=\"elementor-spacer-inner\"><\/div>\n\t\t<\/div>\n\t\t\t\t<\/div>\n\t\t\t\t<\/div>\n\t\t\t\t\t<\/div>\n\t\t<\/div>\n\t\t\t\t\t<\/div>\n\t\t<\/section>\n\t\t\t\t<\/div>\n\t\t","protected":false},"excerpt":{"rendered":"<p>FINANCEIRO SOBRE BOLSAS NO PROGRAMA O Programa de P\u00f3s-Gradua\u00e7\u00e3o em Biologia de Sistemas tem conceito 06 (seis) na CAPES, o que permite que o Programa atribua bolsas aos alunos de Mestrado e Doutorado. O n\u00famero de bolsas \u00e9 determinado anualmente, podendo aumentar ou diminuir de acordo com o or\u00e7amento das ag\u00eancias de fomento. As bolsas [&hellip;]<\/p>\n","protected":false},"author":1200,"featured_media":0,"parent":0,"menu_order":0,"comment_status":"closed","ping_status":"closed","template":"elementor_header_footer","meta":{"footnotes":"","_links_to":"","_links_to_target":""},"class_list":["post-4327","page","type-page","status-publish","hentry","entry"],"_links":{"self":[{"href":"https:\/\/sites.usp.br\/biosistemas\/wp-json\/wp\/v2\/pages\/4327","targetHints":{"allow":["GET"]}}],"collection":[{"href":"https:\/\/sites.usp.br\/biosistemas\/wp-json\/wp\/v2\/pages"}],"about":[{"href":"https:\/\/sites.usp.br\/biosistemas\/wp-json\/wp\/v2\/types\/page"}],"author":[{"embeddable":true,"href":"https:\/\/sites.usp.br\/biosistemas\/wp-json\/wp\/v2\/users\/1200"}],"replies":[{"embeddable":true,"href":"https:\/\/sites.usp.br\/biosistemas\/wp-json\/wp\/v2\/comments?post=4327"}],"version-history":[{"count":4,"href":"https:\/\/sites.usp.br\/biosistemas\/wp-json\/wp\/v2\/pages\/4327\/revisions"}],"predecessor-version":[{"id":6478,"href":"https:\/\/sites.usp.br\/biosistemas\/wp-json\/wp\/v2\/pages\/4327\/revisions\/6478"}],"wp:attachment":[{"href":"https:\/\/sites.usp.br\/biosistemas\/wp-json\/wp\/v2\/media?parent=4327"}],"curies":[{"name":"wp","href":"https:\/\/api.w.org\/{rel}","templated":true}]}}