{"id":6332,"date":"2025-02-25T10:44:38","date_gmt":"2025-02-25T13:44:38","guid":{"rendered":"https:\/\/sites.usp.br\/biosistemas\/?page_id=6332"},"modified":"2025-03-19T10:32:44","modified_gmt":"2025-03-19T13:32:44","slug":"2-areas-multiusuarios","status":"publish","type":"page","link":"https:\/\/sites.usp.br\/biosistemas\/2-areas-multiusuarios\/","title":{"rendered":"[2] \u00c1reas Multiusu\u00e1rios"},"content":{"rendered":"\t\t<div data-elementor-type=\"wp-page\" data-elementor-id=\"6332\" class=\"elementor elementor-6332\" data-elementor-post-type=\"page\">\n\t\t\t\t\t\t<section class=\"elementor-section elementor-top-section elementor-element elementor-element-a94730d elementor-section-boxed elementor-section-height-default elementor-section-height-default\" data-id=\"a94730d\" data-element_type=\"section\">\n\t\t\t\t\t\t<div class=\"elementor-container elementor-column-gap-default\">\n\t\t\t\t\t<div class=\"elementor-column elementor-col-100 elementor-top-column elementor-element elementor-element-4f43fb8\" data-id=\"4f43fb8\" data-element_type=\"column\">\n\t\t\t<div class=\"elementor-widget-wrap elementor-element-populated\">\n\t\t\t\t\t\t<div class=\"elementor-element elementor-element-4d07255 elementor-widget elementor-widget-heading\" data-id=\"4d07255\" data-element_type=\"widget\" data-widget_type=\"heading.default\">\n\t\t\t\t<div class=\"elementor-widget-container\">\n\t\t\t<h2 class=\"elementor-heading-title elementor-size-default\"><font style=\"vertical-align: inherit\"><font style=\"vertical-align: inherit\">\u00c1REAS MULTIUSU\u00c1RIOS<\/font><\/font><font style=\"vertical-align: inherit\"><\/font><font style=\"vertical-align: inherit\"><font style=\"vertical-align: inherit\"><\/font><\/font><\/h2>\t\t<\/div>\n\t\t\t\t<\/div>\n\t\t\t\t\t<\/div>\n\t\t<\/div>\n\t\t\t\t\t<\/div>\n\t\t<\/section>\n\t\t\t\t<section class=\"elementor-section elementor-top-section elementor-element elementor-element-c9cd369 elementor-section-boxed elementor-section-height-default elementor-section-height-default\" data-id=\"c9cd369\" data-element_type=\"section\">\n\t\t\t\t\t\t<div class=\"elementor-container elementor-column-gap-default\">\n\t\t\t\t\t<div class=\"elementor-column elementor-col-100 elementor-top-column elementor-element elementor-element-1e5d5cf\" data-id=\"1e5d5cf\" data-element_type=\"column\">\n\t\t\t<div class=\"elementor-widget-wrap elementor-element-populated\">\n\t\t\t\t\t\t<div class=\"elementor-element elementor-element-5d90a51 elementor-widget elementor-widget-global elementor-global-964 elementor-widget-spacer\" data-id=\"5d90a51\" data-element_type=\"widget\" data-widget_type=\"spacer.default\">\n\t\t\t\t<div class=\"elementor-widget-container\">\n\t\t\t\t\t<div class=\"elementor-spacer\">\n\t\t\t<div class=\"elementor-spacer-inner\"><\/div>\n\t\t<\/div>\n\t\t\t\t<\/div>\n\t\t\t\t<\/div>\n\t\t\t\t\t<\/div>\n\t\t<\/div>\n\t\t\t\t\t<\/div>\n\t\t<\/section>\n\t\t\t\t<section class=\"elementor-section elementor-top-section elementor-element elementor-element-1c7b7e3 elementor-section-boxed elementor-section-height-default elementor-section-height-default\" data-id=\"1c7b7e3\" data-element_type=\"section\">\n\t\t\t\t\t\t<div class=\"elementor-container elementor-column-gap-default\">\n\t\t\t\t\t<div class=\"elementor-column elementor-col-100 elementor-top-column elementor-element elementor-element-19170a9\" data-id=\"19170a9\" data-element_type=\"column\">\n\t\t\t<div class=\"elementor-widget-wrap elementor-element-populated\">\n\t\t\t\t\t\t<div class=\"elementor-element elementor-element-1b8dd63 elementor-widget elementor-widget-text-editor\" data-id=\"1b8dd63\" data-element_type=\"widget\" data-widget_type=\"text-editor.default\">\n\t\t\t\t<div class=\"elementor-widget-container\">\n\t\t\t\t\t\t\t<p>O Instituto de Ci\u00eancias Biom\u00e9dicas no qual o Programa de BioS est\u00e1 alocado, apresenta estrutura de vanguarda, com laborat\u00f3rios de pesquisa bem equipados, o que possibilita a realiza\u00e7\u00e3o de pesquisas competitivas e na fronteira do conhecimento.<\/p><p>Al\u00e9m destes, o ICB possui estrutura complementar organizada na forma de multiusu\u00e1rios:<\/p>\t\t\t\t\t\t<\/div>\n\t\t\t\t<\/div>\n\t\t\t\t<div class=\"elementor-element elementor-element-14021a2 elementor-widget-divider--view-line elementor-widget elementor-widget-divider\" data-id=\"14021a2\" data-element_type=\"widget\" data-widget_type=\"divider.default\">\n\t\t\t\t<div class=\"elementor-widget-container\">\n\t\t\t\t\t<div class=\"elementor-divider\">\n\t\t\t<span class=\"elementor-divider-separator\">\n\t\t\t\t\t\t<\/span>\n\t\t<\/div>\n\t\t\t\t<\/div>\n\t\t\t\t<\/div>\n\t\t\t\t\t<\/div>\n\t\t<\/div>\n\t\t\t\t\t<\/div>\n\t\t<\/section>\n\t\t\t\t<section class=\"elementor-section elementor-top-section elementor-element elementor-element-3ae5e57 elementor-section-boxed elementor-section-height-default elementor-section-height-default\" data-id=\"3ae5e57\" data-element_type=\"section\">\n\t\t\t\t\t\t<div class=\"elementor-container elementor-column-gap-default\">\n\t\t\t\t\t<div class=\"elementor-column elementor-col-100 elementor-top-column elementor-element elementor-element-694636c\" data-id=\"694636c\" data-element_type=\"column\">\n\t\t\t<div class=\"elementor-widget-wrap elementor-element-populated\">\n\t\t\t\t\t\t<div class=\"elementor-element elementor-element-7841825 elementor-widget__width-initial elementor-widget elementor-widget-text-editor\" data-id=\"7841825\" data-element_type=\"widget\" data-widget_type=\"text-editor.default\">\n\t\t\t\t<div class=\"elementor-widget-container\">\n\t\t\t\t\t\t\t<hr \/><p><em><strong><br \/><img decoding=\"async\" class=\"wp-image-6363 alignleft\" src=\"https:\/\/sites.usp.br\/biosistemas\/wp-content\/uploads\/sites\/1394\/2025\/03\/Logo-Biologia.Celular-T-500-PNG-pj0f7f2uo3cyjrmxn3er8m5n7ita22kwxtl233sx0g.png\" alt=\"\" width=\"120\" height=\"48\" data-id=\"6363\" \/>\u00a0 \u00a0 \u00a0 \u00a0 <a href=\"https:\/\/sites.usp.br\/biocel\/pesquisa\/laboratorio-multiusuarios-2\/\">Laborat\u00f3rio Multiusu\u00e1rios &#8211; Depto Biologia Celular e do Desenvolvimento<\/a><br \/><\/strong><\/em><\/p><hr \/><p><em><strong><img decoding=\"async\" class=\"wp-image-6364 alignleft\" src=\"https:\/\/sites.usp.br\/biosistemas\/wp-content\/uploads\/sites\/1394\/2025\/03\/LOGO-SITE-ICO3-TR-300x266.png\" alt=\"\" width=\"112\" height=\"99\" data-id=\"6364\" srcset=\"https:\/\/sites.usp.br\/biosistemas\/wp-content\/uploads\/sites\/1394\/2025\/03\/LOGO-SITE-ICO3-TR-300x266.png 300w, https:\/\/sites.usp.br\/biosistemas\/wp-content\/uploads\/sites\/1394\/2025\/03\/LOGO-SITE-ICO3-TR.png 512w, https:\/\/sites.usp.br\/biosistemas\/wp-content\/uploads\/sites\/1394\/2025\/03\/LOGO-SITE-ICO3-TR-400x355.png 400w\" sizes=\"(max-width: 112px) 100vw, 112px\" \/><\/strong><\/em><em><strong> \u00a0\u00a0\u00a0 \u00a0\u00a0\u00a0<\/strong><\/em><\/p><p><em><strong>\u00a0 \u00a0 \u00a0 \u00a0\u00a0 <a href=\"https:\/\/anatomia.icb.usp.br\/laboratorios-multiusuario\/\" target=\"_blank\" rel=\"noopener\">Laborat\u00f3rio Multiusu\u00e1rios &#8211; Depto Anatomia<\/a><br \/><\/strong><\/em><\/p><p><em><strong>\u00a0<\/strong><\/em><\/p><hr \/><p data-wp-editing=\"1\"><img decoding=\"async\" class=\"wp-image-6325 size-full alignleft\" src=\"https:\/\/sites.usp.br\/biosistemas\/wp-content\/uploads\/sites\/1394\/2025\/02\/logo-CEFAP-200px.png\" alt=\"\" width=\"130\" height=\"44\" data-id=\"6325\" \/><a href=\"https:\/\/cefap.icb.usp.br\/\" target=\"_blank\" rel=\"noopener\"><em><strong>\u00a0\u00a0\u00a0\u00a0\u00a0 Centro de Facilidades de Apoio \u00e0 Pesquisa<\/strong><\/em><\/a><\/p><div>\u00a0<\/div><hr \/>\t\t\t\t\t\t<\/div>\n\t\t\t\t<\/div>\n\t\t\t\t<div class=\"elementor-element elementor-element-1ef2bd6 elementor-widget elementor-widget-text-editor\" data-id=\"1ef2bd6\" data-element_type=\"widget\" data-widget_type=\"text-editor.default\">\n\t\t\t\t<div class=\"elementor-widget-container\">\n\t\t\t\t\t\t\t<p><img loading=\"lazy\" decoding=\"async\" class=\"alignleft wp-image-6326 size-full\" src=\"https:\/\/sites.usp.br\/biosistemas\/wp-content\/uploads\/sites\/1394\/2025\/02\/Screenshot-2025-02-25-at-10-17-15-Regimento_Cebiot.pdf.png\" alt=\"\" width=\"161\" height=\"57\" data-id=\"6326\" \/><a href=\"https:\/\/ww3.icb.usp.br\/central-de-bioterismo\/\" target=\"_blank\" rel=\"noopener\"><em><strong>\u00a0Central de Bioterismo (CEBIOT)<\/strong><\/em><\/a><\/p><hr \/>\t\t\t\t\t\t<\/div>\n\t\t\t\t<\/div>\n\t\t\t\t<div class=\"elementor-element elementor-element-cf94ae1 elementor-widget elementor-widget-text-editor\" data-id=\"cf94ae1\" data-element_type=\"widget\" data-widget_type=\"text-editor.default\">\n\t\t\t\t<div class=\"elementor-widget-container\">\n\t\t\t\t\t\t\t<p>\u00a0<img loading=\"lazy\" decoding=\"async\" class=\"wp-image-6327 alignleft\" src=\"https:\/\/sites.usp.br\/biosistemas\/wp-content\/uploads\/sites\/1394\/2025\/02\/Logo-Biblioteca-04.png\" alt=\"\" width=\"143\" height=\"45\" data-id=\"6327\" \/><a href=\"https:\/\/biblioteca.icb.usp.br\/\" target=\"_blank\" rel=\"noopener\"><em><strong> \u00a0 Servi\u00e7o de Biblioteca e informa\u00e7\u00e3o Biom\u00e9dica<\/strong><\/em><\/a><\/p><p>\u00a0<\/p><hr \/>\t\t\t\t\t\t<\/div>\n\t\t\t\t<\/div>\n\t\t\t\t<div class=\"elementor-element elementor-element-08c35b8 elementor-widget-divider--view-line elementor-widget elementor-widget-divider\" data-id=\"08c35b8\" data-element_type=\"widget\" data-widget_type=\"divider.default\">\n\t\t\t\t<div class=\"elementor-widget-container\">\n\t\t\t\t\t<div class=\"elementor-divider\">\n\t\t\t<span class=\"elementor-divider-separator\">\n\t\t\t\t\t\t<\/span>\n\t\t<\/div>\n\t\t\t\t<\/div>\n\t\t\t\t<\/div>\n\t\t\t\t\t<\/div>\n\t\t<\/div>\n\t\t\t\t\t<\/div>\n\t\t<\/section>\n\t\t\t\t<section class=\"elementor-section elementor-top-section elementor-element elementor-element-dced9e7 elementor-section-boxed elementor-section-height-default elementor-section-height-default\" data-id=\"dced9e7\" data-element_type=\"section\">\n\t\t\t\t\t\t<div class=\"elementor-container elementor-column-gap-default\">\n\t\t\t\t\t<div class=\"elementor-column elementor-col-100 elementor-top-column elementor-element elementor-element-e96a7a2\" data-id=\"e96a7a2\" data-element_type=\"column\">\n\t\t\t<div class=\"elementor-widget-wrap elementor-element-populated\">\n\t\t\t\t\t\t<div class=\"elementor-element elementor-element-dfeeb28 elementor-widget elementor-widget-global elementor-global-964 elementor-widget-spacer\" data-id=\"dfeeb28\" data-element_type=\"widget\" data-widget_type=\"spacer.default\">\n\t\t\t\t<div class=\"elementor-widget-container\">\n\t\t\t\t\t<div class=\"elementor-spacer\">\n\t\t\t<div class=\"elementor-spacer-inner\"><\/div>\n\t\t<\/div>\n\t\t\t\t<\/div>\n\t\t\t\t<\/div>\n\t\t\t\t\t<\/div>\n\t\t<\/div>\n\t\t\t\t\t<\/div>\n\t\t<\/section>\n\t\t\t\t<\/div>\n\t\t","protected":false},"excerpt":{"rendered":"<p>\u00c1REAS MULTIUSU\u00c1RIOS O Instituto de Ci\u00eancias Biom\u00e9dicas no qual o Programa de BioS est\u00e1 alocado, apresenta estrutura de vanguarda, com laborat\u00f3rios de pesquisa bem equipados, o que possibilita a realiza\u00e7\u00e3o de pesquisas competitivas e na fronteira do conhecimento. Al\u00e9m destes, o ICB possui estrutura complementar organizada na forma de multiusu\u00e1rios: \u00a0 \u00a0 \u00a0 \u00a0 Laborat\u00f3rio [&hellip;]<\/p>\n","protected":false},"author":23864,"featured_media":0,"parent":0,"menu_order":0,"comment_status":"closed","ping_status":"closed","template":"elementor_header_footer","meta":{"footnotes":"","_links_to":"","_links_to_target":""},"class_list":["post-6332","page","type-page","status-publish","hentry","entry"],"_links":{"self":[{"href":"https:\/\/sites.usp.br\/biosistemas\/wp-json\/wp\/v2\/pages\/6332","targetHints":{"allow":["GET"]}}],"collection":[{"href":"https:\/\/sites.usp.br\/biosistemas\/wp-json\/wp\/v2\/pages"}],"about":[{"href":"https:\/\/sites.usp.br\/biosistemas\/wp-json\/wp\/v2\/types\/page"}],"author":[{"embeddable":true,"href":"https:\/\/sites.usp.br\/biosistemas\/wp-json\/wp\/v2\/users\/23864"}],"replies":[{"embeddable":true,"href":"https:\/\/sites.usp.br\/biosistemas\/wp-json\/wp\/v2\/comments?post=6332"}],"version-history":[{"count":4,"href":"https:\/\/sites.usp.br\/biosistemas\/wp-json\/wp\/v2\/pages\/6332\/revisions"}],"predecessor-version":[{"id":6382,"href":"https:\/\/sites.usp.br\/biosistemas\/wp-json\/wp\/v2\/pages\/6332\/revisions\/6382"}],"wp:attachment":[{"href":"https:\/\/sites.usp.br\/biosistemas\/wp-json\/wp\/v2\/media?parent=6332"}],"curies":[{"name":"wp","href":"https:\/\/api.w.org\/{rel}","templated":true}]}}