{"id":824,"date":"2023-12-23T08:28:51","date_gmt":"2023-12-23T11:28:51","guid":{"rendered":"https:\/\/sites.usp.br\/biosistemas\/?page_id=824"},"modified":"2024-04-01T11:40:55","modified_gmt":"2024-04-01T14:40:55","slug":"3-sobre","status":"publish","type":"page","link":"https:\/\/sites.usp.br\/biosistemas\/3-sobre\/","title":{"rendered":"[3] Sobre"},"content":{"rendered":"\t\t<div data-elementor-type=\"wp-page\" data-elementor-id=\"824\" class=\"elementor elementor-824\" data-elementor-post-type=\"page\">\n\t\t\t\t\t\t<section class=\"elementor-section elementor-top-section elementor-element elementor-element-a232d99 elementor-section-boxed elementor-section-height-default elementor-section-height-default\" data-id=\"a232d99\" data-element_type=\"section\">\n\t\t\t\t\t\t<div class=\"elementor-container elementor-column-gap-default\">\n\t\t\t\t\t<div class=\"elementor-column elementor-col-100 elementor-top-column elementor-element elementor-element-7f943df\" data-id=\"7f943df\" data-element_type=\"column\">\n\t\t\t<div class=\"elementor-widget-wrap elementor-element-populated\">\n\t\t\t\t\t\t<div class=\"elementor-element elementor-element-0271d7a elementor-widget elementor-widget-heading\" data-id=\"0271d7a\" data-element_type=\"widget\" data-widget_type=\"heading.default\">\n\t\t\t\t<div class=\"elementor-widget-container\">\n\t\t\t<h2 class=\"elementor-heading-title elementor-size-default\">SOBRE<\/h2>\t\t<\/div>\n\t\t\t\t<\/div>\n\t\t\t\t\t<\/div>\n\t\t<\/div>\n\t\t\t\t\t<\/div>\n\t\t<\/section>\n\t\t\t\t<section class=\"elementor-section elementor-top-section elementor-element elementor-element-901eb74 elementor-section-boxed elementor-section-height-default elementor-section-height-default\" data-id=\"901eb74\" data-element_type=\"section\">\n\t\t\t\t\t\t<div class=\"elementor-container elementor-column-gap-default\">\n\t\t\t\t\t<div class=\"elementor-column elementor-col-100 elementor-top-column elementor-element elementor-element-9314d5d\" data-id=\"9314d5d\" data-element_type=\"column\">\n\t\t\t<div class=\"elementor-widget-wrap elementor-element-populated\">\n\t\t\t\t\t\t<div class=\"elementor-element elementor-element-7d34f50 elementor-widget elementor-widget-spacer\" data-id=\"7d34f50\" data-element_type=\"widget\" data-widget_type=\"spacer.default\">\n\t\t\t\t<div class=\"elementor-widget-container\">\n\t\t\t\t\t<div class=\"elementor-spacer\">\n\t\t\t<div class=\"elementor-spacer-inner\"><\/div>\n\t\t<\/div>\n\t\t\t\t<\/div>\n\t\t\t\t<\/div>\n\t\t\t\t\t<\/div>\n\t\t<\/div>\n\t\t\t\t\t<\/div>\n\t\t<\/section>\n\t\t\t\t<section class=\"elementor-section elementor-top-section elementor-element elementor-element-ff945c4 elementor-section-boxed elementor-section-height-default elementor-section-height-default\" data-id=\"ff945c4\" data-element_type=\"section\">\n\t\t\t\t\t\t<div class=\"elementor-container elementor-column-gap-default\">\n\t\t\t\t\t<div class=\"elementor-column elementor-col-100 elementor-top-column elementor-element elementor-element-f59a764\" data-id=\"f59a764\" data-element_type=\"column\">\n\t\t\t<div class=\"elementor-widget-wrap elementor-element-populated\">\n\t\t\t\t\t\t<div class=\"elementor-element elementor-element-cfa589e elementor-widget elementor-widget-text-editor\" data-id=\"cfa589e\" data-element_type=\"widget\" data-widget_type=\"text-editor.default\">\n\t\t\t\t<div class=\"elementor-widget-container\">\n\t\t\t\t\t\t\t<p><strong>PROGRAMA DE P\u00d3S-GRADUA\u00c7\u00c3O EM BIOLOGIA DE SISTEMAS<\/strong><\/p><p>Os Programas de P\u00f3s- Gradua\u00e7\u00e3o em Ci\u00eancias Morfofuncionais e Biologia Celular e Tecidual, sediados no Instituto de Ci\u00eancias Biom\u00e9dicas da Universidade de S\u00e3o Paulo, iniciaram em 2017 o planejamento para fus\u00e3o de suas atividades, processo que foi conclu\u00eddo e passou a vigorar a partir de Mar\u00e7o de 2019.<\/p><p>Desta forma, os dois Programas da \u00c1rea das Biol\u00f3gicas I da CAPES se uniram e formaram o PROGRAMA DE P\u00d3S-GRADUA\u00c7\u00c3O EM BIOLOGIA DE SISTEMAS, com duas \u00c1reas de Concentra\u00e7\u00e3o:\u00a0<span style=\"color: #3366ff;\"><a style=\"color: #3366ff;\" href=\"https:\/\/sites.usp.br\/biosistemas\/4-biologia-morfofuncional\/\">Biologia Morfofuncional<\/a><\/span>\u00a0e <span style=\"color: #3366ff;\"><a style=\"color: #3366ff;\" href=\"https:\/\/sites.usp.br\/biosistemas\/4-biologia-celular-tecidual-e-do-desenvolvimento\/\">Biologia Celular, Tecidual e do Desenvolvimento<\/a>.<\/span><\/p><p>Esta decis\u00e3o teve como base diferentes aspectos que incluem: o perfil muito semelhante de ambos os PPGs; o quadro atual de distribui\u00e7\u00e3o e produ\u00e7\u00e3o dos orientadores; as perspectivas de atividades dentro de nossas compet\u00eancias, o financiamento e titula\u00e7\u00e3o entre cinco e dez anos, e, sobretudo o fato de considerarmos que os egressos devem ter um perfil mais forte e competitivo no mercado de trabalho. Observamos que nossos esfor\u00e7os podem ser somados e ter um efeito sin\u00e9rgico, se trabalhados em conjunto, e n\u00e3o isoladamente. Dessa forma, entendemos que a fus\u00e3o dever\u00e1 ser ben\u00e9fica a todos: Estudantes, Orientadores e Institui\u00e7\u00e3o.<\/p><p>Assim, o objetivo do\u00a0Programa de Biologia de Sistemas\u00a0\u00e9 aprofundar o conhecimento na \u00e1rea da Morfologia, procurando integrar de maneira din\u00e2mica o conhecimento de todas as suas sub\u00e1reas: Biologia do Desenvolvimento, Biologia Celular, Biologia Tecidual e Anatomia Funcional. Acreditamos que a integra\u00e7\u00e3o entre os v\u00e1rios ramos da Morfologia, al\u00e9m de permitir uma forma\u00e7\u00e3o mais ampla e s\u00f3lida aos nossos estudantes, permitir\u00e1 que o interc\u00e2mbio das atividades cient\u00edficas por parte dos docentes-pesquisadores ocorra com maior facilidade, estimulando a produ\u00e7\u00e3o de trabalhos mais completos e, por consequ\u00eancia, mais competitivos.<\/p>\t\t\t\t\t\t<\/div>\n\t\t\t\t<\/div>\n\t\t\t\t\t<\/div>\n\t\t<\/div>\n\t\t\t\t\t<\/div>\n\t\t<\/section>\n\t\t\t\t<section class=\"elementor-section elementor-top-section elementor-element elementor-element-7bb13a8 elementor-section-boxed elementor-section-height-default elementor-section-height-default\" data-id=\"7bb13a8\" data-element_type=\"section\">\n\t\t\t\t\t\t<div class=\"elementor-container elementor-column-gap-default\">\n\t\t\t\t\t<div class=\"elementor-column elementor-col-100 elementor-top-column elementor-element elementor-element-2fae8a5\" data-id=\"2fae8a5\" data-element_type=\"column\">\n\t\t\t<div class=\"elementor-widget-wrap elementor-element-populated\">\n\t\t\t\t\t\t<div class=\"elementor-element elementor-element-bdad4a4 elementor-widget elementor-widget-spacer\" data-id=\"bdad4a4\" data-element_type=\"widget\" data-widget_type=\"spacer.default\">\n\t\t\t\t<div class=\"elementor-widget-container\">\n\t\t\t\t\t<div class=\"elementor-spacer\">\n\t\t\t<div class=\"elementor-spacer-inner\"><\/div>\n\t\t<\/div>\n\t\t\t\t<\/div>\n\t\t\t\t<\/div>\n\t\t\t\t\t<\/div>\n\t\t<\/div>\n\t\t\t\t\t<\/div>\n\t\t<\/section>\n\t\t\t\t<\/div>\n\t\t","protected":false},"excerpt":{"rendered":"<p>SOBRE PROGRAMA DE P\u00d3S-GRADUA\u00c7\u00c3O EM BIOLOGIA DE SISTEMAS Os Programas de P\u00f3s- Gradua\u00e7\u00e3o em Ci\u00eancias Morfofuncionais e Biologia Celular e Tecidual, sediados no Instituto de Ci\u00eancias Biom\u00e9dicas da Universidade de S\u00e3o Paulo, iniciaram em 2017 o planejamento para fus\u00e3o de suas atividades, processo que foi conclu\u00eddo e passou a vigorar a partir de Mar\u00e7o de [&hellip;]<\/p>\n","protected":false},"author":1200,"featured_media":0,"parent":0,"menu_order":0,"comment_status":"closed","ping_status":"closed","template":"elementor_header_footer","meta":{"footnotes":"","_links_to":"","_links_to_target":""},"class_list":["post-824","page","type-page","status-publish","hentry","entry"],"_links":{"self":[{"href":"https:\/\/sites.usp.br\/biosistemas\/wp-json\/wp\/v2\/pages\/824","targetHints":{"allow":["GET"]}}],"collection":[{"href":"https:\/\/sites.usp.br\/biosistemas\/wp-json\/wp\/v2\/pages"}],"about":[{"href":"https:\/\/sites.usp.br\/biosistemas\/wp-json\/wp\/v2\/types\/page"}],"author":[{"embeddable":true,"href":"https:\/\/sites.usp.br\/biosistemas\/wp-json\/wp\/v2\/users\/1200"}],"replies":[{"embeddable":true,"href":"https:\/\/sites.usp.br\/biosistemas\/wp-json\/wp\/v2\/comments?post=824"}],"version-history":[{"count":4,"href":"https:\/\/sites.usp.br\/biosistemas\/wp-json\/wp\/v2\/pages\/824\/revisions"}],"predecessor-version":[{"id":5219,"href":"https:\/\/sites.usp.br\/biosistemas\/wp-json\/wp\/v2\/pages\/824\/revisions\/5219"}],"wp:attachment":[{"href":"https:\/\/sites.usp.br\/biosistemas\/wp-json\/wp\/v2\/media?parent=824"}],"curies":[{"name":"wp","href":"https:\/\/api.w.org\/{rel}","templated":true}]}}