{"id":834,"date":"2023-12-23T08:31:53","date_gmt":"2023-12-23T11:31:53","guid":{"rendered":"https:\/\/sites.usp.br\/biosistemas\/?page_id=834"},"modified":"2026-03-09T16:35:43","modified_gmt":"2026-03-09T19:35:43","slug":"disciplinas-cursos-obrigatorios","status":"publish","type":"page","link":"https:\/\/sites.usp.br\/biosistemas\/disciplinas-cursos-obrigatorios\/","title":{"rendered":"[2] Disciplinas \/ Cursos Obrigat\u00f3rios"},"content":{"rendered":"\t\t<div data-elementor-type=\"wp-page\" data-elementor-id=\"834\" class=\"elementor elementor-834\" data-elementor-post-type=\"page\">\n\t\t\t\t\t\t<section class=\"elementor-section elementor-top-section elementor-element elementor-element-049a031 elementor-section-boxed elementor-section-height-default elementor-section-height-default\" data-id=\"049a031\" data-element_type=\"section\">\n\t\t\t\t\t\t<div class=\"elementor-container elementor-column-gap-default\">\n\t\t\t\t\t<div class=\"elementor-column elementor-col-100 elementor-top-column elementor-element elementor-element-5389ad6\" data-id=\"5389ad6\" data-element_type=\"column\">\n\t\t\t<div class=\"elementor-widget-wrap elementor-element-populated\">\n\t\t\t\t\t\t<div class=\"elementor-element elementor-element-af91cc7 elementor-widget elementor-widget-heading\" data-id=\"af91cc7\" data-element_type=\"widget\" data-widget_type=\"heading.default\">\n\t\t\t\t<div class=\"elementor-widget-container\">\n\t\t\t<h2 class=\"elementor-heading-title elementor-size-default\">DISCIPLINAS \/ CURSOS OBRIGAT\u00d3RIOS<\/h2>\t\t<\/div>\n\t\t\t\t<\/div>\n\t\t\t\t\t<\/div>\n\t\t<\/div>\n\t\t\t\t\t<\/div>\n\t\t<\/section>\n\t\t\t\t<section class=\"elementor-section elementor-top-section elementor-element elementor-element-b835ee3 elementor-section-boxed elementor-section-height-default elementor-section-height-default\" data-id=\"b835ee3\" data-element_type=\"section\">\n\t\t\t\t\t\t<div class=\"elementor-container elementor-column-gap-default\">\n\t\t\t\t\t<div class=\"elementor-column elementor-col-100 elementor-top-column elementor-element elementor-element-b365f3d\" data-id=\"b365f3d\" data-element_type=\"column\">\n\t\t\t<div class=\"elementor-widget-wrap elementor-element-populated\">\n\t\t\t\t\t\t<div class=\"elementor-element elementor-element-0a4a261 elementor-widget elementor-widget-global elementor-global-964 elementor-widget-spacer\" data-id=\"0a4a261\" data-element_type=\"widget\" data-widget_type=\"spacer.default\">\n\t\t\t\t<div class=\"elementor-widget-container\">\n\t\t\t\t\t<div class=\"elementor-spacer\">\n\t\t\t<div class=\"elementor-spacer-inner\"><\/div>\n\t\t<\/div>\n\t\t\t\t<\/div>\n\t\t\t\t<\/div>\n\t\t\t\t<div class=\"elementor-element elementor-element-b8acf1e elementor-widget elementor-widget-text-editor\" data-id=\"b8acf1e\" data-element_type=\"widget\" data-widget_type=\"text-editor.default\">\n\t\t\t\t<div class=\"elementor-widget-container\">\n\t\t\t\t\t\t\t<p>O Programa de P\u00f3s-Gradua\u00e7\u00e3o em Biologia de Sistemas conta com Disciplinas nas \u00e1reas de\u00a0Biologia Celular e Tecidual e do Desenvolvimento\u00a0e de\u00a0Biologia Morfofuncional,\u00a0relacionadas \u00e0s diferentes Linhas de Pesquisa desenvolvidas no Programa. Estas s\u00e3o oferecidas de modo regular, juntamente com as\u00a0Disciplinas dos demais Programas de P\u00f3s-Gradua\u00e7\u00e3o do Instituto, abrangendo, de modo geral, o que h\u00e1 de mais atual dentro do cen\u00e1rios das Ci\u00eancias Biom\u00e9dicas.<\/p><p>Consulte aqui <span style=\"color: #3366ff;\"><a style=\"color: #3366ff;\" href=\"https:\/\/uspdigital.usp.br\/janus\/componente\/catalogoDisciplinasInicial.jsf?action=4&amp;tipo=D&amp;codcpg=42\" target=\"_blank\" rel=\"noopener\">a lista das Disciplinas do Programa de P\u00f3s-Gradua\u00e7\u00e3o em Biologia de Sistemas<\/a><\/span><\/p>\t\t\t\t\t\t<\/div>\n\t\t\t\t<\/div>\n\t\t\t\t<div class=\"elementor-element elementor-element-50e8dcc elementor-widget-divider--view-line elementor-widget elementor-widget-global elementor-global-967 elementor-widget-divider\" data-id=\"50e8dcc\" data-element_type=\"widget\" data-widget_type=\"divider.default\">\n\t\t\t\t<div class=\"elementor-widget-container\">\n\t\t\t\t\t<div class=\"elementor-divider\">\n\t\t\t<span class=\"elementor-divider-separator\">\n\t\t\t\t\t\t<\/span>\n\t\t<\/div>\n\t\t\t\t<\/div>\n\t\t\t\t<\/div>\n\t\t\t\t<div class=\"elementor-element elementor-element-b94ff38 elementor-widget elementor-widget-text-editor\" data-id=\"b94ff38\" data-element_type=\"widget\" data-widget_type=\"text-editor.default\">\n\t\t\t\t<div class=\"elementor-widget-container\">\n\t\t\t\t\t\t\t<p><b>DOS CR\u00c9DITOS EM DISCIPLINAS<\/b><\/p><p>O(a) estudante de Mestrado ou de Doutorado dever\u00e1 obrigatoriamente integralizar o <strong>m\u00ednimo de 14 cr\u00e9ditos<\/strong> em <strong>disciplinas oferecidas pelo Programa.<\/strong><\/p>\t\t\t\t\t\t<\/div>\n\t\t\t\t<\/div>\n\t\t\t\t<div class=\"elementor-element elementor-element-3d76405 elementor-widget-divider--view-line elementor-widget elementor-widget-divider\" data-id=\"3d76405\" data-element_type=\"widget\" data-widget_type=\"divider.default\">\n\t\t\t\t<div class=\"elementor-widget-container\">\n\t\t\t\t\t<div class=\"elementor-divider\">\n\t\t\t<span class=\"elementor-divider-separator\">\n\t\t\t\t\t\t<\/span>\n\t\t<\/div>\n\t\t\t\t<\/div>\n\t\t\t\t<\/div>\n\t\t\t\t<div class=\"elementor-element elementor-element-db92453 elementor-widget elementor-widget-text-editor\" data-id=\"db92453\" data-element_type=\"widget\" data-widget_type=\"text-editor.default\">\n\t\t\t\t<div class=\"elementor-widget-container\">\n\t\t\t\t\t\t\t<p><strong><span class=\"selectable-text copyable-text\">CURSOS OBRIGAT\u00d3RIOS DE CAPACITA\u00c7\u00c3O<\/span><\/strong><\/p><ul><li><span class=\"selectable-text copyable-text\"><span style=\"color: #3366ff;\"><a style=\"color: #3366ff;\" href=\"https:\/\/docs.google.com\/forms\/d\/e\/1FAIpQLSegXNi3tgqt4gOqLq1q4ab2Ipu5aqkRfwocoOpqOu5-2PkQvw\/closedform\" target=\"_blank\" rel=\"noopener\"><i>Curso de Armazenamento, Manuseio e Descarte de Produtos Qu\u00edmicos<\/i><\/a><i>:<\/i><\/span> O usu\u00e1rio dever\u00e1 fazer o preenchimento pr\u00e9vio do formul\u00e1rio online para, em seguida, receber as instru\u00e7\u00f5es de acesso ao curso. Ap\u00f3s a submiss\u00e3o, aguarde cerca de dois dias para receber as instru\u00e7\u00f5es de acesso ao ambiente do curso.<\/span>\u00a0<\/li><\/ul><p>\u00a0<\/p><p class=\"selectable-text copyable-text iq0m558w g0rxnol2\" dir=\"ltr\"><em><span class=\"selectable-text copyable-text\"><u>OBRIGAT\u00d3RIO DEPENDENDO DO PROJETO DE TESE:\u00a0<\/u><\/span><\/em><\/p><ul><li><span style=\"color: #3366ff;\"><a style=\"color: #3366ff;\" href=\"https:\/\/cursosextensao.usp.br\/course\/index.php?categoryid=78\" target=\"_blank\" rel=\"noopener\"><span class=\"selectable-text copyable-text\"><i>Curso de Biosseguran\u00e7a<\/i><\/span><\/a><\/span><\/li><li><span style=\"color: #3366ff;\"><a style=\"color: #3366ff;\" href=\"https:\/\/ww3.icb.usp.br\/ext\/curso-de-protecao-radiologica\/\" target=\"_blank\" rel=\"noopener\"><span class=\"selectable-text copyable-text\"><i>Curso de Radioprote\u00e7\u00e3o<\/i><\/span><\/a><\/span><\/li><li><span style=\"color: #3366ff;\"><a style=\"color: #3366ff;\" href=\"https:\/\/cursosextensao.usp.br\/course\/index.php?categoryid=266\" target=\"_blank\" rel=\"noopener\"><span class=\"selectable-text copyable-text\"><i>Capacita\u00e7\u00e3o no Uso e Manejo de Animais de Laborat\u00f3rio<\/i><\/span><\/a><\/span><\/li><\/ul>\t\t\t\t\t\t<\/div>\n\t\t\t\t<\/div>\n\t\t\t\t\t<\/div>\n\t\t<\/div>\n\t\t\t\t\t<\/div>\n\t\t<\/section>\n\t\t\t\t<section class=\"elementor-section elementor-top-section elementor-element elementor-element-d469433 elementor-section-boxed elementor-section-height-default elementor-section-height-default\" data-id=\"d469433\" data-element_type=\"section\">\n\t\t\t\t\t\t<div class=\"elementor-container elementor-column-gap-default\">\n\t\t\t\t\t<div class=\"elementor-column elementor-col-100 elementor-top-column elementor-element elementor-element-0267bb7\" data-id=\"0267bb7\" data-element_type=\"column\">\n\t\t\t<div class=\"elementor-widget-wrap elementor-element-populated\">\n\t\t\t\t\t\t<div class=\"elementor-element elementor-element-2c89bdf elementor-widget-divider--view-line elementor-widget elementor-widget-divider\" data-id=\"2c89bdf\" data-element_type=\"widget\" data-widget_type=\"divider.default\">\n\t\t\t\t<div class=\"elementor-widget-container\">\n\t\t\t\t\t<div class=\"elementor-divider\">\n\t\t\t<span class=\"elementor-divider-separator\">\n\t\t\t\t\t\t<\/span>\n\t\t<\/div>\n\t\t\t\t<\/div>\n\t\t\t\t<\/div>\n\t\t\t\t<div class=\"elementor-element elementor-element-35667ff elementor-widget elementor-widget-text-editor\" data-id=\"35667ff\" data-element_type=\"widget\" data-widget_type=\"text-editor.default\">\n\t\t\t\t<div class=\"elementor-widget-container\">\n\t\t\t\t\t\t\t<p class=\"selectable-text copyable-text iq0m558w g0rxnol2\" dir=\"ltr\"><strong><span class=\"selectable-text copyable-text\">OUTRAS INFORMA\u00c7\u00d5ES<\/span><\/strong><\/p><ul><li><span style=\"color: #3366ff;\"><a style=\"color: #3366ff;\" href=\"https:\/\/ww3.icb.usp.br\/pes\/etica-no-uso-dos-animais-ceua\/\" target=\"_blank\" rel=\"noopener\"><span class=\"selectable-text copyable-text\"><i>Comiss\u00e3o de \u00c9tica no uso de Animais (CEUA)<\/i><\/span><\/a><\/span><\/li><li><span style=\"color: #3366ff;\"><a style=\"color: #3366ff;\" href=\"https:\/\/ww3.icb.usp.br\/cepsh\/\" target=\"_blank\" rel=\"noopener\"><span class=\"selectable-text copyable-text\"><i>Comit\u00ea de \u00c9tica em Pesquisa com Seres Humanos (CEPSH)<\/i><\/span><\/a><\/span><\/li><li><a href=\"https:\/\/ww3.icb.usp.br\/central-de-bioterismo\/\" target=\"_blank\" rel=\"noopener\"><span style=\"color: #3366ff;\"><em>Central de Bioterismo (CEBIOT)<\/em><\/span><\/a><\/li><\/ul>\t\t\t\t\t\t<\/div>\n\t\t\t\t<\/div>\n\t\t\t\t\t<\/div>\n\t\t<\/div>\n\t\t\t\t\t<\/div>\n\t\t<\/section>\n\t\t\t\t<section class=\"elementor-section elementor-top-section elementor-element elementor-element-de9bc96 elementor-section-boxed elementor-section-height-default elementor-section-height-default\" data-id=\"de9bc96\" data-element_type=\"section\">\n\t\t\t\t\t\t<div class=\"elementor-container elementor-column-gap-default\">\n\t\t\t\t\t<div class=\"elementor-column elementor-col-100 elementor-top-column elementor-element elementor-element-78d6ffc\" data-id=\"78d6ffc\" data-element_type=\"column\">\n\t\t\t<div class=\"elementor-widget-wrap elementor-element-populated\">\n\t\t\t\t\t\t<div class=\"elementor-element elementor-element-dad6927 elementor-widget elementor-widget-spacer\" data-id=\"dad6927\" data-element_type=\"widget\" data-widget_type=\"spacer.default\">\n\t\t\t\t<div class=\"elementor-widget-container\">\n\t\t\t\t\t<div class=\"elementor-spacer\">\n\t\t\t<div class=\"elementor-spacer-inner\"><\/div>\n\t\t<\/div>\n\t\t\t\t<\/div>\n\t\t\t\t<\/div>\n\t\t\t\t\t<\/div>\n\t\t<\/div>\n\t\t\t\t\t<\/div>\n\t\t<\/section>\n\t\t\t\t<\/div>\n\t\t","protected":false},"excerpt":{"rendered":"<p>DISCIPLINAS \/ CURSOS OBRIGAT\u00d3RIOS O Programa de P\u00f3s-Gradua\u00e7\u00e3o em Biologia de Sistemas conta com Disciplinas nas \u00e1reas de\u00a0Biologia Celular e Tecidual e do Desenvolvimento\u00a0e de\u00a0Biologia Morfofuncional,\u00a0relacionadas \u00e0s diferentes Linhas de Pesquisa desenvolvidas no Programa. Estas s\u00e3o oferecidas de modo regular, juntamente com as\u00a0Disciplinas dos demais Programas de P\u00f3s-Gradua\u00e7\u00e3o do Instituto, abrangendo, de modo geral, o [&hellip;]<\/p>\n","protected":false},"author":1200,"featured_media":0,"parent":0,"menu_order":0,"comment_status":"closed","ping_status":"closed","template":"elementor_header_footer","meta":{"footnotes":"","_links_to":"","_links_to_target":""},"class_list":["post-834","page","type-page","status-publish","hentry","entry"],"_links":{"self":[{"href":"https:\/\/sites.usp.br\/biosistemas\/wp-json\/wp\/v2\/pages\/834","targetHints":{"allow":["GET"]}}],"collection":[{"href":"https:\/\/sites.usp.br\/biosistemas\/wp-json\/wp\/v2\/pages"}],"about":[{"href":"https:\/\/sites.usp.br\/biosistemas\/wp-json\/wp\/v2\/types\/page"}],"author":[{"embeddable":true,"href":"https:\/\/sites.usp.br\/biosistemas\/wp-json\/wp\/v2\/users\/1200"}],"replies":[{"embeddable":true,"href":"https:\/\/sites.usp.br\/biosistemas\/wp-json\/wp\/v2\/comments?post=834"}],"version-history":[{"count":4,"href":"https:\/\/sites.usp.br\/biosistemas\/wp-json\/wp\/v2\/pages\/834\/revisions"}],"predecessor-version":[{"id":7135,"href":"https:\/\/sites.usp.br\/biosistemas\/wp-json\/wp\/v2\/pages\/834\/revisions\/7135"}],"wp:attachment":[{"href":"https:\/\/sites.usp.br\/biosistemas\/wp-json\/wp\/v2\/media?parent=834"}],"curies":[{"name":"wp","href":"https:\/\/api.w.org\/{rel}","templated":true}]}}