{"id":861,"date":"2023-12-23T08:38:12","date_gmt":"2023-12-23T11:38:12","guid":{"rendered":"https:\/\/sites.usp.br\/biosistemas\/?page_id=861"},"modified":"2026-03-20T14:49:04","modified_gmt":"2026-03-20T17:49:04","slug":"2-formularios","status":"publish","type":"page","link":"https:\/\/sites.usp.br\/biosistemas\/2-formularios\/","title":{"rendered":"[2] Formul\u00e1rios"},"content":{"rendered":"\t\t<div data-elementor-type=\"wp-page\" data-elementor-id=\"861\" class=\"elementor elementor-861\" data-elementor-post-type=\"page\">\n\t\t\t\t\t\t<section class=\"elementor-section elementor-top-section elementor-element elementor-element-3d47bdc elementor-section-boxed elementor-section-height-default elementor-section-height-default\" data-id=\"3d47bdc\" data-element_type=\"section\">\n\t\t\t\t\t\t<div class=\"elementor-container elementor-column-gap-default\">\n\t\t\t\t\t<div class=\"elementor-column elementor-col-100 elementor-top-column elementor-element elementor-element-b449c8d\" data-id=\"b449c8d\" data-element_type=\"column\">\n\t\t\t<div class=\"elementor-widget-wrap elementor-element-populated\">\n\t\t\t\t\t\t<div class=\"elementor-element elementor-element-cdce0e8 elementor-widget elementor-widget-heading\" data-id=\"cdce0e8\" data-element_type=\"widget\" data-widget_type=\"heading.default\">\n\t\t\t\t<div class=\"elementor-widget-container\">\n\t\t\t<h2 class=\"elementor-heading-title elementor-size-default\">FORMUL\u00c1RIOS<\/h2>\t\t<\/div>\n\t\t\t\t<\/div>\n\t\t\t\t\t<\/div>\n\t\t<\/div>\n\t\t\t\t\t<\/div>\n\t\t<\/section>\n\t\t\t\t<section class=\"elementor-section elementor-top-section elementor-element elementor-element-5c558ad elementor-section-boxed elementor-section-height-default elementor-section-height-default\" data-id=\"5c558ad\" data-element_type=\"section\">\n\t\t\t\t\t\t<div class=\"elementor-container elementor-column-gap-default\">\n\t\t\t\t\t<div class=\"elementor-column elementor-col-100 elementor-top-column elementor-element elementor-element-866dfe4\" data-id=\"866dfe4\" data-element_type=\"column\">\n\t\t\t<div class=\"elementor-widget-wrap elementor-element-populated\">\n\t\t\t\t\t\t<div class=\"elementor-element elementor-element-a6d0b4f elementor-widget elementor-widget-spacer\" data-id=\"a6d0b4f\" data-element_type=\"widget\" data-widget_type=\"spacer.default\">\n\t\t\t\t<div class=\"elementor-widget-container\">\n\t\t\t\t\t<div class=\"elementor-spacer\">\n\t\t\t<div class=\"elementor-spacer-inner\"><\/div>\n\t\t<\/div>\n\t\t\t\t<\/div>\n\t\t\t\t<\/div>\n\t\t\t\t\t<\/div>\n\t\t<\/div>\n\t\t\t\t\t<\/div>\n\t\t<\/section>\n\t\t\t\t<section class=\"elementor-section elementor-top-section elementor-element elementor-element-03a7990 elementor-section-boxed elementor-section-height-default elementor-section-height-default\" data-id=\"03a7990\" data-element_type=\"section\">\n\t\t\t\t\t\t<div class=\"elementor-container elementor-column-gap-default\">\n\t\t\t\t\t<div class=\"elementor-column elementor-col-100 elementor-top-column elementor-element elementor-element-1aabaa7\" data-id=\"1aabaa7\" data-element_type=\"column\">\n\t\t\t<div class=\"elementor-widget-wrap elementor-element-populated\">\n\t\t\t\t\t\t<div class=\"elementor-element elementor-element-561df89 elementor-widget elementor-widget-text-editor\" data-id=\"561df89\" data-element_type=\"widget\" data-widget_type=\"text-editor.default\">\n\t\t\t\t<div class=\"elementor-widget-container\">\n\t\t\t\t\t\t\t<p style=\"text-align: center;\"><strong><span style=\"text-decoration: underline;\"><em>PROCESSO SELETIVO BioS<\/em><\/span><br \/><\/strong><\/p><ul><li><span style=\"color: #3366ff;\"><a style=\"color: #3366ff;\" href=\"https:\/\/sites.usp.br\/biosistemas\/wp-content\/uploads\/sites\/1394\/2025\/09\/Ficha-de-inscricao-nova.docx\">Ficha de inscri\u00e7\u00e3o (atualizada)<\/a><\/span><\/li><li><span style=\"color: #3366ff;\"><a style=\"color: #3366ff;\" href=\"https:\/\/sites.usp.br\/biosistemas\/wp-content\/uploads\/sites\/1394\/2024\/01\/Requerimento-de-Inscricao-BioS-out-23.docx\">Requerimento de Inscri\u00e7\u00e3o<\/a><\/span><\/li><li><a href=\"https:\/\/sites.usp.br\/biosistemas\/wp-content\/uploads\/sites\/1394\/2024\/07\/3-autodeclaracao-etnico-racial_PC.docx\"><span style=\"color: #3366ff;\">Autodeclara\u00e7\u00e3o \u00c9tnico Racial<\/span><\/a><\/li><li><a href=\"https:\/\/sites.usp.br\/biosistemas\/wp-content\/uploads\/sites\/1394\/2024\/07\/3-autodeclaracao-de-baixa-renda.docx\"><span style=\"color: #3366ff;\">Autodeclara\u00e7\u00e3o Baixa Renda<\/span><\/a><\/li><li><span style=\"color: #3366ff;\"><a href=\"https:\/\/sites.usp.br\/biosistemas\/wp-content\/uploads\/sites\/1394\/2024\/07\/3-autodeclaracao_Travestis_Transexuais_Transgeneros.docx\"><span style=\"color: #3366ff;\">Autodeclaracao Pessoas Trans<\/span><\/a><\/span><\/li><\/ul><hr \/><p style=\"text-align: center;\"><span style=\"color: #333333;\"><strong><em><span style=\"text-decoration: underline;\">ALUNOS<\/span><\/em><\/strong><\/span><\/p><p><strong>Matr\u00edcula<\/strong><\/p><ul><li><a href=\"https:\/\/sites.usp.br\/biosistemas\/wp-content\/uploads\/sites\/1394\/2024\/08\/form-solicitacao-matricula-inicial-out-23.doc\"><span style=\"color: #3366ff;\">Solicita\u00e7\u00e3o de Matr\u00edcula<\/span><\/a><\/li><li><span style=\"color: #3366ff;\"><a style=\"color: #3366ff;\" href=\"https:\/\/sites.usp.br\/biosistemas\/wp-content\/uploads\/sites\/1394\/2024\/08\/aceitacao-de-orientacao-out-23.doc\">Aceita\u00e7\u00e3o de Orienta\u00e7\u00e3o<\/a><\/span><\/li><li><a href=\"https:\/\/sites.usp.br\/biosistemas\/wp-content\/uploads\/sites\/1394\/2024\/08\/Ciencia-do-Regulamento-do-Programa-out-23.doc\"><span style=\"color: #3366ff;\">Ci\u00eancia do Regulamento e obriga\u00e7\u00f5es do Programa<\/span><\/a><\/li><li><a href=\"https:\/\/sites.usp.br\/biosistemas\/wp-content\/uploads\/sites\/1394\/2025\/06\/Form_mudanca_orientacao.doc\" target=\"_blank\" rel=\"noopener\"><span style=\"color: #3366ff;\">Mudan\u00e7a de Orienta\u00e7\u00e3o<\/span><\/a><\/li><li><a href=\"https:\/\/sites.usp.br\/biosistemas\/wp-content\/uploads\/sites\/1394\/2025\/06\/trancamentomatr.doc\"><span style=\"color: #3366ff;\">Trancamento de Matr\u00edcula<\/span><\/a><\/li><li><span style=\"color: #3366ff;\"><a style=\"color: #3366ff;\" href=\"https:\/\/sites.usp.br\/biosistemas\/wp-content\/uploads\/sites\/1394\/2024\/01\/discv.doc\">Inscri\u00e7\u00e3o em Disciplinas Fora de Prazo<\/a><\/span><\/li><li><a href=\"https:\/\/sites.usp.br\/biosistemas\/wp-content\/uploads\/sites\/1394\/2025\/06\/sptrans-BioS.doc\" target=\"_blank\" rel=\"noopener\"><span style=\"color: #3366ff;\">Declara\u00e7\u00e3o de frequ\u00eancia semanal \u2013 SPTrans<\/span><\/a><\/li><\/ul><div>\u00a0<\/div><p><strong>Comiss\u00f5es de \u00c9tica<\/strong><\/p><ul><li><span style=\"color: #3366ff;\"><a style=\"color: #3366ff;\" href=\"https:\/\/sites.usp.br\/biosistemas\/3-comite-de-etica\/\" target=\"_blank\" rel=\"noopener\">Instru\u00e7\u00f5es do Comit\u00ea de \u00c9tica<\/a><\/span><\/li><li><span style=\"color: #3366ff;\"><a style=\"color: #3366ff;\" href=\"https:\/\/sites.usp.br\/biosistemas\/wp-content\/uploads\/sites\/1394\/2024\/01\/Solicitacao_declaracao_CEP_2023.docx\">Solicita\u00e7\u00e3o de Declara\u00e7\u00e3o CEP<\/a><\/span>, e<span style=\"color: #3366ff;\">\u00a0<a style=\"color: #3366ff;\" href=\"https:\/\/sites.usp.br\/biosistemas\/wp-content\/uploads\/sites\/1394\/2024\/01\/Comprovante_Solicitacao_Declaracao_CEP_2023.doc\">comprovante de solicita\u00e7\u00e3o<\/a><\/span><\/li><li><span style=\"color: #3366ff;\"><a style=\"color: #3366ff;\" href=\"https:\/\/sites.usp.br\/biosistemas\/wp-content\/uploads\/sites\/1394\/2024\/01\/Comprovante-Solicitacao-de-Permissao-CEPSH1.doc\" target=\"_blank\" rel=\"noopener noreferrer\">Comprovante Solicita\u00e7\u00e3o de Permiss\u00e3o \u2013\u00a0CEPSH<\/a><\/span><\/li><li><span style=\"color: #3366ff;\"><a style=\"color: #3366ff;\" href=\"https:\/\/sites.usp.br\/biosistemas\/wp-content\/uploads\/sites\/1394\/2024\/01\/Comprovante-Solicitacao-de-Permissao-CEUA1.doc\" target=\"_blank\" rel=\"noopener noreferrer\">Comprovante Solicita\u00e7\u00e3o de Permiss\u00e3o \u2013 CEUA<\/a><\/span><\/li><\/ul><div>\u00a0<\/div><p><strong>Atribui\u00e7\u00e3o de Cr\u00e9ditos<\/strong><\/p><ul><li><a href=\"https:\/\/sites.usp.br\/biosistemas\/wp-content\/uploads\/sites\/1394\/2024\/06\/creditos-publicacao.docx\"><span style=\"color: #3366ff;\">Cr\u00e9ditos por Publica\u00e7\u00e3o<\/span><\/a><\/li><li><span style=\"color: #3366ff;\"><a style=\"color: #3366ff;\" href=\"https:\/\/sites.usp.br\/biosistemas\/wp-content\/uploads\/sites\/1394\/2024\/06\/creditos-eventos.docx\">Cr\u00e9ditos por Participa\u00e7\u00e3o em Congressos<\/a><\/span><\/li><li><a href=\"https:\/\/sites.usp.br\/biosistemas\/wp-content\/uploads\/sites\/1394\/2024\/06\/creditos-PAE.docx\"><span style=\"color: #3366ff;\">Cr\u00e9ditos por Participa\u00e7\u00e3o no PAE<\/span><\/a><\/li><li><a href=\"https:\/\/sites.usp.br\/biosistemas\/wp-content\/uploads\/sites\/1394\/2024\/06\/creditos-disciplinas.docx\"><span style=\"color: #3366ff;\">Cr\u00e9ditos por Disciplinas<\/span><\/a><\/li><\/ul><div>\u00a0<\/div><p><strong>Aux\u00edlio para Participa\u00e7\u00e3o em Eventos<\/strong><\/p><ul><li><a href=\"https:\/\/sites.usp.br\/biosistemas\/wp-content\/uploads\/sites\/1394\/2024\/12\/form-auxilio-evento-verba-proex-1.docx\"><span style=\"color: #3366ff;\">Solicita\u00e7\u00e3o de Verba PROEX<\/span><\/a><\/li><\/ul><div>\u00a0<\/div><p><strong>Exame Geral de Qualifica\u00e7\u00e3o<\/strong><\/p><ul><li><span style=\"color: #3366ff;\"><a style=\"color: #3366ff;\" href=\"https:\/\/sites.usp.br\/biosistemas\/wp-content\/uploads\/sites\/1394\/2026\/03\/Sugestao-Banca-Qualificacao-BioS-mar-26.docx\">Sugest\u00e3o de Banca de Qualifica\u00e7\u00e3o<\/a><\/span><\/li><li><span style=\"color: #3366ff;\"><a style=\"color: #3366ff;\" href=\"https:\/\/sites.usp.br\/biosistemas\/wp-content\/uploads\/sites\/1394\/2026\/03\/BANCAS-HIBRIDAS-Modelo-de-Solicitacao-Qualificacao-1.docx\">Solicita\u00e7\u00e3o de Qualifica\u00e7\u00e3o H\u00edbrida<\/a><\/span><\/li><\/ul><div>\u00a0<\/div><p><strong>Formul\u00e1rios do PAE<\/strong><\/p><ul><li><span style=\"color: #3366ff;\"><a style=\"color: #3366ff;\" href=\"https:\/\/sites.usp.br\/biosistemas\/wp-content\/uploads\/sites\/1394\/2026\/03\/Novo_relatorio_do_estagiario_pae-2-1.doc\">Relat\u00f3rio do Estagi\u00e1rio<\/a><\/span><\/li><li><span style=\"color: #3366ff;\"><a style=\"color: #3366ff;\" href=\"https:\/\/sites.usp.br\/biosistemas\/wp-content\/uploads\/sites\/1394\/2026\/03\/Relatorio-do-Supervisor-Estagio-Pae-3.doc\">Relat\u00f3rio do Supervisor<\/a><\/span><\/li><li><span style=\"color: #3366ff;\"><a style=\"color: #3366ff;\" href=\"https:\/\/sites.usp.br\/biosistemas\/wp-content\/uploads\/sites\/1394\/2024\/01\/Novo_Formulario_inscricao_PAE-1.doc\" target=\"_blank\" rel=\"noopener noreferrer\">Formul\u00e1rio de Inscri\u00e7\u00e3o PAE\u00a0(NOVO)<\/a><\/span><\/li><\/ul><div>\u00a0<\/div><p><strong>Relat\u00f3rio Anual dos P\u00f3s-Graduandos<\/strong><\/p><ul><li><span style=\"color: #3366ff;\"><a style=\"color: #3366ff;\" href=\"https:\/\/sites.usp.br\/biosistemas\/wp-content\/uploads\/sites\/1394\/2026\/03\/Auto-Avaliacao-2026.docx\">Autoavalia\u00e7\u00e3o<\/a><\/span><\/li><li><span style=\"color: #3366ff;\"><a style=\"color: #3366ff;\" href=\"https:\/\/sites.usp.br\/biosistemas\/wp-content\/uploads\/sites\/1394\/2026\/03\/Avaliacao-Orientador-2026.docx\">Avalia\u00e7\u00e3o do Orientador<\/a><\/span><\/li><li><span style=\"color: #3366ff;\"><a style=\"color: #3366ff;\" href=\"https:\/\/sites.usp.br\/biosistemas\/wp-content\/uploads\/sites\/1394\/2026\/03\/Avaliador-2026.docx\">Avalia\u00e7\u00e3o do Parecerista<\/a><\/span><\/li><li><span style=\"color: #3366ff;\"><a style=\"color: #3366ff;\" href=\"https:\/\/sites.usp.br\/biosistemas\/3-relatorio-de-atividades\/\"><span style=\"color: #3366ff;\">Roteiro para Apresenta\u00e7\u00e3o dos Relat\u00f3rios Anuais<\/span> <br \/><\/a><\/span><\/li><\/ul><div>\u00a0<\/div><p><strong>Teses e Disserta\u00e7\u00f5es<\/strong><\/p><ul><li><span style=\"color: #3366ff;\"><a style=\"color: #3366ff;\" href=\"https:\/\/sites.usp.br\/biosistemas\/3-procedimentos\/\">Procedimentos para o Dep\u00f3sito<\/a><\/span><\/li><li><span style=\"color: #3366ff;\"><a style=\"color: #3366ff;\" href=\"https:\/\/sites.usp.br\/biosistemas\/wp-content\/uploads\/sites\/1394\/2024\/01\/Alunos-do-novo-regulamento-2.doc\">Composi\u00e7\u00e3o de Comiss\u00e3o Julgadora\u00a0<\/a>\u00a0<\/span>\u2013 Teses e Disserta\u00e7\u00f5es<\/li><li><span style=\"color: #3366ff;\"><a style=\"color: #3366ff;\" href=\"https:\/\/sites.usp.br\/biosistemas\/wp-content\/uploads\/sites\/1394\/2026\/03\/BANCAS-HIBRIDAS-Modelo-de-Solicitacao-Defesa.docx\">Solicita\u00e7\u00e3o de Defesa H\u00edbrida<\/a><\/span><\/li><li><span style=\"color: #3366ff;\"><a style=\"color: #3366ff;\" href=\"https:\/\/sites.usp.br\/biosistemas\/wp-content\/uploads\/sites\/1394\/2024\/01\/Formulario-para-autorizacao-de-deposito-de-exemplares-2.doc\">Anu\u00eancia do Orientador \u2013 Dep\u00f3sito da Disserta\u00e7\u00e3o\/Tese<\/a><\/span><\/li><li><span style=\"color: #3366ff;\"><a style=\"color: #3366ff;\" href=\"https:\/\/sites.usp.br\/biosistemas\/wp-content\/uploads\/sites\/1394\/2024\/01\/Form_sol_a_nao_disp_versao_integ_Tese_Dissert.pdf\">Solicita\u00e7\u00e3o para N\u00e3o Disponibilizar Tese ou Disserta\u00e7\u00e3o no Portal USP<\/a><\/span>\u00a0<\/li><li><span style=\"color: #3366ff;\"><a style=\"color: #3366ff;\" href=\"https:\/\/sites.usp.br\/biosistemas\/wp-content\/uploads\/sites\/1394\/2024\/01\/Capa-para-assinatura-da-Com-Julgad-Novo-Regimento.doc\" target=\"_blank\" rel=\"noopener noreferrer\">Formul\u00e1rio para Assinatura da Comiss\u00e3o Julgadora ME e DO \u2013\u00a0(Nova norma)<\/a><\/span><\/li><li><span style=\"color: #3366ff;\"><a style=\"color: #3366ff;\" href=\"https:\/\/sites.usp.br\/biosistemas\/wp-content\/uploads\/sites\/1394\/2024\/01\/Termo-de-ciencia-dos-procedimentos-para-a-correcao-de-exemplar-apos-a-defesa-4-1.doc\">Termo de Ci\u00eancia dos Procedimentos para a Corre\u00e7\u00e3o de Exemplar, ap\u00f3s a Defesa<\/a><\/span><\/li><li><span style=\"color: #3366ff;\"><a style=\"color: #3366ff;\" href=\"https:\/\/sites.usp.br\/biosistemas\/wp-content\/uploads\/sites\/1394\/2024\/01\/Formulario-para-entrega-de-versoes-corrig-da-Dissert-ou-Tese-1.doc\">Entrega do Exemplar Corrigido<\/a><\/span><\/li><li><span style=\"color: #3366ff;\"><a style=\"color: #3366ff;\" href=\"https:\/\/sites.usp.br\/biosistemas\/wp-content\/uploads\/sites\/1394\/2024\/01\/Form_Cadastro.doc\" target=\"_blank\" rel=\"noopener noreferrer\">Formul\u00e1rio de Cadastro de Docente Externo (gerar c\u00f3d. USP)<\/a><\/span><\/li><li><span style=\"color: #3366ff;\"><a style=\"color: #3366ff;\" href=\"https:\/\/sites.usp.br\/biosistemas\/wp-content\/uploads\/sites\/1394\/2024\/01\/Form_Cadastro_Docente_Externo-ingles-revisado.doc\">Formul\u00e1rio de Cadastro de Docente Externo em Ingl\u00eas (gerar c\u00f3d. USP)<\/a><\/span><\/li><\/ul><hr \/><p style=\"text-align: center;\"><span style=\"text-decoration: underline;\"><em><span style=\"color: #333333; text-decoration: underline;\"><strong>ORIENTADORES <br \/><\/strong><\/span><\/em><\/span><\/p><p><strong>Afastamento de orientadores<\/strong><\/p><ul><li><span style=\"color: #3366ff;\"><a style=\"color: #3366ff;\" href=\"https:\/\/sites.usp.br\/biosistemas\/wp-content\/uploads\/sites\/1394\/2024\/01\/Formulario-afastamento-de-orientador-1-2.docx\">Formul\u00e1rio afastamento de orientador<\/a><\/span><\/li><\/ul><div>\u00a0<\/div><p><strong>Oferecimento de Disciplina Remota<\/strong><\/p><ul><li><a href=\"https:\/\/sites.usp.br\/biosistemas\/wp-content\/uploads\/sites\/1394\/2024\/01\/Formulario-Oferecimento-de-Disciplina-Remota-2.docx\"><span style=\"color: #3366ff;\">Formul\u00e1rio para Oferecimento de Disciplina Remota<\/span><\/a><\/li><\/ul><div>\u00a0<\/div><p><strong>Cria\u00e7\u00e3o de Disciplinas<\/strong><\/p><ul><li><a href=\"https:\/\/sites.usp.br\/biosistemas\/wp-content\/uploads\/sites\/1394\/2024\/01\/Formulario-CRIACAO-DISCIPLINAS-04-03-21-2-2.docx\"><span style=\"color: #3366ff;\">Formul\u00e1rio para Cria\u00e7\u00e3o de Disciplinas (NOVO)<\/span><\/a><\/li><li><span style=\"color: #3366ff;\"><a style=\"color: #3366ff;\" href=\"https:\/\/sites.usp.br\/biosistemas\/wp-content\/uploads\/sites\/1394\/2024\/01\/Formulario-para-parecer-_-Credenciamento.-de-resp.-por-disciplina-2.docx\">Formul\u00e1rio para Parecer \u2013 Credenciamento de respons\u00e1vel por disciplina (NOVO)<\/a><\/span><\/li><\/ul><div>\u00a0<\/div><p><strong>Credenciamento e Recredenciamento<\/strong><\/p><ul><li><span style=\"color: #3366ff;\"><a style=\"color: #3366ff;\" href=\"https:\/\/sites.usp.br\/biosistemas\/wp-content\/uploads\/sites\/1394\/2024\/01\/Formulario-de-credenciamento-de-orientador-e-co-orientadores-1.docx\">Formul\u00e1rio de Credenciamento de orientador e coorientadores (NOVO)<\/a><\/span><\/li><li><span style=\"color: #3366ff;\"><a style=\"color: #3366ff;\" href=\"https:\/\/sites.usp.br\/biosistemas\/wp-content\/uploads\/sites\/1394\/2024\/01\/Formulario-para-parecer-_-Credenciamento-de-orientador-2.docx\">Formul\u00e1rio para Parecer \u2013 Credenciamento de orientador e coorientadores (NOVO)<\/a><\/span><\/li><\/ul><p><strong>\u00a0<\/strong><\/p><p><strong>Equival\u00eancia \/ Reconhecimento de T\u00edtulos\u00a0<\/strong><\/p><ul><li><span style=\"color: #3366ff;\"><a style=\"color: #3366ff;\" href=\"http:\/\/ww3.icb.usp.br\/pos\/wp-content\/uploads\/2019\/10\/Formul%C3%A1rio-para-equival%C3%AAncia-de-t%C3%ADtulos.doc\">Formul\u00e1rio para equival\u00eancia de t\u00edtulos<\/a>\u00a0(\u00e2mbito USP) (doc)<\/span><\/li><li><span style=\"color: #3366ff;\"><a style=\"color: #3366ff;\" href=\"http:\/\/ww3.icb.usp.br\/pos\/wp-content\/uploads\/2019\/10\/Formul%C3%A1rio-para-reconhecimento-de-t%C3%ADtulos.doc\">Formul\u00e1rio para reconhecimento de t\u00edtulos<\/a>\u00a0(antiga revalida\u00e7\u00e3o) (doc)<\/span><\/li><\/ul>\t\t\t\t\t\t<\/div>\n\t\t\t\t<\/div>\n\t\t\t\t\t<\/div>\n\t\t<\/div>\n\t\t\t\t\t<\/div>\n\t\t<\/section>\n\t\t\t\t<section class=\"elementor-section elementor-top-section elementor-element elementor-element-c28adf6 elementor-section-boxed elementor-section-height-default elementor-section-height-default\" data-id=\"c28adf6\" data-element_type=\"section\">\n\t\t\t\t\t\t<div class=\"elementor-container elementor-column-gap-default\">\n\t\t\t\t\t<div class=\"elementor-column elementor-col-100 elementor-top-column elementor-element elementor-element-5cace97\" data-id=\"5cace97\" data-element_type=\"column\">\n\t\t\t<div class=\"elementor-widget-wrap elementor-element-populated\">\n\t\t\t\t\t\t<div class=\"elementor-element elementor-element-65ee7bf elementor-widget elementor-widget-spacer\" data-id=\"65ee7bf\" data-element_type=\"widget\" data-widget_type=\"spacer.default\">\n\t\t\t\t<div class=\"elementor-widget-container\">\n\t\t\t\t\t<div class=\"elementor-spacer\">\n\t\t\t<div class=\"elementor-spacer-inner\"><\/div>\n\t\t<\/div>\n\t\t\t\t<\/div>\n\t\t\t\t<\/div>\n\t\t\t\t\t<\/div>\n\t\t<\/div>\n\t\t\t\t\t<\/div>\n\t\t<\/section>\n\t\t\t\t<\/div>\n\t\t","protected":false},"excerpt":{"rendered":"<p>FORMUL\u00c1RIOS PROCESSO SELETIVO BioS Ficha de inscri\u00e7\u00e3o (atualizada) Requerimento de Inscri\u00e7\u00e3o Autodeclara\u00e7\u00e3o \u00c9tnico Racial Autodeclara\u00e7\u00e3o Baixa Renda Autodeclaracao Pessoas Trans ALUNOS Matr\u00edcula Solicita\u00e7\u00e3o de Matr\u00edcula Aceita\u00e7\u00e3o de Orienta\u00e7\u00e3o Ci\u00eancia do Regulamento e obriga\u00e7\u00f5es do Programa Mudan\u00e7a de Orienta\u00e7\u00e3o Trancamento de Matr\u00edcula Inscri\u00e7\u00e3o em Disciplinas Fora de Prazo Declara\u00e7\u00e3o de frequ\u00eancia semanal \u2013 SPTrans \u00a0 Comiss\u00f5es [&hellip;]<\/p>\n","protected":false},"author":1200,"featured_media":0,"parent":0,"menu_order":0,"comment_status":"closed","ping_status":"closed","template":"elementor_header_footer","meta":{"footnotes":"","_links_to":"","_links_to_target":""},"class_list":["post-861","page","type-page","status-publish","hentry","entry"],"_links":{"self":[{"href":"https:\/\/sites.usp.br\/biosistemas\/wp-json\/wp\/v2\/pages\/861","targetHints":{"allow":["GET"]}}],"collection":[{"href":"https:\/\/sites.usp.br\/biosistemas\/wp-json\/wp\/v2\/pages"}],"about":[{"href":"https:\/\/sites.usp.br\/biosistemas\/wp-json\/wp\/v2\/types\/page"}],"author":[{"embeddable":true,"href":"https:\/\/sites.usp.br\/biosistemas\/wp-json\/wp\/v2\/users\/1200"}],"replies":[{"embeddable":true,"href":"https:\/\/sites.usp.br\/biosistemas\/wp-json\/wp\/v2\/comments?post=861"}],"version-history":[{"count":4,"href":"https:\/\/sites.usp.br\/biosistemas\/wp-json\/wp\/v2\/pages\/861\/revisions"}],"predecessor-version":[{"id":7231,"href":"https:\/\/sites.usp.br\/biosistemas\/wp-json\/wp\/v2\/pages\/861\/revisions\/7231"}],"wp:attachment":[{"href":"https:\/\/sites.usp.br\/biosistemas\/wp-json\/wp\/v2\/media?parent=861"}],"curies":[{"name":"wp","href":"https:\/\/api.w.org\/{rel}","templated":true}]}}