{"id":865,"date":"2023-12-23T08:40:22","date_gmt":"2023-12-23T11:40:22","guid":{"rendered":"https:\/\/sites.usp.br\/biosistemas\/?page_id=865"},"modified":"2025-03-28T08:56:28","modified_gmt":"2025-03-28T11:56:28","slug":"3-matricula","status":"publish","type":"page","link":"https:\/\/sites.usp.br\/biosistemas\/3-matricula\/","title":{"rendered":"[3] Matr\u00edcula"},"content":{"rendered":"\t\t<div data-elementor-type=\"wp-page\" data-elementor-id=\"865\" class=\"elementor elementor-865\" data-elementor-post-type=\"page\">\n\t\t\t\t\t\t<section class=\"elementor-section elementor-top-section elementor-element elementor-element-faf6846 elementor-section-boxed elementor-section-height-default elementor-section-height-default\" data-id=\"faf6846\" data-element_type=\"section\">\n\t\t\t\t\t\t<div class=\"elementor-container elementor-column-gap-default\">\n\t\t\t\t\t<div class=\"elementor-column elementor-col-100 elementor-top-column elementor-element elementor-element-123d0b8\" data-id=\"123d0b8\" data-element_type=\"column\">\n\t\t\t<div class=\"elementor-widget-wrap elementor-element-populated\">\n\t\t\t\t\t\t<div class=\"elementor-element elementor-element-9ed5a01 elementor-widget elementor-widget-heading\" data-id=\"9ed5a01\" data-element_type=\"widget\" data-widget_type=\"heading.default\">\n\t\t\t\t<div class=\"elementor-widget-container\">\n\t\t\t<h2 class=\"elementor-heading-title elementor-size-default\">MATR\u00cdCULA<\/h2>\t\t<\/div>\n\t\t\t\t<\/div>\n\t\t\t\t<div class=\"elementor-element elementor-element-da7aaf7 elementor-widget elementor-widget-spacer\" data-id=\"da7aaf7\" data-element_type=\"widget\" data-widget_type=\"spacer.default\">\n\t\t\t\t<div class=\"elementor-widget-container\">\n\t\t\t\t\t<div class=\"elementor-spacer\">\n\t\t\t<div class=\"elementor-spacer-inner\"><\/div>\n\t\t<\/div>\n\t\t\t\t<\/div>\n\t\t\t\t<\/div>\n\t\t\t\t\t<\/div>\n\t\t<\/div>\n\t\t\t\t\t<\/div>\n\t\t<\/section>\n\t\t\t\t<section class=\"elementor-section elementor-top-section elementor-element elementor-element-2153d34 elementor-section-boxed elementor-section-height-default elementor-section-height-default\" data-id=\"2153d34\" data-element_type=\"section\">\n\t\t\t\t\t\t<div class=\"elementor-container elementor-column-gap-default\">\n\t\t\t\t\t<div class=\"elementor-column elementor-col-100 elementor-top-column elementor-element elementor-element-7ea33fd\" data-id=\"7ea33fd\" data-element_type=\"column\">\n\t\t\t<div class=\"elementor-widget-wrap elementor-element-populated\">\n\t\t\t\t\t\t<div class=\"elementor-element elementor-element-83f27df elementor-widget elementor-widget-text-editor\" data-id=\"83f27df\" data-element_type=\"widget\" data-widget_type=\"text-editor.default\">\n\t\t\t\t<div class=\"elementor-widget-container\">\n\t\t\t\t\t\t\t<p><strong>Matr\u00edcula Inicial de aluno regular<\/strong><\/p><p>Para se matricular, ap\u00f3s aprova\u00e7\u00e3o no Exame de Sele\u00e7\u00e3o para Ingresso no Programa de P\u00f3s-Gradua\u00e7\u00e3o em Biologia de Sistemas, o candidato deve apresentar na Secretaria do Programa os seguintes documentos:<\/p><p>\u2013 Solicita\u00e7\u00e3o de Matr\u00edcula Inicial\u00a0<em>(dispon\u00edvel em\u00a0<\/em><span style=\"color: #3366ff;\"><a style=\"color: #3366ff;\" href=\"https:\/\/sites.usp.br\/biosistemas\/2-formularios\/\" target=\"_blank\" rel=\"noopener\"><em>Formul\u00e1rios<\/em><\/a><\/span><em>)<\/em><\/p><p>\u2013 Aceite do Orientador\u00a0<em>(dispon\u00edvel em<span style=\"color: #3366ff;\">\u00a0<\/span><\/em><span style=\"color: #3366ff;\"><a style=\"color: #3366ff;\" href=\"https:\/\/sites.usp.br\/biosistemas\/2-formularios\/\" target=\"_blank\" rel=\"noopener\"><em>Formul\u00e1rios<\/em><\/a><\/span><em>)<\/em><\/p><p>\u2013 Ci\u00eancia do Regulamento e obriga\u00e7\u00f5es do Programa\u00a0<em>(dispon\u00edvel em<span style=\"color: #3366ff;\">\u00a0<\/span><\/em><span style=\"color: #3366ff;\"><a style=\"color: #3366ff;\" href=\"https:\/\/sites.usp.br\/biosistemas\/2-formularios\/\" target=\"_blank\" rel=\"noopener\"><em>Formul\u00e1rios<\/em><\/a><\/span><em>)<\/em><\/p><p>\u2013 Protocolo\/Comprovante de entrega de documentos no<span style=\"color: #3366ff;\">\u00a0<\/span><a href=\"https:\/\/sites.usp.br\/biosistemas\/3-comite-de-etica\/\" target=\"_blank\" rel=\"noopener\"><em><span style=\"color: #3366ff;\">Comit\u00ea de \u00c9tica<\/span>\u00a0<\/em><\/a><\/p>\t\t\t\t\t\t<\/div>\n\t\t\t\t<\/div>\n\t\t\t\t\t<\/div>\n\t\t<\/div>\n\t\t\t\t\t<\/div>\n\t\t<\/section>\n\t\t\t\t<section class=\"elementor-section elementor-top-section elementor-element elementor-element-289aa9d elementor-section-boxed elementor-section-height-default elementor-section-height-default\" data-id=\"289aa9d\" data-element_type=\"section\">\n\t\t\t\t\t\t<div class=\"elementor-container elementor-column-gap-default\">\n\t\t\t\t\t<div class=\"elementor-column elementor-col-100 elementor-top-column elementor-element elementor-element-6c90d6f\" data-id=\"6c90d6f\" data-element_type=\"column\">\n\t\t\t<div class=\"elementor-widget-wrap elementor-element-populated\">\n\t\t\t\t\t\t<div class=\"elementor-element elementor-element-89f14ac elementor-widget elementor-widget-text-editor\" data-id=\"89f14ac\" data-element_type=\"widget\" data-widget_type=\"text-editor.default\">\n\t\t\t\t<div class=\"elementor-widget-container\">\n\t\t\t\t\t\t\t<hr \/><p>No caso da matr\u00edcula de novos alunos orientados por<strong><em> docentes seniores <\/em><\/strong>ou <strong><em>externos \u00e0 USP<\/em><\/strong>, al\u00e9m dos documentos habituais para matr\u00edcula (listados acima), dever\u00e3o ser enviados os documentos listados na <em><a href=\"https:\/\/sites.usp.br\/biosistemas\/wp-content\/uploads\/sites\/1394\/2025\/03\/PORTARIA-BIOS-02-25_PC2.pdf\"><span style=\"color: #0000ff;\">Portaria BioS 02-25<\/span><\/a>.<\/em><\/p>\t\t\t\t\t\t<\/div>\n\t\t\t\t<\/div>\n\t\t\t\t<div class=\"elementor-element elementor-element-cd034d5 elementor-widget-divider--view-line elementor-widget elementor-widget-divider\" data-id=\"cd034d5\" data-element_type=\"widget\" data-widget_type=\"divider.default\">\n\t\t\t\t<div class=\"elementor-widget-container\">\n\t\t\t\t\t<div class=\"elementor-divider\">\n\t\t\t<span class=\"elementor-divider-separator\">\n\t\t\t\t\t\t<\/span>\n\t\t<\/div>\n\t\t\t\t<\/div>\n\t\t\t\t<\/div>\n\t\t\t\t<div class=\"elementor-element elementor-element-29687f4 elementor-widget elementor-widget-text-editor\" data-id=\"29687f4\" data-element_type=\"widget\" data-widget_type=\"text-editor.default\">\n\t\t\t\t<div class=\"elementor-widget-container\">\n\t\t\t\t\t\t\t<p><strong>Observa\u00e7\u00f5es<\/strong><\/p><ul><li>Alunos estrangeiros devem estar no Brasil e fazer a matr\u00edcula pessoalmente.<\/li><li>Ap\u00f3s o in\u00edcio das aulas, o(a) aluno(a) ainda consegue se matricular no Programa com bolsa, entretanto n\u00e3o poder\u00e1 cursar disciplinas.<\/li><li>Os alunos com qualquer impedimento devem necessariamente entrar em contato com a Secretaria, inclusive para obter informa\u00e7\u00f5es sobre a manuten\u00e7\u00e3o da bolsa de estudos.<\/li><\/ul>\t\t\t\t\t\t<\/div>\n\t\t\t\t<\/div>\n\t\t\t\t<div class=\"elementor-element elementor-element-9defa3f elementor-widget-divider--view-line elementor-widget elementor-widget-divider\" data-id=\"9defa3f\" data-element_type=\"widget\" data-widget_type=\"divider.default\">\n\t\t\t\t<div class=\"elementor-widget-container\">\n\t\t\t\t\t<div class=\"elementor-divider\">\n\t\t\t<span class=\"elementor-divider-separator\">\n\t\t\t\t\t\t<\/span>\n\t\t<\/div>\n\t\t\t\t<\/div>\n\t\t\t\t<\/div>\n\t\t\t\t\t<\/div>\n\t\t<\/div>\n\t\t\t\t\t<\/div>\n\t\t<\/section>\n\t\t\t\t<section class=\"elementor-section elementor-top-section elementor-element elementor-element-89e2ed1 elementor-section-boxed elementor-section-height-default elementor-section-height-default\" data-id=\"89e2ed1\" data-element_type=\"section\">\n\t\t\t\t\t\t<div class=\"elementor-container elementor-column-gap-default\">\n\t\t\t\t\t<div class=\"elementor-column elementor-col-100 elementor-top-column elementor-element elementor-element-a1b0988\" data-id=\"a1b0988\" data-element_type=\"column\">\n\t\t\t<div class=\"elementor-widget-wrap elementor-element-populated\">\n\t\t\t\t\t\t<div class=\"elementor-element elementor-element-f332603 elementor-widget elementor-widget-text-editor\" data-id=\"f332603\" data-element_type=\"widget\" data-widget_type=\"text-editor.default\">\n\t\t\t\t<div class=\"elementor-widget-container\">\n\t\t\t\t\t\t\t<p><strong>Matr\u00edcula em Disciplinas de alunos regulares<\/strong><\/p><p>A matr\u00edcula em disciplinas dos alunos regulares do Programa \u00e9 realizada no Sistema Janus pelo pr\u00f3prio discente.<\/p>\t\t\t\t\t\t<\/div>\n\t\t\t\t<\/div>\n\t\t\t\t<div class=\"elementor-element elementor-element-d07d855 elementor-widget-divider--view-line elementor-widget elementor-widget-divider\" data-id=\"d07d855\" data-element_type=\"widget\" data-widget_type=\"divider.default\">\n\t\t\t\t<div class=\"elementor-widget-container\">\n\t\t\t\t\t<div class=\"elementor-divider\">\n\t\t\t<span class=\"elementor-divider-separator\">\n\t\t\t\t\t\t<\/span>\n\t\t<\/div>\n\t\t\t\t<\/div>\n\t\t\t\t<\/div>\n\t\t\t\t\t<\/div>\n\t\t<\/div>\n\t\t\t\t\t<\/div>\n\t\t<\/section>\n\t\t\t\t<section class=\"elementor-section elementor-top-section elementor-element elementor-element-52a5901 elementor-section-boxed elementor-section-height-default elementor-section-height-default\" data-id=\"52a5901\" data-element_type=\"section\">\n\t\t\t\t\t\t<div class=\"elementor-container elementor-column-gap-default\">\n\t\t\t\t\t<div class=\"elementor-column elementor-col-100 elementor-top-column elementor-element elementor-element-7159a4e\" data-id=\"7159a4e\" data-element_type=\"column\">\n\t\t\t<div class=\"elementor-widget-wrap elementor-element-populated\">\n\t\t\t\t\t\t<div class=\"elementor-element elementor-element-0948b42 elementor-widget elementor-widget-text-editor\" data-id=\"0948b42\" data-element_type=\"widget\" data-widget_type=\"text-editor.default\">\n\t\t\t\t<div class=\"elementor-widget-container\">\n\t\t\t\t\t\t\t<p><strong>Matr\u00edcula de Acompanhamento de alunos regulares<\/strong><\/p><p>O aluno regular que n\u00e3o for cursar disciplina deve efetivar a Matr\u00edcula de Acompanhamento no Sistema Janus.<\/p>\t\t\t\t\t\t<\/div>\n\t\t\t\t<\/div>\n\t\t\t\t<div class=\"elementor-element elementor-element-3089149 elementor-widget-divider--view-line elementor-widget elementor-widget-divider\" data-id=\"3089149\" data-element_type=\"widget\" data-widget_type=\"divider.default\">\n\t\t\t\t<div class=\"elementor-widget-container\">\n\t\t\t\t\t<div class=\"elementor-divider\">\n\t\t\t<span class=\"elementor-divider-separator\">\n\t\t\t\t\t\t<\/span>\n\t\t<\/div>\n\t\t\t\t<\/div>\n\t\t\t\t<\/div>\n\t\t\t\t\t<\/div>\n\t\t<\/div>\n\t\t\t\t\t<\/div>\n\t\t<\/section>\n\t\t\t\t<section class=\"elementor-section elementor-top-section elementor-element elementor-element-c253b60 elementor-section-boxed elementor-section-height-default elementor-section-height-default\" data-id=\"c253b60\" data-element_type=\"section\">\n\t\t\t\t\t\t<div class=\"elementor-container elementor-column-gap-default\">\n\t\t\t\t\t<div class=\"elementor-column elementor-col-100 elementor-top-column elementor-element elementor-element-2ac795e\" data-id=\"2ac795e\" data-element_type=\"column\">\n\t\t\t<div class=\"elementor-widget-wrap elementor-element-populated\">\n\t\t\t\t\t\t<div class=\"elementor-element elementor-element-0a1e005 elementor-widget elementor-widget-text-editor\" data-id=\"0a1e005\" data-element_type=\"widget\" data-widget_type=\"text-editor.default\">\n\t\t\t\t<div class=\"elementor-widget-container\">\n\t\t\t\t\t\t\t<p><strong>OBSERVA\u00c7\u00d5ES<\/strong>:<\/p><ul><li>A matr\u00edcula deve ser realizada semestralmente;<\/li><li>As datas e prazos de matr\u00edcula s\u00e3o amplamente divulgadas pelo Janus e sites institucionais;<\/li><li>Caso haja algum problema na efetiva\u00e7\u00e3o da matr\u00edcula em disciplina ou da matr\u00edcula de acompanhamento o aluno deve procurar a Secretaria do Programa de P\u00f3s-Gradua\u00e7\u00e3o.<\/li><\/ul>\t\t\t\t\t\t<\/div>\n\t\t\t\t<\/div>\n\t\t\t\t<div class=\"elementor-element elementor-element-a985936 elementor-widget elementor-widget-spacer\" data-id=\"a985936\" data-element_type=\"widget\" data-widget_type=\"spacer.default\">\n\t\t\t\t<div class=\"elementor-widget-container\">\n\t\t\t\t\t<div class=\"elementor-spacer\">\n\t\t\t<div class=\"elementor-spacer-inner\"><\/div>\n\t\t<\/div>\n\t\t\t\t<\/div>\n\t\t\t\t<\/div>\n\t\t\t\t\t<\/div>\n\t\t<\/div>\n\t\t\t\t\t<\/div>\n\t\t<\/section>\n\t\t\t\t<\/div>\n\t\t","protected":false},"excerpt":{"rendered":"<p>MATR\u00cdCULA Matr\u00edcula Inicial de aluno regular Para se matricular, ap\u00f3s aprova\u00e7\u00e3o no Exame de Sele\u00e7\u00e3o para Ingresso no Programa de P\u00f3s-Gradua\u00e7\u00e3o em Biologia de Sistemas, o candidato deve apresentar na Secretaria do Programa os seguintes documentos: \u2013 Solicita\u00e7\u00e3o de Matr\u00edcula Inicial\u00a0(dispon\u00edvel em\u00a0Formul\u00e1rios) \u2013 Aceite do Orientador\u00a0(dispon\u00edvel em\u00a0Formul\u00e1rios) \u2013 Ci\u00eancia do Regulamento e obriga\u00e7\u00f5es do Programa\u00a0(dispon\u00edvel [&hellip;]<\/p>\n","protected":false},"author":1200,"featured_media":0,"parent":0,"menu_order":0,"comment_status":"closed","ping_status":"closed","template":"elementor_header_footer","meta":{"footnotes":"","_links_to":"","_links_to_target":""},"class_list":["post-865","page","type-page","status-publish","hentry","entry"],"_links":{"self":[{"href":"https:\/\/sites.usp.br\/biosistemas\/wp-json\/wp\/v2\/pages\/865","targetHints":{"allow":["GET"]}}],"collection":[{"href":"https:\/\/sites.usp.br\/biosistemas\/wp-json\/wp\/v2\/pages"}],"about":[{"href":"https:\/\/sites.usp.br\/biosistemas\/wp-json\/wp\/v2\/types\/page"}],"author":[{"embeddable":true,"href":"https:\/\/sites.usp.br\/biosistemas\/wp-json\/wp\/v2\/users\/1200"}],"replies":[{"embeddable":true,"href":"https:\/\/sites.usp.br\/biosistemas\/wp-json\/wp\/v2\/comments?post=865"}],"version-history":[{"count":4,"href":"https:\/\/sites.usp.br\/biosistemas\/wp-json\/wp\/v2\/pages\/865\/revisions"}],"predecessor-version":[{"id":6407,"href":"https:\/\/sites.usp.br\/biosistemas\/wp-json\/wp\/v2\/pages\/865\/revisions\/6407"}],"wp:attachment":[{"href":"https:\/\/sites.usp.br\/biosistemas\/wp-json\/wp\/v2\/media?parent=865"}],"curies":[{"name":"wp","href":"https:\/\/api.w.org\/{rel}","templated":true}]}}