{"id":867,"date":"2023-12-23T08:40:48","date_gmt":"2023-12-23T11:40:48","guid":{"rendered":"https:\/\/sites.usp.br\/biosistemas\/?page_id=867"},"modified":"2025-06-05T12:53:55","modified_gmt":"2025-06-05T15:53:55","slug":"3-comite-de-etica","status":"publish","type":"page","link":"https:\/\/sites.usp.br\/biosistemas\/3-comite-de-etica\/","title":{"rendered":"[3] Comit\u00ea de \u00c9tica"},"content":{"rendered":"\t\t<div data-elementor-type=\"wp-page\" data-elementor-id=\"867\" class=\"elementor elementor-867\" data-elementor-post-type=\"page\">\n\t\t\t\t\t\t<section class=\"elementor-section elementor-top-section elementor-element elementor-element-7d5b377 elementor-section-boxed elementor-section-height-default elementor-section-height-default\" data-id=\"7d5b377\" data-element_type=\"section\">\n\t\t\t\t\t\t<div class=\"elementor-container elementor-column-gap-default\">\n\t\t\t\t\t<div class=\"elementor-column elementor-col-100 elementor-top-column elementor-element elementor-element-719b70f\" data-id=\"719b70f\" data-element_type=\"column\">\n\t\t\t<div class=\"elementor-widget-wrap elementor-element-populated\">\n\t\t\t\t\t\t<div class=\"elementor-element elementor-element-5541d4c elementor-widget elementor-widget-heading\" data-id=\"5541d4c\" data-element_type=\"widget\" data-widget_type=\"heading.default\">\n\t\t\t\t<div class=\"elementor-widget-container\">\n\t\t\t<h2 class=\"elementor-heading-title elementor-size-default\">COMIT\u00ca DE \u00c9TICA<\/h2>\t\t<\/div>\n\t\t\t\t<\/div>\n\t\t\t\t<div class=\"elementor-element elementor-element-2c43f2f elementor-widget elementor-widget-spacer\" data-id=\"2c43f2f\" data-element_type=\"widget\" data-widget_type=\"spacer.default\">\n\t\t\t\t<div class=\"elementor-widget-container\">\n\t\t\t\t\t<div class=\"elementor-spacer\">\n\t\t\t<div class=\"elementor-spacer-inner\"><\/div>\n\t\t<\/div>\n\t\t\t\t<\/div>\n\t\t\t\t<\/div>\n\t\t\t\t\t<\/div>\n\t\t<\/div>\n\t\t\t\t\t<\/div>\n\t\t<\/section>\n\t\t\t\t<section class=\"elementor-section elementor-top-section elementor-element elementor-element-9f2682c elementor-section-boxed elementor-section-height-default elementor-section-height-default\" data-id=\"9f2682c\" data-element_type=\"section\">\n\t\t\t\t\t\t<div class=\"elementor-container elementor-column-gap-default\">\n\t\t\t\t\t<div class=\"elementor-column elementor-col-100 elementor-top-column elementor-element elementor-element-909ba70\" data-id=\"909ba70\" data-element_type=\"column\">\n\t\t\t<div class=\"elementor-widget-wrap elementor-element-populated\">\n\t\t\t\t\t\t<div class=\"elementor-element elementor-element-18b1299 elementor-widget__width-initial elementor-widget elementor-widget-text-editor\" data-id=\"18b1299\" data-element_type=\"widget\" data-widget_type=\"text-editor.default\">\n\t\t\t\t<div class=\"elementor-widget-container\">\n\t\t\t\t\t\t\t<p>O tr\u00e2mite referente ao pedido de certifica\u00e7\u00e3o dos projetos de pesquisa junto aos Comit\u00eas<strong><em>\u00a0<\/em><\/strong>dever\u00e1 ter in\u00edcio <strong>ANTES DA MATR\u00cdCULA<\/strong>.<\/p>\t\t\t\t\t\t<\/div>\n\t\t\t\t<\/div>\n\t\t\t\t<div class=\"elementor-element elementor-element-b53e5a9 elementor-widget-divider--view-line elementor-widget elementor-widget-divider\" data-id=\"b53e5a9\" data-element_type=\"widget\" data-widget_type=\"divider.default\">\n\t\t\t\t<div class=\"elementor-widget-container\">\n\t\t\t\t\t<div class=\"elementor-divider\">\n\t\t\t<span class=\"elementor-divider-separator\">\n\t\t\t\t\t\t<\/span>\n\t\t<\/div>\n\t\t\t\t<\/div>\n\t\t\t\t<\/div>\n\t\t\t\t\t<\/div>\n\t\t<\/div>\n\t\t\t\t\t<\/div>\n\t\t<\/section>\n\t\t\t\t<section class=\"elementor-section elementor-top-section elementor-element elementor-element-33e5798 elementor-section-boxed elementor-section-height-default elementor-section-height-default\" data-id=\"33e5798\" data-element_type=\"section\">\n\t\t\t\t\t\t<div class=\"elementor-container elementor-column-gap-default\">\n\t\t\t\t\t<div class=\"elementor-column elementor-col-100 elementor-top-column elementor-element elementor-element-50a5f80\" data-id=\"50a5f80\" data-element_type=\"column\">\n\t\t\t<div class=\"elementor-widget-wrap elementor-element-populated\">\n\t\t\t\t\t\t<div class=\"elementor-element elementor-element-46015d8 elementor-widget-divider--view-line elementor-widget elementor-widget-divider\" data-id=\"46015d8\" data-element_type=\"widget\" data-widget_type=\"divider.default\">\n\t\t\t\t<div class=\"elementor-widget-container\">\n\t\t\t\t\t<div class=\"elementor-divider\">\n\t\t\t<span class=\"elementor-divider-separator\">\n\t\t\t\t\t\t<\/span>\n\t\t<\/div>\n\t\t\t\t<\/div>\n\t\t\t\t<\/div>\n\t\t\t\t<div class=\"elementor-element elementor-element-b193c1d elementor-widget elementor-widget-text-editor\" data-id=\"b193c1d\" data-element_type=\"widget\" data-widget_type=\"text-editor.default\">\n\t\t\t\t<div class=\"elementor-widget-container\">\n\t\t\t\t\t\t\t<p>Ap\u00f3s redigir o projeto de pesquisa, o candidato precisa solicitar o certificado da Comiss\u00e3o de \u00c9tica ao qual o seu projeto se encaixa.\u00a0 Caso a pesquisa envolva animais, deve solicitar o certificado da<span style=\"text-decoration: underline;\"> <span style=\"color: #3366ff; text-decoration: underline;\"><a style=\"color: #3366ff; text-decoration: underline;\" href=\"https:\/\/ww3.icb.usp.br\/pes\/etica-no-uso-dos-animais-ceua\/\">CEUA (Comiss\u00e3o de \u00c9tica no Uso dos Animais)<\/a><\/span><\/span>,\u00a0caso a pesquisa envolva seres humanos, o certificado a ser solicitado \u00e9 o da <span style=\"text-decoration: underline;\"><span style=\"color: #3366ff; text-decoration: underline;\"><a style=\"color: #3366ff; text-decoration: underline;\" href=\"https:\/\/ww3.icb.usp.br\/cepsh\/\">CEPSH (Comiss\u00e3o de \u00c9tica em Pesquisa com Seres Humanos)<\/a><\/span><\/span>, por\u00e9m, caso a pesquisa n\u00e3o v\u00e1 envolver amostras animais e nem humanas, deve-se solicitar a <span style=\"text-decoration: underline;\"><span style=\"color: #3366ff; text-decoration: underline;\"><a style=\"color: #3366ff; text-decoration: underline;\" href=\"https:\/\/ww3.icb.usp.br\/pes\/solicitacao-de-declaracao-cep\/\">Declara\u00e7\u00e3o do Comit\u00ea de \u00c9tica em Pesquisa<\/a><\/span><\/span>.<\/p><p>Caso os experimentos sejam feitos em sua totalidade em outra unidade da USP, o candidato deve apresentar na secretaria de p\u00f3s-gradua\u00e7\u00e3o o certificado de \u00e9tica da unidade onde ser\u00e3o realizados os experimentos, n\u00e3o sendo necess\u00e1rio solicitar certificados da Comiss\u00e3o de \u00c9tica do ICB.<\/p><p style=\"text-align: center;\">\u00a0<\/p>\t\t\t\t\t\t<\/div>\n\t\t\t\t<\/div>\n\t\t\t\t\t<\/div>\n\t\t<\/div>\n\t\t\t\t\t<\/div>\n\t\t<\/section>\n\t\t\t\t<section class=\"elementor-section elementor-top-section elementor-element elementor-element-df9201e elementor-section-boxed elementor-section-height-default elementor-section-height-default\" data-id=\"df9201e\" data-element_type=\"section\">\n\t\t\t\t\t\t<div class=\"elementor-container elementor-column-gap-default\">\n\t\t\t\t\t<div class=\"elementor-column elementor-col-100 elementor-top-column elementor-element elementor-element-c87688e\" data-id=\"c87688e\" data-element_type=\"column\">\n\t\t\t<div class=\"elementor-widget-wrap elementor-element-populated\">\n\t\t\t\t\t\t<div class=\"elementor-element elementor-element-5eff610 elementor-widget elementor-widget-text-editor\" data-id=\"5eff610\" data-element_type=\"widget\" data-widget_type=\"text-editor.default\">\n\t\t\t\t<div class=\"elementor-widget-container\">\n\t\t\t\t\t\t\t<p style=\"text-align: center;\"><em>Maiores informa\u00e7\u00f5es nos sites:<br \/><\/em><\/p><p style=\"text-align: center;\"><span style=\"color: #3366ff;\"><strong><a style=\"color: #3366ff;\" href=\"https:\/\/ww3.icb.usp.br\/cepsh\/\" target=\"_blank\" rel=\"noopener noreferrer\">\u2013 Comit\u00ea de \u00c9tica em Pesquisa em Seres Humanos (CEPSH)<\/a><\/strong><\/span><\/p><p style=\"text-align: center;\"><span style=\"color: #3366ff;\"><strong><a style=\"color: #3366ff;\" href=\"https:\/\/ww3.icb.usp.br\/pes\/etica-no-uso-dos-animais-ceua\/\" target=\"_blank\" rel=\"noopener noreferrer\">\u2013 Comiss\u00e3o de \u00c9tica no Uso de Animais (CEUA)<\/a><br \/><\/strong><\/span><\/p><p style=\"text-align: center;\"><span style=\"color: #3366ff;\"><strong><a style=\"color: #3366ff;\" href=\"https:\/\/ww3.icb.usp.br\/pes\/solicitacao-de-declaracao-cep\/\"><em>&#8211; Solicita\u00e7\u00e3o de declara\u00e7\u00e3o CEP<\/em><\/a> <\/strong>(<strong><em><a style=\"color: #3366ff;\" href=\"https:\/\/ww3.icb.usp.br\/pes\/solicitacao-de-declaracao-cep\/\">anterior certificado de isen\u00e7\u00e3o)<\/a>\u00a0 <\/em><\/strong><\/span><\/p><p style=\"text-align: center;\"><strong>ou contactar as <i>Sras Janicleide ou Dirce (3091-7733 | <a href=\"mailto:cep@icb.usp.br\" target=\"_blank\" rel=\"noopener\">cep@icb.usp.br<\/a>)<\/i><\/strong><\/p><p style=\"text-align: center;\">\u00a0<\/p>\t\t\t\t\t\t<\/div>\n\t\t\t\t<\/div>\n\t\t\t\t<div class=\"elementor-element elementor-element-63c218c elementor-widget elementor-widget-spacer\" data-id=\"63c218c\" data-element_type=\"widget\" data-widget_type=\"spacer.default\">\n\t\t\t\t<div class=\"elementor-widget-container\">\n\t\t\t\t\t<div class=\"elementor-spacer\">\n\t\t\t<div class=\"elementor-spacer-inner\"><\/div>\n\t\t<\/div>\n\t\t\t\t<\/div>\n\t\t\t\t<\/div>\n\t\t\t\t\t<\/div>\n\t\t<\/div>\n\t\t\t\t\t<\/div>\n\t\t<\/section>\n\t\t\t\t<\/div>\n\t\t","protected":false},"excerpt":{"rendered":"<p>COMIT\u00ca DE \u00c9TICA O tr\u00e2mite referente ao pedido de certifica\u00e7\u00e3o dos projetos de pesquisa junto aos Comit\u00eas\u00a0dever\u00e1 ter in\u00edcio ANTES DA MATR\u00cdCULA. Ap\u00f3s redigir o projeto de pesquisa, o candidato precisa solicitar o certificado da Comiss\u00e3o de \u00c9tica ao qual o seu projeto se encaixa.\u00a0 Caso a pesquisa envolva animais, deve solicitar o certificado da [&hellip;]<\/p>\n","protected":false},"author":1200,"featured_media":0,"parent":0,"menu_order":0,"comment_status":"closed","ping_status":"closed","template":"elementor_header_footer","meta":{"footnotes":"","_links_to":"","_links_to_target":""},"class_list":["post-867","page","type-page","status-publish","hentry","entry"],"_links":{"self":[{"href":"https:\/\/sites.usp.br\/biosistemas\/wp-json\/wp\/v2\/pages\/867","targetHints":{"allow":["GET"]}}],"collection":[{"href":"https:\/\/sites.usp.br\/biosistemas\/wp-json\/wp\/v2\/pages"}],"about":[{"href":"https:\/\/sites.usp.br\/biosistemas\/wp-json\/wp\/v2\/types\/page"}],"author":[{"embeddable":true,"href":"https:\/\/sites.usp.br\/biosistemas\/wp-json\/wp\/v2\/users\/1200"}],"replies":[{"embeddable":true,"href":"https:\/\/sites.usp.br\/biosistemas\/wp-json\/wp\/v2\/comments?post=867"}],"version-history":[{"count":4,"href":"https:\/\/sites.usp.br\/biosistemas\/wp-json\/wp\/v2\/pages\/867\/revisions"}],"predecessor-version":[{"id":6580,"href":"https:\/\/sites.usp.br\/biosistemas\/wp-json\/wp\/v2\/pages\/867\/revisions\/6580"}],"wp:attachment":[{"href":"https:\/\/sites.usp.br\/biosistemas\/wp-json\/wp\/v2\/media?parent=867"}],"curies":[{"name":"wp","href":"https:\/\/api.w.org\/{rel}","templated":true}]}}