{"id":875,"date":"2023-12-23T08:42:35","date_gmt":"2023-12-23T11:42:35","guid":{"rendered":"https:\/\/sites.usp.br\/biosistemas\/?page_id=875"},"modified":"2025-12-03T16:16:26","modified_gmt":"2025-12-03T19:16:26","slug":"3-programa-de-aperfeicoamento-de-ensino","status":"publish","type":"page","link":"https:\/\/sites.usp.br\/biosistemas\/3-programa-de-aperfeicoamento-de-ensino\/","title":{"rendered":"[3] Programa de Aperfei\u00e7oamento de Ensino (PAE)"},"content":{"rendered":"\t\t<div data-elementor-type=\"wp-page\" data-elementor-id=\"875\" class=\"elementor elementor-875\" data-elementor-post-type=\"page\">\n\t\t\t\t\t\t<section class=\"elementor-section elementor-top-section elementor-element elementor-element-0ec6d42 elementor-section-boxed elementor-section-height-default elementor-section-height-default\" data-id=\"0ec6d42\" data-element_type=\"section\">\n\t\t\t\t\t\t<div class=\"elementor-container elementor-column-gap-default\">\n\t\t\t\t\t<div class=\"elementor-column elementor-col-100 elementor-top-column elementor-element elementor-element-666a644\" data-id=\"666a644\" data-element_type=\"column\">\n\t\t\t<div class=\"elementor-widget-wrap elementor-element-populated\">\n\t\t\t\t\t\t<div class=\"elementor-element elementor-element-24aca7e elementor-widget elementor-widget-heading\" data-id=\"24aca7e\" data-element_type=\"widget\" data-widget_type=\"heading.default\">\n\t\t\t\t<div class=\"elementor-widget-container\">\n\t\t\t<h2 class=\"elementor-heading-title elementor-size-default\">PROGRAMA DE APERFEI\u00c7OAMENTO DE ENSINO (PAE)<\/h2>\t\t<\/div>\n\t\t\t\t<\/div>\n\t\t\t\t<div class=\"elementor-element elementor-element-e0f40c6 elementor-widget elementor-widget-spacer\" data-id=\"e0f40c6\" data-element_type=\"widget\" data-widget_type=\"spacer.default\">\n\t\t\t\t<div class=\"elementor-widget-container\">\n\t\t\t\t\t<div class=\"elementor-spacer\">\n\t\t\t<div class=\"elementor-spacer-inner\"><\/div>\n\t\t<\/div>\n\t\t\t\t<\/div>\n\t\t\t\t<\/div>\n\t\t\t\t\t<\/div>\n\t\t<\/div>\n\t\t\t\t\t<\/div>\n\t\t<\/section>\n\t\t\t\t<section class=\"elementor-section elementor-top-section elementor-element elementor-element-3df87a6 elementor-section-boxed elementor-section-height-default elementor-section-height-default\" data-id=\"3df87a6\" data-element_type=\"section\">\n\t\t\t\t\t\t<div class=\"elementor-container elementor-column-gap-default\">\n\t\t\t\t\t<div class=\"elementor-column elementor-col-100 elementor-top-column elementor-element elementor-element-cc9cf84\" data-id=\"cc9cf84\" data-element_type=\"column\">\n\t\t\t<div class=\"elementor-widget-wrap elementor-element-populated\">\n\t\t\t\t\t\t<div class=\"elementor-element elementor-element-302d42c elementor-widget elementor-widget-text-editor\" data-id=\"302d42c\" data-element_type=\"widget\" data-widget_type=\"text-editor.default\">\n\t\t\t\t<div class=\"elementor-widget-container\">\n\t\t\t\t\t\t\t<p><strong>Programa de Aperfei\u00e7oamento de Ensino \u2013 PAE<\/strong><\/p><p>Programa PAE tem por objetivo o aprimoramento da forma\u00e7\u00e3o do p\u00f3s-graduando para as atividades did\u00e1ticas de gradua\u00e7\u00e3o e, integralmente realizado na Universidade de S\u00e3o Paulo.<\/p><p>O Programa PAE \u00e9 composto de duas etapas, sendo a primeira \u201cEtapa de Prepara\u00e7\u00e3o Pedag\u00f3gica\u201d, requisito da segunda, \u201cEst\u00e1gio Supervisionado em Doc\u00eancia\u201d.\u00a0 Etapa de Prepara\u00e7\u00e3o Pedag\u00f3gica no ICB consiste na realiza\u00e7\u00e3o, pr\u00e9via ou concomitante, de uma disciplina pertencente ao elenco de disciplinas de cunho pedag\u00f3gico, reconhecido pela Coordena\u00e7\u00e3o do Programa PAE.\u00a0 Esta primeira fase poder\u00e1 ser realizada em outros Programas de P\u00f3s-Gradua\u00e7\u00e3o da USP, desde que, reconhecida formalmente pela Coordena\u00e7\u00e3o do Programa PAE.<\/p><p>Caso a disciplina ou atividade de Etapa de Prepara\u00e7\u00e3o Pedag\u00f3gica tenha sido realizada em Programas n\u00e3o pertencentes ao ICB, caber\u00e1 \u00e0 CPG da Unidade de Ensino onde foi realizada a atividade, emitir um comprovante explicitando que a mesma faz parte das atividades de Prepara\u00e7\u00e3o Pedag\u00f3gica previstas para o Programa PAE dessa Unidade.<\/p>\t\t\t\t\t\t<\/div>\n\t\t\t\t<\/div>\n\t\t\t\t<div class=\"elementor-element elementor-element-c0f7981 elementor-widget-divider--view-line elementor-widget elementor-widget-divider\" data-id=\"c0f7981\" data-element_type=\"widget\" data-widget_type=\"divider.default\">\n\t\t\t\t<div class=\"elementor-widget-container\">\n\t\t\t\t\t<div class=\"elementor-divider\">\n\t\t\t<span class=\"elementor-divider-separator\">\n\t\t\t\t\t\t<\/span>\n\t\t<\/div>\n\t\t\t\t<\/div>\n\t\t\t\t<\/div>\n\t\t\t\t\t<\/div>\n\t\t<\/div>\n\t\t\t\t\t<\/div>\n\t\t<\/section>\n\t\t\t\t<section class=\"elementor-section elementor-top-section elementor-element elementor-element-071c2f0 elementor-section-boxed elementor-section-height-default elementor-section-height-default\" data-id=\"071c2f0\" data-element_type=\"section\">\n\t\t\t\t\t\t<div class=\"elementor-container elementor-column-gap-default\">\n\t\t\t\t\t<div class=\"elementor-column elementor-col-100 elementor-top-column elementor-element elementor-element-0bea27c\" data-id=\"0bea27c\" data-element_type=\"column\">\n\t\t\t<div class=\"elementor-widget-wrap elementor-element-populated\">\n\t\t\t\t\t\t<div class=\"elementor-element elementor-element-3574b8d elementor-widget elementor-widget-text-editor\" data-id=\"3574b8d\" data-element_type=\"widget\" data-widget_type=\"text-editor.default\">\n\t\t\t\t<div class=\"elementor-widget-container\">\n\t\t\t\t\t\t\t<p><strong>\u00a0<\/strong><strong>Etapa de Prepara\u00e7\u00e3o Pedag\u00f3gica no ICB\/USP<\/strong><\/p><ul><li>Realiza\u00e7\u00e3o de uma disciplina pertencente ao elenco autorizado pelo Programa PAE.<\/li><li>As matriculas dever\u00e3o ser realizadas no Sistema Janus, no per\u00edodo de matricula regular fixado pela USP.<\/li><li>A Prepara\u00e7\u00e3o Pedag\u00f3gica dever\u00e1 ser realizada previamente ou concomitante ao Est\u00e1gio Supervisionado.<\/li><li>A etapa de prepara\u00e7\u00e3o pedag\u00f3gica poder\u00e1 ser realizada em outros Programas oferecida pela USP e reconhecida pela Comiss\u00e3o Coordenadora do PAE. N\u00e3o ser\u00e3o aceitas atividades realizadas fora da Universidade de S\u00e3o Paulo.<\/li><\/ul>\t\t\t\t\t\t<\/div>\n\t\t\t\t<\/div>\n\t\t\t\t<div class=\"elementor-element elementor-element-c1c6b66 elementor-widget-divider--view-line elementor-widget elementor-widget-divider\" data-id=\"c1c6b66\" data-element_type=\"widget\" data-widget_type=\"divider.default\">\n\t\t\t\t<div class=\"elementor-widget-container\">\n\t\t\t\t\t<div class=\"elementor-divider\">\n\t\t\t<span class=\"elementor-divider-separator\">\n\t\t\t\t\t\t<\/span>\n\t\t<\/div>\n\t\t\t\t<\/div>\n\t\t\t\t<\/div>\n\t\t\t\t\t<\/div>\n\t\t<\/div>\n\t\t\t\t\t<\/div>\n\t\t<\/section>\n\t\t\t\t<section class=\"elementor-section elementor-top-section elementor-element elementor-element-b436fba elementor-section-boxed elementor-section-height-default elementor-section-height-default\" data-id=\"b436fba\" data-element_type=\"section\">\n\t\t\t\t\t\t<div class=\"elementor-container elementor-column-gap-default\">\n\t\t\t\t\t<div class=\"elementor-column elementor-col-100 elementor-top-column elementor-element elementor-element-df4f546\" data-id=\"df4f546\" data-element_type=\"column\">\n\t\t\t<div class=\"elementor-widget-wrap elementor-element-populated\">\n\t\t\t\t\t\t<div class=\"elementor-element elementor-element-0080154 elementor-widget elementor-widget-text-editor\" data-id=\"0080154\" data-element_type=\"widget\" data-widget_type=\"text-editor.default\">\n\t\t\t\t<div class=\"elementor-widget-container\">\n\t\t\t\t\t\t\t<p><b>Elenco das Disciplinas Preparat\u00f3rias para o Est\u00e1gio PAE<\/b><b>:<\/b><\/p><p>\u2013 BMA.5892 \u2013 Perspectivas do Ensino nas \u00c1reas Morfol\u00f3gicas.<\/p><p>\u2013 BMH.5752 \u2013 Fundamentos em Biologia Tecidual.<\/p><p>\u2013 BMH.5747 \u2013 T\u00f3picos Avan\u00e7ados de Biologia Celular e Tecidual I<\/p><p>\u2013 BMH.5749 \u2013 T\u00f3picos Avan\u00e7ados de BiologiaCelular e Tecidual II.<\/p><p>\u2013 ICB.5700 \u2013 Estrat\u00e9gias Pedag\u00f3gicas no Ensino em Ci\u00eancias Biom\u00e9dicas.<\/p><p>\u2013 ICB.5702 \u2013 Bases Moleculares das Fun\u00e7\u00f5es Celulares.<\/p>\t\t\t\t\t\t<\/div>\n\t\t\t\t<\/div>\n\t\t\t\t<div class=\"elementor-element elementor-element-4344d76 elementor-widget-divider--view-line elementor-widget elementor-widget-divider\" data-id=\"4344d76\" data-element_type=\"widget\" data-widget_type=\"divider.default\">\n\t\t\t\t<div class=\"elementor-widget-container\">\n\t\t\t\t\t<div class=\"elementor-divider\">\n\t\t\t<span class=\"elementor-divider-separator\">\n\t\t\t\t\t\t<\/span>\n\t\t<\/div>\n\t\t\t\t<\/div>\n\t\t\t\t<\/div>\n\t\t\t\t\t<\/div>\n\t\t<\/div>\n\t\t\t\t\t<\/div>\n\t\t<\/section>\n\t\t\t\t<section class=\"elementor-section elementor-top-section elementor-element elementor-element-82d20ac elementor-section-boxed elementor-section-height-default elementor-section-height-default\" data-id=\"82d20ac\" data-element_type=\"section\">\n\t\t\t\t\t\t<div class=\"elementor-container elementor-column-gap-default\">\n\t\t\t\t\t<div class=\"elementor-column elementor-col-100 elementor-top-column elementor-element elementor-element-25afc8d\" data-id=\"25afc8d\" data-element_type=\"column\">\n\t\t\t<div class=\"elementor-widget-wrap elementor-element-populated\">\n\t\t\t\t\t\t<div class=\"elementor-element elementor-element-5d3d50d elementor-widget elementor-widget-text-editor\" data-id=\"5d3d50d\" data-element_type=\"widget\" data-widget_type=\"text-editor.default\">\n\t\t\t\t<div class=\"elementor-widget-container\">\n\t\t\t\t\t\t\t<p><strong>Est\u00e1gio Supervisionado de Doc\u00eancia<\/strong><\/p><p>Periodicidade: O Programa PAE tem periodicidade semestral, sendo o primeiro semestre de fevereiro a junho e o segundo semestre de julho a novembro.<\/p><p>Carga Hor\u00e1ria M\u00e1xima Semanal: o estagi\u00e1rio n\u00e3o poder\u00e1 ultrapassar o limite de 6 horas semanais de atividade PAE.<\/p><p>Atividades: \u00c9 permitido ao estagi\u00e1rio, sob a supervis\u00e3o do docente respons\u00e1vel, participar de semin\u00e1rios, experimentos de laborat\u00f3rio, estudos dirigidos e discuss\u00e3o de t\u00f3picos em pequenos grupos, bem como organizar e participar de plant\u00f5es para elucidar d\u00favidas e aplicar provas e exerc\u00edcios, estando terminantemente vedado substituir o docente nas aulas te\u00f3ricas.<\/p><p>Bolsistas FAPESP: dever\u00e3o apresentar autoriza\u00e7\u00e3o da Ag\u00eancia para participar do Est\u00e1gio Supervisionado em Doc\u00eancia, independente da participa\u00e7\u00e3o com ou sem aux\u00edlio financeiro.<\/p>\t\t\t\t\t\t<\/div>\n\t\t\t\t<\/div>\n\t\t\t\t<div class=\"elementor-element elementor-element-790d52c elementor-widget-divider--view-line elementor-widget elementor-widget-divider\" data-id=\"790d52c\" data-element_type=\"widget\" data-widget_type=\"divider.default\">\n\t\t\t\t<div class=\"elementor-widget-container\">\n\t\t\t\t\t<div class=\"elementor-divider\">\n\t\t\t<span class=\"elementor-divider-separator\">\n\t\t\t\t\t\t<\/span>\n\t\t<\/div>\n\t\t\t\t<\/div>\n\t\t\t\t<\/div>\n\t\t\t\t\t<\/div>\n\t\t<\/div>\n\t\t\t\t\t<\/div>\n\t\t<\/section>\n\t\t\t\t<section class=\"elementor-section elementor-top-section elementor-element elementor-element-14e8609 elementor-section-boxed elementor-section-height-default elementor-section-height-default\" data-id=\"14e8609\" data-element_type=\"section\">\n\t\t\t\t\t\t<div class=\"elementor-container elementor-column-gap-default\">\n\t\t\t\t\t<div class=\"elementor-column elementor-col-100 elementor-top-column elementor-element elementor-element-a357004\" data-id=\"a357004\" data-element_type=\"column\">\n\t\t\t<div class=\"elementor-widget-wrap elementor-element-populated\">\n\t\t\t\t\t\t<div class=\"elementor-element elementor-element-6b73fc7 elementor-widget elementor-widget-text-editor\" data-id=\"6b73fc7\" data-element_type=\"widget\" data-widget_type=\"text-editor.default\">\n\t\t\t\t<div class=\"elementor-widget-container\">\n\t\t\t\t\t\t\t<p><strong>Relat\u00f3rio Final:&nbsp;<\/strong><span style=\"font-size: 20px; background-color: inherit;\">Ao encerramento das atividades do est\u00e1gio propriamente dito, todos os estagi\u00e1rios, bolsistas ou n\u00e3o, e seus respectivos supervisores dever\u00e3o encaminhar, obrigatoriamente, os relat\u00f3rios finais \u00e0 Coordena\u00e7\u00e3o do Programa PAE do Departamento onde o est\u00e1gio foi realizado.<\/span><\/p>\n<p>O processo de aprova\u00e7\u00e3o dos relat\u00f3rios passa pela CCP-BioS, CPG-ICB e PRPG-USP e leva, no m\u00ednimo, de quatro a seis meses ap\u00f3s o encerramento do est\u00e1gio.<\/p>\n<p>Quando os relat\u00f3rios estiverem aprovados, os certificados ser\u00e3o disponibilizados pela PRPG no Sistema Janus. Somente neste momento, os alunos que desejarem atribuir cr\u00e9ditos por sua participa\u00e7\u00e3o dever\u00e3o solicit\u00e1-los junto \u00e0 CCP-BioS (n\u00e3o sendo um processo autom\u00e1tico).<\/p>\n<p>Se o relat\u00f3rio for reprovado, o aluno n\u00e3o ter\u00e1 direito ao certificado do PAE. Caso seja bolsista CAPES, ter\u00e1 que repetir a atividade, sem remunera\u00e7\u00e3o, para cumprir as exig\u00eancias desta ag\u00eancia.<\/p>\t\t\t\t\t\t<\/div>\n\t\t\t\t<\/div>\n\t\t\t\t<div class=\"elementor-element elementor-element-8a0edfd elementor-widget-divider--view-line elementor-widget elementor-widget-divider\" data-id=\"8a0edfd\" data-element_type=\"widget\" data-widget_type=\"divider.default\">\n\t\t\t\t<div class=\"elementor-widget-container\">\n\t\t\t\t\t<div class=\"elementor-divider\">\n\t\t\t<span class=\"elementor-divider-separator\">\n\t\t\t\t\t\t<\/span>\n\t\t<\/div>\n\t\t\t\t<\/div>\n\t\t\t\t<\/div>\n\t\t\t\t\t<\/div>\n\t\t<\/div>\n\t\t\t\t\t<\/div>\n\t\t<\/section>\n\t\t\t\t<section class=\"elementor-section elementor-top-section elementor-element elementor-element-3b88dbb elementor-section-boxed elementor-section-height-default elementor-section-height-default\" data-id=\"3b88dbb\" data-element_type=\"section\">\n\t\t\t\t\t\t<div class=\"elementor-container elementor-column-gap-default\">\n\t\t\t\t\t<div class=\"elementor-column elementor-col-100 elementor-top-column elementor-element elementor-element-54ee135\" data-id=\"54ee135\" data-element_type=\"column\">\n\t\t\t<div class=\"elementor-widget-wrap elementor-element-populated\">\n\t\t\t\t\t\t<div class=\"elementor-element elementor-element-46cfb05 elementor-widget elementor-widget-text-editor\" data-id=\"46cfb05\" data-element_type=\"widget\" data-widget_type=\"text-editor.default\">\n\t\t\t\t<div class=\"elementor-widget-container\">\n\t\t\t\t\t\t\t<p><strong>Renova\u00e7\u00e3o de est\u00e1gio:<\/strong>\u00a0O aluno poder\u00e1 pleitear a renova\u00e7\u00e3o do per\u00edodo de Est\u00e1gio, desde que, em outra disciplina de gradua\u00e7\u00e3o. O aluno que j\u00e1 tenha obtido aux\u00edlio financeiro do Programa PAE em duas oportunidades, poder\u00e1 realizar o est\u00e1gio somente como Volunt\u00e1rio sem remunera\u00e7\u00e3o.<\/p>\t\t\t\t\t\t<\/div>\n\t\t\t\t<\/div>\n\t\t\t\t<div class=\"elementor-element elementor-element-c52185a elementor-widget-divider--view-line elementor-widget elementor-widget-divider\" data-id=\"c52185a\" data-element_type=\"widget\" data-widget_type=\"divider.default\">\n\t\t\t\t<div class=\"elementor-widget-container\">\n\t\t\t\t\t<div class=\"elementor-divider\">\n\t\t\t<span class=\"elementor-divider-separator\">\n\t\t\t\t\t\t<\/span>\n\t\t<\/div>\n\t\t\t\t<\/div>\n\t\t\t\t<\/div>\n\t\t\t\t\t<\/div>\n\t\t<\/div>\n\t\t\t\t\t<\/div>\n\t\t<\/section>\n\t\t\t\t<section class=\"elementor-section elementor-top-section elementor-element elementor-element-826bd16 elementor-section-boxed elementor-section-height-default elementor-section-height-default\" data-id=\"826bd16\" data-element_type=\"section\">\n\t\t\t\t\t\t<div class=\"elementor-container elementor-column-gap-default\">\n\t\t\t\t\t<div class=\"elementor-column elementor-col-100 elementor-top-column elementor-element elementor-element-81a0423\" data-id=\"81a0423\" data-element_type=\"column\">\n\t\t\t<div class=\"elementor-widget-wrap elementor-element-populated\">\n\t\t\t\t\t\t<div class=\"elementor-element elementor-element-09e0623 elementor-widget elementor-widget-text-editor\" data-id=\"09e0623\" data-element_type=\"widget\" data-widget_type=\"text-editor.default\">\n\t\t\t\t<div class=\"elementor-widget-container\">\n\t\t\t\t\t\t\t<p><strong>Est\u00e1gio volunt\u00e1rio:<\/strong>\u00a0Os alunos que tenham as suas inscri\u00e7\u00f5es deferidas pela Comiss\u00e3o Coordenadora do Programa PAE, por\u00e9m n\u00e3o tenham sido indicados para perceberem o aux\u00edlio financeiro, poder\u00e3o realizar o est\u00e1gio na qualidade de Est\u00e1gio Volunt\u00e1rio. Assim, o interessado dever\u00e1 requerer formalmente a participa\u00e7\u00e3o volunt\u00e1ria \u00e0 Comiss\u00e3o do Programa PAE, dentro do prazo por ela fixada.<\/p>\t\t\t\t\t\t<\/div>\n\t\t\t\t<\/div>\n\t\t\t\t<div class=\"elementor-element elementor-element-216c3e8 elementor-widget-divider--view-line elementor-widget elementor-widget-divider\" data-id=\"216c3e8\" data-element_type=\"widget\" data-widget_type=\"divider.default\">\n\t\t\t\t<div class=\"elementor-widget-container\">\n\t\t\t\t\t<div class=\"elementor-divider\">\n\t\t\t<span class=\"elementor-divider-separator\">\n\t\t\t\t\t\t<\/span>\n\t\t<\/div>\n\t\t\t\t<\/div>\n\t\t\t\t<\/div>\n\t\t\t\t\t<\/div>\n\t\t<\/div>\n\t\t\t\t\t<\/div>\n\t\t<\/section>\n\t\t\t\t<section class=\"elementor-section elementor-top-section elementor-element elementor-element-3d4be2a elementor-section-boxed elementor-section-height-default elementor-section-height-default\" data-id=\"3d4be2a\" data-element_type=\"section\">\n\t\t\t\t\t\t<div class=\"elementor-container elementor-column-gap-default\">\n\t\t\t\t\t<div class=\"elementor-column elementor-col-100 elementor-top-column elementor-element elementor-element-804f3d9\" data-id=\"804f3d9\" data-element_type=\"column\">\n\t\t\t<div class=\"elementor-widget-wrap elementor-element-populated\">\n\t\t\t\t\t\t<div class=\"elementor-element elementor-element-a429792 elementor-widget elementor-widget-text-editor\" data-id=\"a429792\" data-element_type=\"widget\" data-widget_type=\"text-editor.default\">\n\t\t\t\t<div class=\"elementor-widget-container\">\n\t\t\t\t\t\t\t<p><strong>Certificado do est\u00e1gio:<\/strong> Ap\u00f3s o processo de aprova\u00e7\u00e3o pelas Comiss\u00f5es (CCP-BioS, CPG-ICB e PRPG-USP) os estagi\u00e1rios remunerados e\/ou volunt\u00e1rios que tenham os seus relat\u00f3rios finais aprovados, ter\u00e3o direito a Certificado de participa\u00e7\u00e3o no Programa PAE, que ser\u00e1 disponibilizado no sistema Janus.&nbsp;<span style=\"font-family: Verdana, sans-serif; font-size: 20px; font-style: normal; font-variant-ligatures: normal; font-variant-caps: normal; font-weight: 400; background-color: inherit;\">Somente neste momento, os alunos que desejarem atribuir cr\u00e9ditos por sua participa\u00e7\u00e3o dever\u00e3o solicit\u00e1-los junto \u00e0 CCP-BioS (n\u00e3o sendo um processo autom\u00e1tico).&nbsp;<\/span><span style=\"background-color: inherit; font-size: 20px;\">Os estagi\u00e1rios em situa\u00e7\u00e3o de renova\u00e7\u00e3o, ter\u00e3o direito a uma Declara\u00e7\u00e3o emitida pela Comiss\u00e3o do Programa PAE.<\/span><\/p>\t\t\t\t\t\t<\/div>\n\t\t\t\t<\/div>\n\t\t\t\t<div class=\"elementor-element elementor-element-a131c70 elementor-widget elementor-widget-spacer\" data-id=\"a131c70\" data-element_type=\"widget\" data-widget_type=\"spacer.default\">\n\t\t\t\t<div class=\"elementor-widget-container\">\n\t\t\t\t\t<div class=\"elementor-spacer\">\n\t\t\t<div class=\"elementor-spacer-inner\"><\/div>\n\t\t<\/div>\n\t\t\t\t<\/div>\n\t\t\t\t<\/div>\n\t\t\t\t\t<\/div>\n\t\t<\/div>\n\t\t\t\t\t<\/div>\n\t\t<\/section>\n\t\t\t\t<\/div>\n\t\t","protected":false},"excerpt":{"rendered":"<p>PROGRAMA DE APERFEI\u00c7OAMENTO DE ENSINO (PAE) Programa de Aperfei\u00e7oamento de Ensino \u2013 PAE Programa PAE tem por objetivo o aprimoramento da forma\u00e7\u00e3o do p\u00f3s-graduando para as atividades did\u00e1ticas de gradua\u00e7\u00e3o e, integralmente realizado na Universidade de S\u00e3o Paulo. O Programa PAE \u00e9 composto de duas etapas, sendo a primeira \u201cEtapa de Prepara\u00e7\u00e3o Pedag\u00f3gica\u201d, requisito da [&hellip;]<\/p>\n","protected":false},"author":1200,"featured_media":0,"parent":0,"menu_order":0,"comment_status":"closed","ping_status":"closed","template":"elementor_header_footer","meta":{"footnotes":"","_links_to":"","_links_to_target":""},"class_list":["post-875","page","type-page","status-publish","hentry","entry"],"_links":{"self":[{"href":"https:\/\/sites.usp.br\/biosistemas\/wp-json\/wp\/v2\/pages\/875","targetHints":{"allow":["GET"]}}],"collection":[{"href":"https:\/\/sites.usp.br\/biosistemas\/wp-json\/wp\/v2\/pages"}],"about":[{"href":"https:\/\/sites.usp.br\/biosistemas\/wp-json\/wp\/v2\/types\/page"}],"author":[{"embeddable":true,"href":"https:\/\/sites.usp.br\/biosistemas\/wp-json\/wp\/v2\/users\/1200"}],"replies":[{"embeddable":true,"href":"https:\/\/sites.usp.br\/biosistemas\/wp-json\/wp\/v2\/comments?post=875"}],"version-history":[{"count":4,"href":"https:\/\/sites.usp.br\/biosistemas\/wp-json\/wp\/v2\/pages\/875\/revisions"}],"predecessor-version":[{"id":6927,"href":"https:\/\/sites.usp.br\/biosistemas\/wp-json\/wp\/v2\/pages\/875\/revisions\/6927"}],"wp:attachment":[{"href":"https:\/\/sites.usp.br\/biosistemas\/wp-json\/wp\/v2\/media?parent=875"}],"curies":[{"name":"wp","href":"https:\/\/api.w.org\/{rel}","templated":true}]}}