{"id":878,"date":"2023-12-23T08:43:13","date_gmt":"2023-12-23T11:43:13","guid":{"rendered":"https:\/\/sites.usp.br\/biosistemas\/?page_id=878"},"modified":"2025-02-21T08:03:18","modified_gmt":"2025-02-21T11:03:18","slug":"3-qualificacoes","status":"publish","type":"page","link":"https:\/\/sites.usp.br\/biosistemas\/3-qualificacoes\/","title":{"rendered":"[3] Qualifica\u00e7\u00f5es"},"content":{"rendered":"\t\t<div data-elementor-type=\"wp-page\" data-elementor-id=\"878\" class=\"elementor elementor-878\" data-elementor-post-type=\"page\">\n\t\t\t\t\t\t<section class=\"elementor-section elementor-top-section elementor-element elementor-element-0796129 elementor-section-boxed elementor-section-height-default elementor-section-height-default\" data-id=\"0796129\" data-element_type=\"section\">\n\t\t\t\t\t\t<div class=\"elementor-container elementor-column-gap-default\">\n\t\t\t\t\t<div class=\"elementor-column elementor-col-100 elementor-top-column elementor-element elementor-element-b2eb313\" data-id=\"b2eb313\" data-element_type=\"column\">\n\t\t\t<div class=\"elementor-widget-wrap elementor-element-populated\">\n\t\t\t\t\t\t<div class=\"elementor-element elementor-element-acad4f8 elementor-widget elementor-widget-heading\" data-id=\"acad4f8\" data-element_type=\"widget\" data-widget_type=\"heading.default\">\n\t\t\t\t<div class=\"elementor-widget-container\">\n\t\t\t<h2 class=\"elementor-heading-title elementor-size-default\">QUALIFICA\u00c7\u00d5ES<\/h2>\t\t<\/div>\n\t\t\t\t<\/div>\n\t\t\t\t<div class=\"elementor-element elementor-element-8911fff elementor-widget elementor-widget-spacer\" data-id=\"8911fff\" data-element_type=\"widget\" data-widget_type=\"spacer.default\">\n\t\t\t\t<div class=\"elementor-widget-container\">\n\t\t\t\t\t<div class=\"elementor-spacer\">\n\t\t\t<div class=\"elementor-spacer-inner\"><\/div>\n\t\t<\/div>\n\t\t\t\t<\/div>\n\t\t\t\t<\/div>\n\t\t\t\t\t<\/div>\n\t\t<\/div>\n\t\t\t\t\t<\/div>\n\t\t<\/section>\n\t\t\t\t<section class=\"elementor-section elementor-top-section elementor-element elementor-element-819c109 elementor-section-boxed elementor-section-height-default elementor-section-height-default\" data-id=\"819c109\" data-element_type=\"section\">\n\t\t\t\t\t\t<div class=\"elementor-container elementor-column-gap-default\">\n\t\t\t\t\t<div class=\"elementor-column elementor-col-100 elementor-top-column elementor-element elementor-element-7695691\" data-id=\"7695691\" data-element_type=\"column\">\n\t\t\t<div class=\"elementor-widget-wrap elementor-element-populated\">\n\t\t\t\t\t\t<div class=\"elementor-element elementor-element-deb66ae elementor-widget elementor-widget-text-editor\" data-id=\"deb66ae\" data-element_type=\"widget\" data-widget_type=\"text-editor.default\">\n\t\t\t\t<div class=\"elementor-widget-container\">\n\t\t\t\t\t\t\t<p>O Exame de Qualifica\u00e7\u00e3o \u00e9 exigido tanto no curso de Mestrado quanto no curso de Doutorado e Doutorado Direto. <\/p>\t\t\t\t\t\t<\/div>\n\t\t\t\t<\/div>\n\t\t\t\t<div class=\"elementor-element elementor-element-c17ec73 elementor-widget-divider--view-line elementor-widget elementor-widget-divider\" data-id=\"c17ec73\" data-element_type=\"widget\" data-widget_type=\"divider.default\">\n\t\t\t\t<div class=\"elementor-widget-container\">\n\t\t\t\t\t<div class=\"elementor-divider\">\n\t\t\t<span class=\"elementor-divider-separator\">\n\t\t\t\t\t\t<\/span>\n\t\t<\/div>\n\t\t\t\t<\/div>\n\t\t\t\t<\/div>\n\t\t\t\t\t<\/div>\n\t\t<\/div>\n\t\t\t\t\t<\/div>\n\t\t<\/section>\n\t\t\t\t<section class=\"elementor-section elementor-top-section elementor-element elementor-element-0ddd92d elementor-section-boxed elementor-section-height-default elementor-section-height-default\" data-id=\"0ddd92d\" data-element_type=\"section\">\n\t\t\t\t\t\t<div class=\"elementor-container elementor-column-gap-default\">\n\t\t\t\t\t<div class=\"elementor-column elementor-col-100 elementor-top-column elementor-element elementor-element-a86c53c\" data-id=\"a86c53c\" data-element_type=\"column\">\n\t\t\t<div class=\"elementor-widget-wrap elementor-element-populated\">\n\t\t\t\t\t\t<div class=\"elementor-element elementor-element-9fd00df elementor-widget elementor-widget-text-editor\" data-id=\"9fd00df\" data-element_type=\"widget\" data-widget_type=\"text-editor.default\">\n\t\t\t\t<div class=\"elementor-widget-container\">\n\t\t\t\t\t\t\t<p>Na p\u00e1gina<strong>\u00a0<span style=\"color: #3366ff;\"><a style=\"color: #3366ff;\" href=\"https:\/\/sites.usp.br\/biosistemas\/2-formularios\/\" target=\"_blank\" rel=\"noopener\">Formul\u00e1rios<\/a><\/span><\/strong>\u00a0est\u00e3o dispon\u00edveis o formul\u00e1rio de sugest\u00e3o de banca, bem como a rela\u00e7\u00e3o de \u00e1reas e pontos para sorteio da prova te\u00f3rica.<\/p><p><span style=\"text-decoration: underline; color: #ff0000;\"><strong>ATEN\u00c7\u00c3O:<\/strong><\/span><\/p><p>Para se inscrever na qualifica\u00e7\u00e3o, o aluno deve enviar toda a documenta\u00e7\u00e3o listada abaixo por email (ppg.biosistemas@usp.br) <span style=\"text-decoration: underline;\"><strong>at\u00e9 o fechamento de pauta da reuni\u00e3o da CCP\/BioS anterior ao seu prazo limite no Janus<\/strong><\/span>:<\/p><p>1. pdf do Formul\u00e1rio de Sugest\u00e3o de Banca de Qualifica\u00e7\u00e3o<\/p><p>2. pdf do Certificado da Comiss\u00e3o de \u00c9tica ou isen\u00e7\u00e3o;<\/p><p>3. pdf do Certificado da Comiss\u00e3o de Res\u00edduos Qu\u00edmicos (para os matriculados a partir de janeiro de 2016);<\/p><p>4. pdf do Certificado de participa\u00e7\u00e3o no Curso de Radioprote\u00e7\u00e3o (se for o caso);<\/p><p>5. pdf do Curr\u00edculo Lattes atualizado (no m\u00e1ximo h\u00e1 01 m\u00eas);<\/p><p>6. pdf do Texto em formato de pr\u00e9-disserta\u00e7\u00e3o\/tese pertinente ao projeto ou alternativamente em formato de artigo cient\u00edfico original em l\u00edngua inglesa e, neste caso, deve-se anexar as instru\u00e7\u00f5es da revista escolhida;<\/p><p>7. pdf da ficha do aluno (retirada do Janus);<\/p>\t\t\t\t\t\t<\/div>\n\t\t\t\t<\/div>\n\t\t\t\t<div class=\"elementor-element elementor-element-f7b1475 elementor-widget elementor-widget-spacer\" data-id=\"f7b1475\" data-element_type=\"widget\" data-widget_type=\"spacer.default\">\n\t\t\t\t<div class=\"elementor-widget-container\">\n\t\t\t\t\t<div class=\"elementor-spacer\">\n\t\t\t<div class=\"elementor-spacer-inner\"><\/div>\n\t\t<\/div>\n\t\t\t\t<\/div>\n\t\t\t\t<\/div>\n\t\t\t\t\t<\/div>\n\t\t<\/div>\n\t\t\t\t\t<\/div>\n\t\t<\/section>\n\t\t\t\t<\/div>\n\t\t","protected":false},"excerpt":{"rendered":"<p>QUALIFICA\u00c7\u00d5ES O Exame de Qualifica\u00e7\u00e3o \u00e9 exigido tanto no curso de Mestrado quanto no curso de Doutorado e Doutorado Direto. Na p\u00e1gina\u00a0Formul\u00e1rios\u00a0est\u00e3o dispon\u00edveis o formul\u00e1rio de sugest\u00e3o de banca, bem como a rela\u00e7\u00e3o de \u00e1reas e pontos para sorteio da prova te\u00f3rica. ATEN\u00c7\u00c3O: Para se inscrever na qualifica\u00e7\u00e3o, o aluno deve enviar toda a documenta\u00e7\u00e3o [&hellip;]<\/p>\n","protected":false},"author":1200,"featured_media":0,"parent":0,"menu_order":0,"comment_status":"closed","ping_status":"closed","template":"elementor_header_footer","meta":{"footnotes":"","_links_to":"","_links_to_target":""},"class_list":["post-878","page","type-page","status-publish","hentry","entry"],"_links":{"self":[{"href":"https:\/\/sites.usp.br\/biosistemas\/wp-json\/wp\/v2\/pages\/878","targetHints":{"allow":["GET"]}}],"collection":[{"href":"https:\/\/sites.usp.br\/biosistemas\/wp-json\/wp\/v2\/pages"}],"about":[{"href":"https:\/\/sites.usp.br\/biosistemas\/wp-json\/wp\/v2\/types\/page"}],"author":[{"embeddable":true,"href":"https:\/\/sites.usp.br\/biosistemas\/wp-json\/wp\/v2\/users\/1200"}],"replies":[{"embeddable":true,"href":"https:\/\/sites.usp.br\/biosistemas\/wp-json\/wp\/v2\/comments?post=878"}],"version-history":[{"count":4,"href":"https:\/\/sites.usp.br\/biosistemas\/wp-json\/wp\/v2\/pages\/878\/revisions"}],"predecessor-version":[{"id":6304,"href":"https:\/\/sites.usp.br\/biosistemas\/wp-json\/wp\/v2\/pages\/878\/revisions\/6304"}],"wp:attachment":[{"href":"https:\/\/sites.usp.br\/biosistemas\/wp-json\/wp\/v2\/media?parent=878"}],"curies":[{"name":"wp","href":"https:\/\/api.w.org\/{rel}","templated":true}]}}