{"id":880,"date":"2023-12-23T08:43:38","date_gmt":"2023-12-23T11:43:38","guid":{"rendered":"https:\/\/sites.usp.br\/biosistemas\/?page_id=880"},"modified":"2026-03-20T15:02:32","modified_gmt":"2026-03-20T18:02:32","slug":"3-relatorio-de-atividades","status":"publish","type":"page","link":"https:\/\/sites.usp.br\/biosistemas\/3-relatorio-de-atividades\/","title":{"rendered":"[3] Relat\u00f3rio de Atividades"},"content":{"rendered":"\t\t<div data-elementor-type=\"wp-page\" data-elementor-id=\"880\" class=\"elementor elementor-880\" data-elementor-post-type=\"page\">\n\t\t\t\t\t\t<section class=\"elementor-section elementor-top-section elementor-element elementor-element-0ae117d elementor-section-boxed elementor-section-height-default elementor-section-height-default\" data-id=\"0ae117d\" data-element_type=\"section\">\n\t\t\t\t\t\t<div class=\"elementor-container elementor-column-gap-default\">\n\t\t\t\t\t<div class=\"elementor-column elementor-col-100 elementor-top-column elementor-element elementor-element-810ce3e\" data-id=\"810ce3e\" data-element_type=\"column\">\n\t\t\t<div class=\"elementor-widget-wrap elementor-element-populated\">\n\t\t\t\t\t\t<div class=\"elementor-element elementor-element-938db6c elementor-widget elementor-widget-heading\" data-id=\"938db6c\" data-element_type=\"widget\" data-widget_type=\"heading.default\">\n\t\t\t\t<div class=\"elementor-widget-container\">\n\t\t\t<h2 class=\"elementor-heading-title elementor-size-default\">RELAT\u00d3RIO DE ATIVIDADES<\/h2>\t\t<\/div>\n\t\t\t\t<\/div>\n\t\t\t\t<div class=\"elementor-element elementor-element-704cf9e elementor-widget elementor-widget-spacer\" data-id=\"704cf9e\" data-element_type=\"widget\" data-widget_type=\"spacer.default\">\n\t\t\t\t<div class=\"elementor-widget-container\">\n\t\t\t\t\t<div class=\"elementor-spacer\">\n\t\t\t<div class=\"elementor-spacer-inner\"><\/div>\n\t\t<\/div>\n\t\t\t\t<\/div>\n\t\t\t\t<\/div>\n\t\t\t\t\t<\/div>\n\t\t<\/div>\n\t\t\t\t\t<\/div>\n\t\t<\/section>\n\t\t\t\t<section class=\"elementor-section elementor-top-section elementor-element elementor-element-86949c9 elementor-section-boxed elementor-section-height-default elementor-section-height-default\" data-id=\"86949c9\" data-element_type=\"section\">\n\t\t\t\t\t\t<div class=\"elementor-container elementor-column-gap-default\">\n\t\t\t\t\t<div class=\"elementor-column elementor-col-100 elementor-top-column elementor-element elementor-element-0756b41\" data-id=\"0756b41\" data-element_type=\"column\">\n\t\t\t<div class=\"elementor-widget-wrap elementor-element-populated\">\n\t\t\t\t\t\t<div class=\"elementor-element elementor-element-ddc1f62 elementor-widget__width-initial elementor-widget elementor-widget-text-editor\" data-id=\"ddc1f62\" data-element_type=\"widget\" data-widget_type=\"text-editor.default\">\n\t\t\t\t<div class=\"elementor-widget-container\">\n\t\t\t\t\t\t\t<p style=\"text-align: center;\"><strong>Relat\u00f3rio Anual de Atividades<\/strong><\/p><p>Os relat\u00f3rios anuais dos alunos do Programa de Biologia de Sistemas constituem atividade <strong>obrigat\u00f3ria<\/strong>, e dever\u00e3o ser entregues\u00a0conforme orienta\u00e7\u00f5es abaixo:<\/p><p>\u00a0<\/p><hr \/><p><span style=\"text-decoration: underline;\"><em style=\"font-size: 20px; background-color: inherit;\"><strong>BOLSISTAS CAPES, CNPq e N\u00c3O BOLSISTAS<\/strong><\/em><\/span><\/p><p>a) todos devem entregar o relat\u00f3rio anual\u00a0<b>ap\u00f3s 1 ano de ingresso no PPG<\/b>.\u00a0<\/p><p>b) prazo: at\u00e9 30 de Outubro.\u00a0<\/p><p>c) o relat\u00f3rio deve conter:<\/p><ul><li style=\"list-style-type: none;\"><ul><li>Capa: nome do aluno, do orientador (e co-orientador oficial, quando houver), t\u00edtulo do projeto e ano<\/li><li>resumo do projeto original (at\u00e9 200 palavras);<\/li><li>resumo do relat\u00f3rio anterior, se houver;<\/li><li>breve introdu\u00e7\u00e3o aos experimentos realizados nesta etapa;<\/li><li>metodologia;<\/li><li>resultados obtidos nesta etapa e coment\u00e1rios;<\/li><li>outras atividades realizadas no per\u00edodo (participa\u00e7\u00e3o em congressos, palestras, submiss\u00e3o de artigos para revistas, reuni\u00f5es de laborat\u00f3rio, cursos, etc).<\/li><li>O relat\u00f3rio deve ter no\u00a0<strong>m\u00e1ximo 20 p\u00e1ginas<\/strong>, seguindo os moldes do relat\u00f3rio FAPESP;<\/li><\/ul><\/li><\/ul><p>c) o relat\u00f3rio deve estar acompanhado das fichas de<span style=\"color: #0000ff;\"><strong> <a style=\"color: #0000ff;\" href=\"https:\/\/sites.usp.br\/biosistemas\/wp-content\/uploads\/sites\/1394\/2026\/03\/Auto-Avaliacao-2026.docx\">Autoavalia\u00e7\u00e3o<\/a>\u00a0<\/strong><\/span>e\u00a0<strong><span style=\"color: #0000ff;\"><a style=\"color: #0000ff;\" href=\"https:\/\/sites.usp.br\/biosistemas\/wp-content\/uploads\/sites\/1394\/2026\/03\/Avaliacao-Orientador-2026.docx\">Avalia\u00e7\u00e3o do Orientador<\/a><\/span><span style=\"color: #0000ff;\">\u00a0<\/span><\/strong>\u2013 sem estes documentos, n\u00e3o ser\u00e1 feita a an\u00e1lise.<\/p><hr \/><p>\u00a0<\/p>\t\t\t\t\t\t<\/div>\n\t\t\t\t<\/div>\n\t\t\t\t<div class=\"elementor-element elementor-element-33ac0bd elementor-widget-divider--view-line elementor-widget elementor-widget-divider\" data-id=\"33ac0bd\" data-element_type=\"widget\" data-widget_type=\"divider.default\">\n\t\t\t\t<div class=\"elementor-widget-container\">\n\t\t\t\t\t<div class=\"elementor-divider\">\n\t\t\t<span class=\"elementor-divider-separator\">\n\t\t\t\t\t\t<\/span>\n\t\t<\/div>\n\t\t\t\t<\/div>\n\t\t\t\t<\/div>\n\t\t\t\t\t<\/div>\n\t\t<\/div>\n\t\t\t\t\t<\/div>\n\t\t<\/section>\n\t\t\t\t<section class=\"elementor-section elementor-top-section elementor-element elementor-element-51586f5 elementor-section-boxed elementor-section-height-default elementor-section-height-default\" data-id=\"51586f5\" data-element_type=\"section\">\n\t\t\t\t\t\t<div class=\"elementor-container elementor-column-gap-default\">\n\t\t\t\t\t<div class=\"elementor-column elementor-col-100 elementor-top-column elementor-element elementor-element-0c20ab7\" data-id=\"0c20ab7\" data-element_type=\"column\">\n\t\t\t<div class=\"elementor-widget-wrap elementor-element-populated\">\n\t\t\t\t\t\t<div class=\"elementor-element elementor-element-4693a0e elementor-widget elementor-widget-text-editor\" data-id=\"4693a0e\" data-element_type=\"widget\" data-widget_type=\"text-editor.default\">\n\t\t\t\t<div class=\"elementor-widget-container\">\n\t\t\t\t\t\t\t<p><span style=\"text-decoration-line: underline;\"><em style=\"font-size: 20px; background-color: inherit;\"><strong>BOLSISTAS FAPESP<\/strong><\/em><\/span><\/p><p>Aqueles que s\u00e3o bolsistas FAPESP dever\u00e3o enviar a c\u00f3pia do parecer do \u00faltimo relat\u00f3rio, <strong>assim que receberem da ag\u00eancia,<\/strong> acompanhado das fichas de <span style=\"font-family: Verdana, sans-serif; font-size: 20px; font-style: normal; font-variant-ligatures: normal; font-variant-caps: normal; font-weight: 400; background-color: inherit; color: #0000ff;\"><span style=\"font-size: 20px; font-weight: 600;\"><a style=\"font-size: 20px; color: #0000ff;\" href=\"https:\/\/sites.usp.br\/biosistemas\/wp-content\/uploads\/sites\/1394\/2026\/03\/Auto-Avaliacao-2026.docx\">Autoavalia\u00e7\u00e3o<\/a>\u00a0<\/span><\/span><span style=\"font-family: Verdana, sans-serif; font-size: 20px; font-style: normal; font-variant-ligatures: normal; font-variant-caps: normal; font-weight: 400; background-color: inherit;\">e\u00a0<\/span><span style=\"font-family: Verdana, sans-serif; font-size: 20px; font-style: normal; font-variant-ligatures: normal; font-variant-caps: normal; background-color: inherit; font-weight: 600;\"><span style=\"font-size: 20px; color: #0000ff;\"><a style=\"font-size: 20px; color: #0000ff;\" href=\"https:\/\/sites.usp.br\/biosistemas\/wp-content\/uploads\/sites\/1394\/2026\/03\/Avaliacao-Orientador-2026.docx\">Avalia\u00e7\u00e3o do Orientador<\/a><\/span><\/span><span style=\"font-size: 20px; background-color: inherit;\">.\u00a0<\/span><\/p>\t\t\t\t\t\t<\/div>\n\t\t\t\t<\/div>\n\t\t\t\t<div class=\"elementor-element elementor-element-9e5f0f5 elementor-widget elementor-widget-spacer\" data-id=\"9e5f0f5\" data-element_type=\"widget\" data-widget_type=\"spacer.default\">\n\t\t\t\t<div class=\"elementor-widget-container\">\n\t\t\t\t\t<div class=\"elementor-spacer\">\n\t\t\t<div class=\"elementor-spacer-inner\"><\/div>\n\t\t<\/div>\n\t\t\t\t<\/div>\n\t\t\t\t<\/div>\n\t\t\t\t\t<\/div>\n\t\t<\/div>\n\t\t\t\t\t<\/div>\n\t\t<\/section>\n\t\t\t\t<section class=\"elementor-section elementor-top-section elementor-element elementor-element-9c26c6a elementor-section-boxed elementor-section-height-default elementor-section-height-default\" data-id=\"9c26c6a\" data-element_type=\"section\">\n\t\t\t\t\t\t<div class=\"elementor-container elementor-column-gap-default\">\n\t\t\t\t\t<div class=\"elementor-column elementor-col-100 elementor-top-column elementor-element elementor-element-8a640e2\" data-id=\"8a640e2\" data-element_type=\"column\">\n\t\t\t<div class=\"elementor-widget-wrap elementor-element-populated\">\n\t\t\t\t\t\t<div class=\"elementor-element elementor-element-cad8923 elementor-widget__width-initial elementor-widget elementor-widget-text-editor\" data-id=\"cad8923\" data-element_type=\"widget\" data-widget_type=\"text-editor.default\">\n\t\t\t\t<div class=\"elementor-widget-container\">\n\t\t\t\t\t\t\t<p>\u00a0<\/p><hr \/><p><b><i>DISPENSAS:<\/i><\/b>\u00a0<\/p><p>&#8211; Est\u00e3o dispensados do relat\u00f3rio os alunos em fase de dep\u00f3sito e defesa de disserta\u00e7\u00e3o ou tese previstos para outubro\/dezembro daquele ano.<\/p><p>&#8211; os alunos que ingressaram no Programa em 2026 (a partir de 2027 dever\u00e3o entregar!).<\/p><p>Lembramos que todos devem manter o cv Lattes atualizado no momento da entrega do relat\u00f3rio.<\/p><p>\u00a0<\/p>\t\t\t\t\t\t<\/div>\n\t\t\t\t<\/div>\n\t\t\t\t<div class=\"elementor-element elementor-element-6dc2a0d elementor-widget elementor-widget-spacer\" data-id=\"6dc2a0d\" data-element_type=\"widget\" data-widget_type=\"spacer.default\">\n\t\t\t\t<div class=\"elementor-widget-container\">\n\t\t\t\t\t<div class=\"elementor-spacer\">\n\t\t\t<div class=\"elementor-spacer-inner\"><\/div>\n\t\t<\/div>\n\t\t\t\t<\/div>\n\t\t\t\t<\/div>\n\t\t\t\t\t<\/div>\n\t\t<\/div>\n\t\t\t\t\t<\/div>\n\t\t<\/section>\n\t\t\t\t<section class=\"elementor-section elementor-top-section elementor-element elementor-element-4c6c6c5 elementor-section-boxed elementor-section-height-default elementor-section-height-default\" data-id=\"4c6c6c5\" data-element_type=\"section\">\n\t\t\t\t\t\t<div class=\"elementor-container elementor-column-gap-default\">\n\t\t\t\t\t<div class=\"elementor-column elementor-col-100 elementor-top-column elementor-element elementor-element-91a78e3\" data-id=\"91a78e3\" data-element_type=\"column\">\n\t\t\t<div class=\"elementor-widget-wrap elementor-element-populated\">\n\t\t\t\t\t\t<div class=\"elementor-element elementor-element-40aa660 elementor-widget__width-initial elementor-widget elementor-widget-text-editor\" data-id=\"40aa660\" data-element_type=\"widget\" data-widget_type=\"text-editor.default\">\n\t\t\t\t<div class=\"elementor-widget-container\">\n\t\t\t\t\t\t\t<p style=\"font-variant-ligatures: normal; font-variant-caps: normal; font-family: Verdana, sans-serif; font-size: 20px; font-style: normal; font-weight: 400;\"><em><span style=\"font-size: 20px; font-weight: 600;\">PRAZO<\/span><\/em><span style=\"font-size: 20px; font-weight: 600;\"><em>:<\/em>\u00a0<\/span><span style=\"font-size: 20px; font-weight: 600;\">30 de outubro<\/span><\/p><p style=\"font-variant-ligatures: normal; font-variant-caps: normal; font-family: Verdana, sans-serif; font-size: 20px; font-style: normal; font-weight: 400;\">Todos os arquivos devem ser enviados em PDF para o email\u00a0<span style=\"font-size: 20px; color: #3366ff;\">\u00a0<span style=\"font-size: 20px; font-weight: 600;\"><em style=\"font-size: 20px;\"><u style=\"font-size: 20px;\"><a style=\"font-size: 20px; color: #3366ff; transition-property: all;\" href=\"mailto:ppg.biosistemas@usp.br\">ppg.biosistemas@usp.br<\/a><\/u><\/em><\/span><\/span><\/p><p>\u00a0<\/p>\t\t\t\t\t\t<\/div>\n\t\t\t\t<\/div>\n\t\t\t\t<div class=\"elementor-element elementor-element-8af1de4 elementor-widget elementor-widget-spacer\" data-id=\"8af1de4\" data-element_type=\"widget\" data-widget_type=\"spacer.default\">\n\t\t\t\t<div class=\"elementor-widget-container\">\n\t\t\t\t\t<div class=\"elementor-spacer\">\n\t\t\t<div class=\"elementor-spacer-inner\"><\/div>\n\t\t<\/div>\n\t\t\t\t<\/div>\n\t\t\t\t<\/div>\n\t\t\t\t\t<\/div>\n\t\t<\/div>\n\t\t\t\t\t<\/div>\n\t\t<\/section>\n\t\t\t\t<\/div>\n\t\t","protected":false},"excerpt":{"rendered":"<p>RELAT\u00d3RIO DE ATIVIDADES Relat\u00f3rio Anual de Atividades Os relat\u00f3rios anuais dos alunos do Programa de Biologia de Sistemas constituem atividade obrigat\u00f3ria, e dever\u00e3o ser entregues\u00a0conforme orienta\u00e7\u00f5es abaixo: \u00a0 BOLSISTAS CAPES, CNPq e N\u00c3O BOLSISTAS a) todos devem entregar o relat\u00f3rio anual\u00a0ap\u00f3s 1 ano de ingresso no PPG.\u00a0 b) prazo: at\u00e9 30 de Outubro.\u00a0 c) o [&hellip;]<\/p>\n","protected":false},"author":1200,"featured_media":0,"parent":0,"menu_order":0,"comment_status":"closed","ping_status":"closed","template":"elementor_header_footer","meta":{"footnotes":"","_links_to":"","_links_to_target":""},"class_list":["post-880","page","type-page","status-publish","hentry","entry"],"_links":{"self":[{"href":"https:\/\/sites.usp.br\/biosistemas\/wp-json\/wp\/v2\/pages\/880","targetHints":{"allow":["GET"]}}],"collection":[{"href":"https:\/\/sites.usp.br\/biosistemas\/wp-json\/wp\/v2\/pages"}],"about":[{"href":"https:\/\/sites.usp.br\/biosistemas\/wp-json\/wp\/v2\/types\/page"}],"author":[{"embeddable":true,"href":"https:\/\/sites.usp.br\/biosistemas\/wp-json\/wp\/v2\/users\/1200"}],"replies":[{"embeddable":true,"href":"https:\/\/sites.usp.br\/biosistemas\/wp-json\/wp\/v2\/comments?post=880"}],"version-history":[{"count":4,"href":"https:\/\/sites.usp.br\/biosistemas\/wp-json\/wp\/v2\/pages\/880\/revisions"}],"predecessor-version":[{"id":7234,"href":"https:\/\/sites.usp.br\/biosistemas\/wp-json\/wp\/v2\/pages\/880\/revisions\/7234"}],"wp:attachment":[{"href":"https:\/\/sites.usp.br\/biosistemas\/wp-json\/wp\/v2\/media?parent=880"}],"curies":[{"name":"wp","href":"https:\/\/api.w.org\/{rel}","templated":true}]}}