{"id":888,"date":"2023-12-23T08:46:06","date_gmt":"2023-12-23T11:46:06","guid":{"rendered":"https:\/\/sites.usp.br\/biosistemas\/?page_id=888"},"modified":"2024-03-28T12:40:05","modified_gmt":"2024-03-28T15:40:05","slug":"3-convenios","status":"publish","type":"page","link":"https:\/\/sites.usp.br\/biosistemas\/3-convenios\/","title":{"rendered":"[3] Conv\u00eanios"},"content":{"rendered":"\t\t<div data-elementor-type=\"wp-page\" data-elementor-id=\"888\" class=\"elementor elementor-888\" data-elementor-post-type=\"page\">\n\t\t\t\t\t\t<section class=\"elementor-section elementor-top-section elementor-element elementor-element-5bb4c08 elementor-section-boxed elementor-section-height-default elementor-section-height-default\" data-id=\"5bb4c08\" data-element_type=\"section\">\n\t\t\t\t\t\t<div class=\"elementor-container elementor-column-gap-default\">\n\t\t\t\t\t<div class=\"elementor-column elementor-col-100 elementor-top-column elementor-element elementor-element-c72c77b\" data-id=\"c72c77b\" data-element_type=\"column\">\n\t\t\t<div class=\"elementor-widget-wrap elementor-element-populated\">\n\t\t\t\t\t\t<div class=\"elementor-element elementor-element-525ce45 elementor-widget elementor-widget-heading\" data-id=\"525ce45\" data-element_type=\"widget\" data-widget_type=\"heading.default\">\n\t\t\t\t<div class=\"elementor-widget-container\">\n\t\t\t<h2 class=\"elementor-heading-title elementor-size-default\">CONV\u00caNIOS<\/h2>\t\t<\/div>\n\t\t\t\t<\/div>\n\t\t\t\t\t<\/div>\n\t\t<\/div>\n\t\t\t\t\t<\/div>\n\t\t<\/section>\n\t\t\t\t<section class=\"elementor-section elementor-top-section elementor-element elementor-element-e389d1f elementor-section-boxed elementor-section-height-default elementor-section-height-default\" data-id=\"e389d1f\" data-element_type=\"section\">\n\t\t\t\t\t\t<div class=\"elementor-container elementor-column-gap-default\">\n\t\t\t\t\t<div class=\"elementor-column elementor-col-100 elementor-top-column elementor-element elementor-element-f9dad3b\" data-id=\"f9dad3b\" data-element_type=\"column\">\n\t\t\t<div class=\"elementor-widget-wrap elementor-element-populated\">\n\t\t\t\t\t\t<div class=\"elementor-element elementor-element-83c922e elementor-widget elementor-widget-spacer\" data-id=\"83c922e\" data-element_type=\"widget\" data-widget_type=\"spacer.default\">\n\t\t\t\t<div class=\"elementor-widget-container\">\n\t\t\t\t\t<div class=\"elementor-spacer\">\n\t\t\t<div class=\"elementor-spacer-inner\"><\/div>\n\t\t<\/div>\n\t\t\t\t<\/div>\n\t\t\t\t<\/div>\n\t\t\t\t<div class=\"elementor-element elementor-element-6a34346 elementor-widget elementor-widget-text-editor\" data-id=\"6a34346\" data-element_type=\"widget\" data-widget_type=\"text-editor.default\">\n\t\t\t\t<div class=\"elementor-widget-container\">\n\t\t\t\t\t\t\t<p>O Programa tem conv\u00eanios com as seguintes institui\u00e7\u00f5es de ensino e pesquisa:<\/p><div><table width=\"649\"><tbody><tr><td>Rowan University<\/td><td>USA<\/td><\/tr><tr><td>Universidad de Antofagasta<\/td><td>Chile<\/td><\/tr><tr><td>Universidad del Tolima<\/td><td>Colombia<\/td><\/tr><tr><td>Universidad Finis Terrae<\/td><td>Chile<\/td><\/tr><tr><td>Universidad Nacional de Cordoba<\/td><td>Argentina<\/td><\/tr><tr><td>Universit\u00e4t Potsdam<\/td><td>Alemanha<\/td><\/tr><tr><td>University of Oxford (<a href=\"https:\/\/www.dpag.ox.ac.uk\/\" target=\"_blank\" rel=\"noopener noreferrer\"><span style=\"color: #3366ff;\">Department of Physiology, Anatomy and Genetics<\/span>)<\/a><\/td><td>United Kingdom<\/td><\/tr><tr><td>Wayne State University<\/td><td>USA<\/td><\/tr><tr><td>Universidade de Tsukuba<\/td><td>Jap\u00e3o<\/td><\/tr><\/tbody><\/table><\/div>\t\t\t\t\t\t<\/div>\n\t\t\t\t<\/div>\n\t\t\t\t<div class=\"elementor-element elementor-element-fd85576 elementor-widget elementor-widget-text-editor\" data-id=\"fd85576\" data-element_type=\"widget\" data-widget_type=\"text-editor.default\">\n\t\t\t\t<div class=\"elementor-widget-container\">\n\t\t\t\t\t\t\t<p><b>PROGRAMAS ESPEC\u00cdFICOS<\/b><\/p><p>Faculty of Biology, University of M\u00fcnster (WWU), Germany<\/p><p>Contato: Prof Carsten Wrenger ICB- <span style=\"color: #3366ff;\">cwrenger@icb.usp.br<\/span><\/p>\t\t\t\t\t\t<\/div>\n\t\t\t\t<\/div>\n\t\t\t\t\t<\/div>\n\t\t<\/div>\n\t\t\t\t\t<\/div>\n\t\t<\/section>\n\t\t\t\t<section class=\"elementor-section elementor-top-section elementor-element elementor-element-aefd81a elementor-section-boxed elementor-section-height-default elementor-section-height-default\" data-id=\"aefd81a\" data-element_type=\"section\">\n\t\t\t\t\t\t<div class=\"elementor-container elementor-column-gap-default\">\n\t\t\t\t\t<div class=\"elementor-column elementor-col-100 elementor-top-column elementor-element elementor-element-99d27ed\" data-id=\"99d27ed\" data-element_type=\"column\">\n\t\t\t<div class=\"elementor-widget-wrap elementor-element-populated\">\n\t\t\t\t\t\t<div class=\"elementor-element elementor-element-0b430c3 elementor-widget-divider--view-line elementor-widget elementor-widget-global elementor-global-967 elementor-widget-divider\" data-id=\"0b430c3\" data-element_type=\"widget\" data-widget_type=\"divider.default\">\n\t\t\t\t<div class=\"elementor-widget-container\">\n\t\t\t\t\t<div class=\"elementor-divider\">\n\t\t\t<span class=\"elementor-divider-separator\">\n\t\t\t\t\t\t<\/span>\n\t\t<\/div>\n\t\t\t\t<\/div>\n\t\t\t\t<\/div>\n\t\t\t\t\t<\/div>\n\t\t<\/div>\n\t\t\t\t\t<\/div>\n\t\t<\/section>\n\t\t\t\t<section class=\"elementor-section elementor-top-section elementor-element elementor-element-58baeb7 elementor-section-boxed elementor-section-height-default elementor-section-height-default\" data-id=\"58baeb7\" data-element_type=\"section\">\n\t\t\t\t\t\t<div class=\"elementor-container elementor-column-gap-default\">\n\t\t\t\t\t<div class=\"elementor-column elementor-col-100 elementor-top-column elementor-element elementor-element-442d011\" data-id=\"442d011\" data-element_type=\"column\">\n\t\t\t<div class=\"elementor-widget-wrap elementor-element-populated\">\n\t\t\t\t\t\t<div class=\"elementor-element elementor-element-67e46ae elementor-widget elementor-widget-text-editor\" data-id=\"67e46ae\" data-element_type=\"widget\" data-widget_type=\"text-editor.default\">\n\t\t\t\t<div class=\"elementor-widget-container\">\n\t\t\t\t\t\t\t<p><strong>LISTA DE SETORES DE INTERNACIONALIZA\u00c7\u00c3O DA USP<\/strong><\/p><ul><li><a href=\"https:\/\/internationaloffice.usp.br\/index.php\/institucional\/sobre-aucani\/\"><span style=\"color: #3366ff;\">AUCANI<\/span> <\/a>(Ag\u00eancia USP de Coopera\u00e7\u00e3o Acad\u00eamica Nacional e Internacional)<\/li><li>Comiss\u00e3o de Rela\u00e7\u00f5es Internacionais ICB-USP<\/li><\/ul>\t\t\t\t\t\t<\/div>\n\t\t\t\t<\/div>\n\t\t\t\t\t<\/div>\n\t\t<\/div>\n\t\t\t\t\t<\/div>\n\t\t<\/section>\n\t\t\t\t<section class=\"elementor-section elementor-top-section elementor-element elementor-element-b6ab7e4 elementor-section-boxed elementor-section-height-default elementor-section-height-default\" data-id=\"b6ab7e4\" data-element_type=\"section\">\n\t\t\t\t\t\t<div class=\"elementor-container elementor-column-gap-default\">\n\t\t\t\t\t<div class=\"elementor-column elementor-col-100 elementor-top-column elementor-element elementor-element-e144f83\" data-id=\"e144f83\" data-element_type=\"column\">\n\t\t\t<div class=\"elementor-widget-wrap elementor-element-populated\">\n\t\t\t\t\t\t<div class=\"elementor-element elementor-element-39eb231 elementor-widget elementor-widget-global elementor-global-964 elementor-widget-spacer\" data-id=\"39eb231\" data-element_type=\"widget\" data-widget_type=\"spacer.default\">\n\t\t\t\t<div class=\"elementor-widget-container\">\n\t\t\t\t\t<div class=\"elementor-spacer\">\n\t\t\t<div class=\"elementor-spacer-inner\"><\/div>\n\t\t<\/div>\n\t\t\t\t<\/div>\n\t\t\t\t<\/div>\n\t\t\t\t\t<\/div>\n\t\t<\/div>\n\t\t\t\t\t<\/div>\n\t\t<\/section>\n\t\t\t\t<\/div>\n\t\t","protected":false},"excerpt":{"rendered":"<p>CONV\u00caNIOS O Programa tem conv\u00eanios com as seguintes institui\u00e7\u00f5es de ensino e pesquisa: Rowan University USA Universidad de Antofagasta Chile Universidad del Tolima Colombia Universidad Finis Terrae Chile Universidad Nacional de Cordoba Argentina Universit\u00e4t Potsdam Alemanha University of Oxford (Department of Physiology, Anatomy and Genetics) United Kingdom Wayne State University USA Universidade de Tsukuba Jap\u00e3o [&hellip;]<\/p>\n","protected":false},"author":1200,"featured_media":0,"parent":0,"menu_order":0,"comment_status":"closed","ping_status":"closed","template":"elementor_header_footer","meta":{"footnotes":"","_links_to":"","_links_to_target":""},"class_list":["post-888","page","type-page","status-publish","hentry","entry"],"_links":{"self":[{"href":"https:\/\/sites.usp.br\/biosistemas\/wp-json\/wp\/v2\/pages\/888","targetHints":{"allow":["GET"]}}],"collection":[{"href":"https:\/\/sites.usp.br\/biosistemas\/wp-json\/wp\/v2\/pages"}],"about":[{"href":"https:\/\/sites.usp.br\/biosistemas\/wp-json\/wp\/v2\/types\/page"}],"author":[{"embeddable":true,"href":"https:\/\/sites.usp.br\/biosistemas\/wp-json\/wp\/v2\/users\/1200"}],"replies":[{"embeddable":true,"href":"https:\/\/sites.usp.br\/biosistemas\/wp-json\/wp\/v2\/comments?post=888"}],"version-history":[{"count":4,"href":"https:\/\/sites.usp.br\/biosistemas\/wp-json\/wp\/v2\/pages\/888\/revisions"}],"predecessor-version":[{"id":4985,"href":"https:\/\/sites.usp.br\/biosistemas\/wp-json\/wp\/v2\/pages\/888\/revisions\/4985"}],"wp:attachment":[{"href":"https:\/\/sites.usp.br\/biosistemas\/wp-json\/wp\/v2\/media?parent=888"}],"curies":[{"name":"wp","href":"https:\/\/api.w.org\/{rel}","templated":true}]}}