{"id":891,"date":"2023-12-23T08:46:36","date_gmt":"2023-12-23T11:46:36","guid":{"rendered":"https:\/\/sites.usp.br\/biosistemas\/?page_id=891"},"modified":"2025-10-16T08:46:06","modified_gmt":"2025-10-16T11:46:06","slug":"3-formularios","status":"publish","type":"page","link":"https:\/\/sites.usp.br\/biosistemas\/3-formularios\/","title":{"rendered":"[3] Formul\u00e1rios"},"content":{"rendered":"\t\t<div data-elementor-type=\"wp-page\" data-elementor-id=\"891\" class=\"elementor elementor-891\" data-elementor-post-type=\"page\">\n\t\t\t\t\t\t<section class=\"elementor-section elementor-top-section elementor-element elementor-element-9a3bc44 elementor-section-boxed elementor-section-height-default elementor-section-height-default\" data-id=\"9a3bc44\" data-element_type=\"section\">\n\t\t\t\t\t\t<div class=\"elementor-container elementor-column-gap-default\">\n\t\t\t\t\t<div class=\"elementor-column elementor-col-100 elementor-top-column elementor-element elementor-element-2b17460\" data-id=\"2b17460\" data-element_type=\"column\">\n\t\t\t<div class=\"elementor-widget-wrap elementor-element-populated\">\n\t\t\t\t\t\t<div class=\"elementor-element elementor-element-358e00d elementor-widget elementor-widget-heading\" data-id=\"358e00d\" data-element_type=\"widget\" data-widget_type=\"heading.default\">\n\t\t\t\t<div class=\"elementor-widget-container\">\n\t\t\t<h2 class=\"elementor-heading-title elementor-size-default\">FORMUL\u00c1RIOS<\/h2>\t\t<\/div>\n\t\t\t\t<\/div>\n\t\t\t\t\t<\/div>\n\t\t<\/div>\n\t\t\t\t\t<\/div>\n\t\t<\/section>\n\t\t\t\t<section class=\"elementor-section elementor-top-section elementor-element elementor-element-b178a20 elementor-section-boxed elementor-section-height-default elementor-section-height-default\" data-id=\"b178a20\" data-element_type=\"section\">\n\t\t\t\t\t\t<div class=\"elementor-container elementor-column-gap-default\">\n\t\t\t\t\t<div class=\"elementor-column elementor-col-100 elementor-top-column elementor-element elementor-element-71a0082\" data-id=\"71a0082\" data-element_type=\"column\">\n\t\t\t<div class=\"elementor-widget-wrap elementor-element-populated\">\n\t\t\t\t\t\t<div class=\"elementor-element elementor-element-6676c8b elementor-widget elementor-widget-spacer\" data-id=\"6676c8b\" data-element_type=\"widget\" data-widget_type=\"spacer.default\">\n\t\t\t\t<div class=\"elementor-widget-container\">\n\t\t\t\t\t<div class=\"elementor-spacer\">\n\t\t\t<div class=\"elementor-spacer-inner\"><\/div>\n\t\t<\/div>\n\t\t\t\t<\/div>\n\t\t\t\t<\/div>\n\t\t\t\t\t<\/div>\n\t\t<\/div>\n\t\t\t\t\t<\/div>\n\t\t<\/section>\n\t\t\t\t<section class=\"elementor-section elementor-top-section elementor-element elementor-element-6e09150 elementor-section-boxed elementor-section-height-default elementor-section-height-default\" data-id=\"6e09150\" data-element_type=\"section\">\n\t\t\t\t\t\t<div class=\"elementor-container elementor-column-gap-default\">\n\t\t\t\t\t<div class=\"elementor-column elementor-col-100 elementor-top-column elementor-element elementor-element-8da517f\" data-id=\"8da517f\" data-element_type=\"column\">\n\t\t\t<div class=\"elementor-widget-wrap elementor-element-populated\">\n\t\t\t\t\t\t<div class=\"elementor-element elementor-element-9429398 elementor-widget elementor-widget-text-editor\" data-id=\"9429398\" data-element_type=\"widget\" data-widget_type=\"text-editor.default\">\n\t\t\t\t<div class=\"elementor-widget-container\">\n\t\t\t\t\t\t\t<p style=\"text-align: center;\"><span style=\"text-decoration: underline;\"><em><span style=\"color: #333333; text-decoration: underline;\"><strong>ORIENTADORES <br \/><\/strong><\/span><\/em><\/span><\/p><p><strong>Afastamento de orientadores<\/strong><\/p><ul><li><span style=\"color: #3366ff;\"><a style=\"color: #3366ff;\" href=\"https:\/\/sites.usp.br\/biosistemas\/wp-content\/uploads\/sites\/1394\/2024\/01\/Formulario-afastamento-de-orientador-1-2.docx\">Formul\u00e1rio afastamento de orientador<\/a><\/span><\/li><\/ul><div>\u00a0<\/div><p><strong>Oferecimento de Disciplina Remota<\/strong><\/p><ul><li><a href=\"https:\/\/sites.usp.br\/biosistemas\/wp-content\/uploads\/sites\/1394\/2024\/01\/Formulario-Oferecimento-de-Disciplina-Remota-2.docx\"><span style=\"color: #3366ff;\">Formul\u00e1rio para Oferecimento de Disciplina Remota<\/span><\/a><\/li><\/ul><div>\u00a0<\/div><p><strong>Cria\u00e7\u00e3o de Disciplinas<\/strong><\/p><ul><li><a href=\"https:\/\/sites.usp.br\/biosistemas\/wp-content\/uploads\/sites\/1394\/2024\/01\/Formulario-CRIACAO-DISCIPLINAS-04-03-21-2-2.docx\"><span style=\"color: #3366ff;\">Formul\u00e1rio para Cria\u00e7\u00e3o de Disciplinas (NOVO)<\/span><\/a><\/li><li><span style=\"color: #3366ff;\"><a style=\"color: #3366ff;\" href=\"https:\/\/sites.usp.br\/biosistemas\/wp-content\/uploads\/sites\/1394\/2024\/01\/Formulario-para-parecer-_-Credenciamento.-de-resp.-por-disciplina-2.docx\">Formul\u00e1rio para Parecer \u2013 Credenciamento de respons\u00e1vel por disciplina (NOVO)<\/a><\/span><\/li><\/ul><div>\u00a0<\/div><p><strong>Credenciamento e Recredenciamento<\/strong><\/p><ul><li><span style=\"color: #3366ff;\"><a style=\"color: #3366ff;\" href=\"https:\/\/sites.usp.br\/biosistemas\/wp-content\/uploads\/sites\/1394\/2024\/01\/Formulario-de-credenciamento-de-orientador-e-co-orientadores-1.docx\">Formul\u00e1rio de Credenciamento de orientador e coorientadores (NOVO)<\/a><\/span><\/li><li><span style=\"color: #3366ff;\"><a style=\"color: #3366ff;\" href=\"https:\/\/sites.usp.br\/biosistemas\/wp-content\/uploads\/sites\/1394\/2024\/01\/Formulario-para-parecer-_-Credenciamento-de-orientador-2.docx\">Formul\u00e1rio para Parecer \u2013 Credenciamento de orientador e coorientadores (NOVO)<\/a><\/span><\/li><\/ul><p><strong>\u00a0<\/strong><\/p><p><strong>Equival\u00eancia \/ Reconhecimento de T\u00edtulos\u00a0<\/strong><\/p><ul><li><span style=\"color: #3366ff;\"><a style=\"color: #3366ff;\" href=\"http:\/\/ww3.icb.usp.br\/pos\/wp-content\/uploads\/2019\/10\/Formul%C3%A1rio-para-equival%C3%AAncia-de-t%C3%ADtulos.doc\">Formul\u00e1rio para equival\u00eancia de t\u00edtulos<\/a>\u00a0(\u00e2mbito USP) (doc)<\/span><\/li><li><span style=\"color: #3366ff;\"><a style=\"color: #3366ff;\" href=\"http:\/\/ww3.icb.usp.br\/pos\/wp-content\/uploads\/2019\/10\/Formul%C3%A1rio-para-reconhecimento-de-t%C3%ADtulos.doc\">Formul\u00e1rio para reconhecimento de t\u00edtulos<\/a>\u00a0(antiga revalida\u00e7\u00e3o) (doc)<\/span><\/li><\/ul>\t\t\t\t\t\t<\/div>\n\t\t\t\t<\/div>\n\t\t\t\t\t<\/div>\n\t\t<\/div>\n\t\t\t\t\t<\/div>\n\t\t<\/section>\n\t\t\t\t<section class=\"elementor-section elementor-top-section elementor-element elementor-element-3d3c5d5 elementor-section-boxed elementor-section-height-default elementor-section-height-default\" data-id=\"3d3c5d5\" data-element_type=\"section\">\n\t\t\t\t\t\t<div class=\"elementor-container elementor-column-gap-default\">\n\t\t\t\t\t<div class=\"elementor-column elementor-col-100 elementor-top-column elementor-element elementor-element-de3e9e2\" data-id=\"de3e9e2\" data-element_type=\"column\">\n\t\t\t<div class=\"elementor-widget-wrap elementor-element-populated\">\n\t\t\t\t\t\t<div class=\"elementor-element elementor-element-431a78d elementor-widget elementor-widget-spacer\" data-id=\"431a78d\" data-element_type=\"widget\" data-widget_type=\"spacer.default\">\n\t\t\t\t<div class=\"elementor-widget-container\">\n\t\t\t\t\t<div class=\"elementor-spacer\">\n\t\t\t<div class=\"elementor-spacer-inner\"><\/div>\n\t\t<\/div>\n\t\t\t\t<\/div>\n\t\t\t\t<\/div>\n\t\t\t\t\t<\/div>\n\t\t<\/div>\n\t\t\t\t\t<\/div>\n\t\t<\/section>\n\t\t\t\t<\/div>\n\t\t","protected":false},"excerpt":{"rendered":"<p>FORMUL\u00c1RIOS ORIENTADORES Afastamento de orientadores Formul\u00e1rio afastamento de orientador Oferecimento de Disciplina Remota Formul\u00e1rio para Oferecimento de Disciplina Remota Cria\u00e7\u00e3o de Disciplinas Formul\u00e1rio para Cria\u00e7\u00e3o de Disciplinas (NOVO) Formul\u00e1rio para Parecer \u2013 Credenciamento de respons\u00e1vel por disciplina (NOVO) Credenciamento e Recredenciamento Formul\u00e1rio de Credenciamento de orientador e coorientadores (NOVO) Formul\u00e1rio para Parecer \u2013 Credenciamento de [&hellip;]<\/p>\n","protected":false},"author":1200,"featured_media":0,"parent":0,"menu_order":0,"comment_status":"closed","ping_status":"closed","template":"elementor_header_footer","meta":{"footnotes":"","_links_to":"","_links_to_target":""},"class_list":["post-891","page","type-page","status-publish","hentry","entry"],"_links":{"self":[{"href":"https:\/\/sites.usp.br\/biosistemas\/wp-json\/wp\/v2\/pages\/891","targetHints":{"allow":["GET"]}}],"collection":[{"href":"https:\/\/sites.usp.br\/biosistemas\/wp-json\/wp\/v2\/pages"}],"about":[{"href":"https:\/\/sites.usp.br\/biosistemas\/wp-json\/wp\/v2\/types\/page"}],"author":[{"embeddable":true,"href":"https:\/\/sites.usp.br\/biosistemas\/wp-json\/wp\/v2\/users\/1200"}],"replies":[{"embeddable":true,"href":"https:\/\/sites.usp.br\/biosistemas\/wp-json\/wp\/v2\/comments?post=891"}],"version-history":[{"count":4,"href":"https:\/\/sites.usp.br\/biosistemas\/wp-json\/wp\/v2\/pages\/891\/revisions"}],"predecessor-version":[{"id":6844,"href":"https:\/\/sites.usp.br\/biosistemas\/wp-json\/wp\/v2\/pages\/891\/revisions\/6844"}],"wp:attachment":[{"href":"https:\/\/sites.usp.br\/biosistemas\/wp-json\/wp\/v2\/media?parent=891"}],"curies":[{"name":"wp","href":"https:\/\/api.w.org\/{rel}","templated":true}]}}