{"id":899,"date":"2023-12-23T08:48:07","date_gmt":"2023-12-23T11:48:07","guid":{"rendered":"https:\/\/sites.usp.br\/biosistemas\/?page_id=899"},"modified":"2025-05-13T14:14:48","modified_gmt":"2025-05-13T17:14:48","slug":"2-normas-e-diretrizes","status":"publish","type":"page","link":"https:\/\/sites.usp.br\/biosistemas\/2-normas-e-diretrizes\/","title":{"rendered":"[2] Normas e Diretrizes"},"content":{"rendered":"\t\t<div data-elementor-type=\"wp-page\" data-elementor-id=\"899\" class=\"elementor elementor-899\" data-elementor-post-type=\"page\">\n\t\t\t\t\t\t<section class=\"elementor-section elementor-top-section elementor-element elementor-element-44caab8 elementor-section-boxed elementor-section-height-default elementor-section-height-default\" data-id=\"44caab8\" data-element_type=\"section\">\n\t\t\t\t\t\t<div class=\"elementor-container elementor-column-gap-default\">\n\t\t\t\t\t<div class=\"elementor-column elementor-col-100 elementor-top-column elementor-element elementor-element-282f457\" data-id=\"282f457\" data-element_type=\"column\">\n\t\t\t<div class=\"elementor-widget-wrap elementor-element-populated\">\n\t\t\t\t\t\t<div class=\"elementor-element elementor-element-a72ceba elementor-widget elementor-widget-heading\" data-id=\"a72ceba\" data-element_type=\"widget\" data-widget_type=\"heading.default\">\n\t\t\t\t<div class=\"elementor-widget-container\">\n\t\t\t<h2 class=\"elementor-heading-title elementor-size-default\">NORMAS E DIRETRIZES<\/h2>\t\t<\/div>\n\t\t\t\t<\/div>\n\t\t\t\t<div class=\"elementor-element elementor-element-24ddb30 elementor-widget elementor-widget-spacer\" data-id=\"24ddb30\" data-element_type=\"widget\" data-widget_type=\"spacer.default\">\n\t\t\t\t<div class=\"elementor-widget-container\">\n\t\t\t\t\t<div class=\"elementor-spacer\">\n\t\t\t<div class=\"elementor-spacer-inner\"><\/div>\n\t\t<\/div>\n\t\t\t\t<\/div>\n\t\t\t\t<\/div>\n\t\t\t\t<div class=\"elementor-element elementor-element-3bc00e5 elementor-widget elementor-widget-text-editor\" data-id=\"3bc00e5\" data-element_type=\"widget\" data-widget_type=\"text-editor.default\">\n\t\t\t\t<div class=\"elementor-widget-container\">\n\t\t\t\t\t\t\t<p><a href=\"https:\/\/sites.usp.br\/biosistemas\/wp-content\/uploads\/sites\/1394\/2024\/01\/Resolucao-CoPGr-8210-DOE-05-04-2022.pdf\"><span style=\"color: #3366ff;\"><span style=\"color: #0000ff;\">Regulamento PPG\/BioS<\/span> <\/span><\/a><em>(Resolu\u00e7\u00e3o CoPGr 8210, de 05\/04\/2022)<\/em><\/p>\t\t\t\t\t\t<\/div>\n\t\t\t\t<\/div>\n\t\t\t\t<div class=\"elementor-element elementor-element-37aa8a5 elementor-widget-divider--view-line elementor-widget elementor-widget-divider\" data-id=\"37aa8a5\" data-element_type=\"widget\" data-widget_type=\"divider.default\">\n\t\t\t\t<div class=\"elementor-widget-container\">\n\t\t\t\t\t<div class=\"elementor-divider\">\n\t\t\t<span class=\"elementor-divider-separator\">\n\t\t\t\t\t\t<\/span>\n\t\t<\/div>\n\t\t\t\t<\/div>\n\t\t\t\t<\/div>\n\t\t\t\t<div class=\"elementor-element elementor-element-7e31406 elementor-widget elementor-widget-text-editor\" data-id=\"7e31406\" data-element_type=\"widget\" data-widget_type=\"text-editor.default\">\n\t\t\t\t<div class=\"elementor-widget-container\">\n\t\t\t\t\t\t\t<p><span style=\"color: #0000ff;\"><a style=\"color: #0000ff;\" href=\"https:\/\/sites.usp.br\/biosistemas\/wp-content\/uploads\/sites\/1394\/2025\/05\/PORTARIA-BIOS-02-25-Orientacao-senior-externos.pdf\">Portaria BioS 02-25<\/a> <\/span><em>(disp\u00f5e sobre a inclus\u00e3o de normas internas para a matr\u00edcula de novos alunos orientados por docentes seniores ou externos \u00e0 USP)<\/em><\/p>\t\t\t\t\t\t<\/div>\n\t\t\t\t<\/div>\n\t\t\t\t<div class=\"elementor-element elementor-element-8ff2c2c elementor-widget elementor-widget-text-editor\" data-id=\"8ff2c2c\" data-element_type=\"widget\" data-widget_type=\"text-editor.default\">\n\t\t\t\t<div class=\"elementor-widget-container\">\n\t\t\t\t\t\t\t<p><span style=\"color: #0000ff;\"><a style=\"color: #0000ff;\" href=\"https:\/\/sites.usp.br\/biosistemas\/wp-content\/uploads\/sites\/1394\/2025\/05\/PORTARIA-BIOS-03-25-Proex.pdf\">Portaria BioS 03-25<\/a> <\/span><em>(disp\u00f5e sobre a regulamenta\u00e7\u00e3o para uso da verba Proex)<\/em><\/p>\t\t\t\t\t\t<\/div>\n\t\t\t\t<\/div>\n\t\t\t\t<div class=\"elementor-element elementor-element-a411dff elementor-widget-divider--view-line elementor-widget elementor-widget-divider\" data-id=\"a411dff\" data-element_type=\"widget\" data-widget_type=\"divider.default\">\n\t\t\t\t<div class=\"elementor-widget-container\">\n\t\t\t\t\t<div class=\"elementor-divider\">\n\t\t\t<span class=\"elementor-divider-separator\">\n\t\t\t\t\t\t<\/span>\n\t\t<\/div>\n\t\t\t\t<\/div>\n\t\t\t\t<\/div>\n\t\t\t\t<div class=\"elementor-element elementor-element-e78f231 elementor-widget elementor-widget-text-editor\" data-id=\"e78f231\" data-element_type=\"widget\" data-widget_type=\"text-editor.default\">\n\t\t\t\t<div class=\"elementor-widget-container\">\n\t\t\t\t\t\t\t<p><span style=\"color: #3366ff;\"><a style=\"color: #3366ff;\" href=\"https:\/\/leginf.usp.br\/?resolucao=resolucao-no-7493-de-27-de-marco-de-2018\"><span style=\"color: #0000ff;\">Regimento da P\u00f3s-Gradua\u00e7\u00e3o da USP<\/span><\/a><\/span><\/p>\t\t\t\t\t\t<\/div>\n\t\t\t\t<\/div>\n\t\t\t\t<div class=\"elementor-element elementor-element-aa7d452 elementor-widget elementor-widget-spacer\" data-id=\"aa7d452\" data-element_type=\"widget\" data-widget_type=\"spacer.default\">\n\t\t\t\t<div class=\"elementor-widget-container\">\n\t\t\t\t\t<div class=\"elementor-spacer\">\n\t\t\t<div class=\"elementor-spacer-inner\"><\/div>\n\t\t<\/div>\n\t\t\t\t<\/div>\n\t\t\t\t<\/div>\n\t\t\t\t\t<\/div>\n\t\t<\/div>\n\t\t\t\t\t<\/div>\n\t\t<\/section>\n\t\t\t\t<\/div>\n\t\t","protected":false},"excerpt":{"rendered":"<p>NORMAS E DIRETRIZES Regulamento PPG\/BioS (Resolu\u00e7\u00e3o CoPGr 8210, de 05\/04\/2022) Portaria BioS 02-25 (disp\u00f5e sobre a inclus\u00e3o de normas internas para a matr\u00edcula de novos alunos orientados por docentes seniores ou externos \u00e0 USP) Portaria BioS 03-25 (disp\u00f5e sobre a regulamenta\u00e7\u00e3o para uso da verba Proex) Regimento da P\u00f3s-Gradua\u00e7\u00e3o da USP<\/p>\n","protected":false},"author":1200,"featured_media":0,"parent":0,"menu_order":0,"comment_status":"closed","ping_status":"closed","template":"elementor_header_footer","meta":{"footnotes":"","_links_to":"","_links_to_target":""},"class_list":["post-899","page","type-page","status-publish","hentry","entry"],"_links":{"self":[{"href":"https:\/\/sites.usp.br\/biosistemas\/wp-json\/wp\/v2\/pages\/899","targetHints":{"allow":["GET"]}}],"collection":[{"href":"https:\/\/sites.usp.br\/biosistemas\/wp-json\/wp\/v2\/pages"}],"about":[{"href":"https:\/\/sites.usp.br\/biosistemas\/wp-json\/wp\/v2\/types\/page"}],"author":[{"embeddable":true,"href":"https:\/\/sites.usp.br\/biosistemas\/wp-json\/wp\/v2\/users\/1200"}],"replies":[{"embeddable":true,"href":"https:\/\/sites.usp.br\/biosistemas\/wp-json\/wp\/v2\/comments?post=899"}],"version-history":[{"count":4,"href":"https:\/\/sites.usp.br\/biosistemas\/wp-json\/wp\/v2\/pages\/899\/revisions"}],"predecessor-version":[{"id":6475,"href":"https:\/\/sites.usp.br\/biosistemas\/wp-json\/wp\/v2\/pages\/899\/revisions\/6475"}],"wp:attachment":[{"href":"https:\/\/sites.usp.br\/biosistemas\/wp-json\/wp\/v2\/media?parent=899"}],"curies":[{"name":"wp","href":"https:\/\/api.w.org\/{rel}","templated":true}]}}