{"id":909,"date":"2023-12-23T08:50:30","date_gmt":"2023-12-23T11:50:30","guid":{"rendered":"https:\/\/sites.usp.br\/biosistemas\/?page_id=909"},"modified":"2024-12-05T10:08:45","modified_gmt":"2024-12-05T13:08:45","slug":"3-divulgacao-cientifica","status":"publish","type":"page","link":"https:\/\/sites.usp.br\/biosistemas\/3-divulgacao-cientifica\/","title":{"rendered":"[3] Divulga\u00e7\u00e3o Cient\u00edfica"},"content":{"rendered":"\t\t<div data-elementor-type=\"wp-page\" data-elementor-id=\"909\" class=\"elementor elementor-909\" data-elementor-post-type=\"page\">\n\t\t\t\t\t\t<section class=\"elementor-section elementor-top-section elementor-element elementor-element-8e3a718 elementor-section-boxed elementor-section-height-default elementor-section-height-default\" data-id=\"8e3a718\" data-element_type=\"section\">\n\t\t\t\t\t\t<div class=\"elementor-container elementor-column-gap-default\">\n\t\t\t\t\t<div class=\"elementor-column elementor-col-100 elementor-top-column elementor-element elementor-element-c655135\" data-id=\"c655135\" data-element_type=\"column\">\n\t\t\t<div class=\"elementor-widget-wrap elementor-element-populated\">\n\t\t\t\t\t\t<div class=\"elementor-element elementor-element-55861a3 elementor-widget elementor-widget-heading\" data-id=\"55861a3\" data-element_type=\"widget\" data-widget_type=\"heading.default\">\n\t\t\t\t<div class=\"elementor-widget-container\">\n\t\t\t<h2 class=\"elementor-heading-title elementor-size-default\">DIVULGA\u00c7\u00c3O CIENT\u00cdFICA<\/h2>\t\t<\/div>\n\t\t\t\t<\/div>\n\t\t\t\t<div class=\"elementor-element elementor-element-fc111b0 elementor-widget elementor-widget-spacer\" data-id=\"fc111b0\" data-element_type=\"widget\" data-widget_type=\"spacer.default\">\n\t\t\t\t<div class=\"elementor-widget-container\">\n\t\t\t\t\t<div class=\"elementor-spacer\">\n\t\t\t<div class=\"elementor-spacer-inner\"><\/div>\n\t\t<\/div>\n\t\t\t\t<\/div>\n\t\t\t\t<\/div>\n\t\t\t\t<div class=\"elementor-element elementor-element-b2cb1fe elementor-widget elementor-widget-text-editor\" data-id=\"b2cb1fe\" data-element_type=\"widget\" data-widget_type=\"text-editor.default\">\n\t\t\t\t<div class=\"elementor-widget-container\">\n\t\t\t\t\t\t\t<p><span style=\"color: #ff0000;\"><strong>*<\/strong> <\/span><a href=\"https:\/\/youtube.com\/playlist?list=PLuexX_KhoTw1QdhABJcY1OPufx-Lve3lx&amp;feature=shared\"><span style=\"color: #3366ff;\"><strong><span style=\"color: #ff0000;\">NOVO -&gt;<\/span> <\/strong>DORA &#8211; Declara\u00e7\u00e3o de S\u00e3o Francisco, video criado pela aluna Janaina Fortirer dentro da Disciplina de T\u00f3picos Avan\u00e7ados em Biologia de Sistemas II &#8211; 2\u00ba sem\/2024<\/span><\/a><\/p><hr \/>\t\t\t\t\t\t<\/div>\n\t\t\t\t<\/div>\n\t\t\t\t<div class=\"elementor-element elementor-element-2076370 elementor-widget elementor-widget-text-editor\" data-id=\"2076370\" data-element_type=\"widget\" data-widget_type=\"text-editor.default\">\n\t\t\t\t<div class=\"elementor-widget-container\">\n\t\t\t\t\t\t\t<p><span style=\"color: #3366ff;\"><a style=\"color: #3366ff;\" href=\"https:\/\/www.youtube.com\/playlist?list=PLuexX_KhoTw24Tnopor3lOSoq2mQ9pNL-\" target=\"_blank\" rel=\"noopener\">Curso de Reda\u00e7\u00e3o Cient\u00edfica, preparado e gravado pelo prof. Dr. Paulo ALexandre Abrahamsohn<\/a><\/span><\/p>\t\t\t\t\t\t<\/div>\n\t\t\t\t<\/div>\n\t\t\t\t\t<\/div>\n\t\t<\/div>\n\t\t\t\t\t<\/div>\n\t\t<\/section>\n\t\t\t\t<section class=\"elementor-section elementor-top-section elementor-element elementor-element-49733ec elementor-section-boxed elementor-section-height-default elementor-section-height-default\" data-id=\"49733ec\" data-element_type=\"section\">\n\t\t\t\t\t\t<div class=\"elementor-container elementor-column-gap-default\">\n\t\t\t\t\t<div class=\"elementor-column elementor-col-100 elementor-top-column elementor-element elementor-element-1db4ca2\" data-id=\"1db4ca2\" data-element_type=\"column\">\n\t\t\t<div class=\"elementor-widget-wrap elementor-element-populated\">\n\t\t\t\t\t\t<div class=\"elementor-element elementor-element-c85df62 elementor-widget-divider--view-line elementor-widget elementor-widget-divider\" data-id=\"c85df62\" data-element_type=\"widget\" data-widget_type=\"divider.default\">\n\t\t\t\t<div class=\"elementor-widget-container\">\n\t\t\t\t\t<div class=\"elementor-divider\">\n\t\t\t<span class=\"elementor-divider-separator\">\n\t\t\t\t\t\t<\/span>\n\t\t<\/div>\n\t\t\t\t<\/div>\n\t\t\t\t<\/div>\n\t\t\t\t<div class=\"elementor-element elementor-element-1a8fc64 elementor-widget elementor-widget-text-editor\" data-id=\"1a8fc64\" data-element_type=\"widget\" data-widget_type=\"text-editor.default\">\n\t\t\t\t<div class=\"elementor-widget-container\">\n\t\t\t\t\t\t\t<p><span style=\"color: #3366ff;\"><a style=\"color: #3366ff;\" href=\"https:\/\/www.youtube.com\/playlist?list=PLuexX_KhoTw0dXpdqOYZdWfxmjZvPhvoH\" target=\"_blank\" rel=\"noopener\">V\u00eddeos da Disciplina T\u00f3picos Avan\u00e7ados em Biologia Celular e Tecidual I (BMH5747) &#8211; 1\u00ba sem\/2020<\/a><\/span><\/p>\t\t\t\t\t\t<\/div>\n\t\t\t\t<\/div>\n\t\t\t\t<div class=\"elementor-element elementor-element-36eaae5 elementor-widget-divider--view-line elementor-widget elementor-widget-divider\" data-id=\"36eaae5\" data-element_type=\"widget\" data-widget_type=\"divider.default\">\n\t\t\t\t<div class=\"elementor-widget-container\">\n\t\t\t\t\t<div class=\"elementor-divider\">\n\t\t\t<span class=\"elementor-divider-separator\">\n\t\t\t\t\t\t<\/span>\n\t\t<\/div>\n\t\t\t\t<\/div>\n\t\t\t\t<\/div>\n\t\t\t\t\t<\/div>\n\t\t<\/div>\n\t\t\t\t\t<\/div>\n\t\t<\/section>\n\t\t\t\t<section class=\"elementor-section elementor-top-section elementor-element elementor-element-d860c4e elementor-section-boxed elementor-section-height-default elementor-section-height-default\" data-id=\"d860c4e\" data-element_type=\"section\">\n\t\t\t\t\t\t<div class=\"elementor-container elementor-column-gap-default\">\n\t\t\t\t\t<div class=\"elementor-column elementor-col-100 elementor-top-column elementor-element elementor-element-0a1fae3\" data-id=\"0a1fae3\" data-element_type=\"column\">\n\t\t\t<div class=\"elementor-widget-wrap elementor-element-populated\">\n\t\t\t\t\t\t<div class=\"elementor-element elementor-element-39a3640 elementor-widget elementor-widget-text-editor\" data-id=\"39a3640\" data-element_type=\"widget\" data-widget_type=\"text-editor.default\">\n\t\t\t\t<div class=\"elementor-widget-container\">\n\t\t\t\t\t\t\t<p><span style=\"color: #3366ff;\"><a style=\"color: #3366ff;\" href=\"https:\/\/www.youtube.com\/playlist?list=PLuexX_KhoTw39qwTiWDv6e3rDc2B7kefn\" target=\"_blank\" rel=\"noopener\">V\u00eddeos da Disciplina T\u00f3picos Avan\u00e7ados em Biologia Morfofuncional I (BMA5890) &#8211; 1\u00ba sem\/2020<\/a><\/span><\/p>\t\t\t\t\t\t<\/div>\n\t\t\t\t<\/div>\n\t\t\t\t<div class=\"elementor-element elementor-element-1c4d206 elementor-widget-divider--view-line elementor-widget elementor-widget-divider\" data-id=\"1c4d206\" data-element_type=\"widget\" data-widget_type=\"divider.default\">\n\t\t\t\t<div class=\"elementor-widget-container\">\n\t\t\t\t\t<div class=\"elementor-divider\">\n\t\t\t<span class=\"elementor-divider-separator\">\n\t\t\t\t\t\t<\/span>\n\t\t<\/div>\n\t\t\t\t<\/div>\n\t\t\t\t<\/div>\n\t\t\t\t\t<\/div>\n\t\t<\/div>\n\t\t\t\t\t<\/div>\n\t\t<\/section>\n\t\t\t\t<section class=\"elementor-section elementor-top-section elementor-element elementor-element-15fc168 elementor-section-boxed elementor-section-height-default elementor-section-height-default\" data-id=\"15fc168\" data-element_type=\"section\">\n\t\t\t\t\t\t<div class=\"elementor-container elementor-column-gap-default\">\n\t\t\t\t\t<div class=\"elementor-column elementor-col-100 elementor-top-column elementor-element elementor-element-f82cb4d\" data-id=\"f82cb4d\" data-element_type=\"column\">\n\t\t\t<div class=\"elementor-widget-wrap elementor-element-populated\">\n\t\t\t\t\t\t<div class=\"elementor-element elementor-element-0987bbd elementor-widget elementor-widget-text-editor\" data-id=\"0987bbd\" data-element_type=\"widget\" data-widget_type=\"text-editor.default\">\n\t\t\t\t<div class=\"elementor-widget-container\">\n\t\t\t\t\t\t\t<p><span style=\"color: #3366ff;\"><a style=\"color: #3366ff;\" href=\"https:\/\/www.youtube.com\/playlist?list=PLuexX_KhoTw2i8VPXGyg14R2JjZSziOnv\" target=\"_blank\" rel=\"noopener\">V\u00eddeos do Canal Reuni\u00e3o de Laborat\u00f3rio<\/a><\/span><\/p>\t\t\t\t\t\t<\/div>\n\t\t\t\t<\/div>\n\t\t\t\t<div class=\"elementor-element elementor-element-dbf55c0 elementor-widget-divider--view-line elementor-widget elementor-widget-divider\" data-id=\"dbf55c0\" data-element_type=\"widget\" data-widget_type=\"divider.default\">\n\t\t\t\t<div class=\"elementor-widget-container\">\n\t\t\t\t\t<div class=\"elementor-divider\">\n\t\t\t<span class=\"elementor-divider-separator\">\n\t\t\t\t\t\t<\/span>\n\t\t<\/div>\n\t\t\t\t<\/div>\n\t\t\t\t<\/div>\n\t\t\t\t\t<\/div>\n\t\t<\/div>\n\t\t\t\t\t<\/div>\n\t\t<\/section>\n\t\t\t\t<section class=\"elementor-section elementor-top-section elementor-element elementor-element-a42963a elementor-section-boxed elementor-section-height-default elementor-section-height-default\" data-id=\"a42963a\" data-element_type=\"section\">\n\t\t\t\t\t\t<div class=\"elementor-container elementor-column-gap-default\">\n\t\t\t\t\t<div class=\"elementor-column elementor-col-100 elementor-top-column elementor-element elementor-element-868d3a0\" data-id=\"868d3a0\" data-element_type=\"column\">\n\t\t\t<div class=\"elementor-widget-wrap elementor-element-populated\">\n\t\t\t\t\t\t<div class=\"elementor-element elementor-element-2666da2 elementor-widget elementor-widget-text-editor\" data-id=\"2666da2\" data-element_type=\"widget\" data-widget_type=\"text-editor.default\">\n\t\t\t\t<div class=\"elementor-widget-container\">\n\t\t\t\t\t\t\t<p><span style=\"color: #3366ff;\"><a style=\"color: #3366ff;\" href=\"https:\/\/www.youtube.com\/playlist?list=PLG3wtGIAytlh1ERQdr6UNLFTTzW4iWObK\" target=\"_blank\" rel=\"noopener\">Vencedores do Pr\u00eamio Ci\u00eancia em 3 Minutos (2019)<\/a><\/span><\/p>\t\t\t\t\t\t<\/div>\n\t\t\t\t<\/div>\n\t\t\t\t<div class=\"elementor-element elementor-element-58238a7 elementor-widget-divider--view-line elementor-widget elementor-widget-divider\" data-id=\"58238a7\" data-element_type=\"widget\" data-widget_type=\"divider.default\">\n\t\t\t\t<div class=\"elementor-widget-container\">\n\t\t\t\t\t<div class=\"elementor-divider\">\n\t\t\t<span class=\"elementor-divider-separator\">\n\t\t\t\t\t\t<\/span>\n\t\t<\/div>\n\t\t\t\t<\/div>\n\t\t\t\t<\/div>\n\t\t\t\t\t<\/div>\n\t\t<\/div>\n\t\t\t\t\t<\/div>\n\t\t<\/section>\n\t\t\t\t<section class=\"elementor-section elementor-top-section elementor-element elementor-element-f5a4ee3 elementor-section-boxed elementor-section-height-default elementor-section-height-default\" data-id=\"f5a4ee3\" data-element_type=\"section\">\n\t\t\t\t\t\t<div class=\"elementor-container elementor-column-gap-default\">\n\t\t\t\t\t<div class=\"elementor-column elementor-col-100 elementor-top-column elementor-element elementor-element-628dadb\" data-id=\"628dadb\" data-element_type=\"column\">\n\t\t\t<div class=\"elementor-widget-wrap elementor-element-populated\">\n\t\t\t\t\t\t<div class=\"elementor-element elementor-element-e1abb9a elementor-widget elementor-widget-text-editor\" data-id=\"e1abb9a\" data-element_type=\"widget\" data-widget_type=\"text-editor.default\">\n\t\t\t\t<div class=\"elementor-widget-container\">\n\t\t\t\t\t\t\t<p>Se inscrevam no<span style=\"color: #3366ff;\"> <a style=\"color: #3366ff;\" href=\"https:\/\/www.youtube.com\/channel\/UC7knRNU37UYv_iqgsrXJ0Jg\/playlists\" target=\"_blank\" rel=\"noopener\">Canal do Programa de P\u00f3s-Gradua\u00e7\u00e3o em Biologia de Sistemas<\/a><\/span> no Youtube!<\/p>\t\t\t\t\t\t<\/div>\n\t\t\t\t<\/div>\n\t\t\t\t<div class=\"elementor-element elementor-element-3891b33 elementor-widget elementor-widget-spacer\" data-id=\"3891b33\" data-element_type=\"widget\" data-widget_type=\"spacer.default\">\n\t\t\t\t<div class=\"elementor-widget-container\">\n\t\t\t\t\t<div class=\"elementor-spacer\">\n\t\t\t<div class=\"elementor-spacer-inner\"><\/div>\n\t\t<\/div>\n\t\t\t\t<\/div>\n\t\t\t\t<\/div>\n\t\t\t\t\t<\/div>\n\t\t<\/div>\n\t\t\t\t\t<\/div>\n\t\t<\/section>\n\t\t\t\t<\/div>\n\t\t","protected":false},"excerpt":{"rendered":"<p>DIVULGA\u00c7\u00c3O CIENT\u00cdFICA * NOVO -&gt; DORA &#8211; Declara\u00e7\u00e3o de S\u00e3o Francisco, video criado pela aluna Janaina Fortirer dentro da Disciplina de T\u00f3picos Avan\u00e7ados em Biologia de Sistemas II &#8211; 2\u00ba sem\/2024 Curso de Reda\u00e7\u00e3o Cient\u00edfica, preparado e gravado pelo prof. Dr. Paulo ALexandre Abrahamsohn V\u00eddeos da Disciplina T\u00f3picos Avan\u00e7ados em Biologia Celular e Tecidual I [&hellip;]<\/p>\n","protected":false},"author":1200,"featured_media":0,"parent":0,"menu_order":0,"comment_status":"closed","ping_status":"closed","template":"elementor_header_footer","meta":{"footnotes":"","_links_to":"","_links_to_target":""},"class_list":["post-909","page","type-page","status-publish","hentry","entry"],"_links":{"self":[{"href":"https:\/\/sites.usp.br\/biosistemas\/wp-json\/wp\/v2\/pages\/909","targetHints":{"allow":["GET"]}}],"collection":[{"href":"https:\/\/sites.usp.br\/biosistemas\/wp-json\/wp\/v2\/pages"}],"about":[{"href":"https:\/\/sites.usp.br\/biosistemas\/wp-json\/wp\/v2\/types\/page"}],"author":[{"embeddable":true,"href":"https:\/\/sites.usp.br\/biosistemas\/wp-json\/wp\/v2\/users\/1200"}],"replies":[{"embeddable":true,"href":"https:\/\/sites.usp.br\/biosistemas\/wp-json\/wp\/v2\/comments?post=909"}],"version-history":[{"count":4,"href":"https:\/\/sites.usp.br\/biosistemas\/wp-json\/wp\/v2\/pages\/909\/revisions"}],"predecessor-version":[{"id":6249,"href":"https:\/\/sites.usp.br\/biosistemas\/wp-json\/wp\/v2\/pages\/909\/revisions\/6249"}],"wp:attachment":[{"href":"https:\/\/sites.usp.br\/biosistemas\/wp-json\/wp\/v2\/media?parent=909"}],"curies":[{"name":"wp","href":"https:\/\/api.w.org\/{rel}","templated":true}]}}